{"id":2759,"date":"2026-02-16T08:59:19","date_gmt":"2026-02-16T08:59:19","guid":{"rendered":"https:\/\/test.fitnessworldgym27.com\/?post_type=product&#038;p=2759"},"modified":"2026-04-18T19:20:32","modified_gmt":"2026-04-18T19:20:32","slug":"oe-bande-depilatoire-bikini-et-visage","status":"publish","type":"product","link":"https:\/\/cosmeticstoredz.com\/ar\/product\/oe-bande-depilatoire-bikini-et-visage\/","title":{"rendered":"OE BANDE DEPILATOIRE BIKINI ET VISAGE"},"content":{"rendered":"<p style=\"text-align: center;\">La gamme d\u00e9pilatoire O\u00c9, pour des jambes douces plus longtemps ! Rapides et faciles \u00e0 utiliser, les bandes d\u00e9pilatoires O\u00c9 vous garantissent une \u00e9pilation parfaite m\u00eame sur les poils courts (efficacit\u00e9 d\u00e8s 2mm). Avec les cr\u00e8mes d\u00e9pilatoires O\u00c9, plus une trace de poils ! Une peau nette, douce et lisse en quelques minutes. Test\u00e9es cliniquement.<\/p>\n<p>Enrichies en huiles pr\u00e9cieuses reconnues pour leur douceur, leurs propri\u00e9t\u00e9s hydratantes et protectrices.<\/p>\n<p><strong>Ingr\u00e9dients :<\/strong><\/p>\n<p>Triethylene Glycol Rosinate, Glyceryl Rosinate, Polyethylene, Parfum (Fragrance), Pentaerythrityl Tetra-Di-T-Butyl Hydroxyhydrocinnamate, Argania Spinosa (Argan) Kernel Oil, Prunus Amygdalus Dulcis (Sweet Almond) Oil, Ricinus Communis (Castor) Seed Oil, Tocopheryl Acetate, Linalool, Ci 19140 (Yellow 5).<\/p>\n<p><strong>Conseils :\u00a0<\/strong><\/p>\n<p>Apr\u00e8s avoir r\u00e9chauff\u00e9 les bandes de cire entre vos mains et les avoir d\u00e9doubl\u00e9es, appliquez-les dans le sens de la pousse du poil. Retirez la bande d&rsquo;un mouvement rapide et dans le sens inverse de la pousse du poil. Une fois l&rsquo;\u00e9pilatoin termin\u00e9e, appliquez la lingette de soin post-\u00e9pilation pour \u00e9liminer les r\u00e9sidus de cire et adoucir la peau.<\/p>","protected":false},"excerpt":{"rendered":"<p>La gamme d\u00e9pilatoire O\u00c9, pour des jambes douces plus longtemps ! Rapides et faciles \u00e0 utiliser, les bandes d\u00e9pilatoires O\u00c9 vous garantissent une \u00e9pilation parfaite m\u00eame sur les poils courts (efficacit\u00e9 d\u00e8s 2mm). Avec les cr\u00e8mes d\u00e9pilatoires O\u00c9, plus une trace de poils ! Une peau nette, douce et lisse en quelques minutes. Test\u00e9es cliniquement.<\/p>\n<p>Enrichies en huiles pr\u00e9cieuses reconnues pour leur douceur, leurs propri\u00e9t\u00e9s hydratantes et protectrices.<\/p>","protected":false},"featured_media":2819,"comment_status":"open","ping_status":"closed","template":"","meta":[],"product_brand":[],"product_cat":[99,75,246,81],"product_tag":[125],"class_list":{"0":"post-2759","1":"product","2":"type-product","3":"status-publish","4":"has-post-thumbnail","6":"product_cat-epilation","7":"product_cat-femme","8":"product_cat-oe","9":"product_cat-soin-corps-f","10":"product_tag-made-in-france","12":"first","13":"outofstock","14":"shipping-taxable","15":"purchasable","16":"product-type-simple"},"yoast_head":"<!-- This site is optimized with the Yoast SEO plugin v27.3 - https:\/\/yoast.com\/product\/yoast-seo-wordpress\/ -->\n<title>OE BANDE DEPILATOIRE BIKINI ET VISAGE - Cosmetic Store<\/title>\n<meta name=\"robots\" content=\"index, follow, max-snippet:-1, max-image-preview:large, max-video-preview:-1\" \/>\n<link rel=\"canonical\" href=\"https:\/\/cosmeticstoredz.com\/ar\/product\/oe-bande-depilatoire-bikini-et-visage\/\" \/>\n<meta property=\"og:locale\" content=\"ar_AR\" \/>\n<meta property=\"og:type\" content=\"article\" \/>\n<meta property=\"og:title\" content=\"OE BANDE DEPILATOIRE BIKINI ET VISAGE - Cosmetic Store\" \/>\n<meta property=\"og:description\" content=\"La gamme d\u00e9pilatoire O\u00c9, pour des jambes douces plus longtemps ! Rapides et faciles \u00e0 utiliser, les bandes d\u00e9pilatoires O\u00c9 vous garantissent une \u00e9pilation parfaite m\u00eame sur les poils courts (efficacit\u00e9 d\u00e8s 2mm). Avec les cr\u00e8mes d\u00e9pilatoires O\u00c9, plus une trace de poils ! Une peau nette, douce et lisse en quelques minutes. Test\u00e9es cliniquement.  Enrichies en huiles pr\u00e9cieuses reconnues pour leur douceur, leurs propri\u00e9t\u00e9s hydratantes et protectrices.\" \/>\n<meta property=\"og:url\" content=\"https:\/\/cosmeticstoredz.com\/ar\/product\/oe-bande-depilatoire-bikini-et-visage\/\" \/>\n<meta property=\"og:site_name\" content=\"Cosmetic Store\" \/>\n<meta property=\"article:publisher\" content=\"https:\/\/www.facebook.com\/profile.php?id=61564954260683\" \/>\n<meta property=\"article:modified_time\" content=\"2026-04-18T19:20:32+00:00\" \/>\n<meta property=\"og:image\" content=\"https:\/\/cosmeticstoredz.com\/wp-content\/uploads\/2026\/02\/OE-BANDE-DEPIL-MERVEILLEUSE-BIKINI.jpg\" \/>\n\t<meta property=\"og:image:width\" content=\"608\" \/>\n\t<meta property=\"og:image:height\" content=\"652\" \/>\n\t<meta property=\"og:image:type\" content=\"image\/jpeg\" \/>\n<meta name=\"twitter:card\" content=\"summary_large_image\" \/>\n<meta name=\"twitter:label1\" content=\"\u0648\u0642\u062a \u0627\u0644\u0642\u0631\u0627\u0621\u0629 \u0627\u0644\u0645\u064f\u0642\u062f\u0651\u0631\" \/>\n\t<meta name=\"twitter:data1\" content=\"\u062f\u0642\u064a\u0642\u0629 \u0648\u0627\u062d\u062f\u0629\" \/>\n<script type=\"application\/ld+json\" class=\"yoast-schema-graph\">{\"@context\":\"https:\\\/\\\/schema.org\",\"@graph\":[{\"@type\":\"WebPage\",\"@id\":\"https:\\\/\\\/cosmeticstoredz.com\\\/produit\\\/oe-bande-depilatoire-bikini-et-visage\\\/\",\"url\":\"https:\\\/\\\/cosmeticstoredz.com\\\/produit\\\/oe-bande-depilatoire-bikini-et-visage\\\/\",\"name\":\"OE BANDE DEPILATOIRE BIKINI ET VISAGE - Cosmetic Store\",\"isPartOf\":{\"@id\":\"https:\\\/\\\/cosmeticstoredz.com\\\/#website\"},\"primaryImageOfPage\":{\"@id\":\"https:\\\/\\\/cosmeticstoredz.com\\\/produit\\\/oe-bande-depilatoire-bikini-et-visage\\\/#primaryimage\"},\"image\":{\"@id\":\"https:\\\/\\\/cosmeticstoredz.com\\\/produit\\\/oe-bande-depilatoire-bikini-et-visage\\\/#primaryimage\"},\"thumbnailUrl\":\"https:\\\/\\\/cosmeticstoredz.com\\\/wp-content\\\/uploads\\\/2026\\\/02\\\/OE-BANDE-DEPIL-MERVEILLEUSE-BIKINI.jpg\",\"datePublished\":\"2026-02-16T08:59:19+00:00\",\"dateModified\":\"2026-04-18T19:20:32+00:00\",\"breadcrumb\":{\"@id\":\"https:\\\/\\\/cosmeticstoredz.com\\\/produit\\\/oe-bande-depilatoire-bikini-et-visage\\\/#breadcrumb\"},\"inLanguage\":\"ar\",\"potentialAction\":[{\"@type\":\"ReadAction\",\"target\":[\"https:\\\/\\\/cosmeticstoredz.com\\\/produit\\\/oe-bande-depilatoire-bikini-et-visage\\\/\"]}]},{\"@type\":\"ImageObject\",\"inLanguage\":\"ar\",\"@id\":\"https:\\\/\\\/cosmeticstoredz.com\\\/produit\\\/oe-bande-depilatoire-bikini-et-visage\\\/#primaryimage\",\"url\":\"https:\\\/\\\/cosmeticstoredz.com\\\/wp-content\\\/uploads\\\/2026\\\/02\\\/OE-BANDE-DEPIL-MERVEILLEUSE-BIKINI.jpg\",\"contentUrl\":\"https:\\\/\\\/cosmeticstoredz.com\\\/wp-content\\\/uploads\\\/2026\\\/02\\\/OE-BANDE-DEPIL-MERVEILLEUSE-BIKINI.jpg\",\"width\":608,\"height\":652},{\"@type\":\"BreadcrumbList\",\"@id\":\"https:\\\/\\\/cosmeticstoredz.com\\\/produit\\\/oe-bande-depilatoire-bikini-et-visage\\\/#breadcrumb\",\"itemListElement\":[{\"@type\":\"ListItem\",\"position\":1,\"name\":\"Accueil\",\"item\":\"https:\\\/\\\/cosmeticstoredz.com\\\/\"},{\"@type\":\"ListItem\",\"position\":2,\"name\":\"Boutique\",\"item\":\"https:\\\/\\\/cosmeticstoredz.com\\\/boutique\\\/\"},{\"@type\":\"ListItem\",\"position\":3,\"name\":\"OE BANDE DEPILATOIRE BIKINI ET VISAGE\"}]},{\"@type\":\"WebSite\",\"@id\":\"https:\\\/\\\/cosmeticstoredz.com\\\/#website\",\"url\":\"https:\\\/\\\/cosmeticstoredz.com\\\/\",\"name\":\"Cosmetic Store\",\"description\":\"\",\"publisher\":{\"@id\":\"https:\\\/\\\/cosmeticstoredz.com\\\/#organization\"},\"potentialAction\":[{\"@type\":\"SearchAction\",\"target\":{\"@type\":\"EntryPoint\",\"urlTemplate\":\"https:\\\/\\\/cosmeticstoredz.com\\\/?s={search_term_string}\"},\"query-input\":{\"@type\":\"PropertyValueSpecification\",\"valueRequired\":true,\"valueName\":\"search_term_string\"}}],\"inLanguage\":\"ar\"},{\"@type\":\"Organization\",\"@id\":\"https:\\\/\\\/cosmeticstoredz.com\\\/#organization\",\"name\":\"Cosmetic Store\",\"url\":\"https:\\\/\\\/cosmeticstoredz.com\\\/\",\"logo\":{\"@type\":\"ImageObject\",\"inLanguage\":\"ar\",\"@id\":\"https:\\\/\\\/cosmeticstoredz.com\\\/#\\\/schema\\\/logo\\\/image\\\/\",\"url\":\"https:\\\/\\\/cosmeticstoredz.com\\\/wp-content\\\/uploads\\\/2026\\\/02\\\/cropped-LOGO_CS-512x512-1-1-e1771275285345.webp\",\"contentUrl\":\"https:\\\/\\\/cosmeticstoredz.com\\\/wp-content\\\/uploads\\\/2026\\\/02\\\/cropped-LOGO_CS-512x512-1-1-e1771275285345.webp\",\"width\":265,\"height\":319,\"caption\":\"Cosmetic Store\"},\"image\":{\"@id\":\"https:\\\/\\\/cosmeticstoredz.com\\\/#\\\/schema\\\/logo\\\/image\\\/\"},\"sameAs\":[\"https:\\\/\\\/www.facebook.com\\\/profile.php?id=61564954260683\",\"https:\\\/\\\/www.instagram.com\\\/cosmetic.storedz\\\/\"]}]}<\/script>\n<!-- \/ Yoast SEO plugin. -->","yoast_head_json":{"title":"OE BANDE DEPILATOIRE BIKINI ET VISAGE - Cosmetic Store","robots":{"index":"index","follow":"follow","max-snippet":"max-snippet:-1","max-image-preview":"max-image-preview:large","max-video-preview":"max-video-preview:-1"},"canonical":"https:\/\/cosmeticstoredz.com\/ar\/product\/oe-bande-depilatoire-bikini-et-visage\/","og_locale":"ar_AR","og_type":"article","og_title":"OE BANDE DEPILATOIRE BIKINI ET VISAGE - Cosmetic Store","og_description":"La gamme d\u00e9pilatoire O\u00c9, pour des jambes douces plus longtemps ! Rapides et faciles \u00e0 utiliser, les bandes d\u00e9pilatoires O\u00c9 vous garantissent une \u00e9pilation parfaite m\u00eame sur les poils courts (efficacit\u00e9 d\u00e8s 2mm). Avec les cr\u00e8mes d\u00e9pilatoires O\u00c9, plus une trace de poils ! Une peau nette, douce et lisse en quelques minutes. Test\u00e9es cliniquement.  Enrichies en huiles pr\u00e9cieuses reconnues pour leur douceur, leurs propri\u00e9t\u00e9s hydratantes et protectrices.","og_url":"https:\/\/cosmeticstoredz.com\/ar\/product\/oe-bande-depilatoire-bikini-et-visage\/","og_site_name":"Cosmetic Store","article_publisher":"https:\/\/www.facebook.com\/profile.php?id=61564954260683","article_modified_time":"2026-04-18T19:20:32+00:00","og_image":[{"width":608,"height":652,"url":"https:\/\/cosmeticstoredz.com\/wp-content\/uploads\/2026\/02\/OE-BANDE-DEPIL-MERVEILLEUSE-BIKINI.jpg","type":"image\/jpeg"}],"twitter_card":"summary_large_image","twitter_misc":{"\u0648\u0642\u062a \u0627\u0644\u0642\u0631\u0627\u0621\u0629 \u0627\u0644\u0645\u064f\u0642\u062f\u0651\u0631":"\u062f\u0642\u064a\u0642\u0629 \u0648\u0627\u062d\u062f\u0629"},"schema":{"@context":"https:\/\/schema.org","@graph":[{"@type":"WebPage","@id":"https:\/\/cosmeticstoredz.com\/produit\/oe-bande-depilatoire-bikini-et-visage\/","url":"https:\/\/cosmeticstoredz.com\/produit\/oe-bande-depilatoire-bikini-et-visage\/","name":"OE BANDE DEPILATOIRE BIKINI ET VISAGE - Cosmetic Store","isPartOf":{"@id":"https:\/\/cosmeticstoredz.com\/#website"},"primaryImageOfPage":{"@id":"https:\/\/cosmeticstoredz.com\/produit\/oe-bande-depilatoire-bikini-et-visage\/#primaryimage"},"image":{"@id":"https:\/\/cosmeticstoredz.com\/produit\/oe-bande-depilatoire-bikini-et-visage\/#primaryimage"},"thumbnailUrl":"https:\/\/cosmeticstoredz.com\/wp-content\/uploads\/2026\/02\/OE-BANDE-DEPIL-MERVEILLEUSE-BIKINI.jpg","datePublished":"2026-02-16T08:59:19+00:00","dateModified":"2026-04-18T19:20:32+00:00","breadcrumb":{"@id":"https:\/\/cosmeticstoredz.com\/produit\/oe-bande-depilatoire-bikini-et-visage\/#breadcrumb"},"inLanguage":"ar","potentialAction":[{"@type":"ReadAction","target":["https:\/\/cosmeticstoredz.com\/produit\/oe-bande-depilatoire-bikini-et-visage\/"]}]},{"@type":"ImageObject","inLanguage":"ar","@id":"https:\/\/cosmeticstoredz.com\/produit\/oe-bande-depilatoire-bikini-et-visage\/#primaryimage","url":"https:\/\/cosmeticstoredz.com\/wp-content\/uploads\/2026\/02\/OE-BANDE-DEPIL-MERVEILLEUSE-BIKINI.jpg","contentUrl":"https:\/\/cosmeticstoredz.com\/wp-content\/uploads\/2026\/02\/OE-BANDE-DEPIL-MERVEILLEUSE-BIKINI.jpg","width":608,"height":652},{"@type":"BreadcrumbList","@id":"https:\/\/cosmeticstoredz.com\/produit\/oe-bande-depilatoire-bikini-et-visage\/#breadcrumb","itemListElement":[{"@type":"ListItem","position":1,"name":"Accueil","item":"https:\/\/cosmeticstoredz.com\/"},{"@type":"ListItem","position":2,"name":"Boutique","item":"https:\/\/cosmeticstoredz.com\/boutique\/"},{"@type":"ListItem","position":3,"name":"OE BANDE DEPILATOIRE BIKINI ET VISAGE"}]},{"@type":"WebSite","@id":"https:\/\/cosmeticstoredz.com\/#website","url":"https:\/\/cosmeticstoredz.com\/","name":"Cosmetic Store","description":"","publisher":{"@id":"https:\/\/cosmeticstoredz.com\/#organization"},"potentialAction":[{"@type":"SearchAction","target":{"@type":"EntryPoint","urlTemplate":"https:\/\/cosmeticstoredz.com\/?s={search_term_string}"},"query-input":{"@type":"PropertyValueSpecification","valueRequired":true,"valueName":"search_term_string"}}],"inLanguage":"ar"},{"@type":"Organization","@id":"https:\/\/cosmeticstoredz.com\/#organization","name":"Cosmetic Store","url":"https:\/\/cosmeticstoredz.com\/","logo":{"@type":"ImageObject","inLanguage":"ar","@id":"https:\/\/cosmeticstoredz.com\/#\/schema\/logo\/image\/","url":"https:\/\/cosmeticstoredz.com\/wp-content\/uploads\/2026\/02\/cropped-LOGO_CS-512x512-1-1-e1771275285345.webp","contentUrl":"https:\/\/cosmeticstoredz.com\/wp-content\/uploads\/2026\/02\/cropped-LOGO_CS-512x512-1-1-e1771275285345.webp","width":265,"height":319,"caption":"Cosmetic Store"},"image":{"@id":"https:\/\/cosmeticstoredz.com\/#\/schema\/logo\/image\/"},"sameAs":["https:\/\/www.facebook.com\/profile.php?id=61564954260683","https:\/\/www.instagram.com\/cosmetic.storedz\/"]}]}},"_links":{"self":[{"href":"https:\/\/cosmeticstoredz.com\/ar\/wp-json\/wp\/v2\/product\/2759","targetHints":{"allow":["GET"]}}],"collection":[{"href":"https:\/\/cosmeticstoredz.com\/ar\/wp-json\/wp\/v2\/product"}],"about":[{"href":"https:\/\/cosmeticstoredz.com\/ar\/wp-json\/wp\/v2\/types\/product"}],"replies":[{"embeddable":true,"href":"https:\/\/cosmeticstoredz.com\/ar\/wp-json\/wp\/v2\/comments?post=2759"}],"version-history":[{"count":1,"href":"https:\/\/cosmeticstoredz.com\/ar\/wp-json\/wp\/v2\/product\/2759\/revisions"}],"predecessor-version":[{"id":2820,"href":"https:\/\/cosmeticstoredz.com\/ar\/wp-json\/wp\/v2\/product\/2759\/revisions\/2820"}],"wp:featuredmedia":[{"embeddable":true,"href":"https:\/\/cosmeticstoredz.com\/ar\/wp-json\/wp\/v2\/media\/2819"}],"wp:attachment":[{"href":"https:\/\/cosmeticstoredz.com\/ar\/wp-json\/wp\/v2\/media?parent=2759"}],"wp:term":[{"taxonomy":"product_brand","embeddable":true,"href":"https:\/\/cosmeticstoredz.com\/ar\/wp-json\/wp\/v2\/product_brand?post=2759"},{"taxonomy":"product_cat","embeddable":true,"href":"https:\/\/cosmeticstoredz.com\/ar\/wp-json\/wp\/v2\/product_cat?post=2759"},{"taxonomy":"product_tag","embeddable":true,"href":"https:\/\/cosmeticstoredz.com\/ar\/wp-json\/wp\/v2\/product_tag?post=2759"}],"curies":[{"name":"wp","href":"https:\/\/api.w.org\/{rel}","templated":true}]}}