{"id":2732,"date":"2026-02-16T08:58:58","date_gmt":"2026-02-16T08:58:58","guid":{"rendered":"https:\/\/test.fitnessworldgym27.com\/?post_type=product&#038;p=2732"},"modified":"2026-04-18T19:20:32","modified_gmt":"2026-04-18T19:20:32","slug":"noreva-actipur-ecran-total-50spf-teintee-claire","status":"publish","type":"product","link":"https:\/\/cosmeticstoredz.com\/ar\/product\/noreva-actipur-ecran-total-50spf-teintee-claire\/","title":{"rendered":"NOREVA ACTIPUR ECRAN TOTAL 50SPF TEINTEE CLAIRE"},"content":{"rendered":"<p>Noreva Actipur Soin Solaire Anti-Imperfections SPF50+ Teinte Claire 30 ml est un soin triple action pour peaux sensibles qui corrige les imperfections (boutons et points noirs), les masque instantan\u00e9ment et offre une tr\u00e8s haute protection solaire anti-UVA\/UVB.<\/p>\n<ul>\n<li>Son complexe \u00e0 base de bisabolol et phytosphingosine, purifie la peau, r\u00e9gule la s\u00e9cr\u00e9tion de s\u00e9bum, limite la prolif\u00e9ration bact\u00e9rienne et apaise.<\/li>\n<li>Les micro-\u00e9ponges s\u00e9bor\u00e9gulatrices offrent en plus un effet mat instantan\u00e9.<\/li>\n<li>Son association de pigments naturels microencapsul\u00e9s, masque les imperfections et marques instantan\u00e9ment et durablement.<\/li>\n<li>La combinaison de filtres solaires apporte une tr\u00e8s haute protection SPF50+ \u00e0 large spectre anti-UVA\/UVB, qui prot\u00e8ge et permet de pr\u00e9venir l&rsquo;apparition de nouvelles imperfections.<\/li>\n<li>Ce soin ultra-complet offre aussi une hydratation longue dur\u00e9e.<\/li>\n<\/ul>\n<p>Sa texture l\u00e9g\u00e8re, non collante, fournit une parfaite base de maquillage.<\/p>\n<p>Test\u00e9 sous contr\u00f4le dermatologique.<\/p>","protected":false},"excerpt":{"rendered":"<p>Noreva Actipur Soin Solaire Anti-Imperfections SPF50+ Teinte Claire 30 ml est un soin triple action pour peaux sensibles qui corrige les imperfections (boutons et points noirs), les masque instantan\u00e9ment et offre une tr\u00e8s haute protection solaire anti-UVA\/UVB.<\/p>","protected":false},"featured_media":2815,"comment_status":"open","ping_status":"closed","template":"","meta":[],"product_brand":[],"product_cat":[75,72,245,76,131],"product_tag":[125],"class_list":{"0":"post-2732","1":"product","2":"type-product","3":"status-publish","4":"has-post-thumbnail","6":"product_cat-femme","7":"product_cat-homme","8":"product_cat-noreva","9":"product_cat-soin-visage-f","10":"product_cat-solaire","11":"product_tag-made-in-france","13":"first","14":"outofstock","15":"shipping-taxable","16":"purchasable","17":"product-type-simple"},"yoast_head":"<!-- This site is optimized with the Yoast SEO plugin v27.3 - https:\/\/yoast.com\/product\/yoast-seo-wordpress\/ -->\n<title>NOREVA ACTIPUR ECRAN TOTAL 50SPF TEINTEE CLAIRE - Cosmetic Store<\/title>\n<meta name=\"robots\" content=\"index, follow, max-snippet:-1, max-image-preview:large, max-video-preview:-1\" \/>\n<link rel=\"canonical\" href=\"https:\/\/cosmeticstoredz.com\/ar\/product\/noreva-actipur-ecran-total-50spf-teintee-claire\/\" \/>\n<meta property=\"og:locale\" content=\"ar_AR\" \/>\n<meta property=\"og:type\" content=\"article\" \/>\n<meta property=\"og:title\" content=\"NOREVA ACTIPUR ECRAN TOTAL 50SPF TEINTEE CLAIRE - Cosmetic Store\" \/>\n<meta property=\"og:description\" content=\"Noreva Actipur Soin Solaire Anti-Imperfections SPF50+ Teinte Claire 30 ml est un soin triple action pour peaux sensibles qui corrige les imperfections (boutons et points noirs), les masque instantan\u00e9ment et offre une tr\u00e8s haute protection solaire anti-UVA\/UVB.\" \/>\n<meta property=\"og:url\" content=\"https:\/\/cosmeticstoredz.com\/ar\/product\/noreva-actipur-ecran-total-50spf-teintee-claire\/\" \/>\n<meta property=\"og:site_name\" content=\"Cosmetic Store\" \/>\n<meta property=\"article:publisher\" content=\"https:\/\/www.facebook.com\/profile.php?id=61564954260683\" \/>\n<meta property=\"article:modified_time\" content=\"2026-04-18T19:20:32+00:00\" \/>\n<meta property=\"og:image\" content=\"https:\/\/cosmeticstoredz.com\/wp-content\/uploads\/2026\/02\/Ajouter-un-titre-2024-08-04T155523.733.png\" \/>\n\t<meta property=\"og:image:width\" content=\"1563\" \/>\n\t<meta property=\"og:image:height\" content=\"1563\" \/>\n\t<meta property=\"og:image:type\" content=\"image\/png\" \/>\n<meta name=\"twitter:card\" content=\"summary_large_image\" \/>\n<meta name=\"twitter:label1\" content=\"\u0648\u0642\u062a \u0627\u0644\u0642\u0631\u0627\u0621\u0629 \u0627\u0644\u0645\u064f\u0642\u062f\u0651\u0631\" \/>\n\t<meta name=\"twitter:data1\" content=\"\u062f\u0642\u064a\u0642\u0629 \u0648\u0627\u062d\u062f\u0629\" \/>\n<script type=\"application\/ld+json\" class=\"yoast-schema-graph\">{\"@context\":\"https:\\\/\\\/schema.org\",\"@graph\":[{\"@type\":\"WebPage\",\"@id\":\"https:\\\/\\\/cosmeticstoredz.com\\\/produit\\\/noreva-actipur-ecran-total-50spf-teintee-claire\\\/\",\"url\":\"https:\\\/\\\/cosmeticstoredz.com\\\/produit\\\/noreva-actipur-ecran-total-50spf-teintee-claire\\\/\",\"name\":\"NOREVA ACTIPUR ECRAN TOTAL 50SPF TEINTEE CLAIRE - Cosmetic Store\",\"isPartOf\":{\"@id\":\"https:\\\/\\\/cosmeticstoredz.com\\\/#website\"},\"primaryImageOfPage\":{\"@id\":\"https:\\\/\\\/cosmeticstoredz.com\\\/produit\\\/noreva-actipur-ecran-total-50spf-teintee-claire\\\/#primaryimage\"},\"image\":{\"@id\":\"https:\\\/\\\/cosmeticstoredz.com\\\/produit\\\/noreva-actipur-ecran-total-50spf-teintee-claire\\\/#primaryimage\"},\"thumbnailUrl\":\"https:\\\/\\\/cosmeticstoredz.com\\\/wp-content\\\/uploads\\\/2026\\\/02\\\/Ajouter-un-titre-2024-08-04T155523.733.png\",\"datePublished\":\"2026-02-16T08:58:58+00:00\",\"dateModified\":\"2026-04-18T19:20:32+00:00\",\"breadcrumb\":{\"@id\":\"https:\\\/\\\/cosmeticstoredz.com\\\/produit\\\/noreva-actipur-ecran-total-50spf-teintee-claire\\\/#breadcrumb\"},\"inLanguage\":\"ar\",\"potentialAction\":[{\"@type\":\"ReadAction\",\"target\":[\"https:\\\/\\\/cosmeticstoredz.com\\\/produit\\\/noreva-actipur-ecran-total-50spf-teintee-claire\\\/\"]}]},{\"@type\":\"ImageObject\",\"inLanguage\":\"ar\",\"@id\":\"https:\\\/\\\/cosmeticstoredz.com\\\/produit\\\/noreva-actipur-ecran-total-50spf-teintee-claire\\\/#primaryimage\",\"url\":\"https:\\\/\\\/cosmeticstoredz.com\\\/wp-content\\\/uploads\\\/2026\\\/02\\\/Ajouter-un-titre-2024-08-04T155523.733.png\",\"contentUrl\":\"https:\\\/\\\/cosmeticstoredz.com\\\/wp-content\\\/uploads\\\/2026\\\/02\\\/Ajouter-un-titre-2024-08-04T155523.733.png\",\"width\":1563,\"height\":1563},{\"@type\":\"BreadcrumbList\",\"@id\":\"https:\\\/\\\/cosmeticstoredz.com\\\/produit\\\/noreva-actipur-ecran-total-50spf-teintee-claire\\\/#breadcrumb\",\"itemListElement\":[{\"@type\":\"ListItem\",\"position\":1,\"name\":\"Accueil\",\"item\":\"https:\\\/\\\/cosmeticstoredz.com\\\/\"},{\"@type\":\"ListItem\",\"position\":2,\"name\":\"Boutique\",\"item\":\"https:\\\/\\\/cosmeticstoredz.com\\\/boutique\\\/\"},{\"@type\":\"ListItem\",\"position\":3,\"name\":\"NOREVA ACTIPUR ECRAN TOTAL 50SPF TEINTEE CLAIRE\"}]},{\"@type\":\"WebSite\",\"@id\":\"https:\\\/\\\/cosmeticstoredz.com\\\/#website\",\"url\":\"https:\\\/\\\/cosmeticstoredz.com\\\/\",\"name\":\"Cosmetic Store\",\"description\":\"\",\"publisher\":{\"@id\":\"https:\\\/\\\/cosmeticstoredz.com\\\/#organization\"},\"potentialAction\":[{\"@type\":\"SearchAction\",\"target\":{\"@type\":\"EntryPoint\",\"urlTemplate\":\"https:\\\/\\\/cosmeticstoredz.com\\\/?s={search_term_string}\"},\"query-input\":{\"@type\":\"PropertyValueSpecification\",\"valueRequired\":true,\"valueName\":\"search_term_string\"}}],\"inLanguage\":\"ar\"},{\"@type\":\"Organization\",\"@id\":\"https:\\\/\\\/cosmeticstoredz.com\\\/#organization\",\"name\":\"Cosmetic Store\",\"url\":\"https:\\\/\\\/cosmeticstoredz.com\\\/\",\"logo\":{\"@type\":\"ImageObject\",\"inLanguage\":\"ar\",\"@id\":\"https:\\\/\\\/cosmeticstoredz.com\\\/#\\\/schema\\\/logo\\\/image\\\/\",\"url\":\"https:\\\/\\\/cosmeticstoredz.com\\\/wp-content\\\/uploads\\\/2026\\\/02\\\/cropped-LOGO_CS-512x512-1-1-e1771275285345.webp\",\"contentUrl\":\"https:\\\/\\\/cosmeticstoredz.com\\\/wp-content\\\/uploads\\\/2026\\\/02\\\/cropped-LOGO_CS-512x512-1-1-e1771275285345.webp\",\"width\":265,\"height\":319,\"caption\":\"Cosmetic Store\"},\"image\":{\"@id\":\"https:\\\/\\\/cosmeticstoredz.com\\\/#\\\/schema\\\/logo\\\/image\\\/\"},\"sameAs\":[\"https:\\\/\\\/www.facebook.com\\\/profile.php?id=61564954260683\",\"https:\\\/\\\/www.instagram.com\\\/cosmetic.storedz\\\/\"]}]}<\/script>\n<!-- \/ Yoast SEO plugin. -->","yoast_head_json":{"title":"NOREVA ACTIPUR ECRAN TOTAL 50SPF TEINTEE CLAIRE - Cosmetic Store","robots":{"index":"index","follow":"follow","max-snippet":"max-snippet:-1","max-image-preview":"max-image-preview:large","max-video-preview":"max-video-preview:-1"},"canonical":"https:\/\/cosmeticstoredz.com\/ar\/product\/noreva-actipur-ecran-total-50spf-teintee-claire\/","og_locale":"ar_AR","og_type":"article","og_title":"NOREVA ACTIPUR ECRAN TOTAL 50SPF TEINTEE CLAIRE - Cosmetic Store","og_description":"Noreva Actipur Soin Solaire Anti-Imperfections SPF50+ Teinte Claire 30 ml est un soin triple action pour peaux sensibles qui corrige les imperfections (boutons et points noirs), les masque instantan\u00e9ment et offre une tr\u00e8s haute protection solaire anti-UVA\/UVB.","og_url":"https:\/\/cosmeticstoredz.com\/ar\/product\/noreva-actipur-ecran-total-50spf-teintee-claire\/","og_site_name":"Cosmetic Store","article_publisher":"https:\/\/www.facebook.com\/profile.php?id=61564954260683","article_modified_time":"2026-04-18T19:20:32+00:00","og_image":[{"width":1563,"height":1563,"url":"https:\/\/cosmeticstoredz.com\/wp-content\/uploads\/2026\/02\/Ajouter-un-titre-2024-08-04T155523.733.png","type":"image\/png"}],"twitter_card":"summary_large_image","twitter_misc":{"\u0648\u0642\u062a \u0627\u0644\u0642\u0631\u0627\u0621\u0629 \u0627\u0644\u0645\u064f\u0642\u062f\u0651\u0631":"\u062f\u0642\u064a\u0642\u0629 \u0648\u0627\u062d\u062f\u0629"},"schema":{"@context":"https:\/\/schema.org","@graph":[{"@type":"WebPage","@id":"https:\/\/cosmeticstoredz.com\/produit\/noreva-actipur-ecran-total-50spf-teintee-claire\/","url":"https:\/\/cosmeticstoredz.com\/produit\/noreva-actipur-ecran-total-50spf-teintee-claire\/","name":"NOREVA ACTIPUR ECRAN TOTAL 50SPF TEINTEE CLAIRE - Cosmetic Store","isPartOf":{"@id":"https:\/\/cosmeticstoredz.com\/#website"},"primaryImageOfPage":{"@id":"https:\/\/cosmeticstoredz.com\/produit\/noreva-actipur-ecran-total-50spf-teintee-claire\/#primaryimage"},"image":{"@id":"https:\/\/cosmeticstoredz.com\/produit\/noreva-actipur-ecran-total-50spf-teintee-claire\/#primaryimage"},"thumbnailUrl":"https:\/\/cosmeticstoredz.com\/wp-content\/uploads\/2026\/02\/Ajouter-un-titre-2024-08-04T155523.733.png","datePublished":"2026-02-16T08:58:58+00:00","dateModified":"2026-04-18T19:20:32+00:00","breadcrumb":{"@id":"https:\/\/cosmeticstoredz.com\/produit\/noreva-actipur-ecran-total-50spf-teintee-claire\/#breadcrumb"},"inLanguage":"ar","potentialAction":[{"@type":"ReadAction","target":["https:\/\/cosmeticstoredz.com\/produit\/noreva-actipur-ecran-total-50spf-teintee-claire\/"]}]},{"@type":"ImageObject","inLanguage":"ar","@id":"https:\/\/cosmeticstoredz.com\/produit\/noreva-actipur-ecran-total-50spf-teintee-claire\/#primaryimage","url":"https:\/\/cosmeticstoredz.com\/wp-content\/uploads\/2026\/02\/Ajouter-un-titre-2024-08-04T155523.733.png","contentUrl":"https:\/\/cosmeticstoredz.com\/wp-content\/uploads\/2026\/02\/Ajouter-un-titre-2024-08-04T155523.733.png","width":1563,"height":1563},{"@type":"BreadcrumbList","@id":"https:\/\/cosmeticstoredz.com\/produit\/noreva-actipur-ecran-total-50spf-teintee-claire\/#breadcrumb","itemListElement":[{"@type":"ListItem","position":1,"name":"Accueil","item":"https:\/\/cosmeticstoredz.com\/"},{"@type":"ListItem","position":2,"name":"Boutique","item":"https:\/\/cosmeticstoredz.com\/boutique\/"},{"@type":"ListItem","position":3,"name":"NOREVA ACTIPUR ECRAN TOTAL 50SPF TEINTEE CLAIRE"}]},{"@type":"WebSite","@id":"https:\/\/cosmeticstoredz.com\/#website","url":"https:\/\/cosmeticstoredz.com\/","name":"Cosmetic Store","description":"","publisher":{"@id":"https:\/\/cosmeticstoredz.com\/#organization"},"potentialAction":[{"@type":"SearchAction","target":{"@type":"EntryPoint","urlTemplate":"https:\/\/cosmeticstoredz.com\/?s={search_term_string}"},"query-input":{"@type":"PropertyValueSpecification","valueRequired":true,"valueName":"search_term_string"}}],"inLanguage":"ar"},{"@type":"Organization","@id":"https:\/\/cosmeticstoredz.com\/#organization","name":"Cosmetic Store","url":"https:\/\/cosmeticstoredz.com\/","logo":{"@type":"ImageObject","inLanguage":"ar","@id":"https:\/\/cosmeticstoredz.com\/#\/schema\/logo\/image\/","url":"https:\/\/cosmeticstoredz.com\/wp-content\/uploads\/2026\/02\/cropped-LOGO_CS-512x512-1-1-e1771275285345.webp","contentUrl":"https:\/\/cosmeticstoredz.com\/wp-content\/uploads\/2026\/02\/cropped-LOGO_CS-512x512-1-1-e1771275285345.webp","width":265,"height":319,"caption":"Cosmetic Store"},"image":{"@id":"https:\/\/cosmeticstoredz.com\/#\/schema\/logo\/image\/"},"sameAs":["https:\/\/www.facebook.com\/profile.php?id=61564954260683","https:\/\/www.instagram.com\/cosmetic.storedz\/"]}]}},"_links":{"self":[{"href":"https:\/\/cosmeticstoredz.com\/ar\/wp-json\/wp\/v2\/product\/2732","targetHints":{"allow":["GET"]}}],"collection":[{"href":"https:\/\/cosmeticstoredz.com\/ar\/wp-json\/wp\/v2\/product"}],"about":[{"href":"https:\/\/cosmeticstoredz.com\/ar\/wp-json\/wp\/v2\/types\/product"}],"replies":[{"embeddable":true,"href":"https:\/\/cosmeticstoredz.com\/ar\/wp-json\/wp\/v2\/comments?post=2732"}],"version-history":[{"count":1,"href":"https:\/\/cosmeticstoredz.com\/ar\/wp-json\/wp\/v2\/product\/2732\/revisions"}],"predecessor-version":[{"id":2816,"href":"https:\/\/cosmeticstoredz.com\/ar\/wp-json\/wp\/v2\/product\/2732\/revisions\/2816"}],"wp:featuredmedia":[{"embeddable":true,"href":"https:\/\/cosmeticstoredz.com\/ar\/wp-json\/wp\/v2\/media\/2815"}],"wp:attachment":[{"href":"https:\/\/cosmeticstoredz.com\/ar\/wp-json\/wp\/v2\/media?parent=2732"}],"wp:term":[{"taxonomy":"product_brand","embeddable":true,"href":"https:\/\/cosmeticstoredz.com\/ar\/wp-json\/wp\/v2\/product_brand?post=2732"},{"taxonomy":"product_cat","embeddable":true,"href":"https:\/\/cosmeticstoredz.com\/ar\/wp-json\/wp\/v2\/product_cat?post=2732"},{"taxonomy":"product_tag","embeddable":true,"href":"https:\/\/cosmeticstoredz.com\/ar\/wp-json\/wp\/v2\/product_tag?post=2732"}],"curies":[{"name":"wp","href":"https:\/\/api.w.org\/{rel}","templated":true}]}}