{"id":2727,"date":"2026-02-16T08:58:58","date_gmt":"2026-02-16T08:58:58","guid":{"rendered":"https:\/\/test.fitnessworldgym27.com\/?post_type=product&#038;p=2727"},"modified":"2026-04-18T19:20:30","modified_gmt":"2026-04-18T19:20:30","slug":"nivea-q10-power-anti-rides-resserre-les-pores","status":"publish","type":"product","link":"https:\/\/cosmeticstoredz.com\/ar\/product\/nivea-q10-power-anti-rides-resserre-les-pores\/","title":{"rendered":"NIVEA Q10 POWER ANTI RIDES RESSERRE LES PORES"},"content":{"rendered":"<div class=\"product-content__title\">\n<p class=\"c-text c-text--size-m c-text--style-p c-text--bold\" data-v-66cc25a1=\"\"><strong>Description<\/strong><\/p>\n<\/div>\n<p class=\"c-text c-text--size-m c-text--style-p\" data-v-66cc25a1=\"\">La formule innovante du Soin de jour Q10 Anti-rides Pores resserr\u00e9s FPS15 contient de l&rsquo;extrait d&rsquo;algues et du Co-enzyme Q10 naturel, 100% identique \u00e0 celui de la peau pour une peau plus ferme, des pores r\u00e9duits. La peau est revitalis\u00e9e et les rides r\u00e9duites. L&rsquo;extrait d&rsquo;algues connues pour leur action antibact\u00e9rienne convient parfaitement aux peaux mixtes. D\u00e9couvrez vite le Soin de jour Anti-rides Pores resserr\u00e9s NIVEA \u00e0 l&rsquo;extrait d&rsquo;algues et Q10 Naturel pour une peau plus ferme et un grain de peau visiblement liss\u00e9 !<\/p>\n<div class=\"product-content__title\">\n<p class=\"c-text c-text--size-m c-text--style-p c-text--bold\" data-v-66cc25a1=\"\"><strong>Ingr\u00e9dients et allerg\u00e8nes<\/strong><\/p>\n<\/div>\n<p class=\"c-text c-text--size-m c-text--style-p\" data-v-66cc25a1=\"\">ingr\u00e9dients: Aqua, Ethylhexyl Salicylate, Octocrylene, Glycerin, Butyl Methoxydibenzoylmethane, Cetearyl Alcohol, Dimethicone, Methylpropanediol, Glyceryl Stearate Citrate, Phenylbenzimidazole Sulfonic Acid, Ubiquinone, Creatine, 1-Methylhydantoin-2-Imide, Fucus Vesiculosus Extract, Tocopherol, Caprylic\/Capric Triglyceride, Dicaprylyl Carbonate, Caprylyl Glycol, 1,2-Hexanediol, Tapioca Starch, Carbomer, Acrylates\/C10-30 Alkyl Acrylate Crosspolymer, Sodium Sulfate, Trisodium EDTA, Sodium Hydroxide, Phenoxyethanol, Limonene, Linalool, Benzyl Alcohol, Alpha-Isomethyl Ionone, Geraniol, Parfum, CI 42090<\/p>","protected":false},"excerpt":{"rendered":"<p>La formule innovante du Soin de jour Q10 Anti-rides Pores resserr\u00e9s FPS15 contient de l&rsquo;extrait d&rsquo;algues et du Co-enzyme Q10 naturel, 100% identique \u00e0 celui de la peau pour une peau plus ferme, des pores r\u00e9duits. La peau est revitalis\u00e9e et les rides r\u00e9duites. L&rsquo;extrait d&rsquo;algues connues pour leur action antibact\u00e9rienne convient parfaitement aux peaux mixtes. D\u00e9couvrez vite le Soin de jour Anti-rides Pores resserr\u00e9s NIVEA \u00e0 l&rsquo;extrait d&rsquo;algues et Q10 Naturel pour une peau plus ferme et un grain de peau visiblement liss\u00e9 !<\/p>","protected":false},"featured_media":2792,"comment_status":"open","ping_status":"closed","template":"","meta":[],"product_brand":[],"product_cat":[171,75,244,76],"product_tag":[175],"class_list":{"0":"post-2727","1":"product","2":"type-product","3":"status-publish","4":"has-post-thumbnail","6":"product_cat-creme-anti-age","7":"product_cat-femme","8":"product_cat-nivea","9":"product_cat-soin-visage-f","10":"product_tag-made-in-allemagne","12":"first","13":"outofstock","14":"shipping-taxable","15":"purchasable","16":"product-type-simple"},"yoast_head":"<!-- This site is optimized with the Yoast SEO plugin v27.3 - https:\/\/yoast.com\/product\/yoast-seo-wordpress\/ -->\n<title>NIVEA Q10 POWER ANTI RIDES RESSERRE LES PORES - Cosmetic Store<\/title>\n<meta name=\"robots\" content=\"index, follow, max-snippet:-1, max-image-preview:large, max-video-preview:-1\" \/>\n<link rel=\"canonical\" href=\"https:\/\/cosmeticstoredz.com\/ar\/product\/nivea-q10-power-anti-rides-resserre-les-pores\/\" \/>\n<meta property=\"og:locale\" content=\"ar_AR\" \/>\n<meta property=\"og:type\" content=\"article\" \/>\n<meta property=\"og:title\" content=\"NIVEA Q10 POWER ANTI RIDES RESSERRE LES PORES - Cosmetic Store\" \/>\n<meta property=\"og:description\" content=\"La formule innovante du Soin de jour Q10 Anti-rides Pores resserr\u00e9s FPS15 contient de l&#039;extrait d&#039;algues et du Co-enzyme Q10 naturel, 100% identique \u00e0 celui de la peau pour une peau plus ferme, des pores r\u00e9duits. La peau est revitalis\u00e9e et les rides r\u00e9duites. L&#039;extrait d&#039;algues connues pour leur action antibact\u00e9rienne convient parfaitement aux peaux mixtes. D\u00e9couvrez vite le Soin de jour Anti-rides Pores resserr\u00e9s NIVEA \u00e0 l&#039;extrait d&#039;algues et Q10 Naturel pour une peau plus ferme et un grain de peau visiblement liss\u00e9 !\" \/>\n<meta property=\"og:url\" content=\"https:\/\/cosmeticstoredz.com\/ar\/product\/nivea-q10-power-anti-rides-resserre-les-pores\/\" \/>\n<meta property=\"og:site_name\" content=\"Cosmetic Store\" \/>\n<meta property=\"article:publisher\" content=\"https:\/\/www.facebook.com\/profile.php?id=61564954260683\" \/>\n<meta property=\"article:modified_time\" content=\"2026-04-18T19:20:30+00:00\" \/>\n<meta property=\"og:image\" content=\"https:\/\/cosmeticstoredz.com\/wp-content\/uploads\/2026\/02\/Ajouter-un-titre-2024-08-04T122831.834.png\" \/>\n\t<meta property=\"og:image:width\" content=\"1563\" \/>\n\t<meta property=\"og:image:height\" content=\"1563\" \/>\n\t<meta property=\"og:image:type\" content=\"image\/png\" \/>\n<meta name=\"twitter:card\" content=\"summary_large_image\" \/>\n<meta name=\"twitter:label1\" content=\"\u0648\u0642\u062a \u0627\u0644\u0642\u0631\u0627\u0621\u0629 \u0627\u0644\u0645\u064f\u0642\u062f\u0651\u0631\" \/>\n\t<meta name=\"twitter:data1\" content=\"\u062f\u0642\u064a\u0642\u0629 \u0648\u0627\u062d\u062f\u0629\" \/>\n<script type=\"application\/ld+json\" class=\"yoast-schema-graph\">{\"@context\":\"https:\\\/\\\/schema.org\",\"@graph\":[{\"@type\":\"WebPage\",\"@id\":\"https:\\\/\\\/cosmeticstoredz.com\\\/produit\\\/nivea-q10-power-anti-rides-resserre-les-pores\\\/\",\"url\":\"https:\\\/\\\/cosmeticstoredz.com\\\/produit\\\/nivea-q10-power-anti-rides-resserre-les-pores\\\/\",\"name\":\"NIVEA Q10 POWER ANTI RIDES RESSERRE LES PORES - Cosmetic Store\",\"isPartOf\":{\"@id\":\"https:\\\/\\\/cosmeticstoredz.com\\\/#website\"},\"primaryImageOfPage\":{\"@id\":\"https:\\\/\\\/cosmeticstoredz.com\\\/produit\\\/nivea-q10-power-anti-rides-resserre-les-pores\\\/#primaryimage\"},\"image\":{\"@id\":\"https:\\\/\\\/cosmeticstoredz.com\\\/produit\\\/nivea-q10-power-anti-rides-resserre-les-pores\\\/#primaryimage\"},\"thumbnailUrl\":\"https:\\\/\\\/cosmeticstoredz.com\\\/wp-content\\\/uploads\\\/2026\\\/02\\\/Ajouter-un-titre-2024-08-04T122831.834.png\",\"datePublished\":\"2026-02-16T08:58:58+00:00\",\"dateModified\":\"2026-04-18T19:20:30+00:00\",\"breadcrumb\":{\"@id\":\"https:\\\/\\\/cosmeticstoredz.com\\\/produit\\\/nivea-q10-power-anti-rides-resserre-les-pores\\\/#breadcrumb\"},\"inLanguage\":\"ar\",\"potentialAction\":[{\"@type\":\"ReadAction\",\"target\":[\"https:\\\/\\\/cosmeticstoredz.com\\\/produit\\\/nivea-q10-power-anti-rides-resserre-les-pores\\\/\"]}]},{\"@type\":\"ImageObject\",\"inLanguage\":\"ar\",\"@id\":\"https:\\\/\\\/cosmeticstoredz.com\\\/produit\\\/nivea-q10-power-anti-rides-resserre-les-pores\\\/#primaryimage\",\"url\":\"https:\\\/\\\/cosmeticstoredz.com\\\/wp-content\\\/uploads\\\/2026\\\/02\\\/Ajouter-un-titre-2024-08-04T122831.834.png\",\"contentUrl\":\"https:\\\/\\\/cosmeticstoredz.com\\\/wp-content\\\/uploads\\\/2026\\\/02\\\/Ajouter-un-titre-2024-08-04T122831.834.png\",\"width\":1563,\"height\":1563},{\"@type\":\"BreadcrumbList\",\"@id\":\"https:\\\/\\\/cosmeticstoredz.com\\\/produit\\\/nivea-q10-power-anti-rides-resserre-les-pores\\\/#breadcrumb\",\"itemListElement\":[{\"@type\":\"ListItem\",\"position\":1,\"name\":\"Accueil\",\"item\":\"https:\\\/\\\/cosmeticstoredz.com\\\/\"},{\"@type\":\"ListItem\",\"position\":2,\"name\":\"Boutique\",\"item\":\"https:\\\/\\\/cosmeticstoredz.com\\\/boutique\\\/\"},{\"@type\":\"ListItem\",\"position\":3,\"name\":\"NIVEA Q10 POWER ANTI RIDES RESSERRE LES PORES\"}]},{\"@type\":\"WebSite\",\"@id\":\"https:\\\/\\\/cosmeticstoredz.com\\\/#website\",\"url\":\"https:\\\/\\\/cosmeticstoredz.com\\\/\",\"name\":\"Cosmetic Store\",\"description\":\"\",\"publisher\":{\"@id\":\"https:\\\/\\\/cosmeticstoredz.com\\\/#organization\"},\"potentialAction\":[{\"@type\":\"SearchAction\",\"target\":{\"@type\":\"EntryPoint\",\"urlTemplate\":\"https:\\\/\\\/cosmeticstoredz.com\\\/?s={search_term_string}\"},\"query-input\":{\"@type\":\"PropertyValueSpecification\",\"valueRequired\":true,\"valueName\":\"search_term_string\"}}],\"inLanguage\":\"ar\"},{\"@type\":\"Organization\",\"@id\":\"https:\\\/\\\/cosmeticstoredz.com\\\/#organization\",\"name\":\"Cosmetic Store\",\"url\":\"https:\\\/\\\/cosmeticstoredz.com\\\/\",\"logo\":{\"@type\":\"ImageObject\",\"inLanguage\":\"ar\",\"@id\":\"https:\\\/\\\/cosmeticstoredz.com\\\/#\\\/schema\\\/logo\\\/image\\\/\",\"url\":\"https:\\\/\\\/cosmeticstoredz.com\\\/wp-content\\\/uploads\\\/2026\\\/02\\\/cropped-LOGO_CS-512x512-1-1-e1771275285345.webp\",\"contentUrl\":\"https:\\\/\\\/cosmeticstoredz.com\\\/wp-content\\\/uploads\\\/2026\\\/02\\\/cropped-LOGO_CS-512x512-1-1-e1771275285345.webp\",\"width\":265,\"height\":319,\"caption\":\"Cosmetic Store\"},\"image\":{\"@id\":\"https:\\\/\\\/cosmeticstoredz.com\\\/#\\\/schema\\\/logo\\\/image\\\/\"},\"sameAs\":[\"https:\\\/\\\/www.facebook.com\\\/profile.php?id=61564954260683\",\"https:\\\/\\\/www.instagram.com\\\/cosmetic.storedz\\\/\"]}]}<\/script>\n<!-- \/ Yoast SEO plugin. -->","yoast_head_json":{"title":"NIVEA Q10 POWER ANTI RIDES RESSERRE LES PORES - Cosmetic Store","robots":{"index":"index","follow":"follow","max-snippet":"max-snippet:-1","max-image-preview":"max-image-preview:large","max-video-preview":"max-video-preview:-1"},"canonical":"https:\/\/cosmeticstoredz.com\/ar\/product\/nivea-q10-power-anti-rides-resserre-les-pores\/","og_locale":"ar_AR","og_type":"article","og_title":"NIVEA Q10 POWER ANTI RIDES RESSERRE LES PORES - Cosmetic Store","og_description":"La formule innovante du Soin de jour Q10 Anti-rides Pores resserr\u00e9s FPS15 contient de l'extrait d'algues et du Co-enzyme Q10 naturel, 100% identique \u00e0 celui de la peau pour une peau plus ferme, des pores r\u00e9duits. La peau est revitalis\u00e9e et les rides r\u00e9duites. L'extrait d'algues connues pour leur action antibact\u00e9rienne convient parfaitement aux peaux mixtes. D\u00e9couvrez vite le Soin de jour Anti-rides Pores resserr\u00e9s NIVEA \u00e0 l'extrait d'algues et Q10 Naturel pour une peau plus ferme et un grain de peau visiblement liss\u00e9 !","og_url":"https:\/\/cosmeticstoredz.com\/ar\/product\/nivea-q10-power-anti-rides-resserre-les-pores\/","og_site_name":"Cosmetic Store","article_publisher":"https:\/\/www.facebook.com\/profile.php?id=61564954260683","article_modified_time":"2026-04-18T19:20:30+00:00","og_image":[{"width":1563,"height":1563,"url":"https:\/\/cosmeticstoredz.com\/wp-content\/uploads\/2026\/02\/Ajouter-un-titre-2024-08-04T122831.834.png","type":"image\/png"}],"twitter_card":"summary_large_image","twitter_misc":{"\u0648\u0642\u062a \u0627\u0644\u0642\u0631\u0627\u0621\u0629 \u0627\u0644\u0645\u064f\u0642\u062f\u0651\u0631":"\u062f\u0642\u064a\u0642\u0629 \u0648\u0627\u062d\u062f\u0629"},"schema":{"@context":"https:\/\/schema.org","@graph":[{"@type":"WebPage","@id":"https:\/\/cosmeticstoredz.com\/produit\/nivea-q10-power-anti-rides-resserre-les-pores\/","url":"https:\/\/cosmeticstoredz.com\/produit\/nivea-q10-power-anti-rides-resserre-les-pores\/","name":"NIVEA Q10 POWER ANTI RIDES RESSERRE LES PORES - Cosmetic Store","isPartOf":{"@id":"https:\/\/cosmeticstoredz.com\/#website"},"primaryImageOfPage":{"@id":"https:\/\/cosmeticstoredz.com\/produit\/nivea-q10-power-anti-rides-resserre-les-pores\/#primaryimage"},"image":{"@id":"https:\/\/cosmeticstoredz.com\/produit\/nivea-q10-power-anti-rides-resserre-les-pores\/#primaryimage"},"thumbnailUrl":"https:\/\/cosmeticstoredz.com\/wp-content\/uploads\/2026\/02\/Ajouter-un-titre-2024-08-04T122831.834.png","datePublished":"2026-02-16T08:58:58+00:00","dateModified":"2026-04-18T19:20:30+00:00","breadcrumb":{"@id":"https:\/\/cosmeticstoredz.com\/produit\/nivea-q10-power-anti-rides-resserre-les-pores\/#breadcrumb"},"inLanguage":"ar","potentialAction":[{"@type":"ReadAction","target":["https:\/\/cosmeticstoredz.com\/produit\/nivea-q10-power-anti-rides-resserre-les-pores\/"]}]},{"@type":"ImageObject","inLanguage":"ar","@id":"https:\/\/cosmeticstoredz.com\/produit\/nivea-q10-power-anti-rides-resserre-les-pores\/#primaryimage","url":"https:\/\/cosmeticstoredz.com\/wp-content\/uploads\/2026\/02\/Ajouter-un-titre-2024-08-04T122831.834.png","contentUrl":"https:\/\/cosmeticstoredz.com\/wp-content\/uploads\/2026\/02\/Ajouter-un-titre-2024-08-04T122831.834.png","width":1563,"height":1563},{"@type":"BreadcrumbList","@id":"https:\/\/cosmeticstoredz.com\/produit\/nivea-q10-power-anti-rides-resserre-les-pores\/#breadcrumb","itemListElement":[{"@type":"ListItem","position":1,"name":"Accueil","item":"https:\/\/cosmeticstoredz.com\/"},{"@type":"ListItem","position":2,"name":"Boutique","item":"https:\/\/cosmeticstoredz.com\/boutique\/"},{"@type":"ListItem","position":3,"name":"NIVEA Q10 POWER ANTI RIDES RESSERRE LES PORES"}]},{"@type":"WebSite","@id":"https:\/\/cosmeticstoredz.com\/#website","url":"https:\/\/cosmeticstoredz.com\/","name":"Cosmetic Store","description":"","publisher":{"@id":"https:\/\/cosmeticstoredz.com\/#organization"},"potentialAction":[{"@type":"SearchAction","target":{"@type":"EntryPoint","urlTemplate":"https:\/\/cosmeticstoredz.com\/?s={search_term_string}"},"query-input":{"@type":"PropertyValueSpecification","valueRequired":true,"valueName":"search_term_string"}}],"inLanguage":"ar"},{"@type":"Organization","@id":"https:\/\/cosmeticstoredz.com\/#organization","name":"Cosmetic Store","url":"https:\/\/cosmeticstoredz.com\/","logo":{"@type":"ImageObject","inLanguage":"ar","@id":"https:\/\/cosmeticstoredz.com\/#\/schema\/logo\/image\/","url":"https:\/\/cosmeticstoredz.com\/wp-content\/uploads\/2026\/02\/cropped-LOGO_CS-512x512-1-1-e1771275285345.webp","contentUrl":"https:\/\/cosmeticstoredz.com\/wp-content\/uploads\/2026\/02\/cropped-LOGO_CS-512x512-1-1-e1771275285345.webp","width":265,"height":319,"caption":"Cosmetic Store"},"image":{"@id":"https:\/\/cosmeticstoredz.com\/#\/schema\/logo\/image\/"},"sameAs":["https:\/\/www.facebook.com\/profile.php?id=61564954260683","https:\/\/www.instagram.com\/cosmetic.storedz\/"]}]}},"_links":{"self":[{"href":"https:\/\/cosmeticstoredz.com\/ar\/wp-json\/wp\/v2\/product\/2727","targetHints":{"allow":["GET"]}}],"collection":[{"href":"https:\/\/cosmeticstoredz.com\/ar\/wp-json\/wp\/v2\/product"}],"about":[{"href":"https:\/\/cosmeticstoredz.com\/ar\/wp-json\/wp\/v2\/types\/product"}],"replies":[{"embeddable":true,"href":"https:\/\/cosmeticstoredz.com\/ar\/wp-json\/wp\/v2\/comments?post=2727"}],"version-history":[{"count":1,"href":"https:\/\/cosmeticstoredz.com\/ar\/wp-json\/wp\/v2\/product\/2727\/revisions"}],"predecessor-version":[{"id":2793,"href":"https:\/\/cosmeticstoredz.com\/ar\/wp-json\/wp\/v2\/product\/2727\/revisions\/2793"}],"wp:featuredmedia":[{"embeddable":true,"href":"https:\/\/cosmeticstoredz.com\/ar\/wp-json\/wp\/v2\/media\/2792"}],"wp:attachment":[{"href":"https:\/\/cosmeticstoredz.com\/ar\/wp-json\/wp\/v2\/media?parent=2727"}],"wp:term":[{"taxonomy":"product_brand","embeddable":true,"href":"https:\/\/cosmeticstoredz.com\/ar\/wp-json\/wp\/v2\/product_brand?post=2727"},{"taxonomy":"product_cat","embeddable":true,"href":"https:\/\/cosmeticstoredz.com\/ar\/wp-json\/wp\/v2\/product_cat?post=2727"},{"taxonomy":"product_tag","embeddable":true,"href":"https:\/\/cosmeticstoredz.com\/ar\/wp-json\/wp\/v2\/product_tag?post=2727"}],"curies":[{"name":"wp","href":"https:\/\/api.w.org\/{rel}","templated":true}]}}