{"id":2726,"date":"2026-02-16T08:58:57","date_gmt":"2026-02-16T08:58:57","guid":{"rendered":"https:\/\/test.fitnessworldgym27.com\/?post_type=product&#038;p=2726"},"modified":"2026-04-18T19:18:45","modified_gmt":"2026-04-18T19:18:45","slug":"nivea-deo-homme-200ml-fresh-active-0","status":"publish","type":"product","link":"https:\/\/cosmeticstoredz.com\/ar\/product\/nivea-deo-homme-200ml-fresh-active-0\/","title":{"rendered":"NIVEA DEO HOMME 200ML FRESH ACTIVE 0%"},"content":{"rendered":"<p><b>NIVEA MEN Fresh Active\u00a0<\/b>vous offre une protection longue dur\u00e9e tout en laissant sur votre peau une agr\u00e9able sensation de fra\u00eecheur. Sa formule aux extraits oc\u00e9aniques vous garantit une protection 48 heures contre les odeurs corporelles pour rester frais tout au long de la journ\u00e9e.<br style=\"color: #8f8f8f; font-family: Montserrat-Light; font-size: 14px;\" \/>\u2022Sensation de fra\u00eecheur longue dur\u00e9e &#8211; Extraits oc\u00e9aniques.<br style=\"color: #8f8f8f; font-family: Montserrat-Light; font-size: 14px;\" \/>\u202248h protection et soin\u00a0<b>NIVEA MEN.<\/b><br style=\"color: #8f8f8f; font-family: Montserrat-Light; font-size: 14px;\" \/>\u2022Tol\u00e9rance cutan\u00e9e test\u00e9e sous contr\u00f4le dermatologique.<br style=\"color: #8f8f8f; font-family: Montserrat-Light; font-size: 14px;\" \/>\u2022Sans sels d&rsquo;aluminium.<\/p>","protected":false},"excerpt":{"rendered":"<p><b>NIVEA MEN Fresh Active\u00a0<\/b>vous offre une protection longue dur\u00e9e tout en laissant sur votre peau une agr\u00e9able sensation de fra\u00eecheur. Sa formule aux extraits oc\u00e9aniques vous garantit une protection 48 heures contre les odeurs corporelles pour rester frais tout au long de la journ\u00e9e.<br style=\"color: #8f8f8f; font-family: Montserrat-Light; font-size: 14px;\" \/>\u2022Sensation de fra\u00eecheur longue dur\u00e9e &#8211; Extraits oc\u00e9aniques.<br style=\"color: #8f8f8f; font-family: Montserrat-Light; font-size: 14px;\" \/>\u202248h protection et soin\u00a0<b>NIVEA MEN.<\/b><br style=\"color: #8f8f8f; font-family: Montserrat-Light; font-size: 14px;\" \/>\u2022Tol\u00e9rance cutan\u00e9e test\u00e9e sous contr\u00f4le dermatologique.<br style=\"color: #8f8f8f; font-family: Montserrat-Light; font-size: 14px;\" \/>\u2022Sans sels d&rsquo;aluminium.<\/p>","protected":false},"featured_media":2790,"comment_status":"open","ping_status":"closed","template":"","meta":[],"product_brand":[],"product_cat":[85,72,244,84],"product_tag":[175],"class_list":{"0":"post-2726","1":"product","2":"type-product","3":"status-publish","4":"has-post-thumbnail","6":"product_cat-deodorant-h","7":"product_cat-homme","8":"product_cat-nivea","9":"product_cat-parfum-h","10":"product_tag-made-in-allemagne","12":"first","13":"outofstock","14":"shipping-taxable","15":"purchasable","16":"product-type-simple"},"yoast_head":"<!-- This site is optimized with the Yoast SEO plugin v27.3 - https:\/\/yoast.com\/product\/yoast-seo-wordpress\/ -->\n<title>NIVEA DEO HOMME 200ML FRESH ACTIVE 0% - Cosmetic Store<\/title>\n<meta name=\"robots\" content=\"index, follow, max-snippet:-1, max-image-preview:large, max-video-preview:-1\" \/>\n<link rel=\"canonical\" href=\"https:\/\/cosmeticstoredz.com\/ar\/product\/nivea-deo-homme-200ml-fresh-active-0\/\" \/>\n<meta property=\"og:locale\" content=\"ar_AR\" \/>\n<meta property=\"og:type\" content=\"article\" \/>\n<meta property=\"og:title\" content=\"NIVEA DEO HOMME 200ML FRESH ACTIVE 0% - Cosmetic Store\" \/>\n<meta property=\"og:description\" content=\"NIVEA MEN Fresh Active\u00a0vous offre une protection longue dur\u00e9e tout en laissant sur votre peau une agr\u00e9able sensation de fra\u00eecheur. Sa formule aux extraits oc\u00e9aniques vous garantit une protection 48 heures contre les odeurs corporelles pour rester frais tout au long de la journ\u00e9e.\u2022Sensation de fra\u00eecheur longue dur\u00e9e - Extraits oc\u00e9aniques.\u202248h protection et soin\u00a0NIVEA MEN.\u2022Tol\u00e9rance cutan\u00e9e test\u00e9e sous contr\u00f4le dermatologique.\u2022Sans sels d&#039;aluminium.\" \/>\n<meta property=\"og:url\" content=\"https:\/\/cosmeticstoredz.com\/ar\/product\/nivea-deo-homme-200ml-fresh-active-0\/\" \/>\n<meta property=\"og:site_name\" content=\"Cosmetic Store\" \/>\n<meta property=\"article:publisher\" content=\"https:\/\/www.facebook.com\/profile.php?id=61564954260683\" \/>\n<meta property=\"article:modified_time\" content=\"2026-04-18T19:18:45+00:00\" \/>\n<meta property=\"og:image\" content=\"https:\/\/cosmeticstoredz.com\/wp-content\/uploads\/2026\/02\/Ajouter-un-titre-2024-08-04T123031.208.png\" \/>\n\t<meta property=\"og:image:width\" content=\"1563\" \/>\n\t<meta property=\"og:image:height\" content=\"1563\" \/>\n\t<meta property=\"og:image:type\" content=\"image\/png\" \/>\n<meta name=\"twitter:card\" content=\"summary_large_image\" \/>\n<script type=\"application\/ld+json\" class=\"yoast-schema-graph\">{\"@context\":\"https:\\\/\\\/schema.org\",\"@graph\":[{\"@type\":\"WebPage\",\"@id\":\"https:\\\/\\\/cosmeticstoredz.com\\\/produit\\\/nivea-deo-homme-200ml-fresh-active-0\\\/\",\"url\":\"https:\\\/\\\/cosmeticstoredz.com\\\/produit\\\/nivea-deo-homme-200ml-fresh-active-0\\\/\",\"name\":\"NIVEA DEO HOMME 200ML FRESH ACTIVE 0% - Cosmetic Store\",\"isPartOf\":{\"@id\":\"https:\\\/\\\/cosmeticstoredz.com\\\/#website\"},\"primaryImageOfPage\":{\"@id\":\"https:\\\/\\\/cosmeticstoredz.com\\\/produit\\\/nivea-deo-homme-200ml-fresh-active-0\\\/#primaryimage\"},\"image\":{\"@id\":\"https:\\\/\\\/cosmeticstoredz.com\\\/produit\\\/nivea-deo-homme-200ml-fresh-active-0\\\/#primaryimage\"},\"thumbnailUrl\":\"https:\\\/\\\/cosmeticstoredz.com\\\/wp-content\\\/uploads\\\/2026\\\/02\\\/Ajouter-un-titre-2024-08-04T123031.208.png\",\"datePublished\":\"2026-02-16T08:58:57+00:00\",\"dateModified\":\"2026-04-18T19:18:45+00:00\",\"breadcrumb\":{\"@id\":\"https:\\\/\\\/cosmeticstoredz.com\\\/produit\\\/nivea-deo-homme-200ml-fresh-active-0\\\/#breadcrumb\"},\"inLanguage\":\"ar\",\"potentialAction\":[{\"@type\":\"ReadAction\",\"target\":[\"https:\\\/\\\/cosmeticstoredz.com\\\/produit\\\/nivea-deo-homme-200ml-fresh-active-0\\\/\"]}]},{\"@type\":\"ImageObject\",\"inLanguage\":\"ar\",\"@id\":\"https:\\\/\\\/cosmeticstoredz.com\\\/produit\\\/nivea-deo-homme-200ml-fresh-active-0\\\/#primaryimage\",\"url\":\"https:\\\/\\\/cosmeticstoredz.com\\\/wp-content\\\/uploads\\\/2026\\\/02\\\/Ajouter-un-titre-2024-08-04T123031.208.png\",\"contentUrl\":\"https:\\\/\\\/cosmeticstoredz.com\\\/wp-content\\\/uploads\\\/2026\\\/02\\\/Ajouter-un-titre-2024-08-04T123031.208.png\",\"width\":1563,\"height\":1563},{\"@type\":\"BreadcrumbList\",\"@id\":\"https:\\\/\\\/cosmeticstoredz.com\\\/produit\\\/nivea-deo-homme-200ml-fresh-active-0\\\/#breadcrumb\",\"itemListElement\":[{\"@type\":\"ListItem\",\"position\":1,\"name\":\"Accueil\",\"item\":\"https:\\\/\\\/cosmeticstoredz.com\\\/\"},{\"@type\":\"ListItem\",\"position\":2,\"name\":\"Boutique\",\"item\":\"https:\\\/\\\/cosmeticstoredz.com\\\/boutique\\\/\"},{\"@type\":\"ListItem\",\"position\":3,\"name\":\"NIVEA DEO HOMME 200ML FRESH ACTIVE 0%\"}]},{\"@type\":\"WebSite\",\"@id\":\"https:\\\/\\\/cosmeticstoredz.com\\\/#website\",\"url\":\"https:\\\/\\\/cosmeticstoredz.com\\\/\",\"name\":\"Cosmetic Store\",\"description\":\"\",\"publisher\":{\"@id\":\"https:\\\/\\\/cosmeticstoredz.com\\\/#organization\"},\"potentialAction\":[{\"@type\":\"SearchAction\",\"target\":{\"@type\":\"EntryPoint\",\"urlTemplate\":\"https:\\\/\\\/cosmeticstoredz.com\\\/?s={search_term_string}\"},\"query-input\":{\"@type\":\"PropertyValueSpecification\",\"valueRequired\":true,\"valueName\":\"search_term_string\"}}],\"inLanguage\":\"ar\"},{\"@type\":\"Organization\",\"@id\":\"https:\\\/\\\/cosmeticstoredz.com\\\/#organization\",\"name\":\"Cosmetic Store\",\"url\":\"https:\\\/\\\/cosmeticstoredz.com\\\/\",\"logo\":{\"@type\":\"ImageObject\",\"inLanguage\":\"ar\",\"@id\":\"https:\\\/\\\/cosmeticstoredz.com\\\/#\\\/schema\\\/logo\\\/image\\\/\",\"url\":\"https:\\\/\\\/cosmeticstoredz.com\\\/wp-content\\\/uploads\\\/2026\\\/02\\\/cropped-LOGO_CS-512x512-1-1-e1771275285345.webp\",\"contentUrl\":\"https:\\\/\\\/cosmeticstoredz.com\\\/wp-content\\\/uploads\\\/2026\\\/02\\\/cropped-LOGO_CS-512x512-1-1-e1771275285345.webp\",\"width\":265,\"height\":319,\"caption\":\"Cosmetic Store\"},\"image\":{\"@id\":\"https:\\\/\\\/cosmeticstoredz.com\\\/#\\\/schema\\\/logo\\\/image\\\/\"},\"sameAs\":[\"https:\\\/\\\/www.facebook.com\\\/profile.php?id=61564954260683\",\"https:\\\/\\\/www.instagram.com\\\/cosmetic.storedz\\\/\"]}]}<\/script>\n<!-- \/ Yoast SEO plugin. -->","yoast_head_json":{"title":"NIVEA DEO HOMME 200ML FRESH ACTIVE 0% - Cosmetic Store","robots":{"index":"index","follow":"follow","max-snippet":"max-snippet:-1","max-image-preview":"max-image-preview:large","max-video-preview":"max-video-preview:-1"},"canonical":"https:\/\/cosmeticstoredz.com\/ar\/product\/nivea-deo-homme-200ml-fresh-active-0\/","og_locale":"ar_AR","og_type":"article","og_title":"NIVEA DEO HOMME 200ML FRESH ACTIVE 0% - Cosmetic Store","og_description":"NIVEA MEN Fresh Active\u00a0vous offre une protection longue dur\u00e9e tout en laissant sur votre peau une agr\u00e9able sensation de fra\u00eecheur. Sa formule aux extraits oc\u00e9aniques vous garantit une protection 48 heures contre les odeurs corporelles pour rester frais tout au long de la journ\u00e9e.\u2022Sensation de fra\u00eecheur longue dur\u00e9e - Extraits oc\u00e9aniques.\u202248h protection et soin\u00a0NIVEA MEN.\u2022Tol\u00e9rance cutan\u00e9e test\u00e9e sous contr\u00f4le dermatologique.\u2022Sans sels d'aluminium.","og_url":"https:\/\/cosmeticstoredz.com\/ar\/product\/nivea-deo-homme-200ml-fresh-active-0\/","og_site_name":"Cosmetic Store","article_publisher":"https:\/\/www.facebook.com\/profile.php?id=61564954260683","article_modified_time":"2026-04-18T19:18:45+00:00","og_image":[{"width":1563,"height":1563,"url":"https:\/\/cosmeticstoredz.com\/wp-content\/uploads\/2026\/02\/Ajouter-un-titre-2024-08-04T123031.208.png","type":"image\/png"}],"twitter_card":"summary_large_image","schema":{"@context":"https:\/\/schema.org","@graph":[{"@type":"WebPage","@id":"https:\/\/cosmeticstoredz.com\/produit\/nivea-deo-homme-200ml-fresh-active-0\/","url":"https:\/\/cosmeticstoredz.com\/produit\/nivea-deo-homme-200ml-fresh-active-0\/","name":"NIVEA DEO HOMME 200ML FRESH ACTIVE 0% - Cosmetic Store","isPartOf":{"@id":"https:\/\/cosmeticstoredz.com\/#website"},"primaryImageOfPage":{"@id":"https:\/\/cosmeticstoredz.com\/produit\/nivea-deo-homme-200ml-fresh-active-0\/#primaryimage"},"image":{"@id":"https:\/\/cosmeticstoredz.com\/produit\/nivea-deo-homme-200ml-fresh-active-0\/#primaryimage"},"thumbnailUrl":"https:\/\/cosmeticstoredz.com\/wp-content\/uploads\/2026\/02\/Ajouter-un-titre-2024-08-04T123031.208.png","datePublished":"2026-02-16T08:58:57+00:00","dateModified":"2026-04-18T19:18:45+00:00","breadcrumb":{"@id":"https:\/\/cosmeticstoredz.com\/produit\/nivea-deo-homme-200ml-fresh-active-0\/#breadcrumb"},"inLanguage":"ar","potentialAction":[{"@type":"ReadAction","target":["https:\/\/cosmeticstoredz.com\/produit\/nivea-deo-homme-200ml-fresh-active-0\/"]}]},{"@type":"ImageObject","inLanguage":"ar","@id":"https:\/\/cosmeticstoredz.com\/produit\/nivea-deo-homme-200ml-fresh-active-0\/#primaryimage","url":"https:\/\/cosmeticstoredz.com\/wp-content\/uploads\/2026\/02\/Ajouter-un-titre-2024-08-04T123031.208.png","contentUrl":"https:\/\/cosmeticstoredz.com\/wp-content\/uploads\/2026\/02\/Ajouter-un-titre-2024-08-04T123031.208.png","width":1563,"height":1563},{"@type":"BreadcrumbList","@id":"https:\/\/cosmeticstoredz.com\/produit\/nivea-deo-homme-200ml-fresh-active-0\/#breadcrumb","itemListElement":[{"@type":"ListItem","position":1,"name":"Accueil","item":"https:\/\/cosmeticstoredz.com\/"},{"@type":"ListItem","position":2,"name":"Boutique","item":"https:\/\/cosmeticstoredz.com\/boutique\/"},{"@type":"ListItem","position":3,"name":"NIVEA DEO HOMME 200ML FRESH ACTIVE 0%"}]},{"@type":"WebSite","@id":"https:\/\/cosmeticstoredz.com\/#website","url":"https:\/\/cosmeticstoredz.com\/","name":"Cosmetic Store","description":"","publisher":{"@id":"https:\/\/cosmeticstoredz.com\/#organization"},"potentialAction":[{"@type":"SearchAction","target":{"@type":"EntryPoint","urlTemplate":"https:\/\/cosmeticstoredz.com\/?s={search_term_string}"},"query-input":{"@type":"PropertyValueSpecification","valueRequired":true,"valueName":"search_term_string"}}],"inLanguage":"ar"},{"@type":"Organization","@id":"https:\/\/cosmeticstoredz.com\/#organization","name":"Cosmetic Store","url":"https:\/\/cosmeticstoredz.com\/","logo":{"@type":"ImageObject","inLanguage":"ar","@id":"https:\/\/cosmeticstoredz.com\/#\/schema\/logo\/image\/","url":"https:\/\/cosmeticstoredz.com\/wp-content\/uploads\/2026\/02\/cropped-LOGO_CS-512x512-1-1-e1771275285345.webp","contentUrl":"https:\/\/cosmeticstoredz.com\/wp-content\/uploads\/2026\/02\/cropped-LOGO_CS-512x512-1-1-e1771275285345.webp","width":265,"height":319,"caption":"Cosmetic Store"},"image":{"@id":"https:\/\/cosmeticstoredz.com\/#\/schema\/logo\/image\/"},"sameAs":["https:\/\/www.facebook.com\/profile.php?id=61564954260683","https:\/\/www.instagram.com\/cosmetic.storedz\/"]}]}},"_links":{"self":[{"href":"https:\/\/cosmeticstoredz.com\/ar\/wp-json\/wp\/v2\/product\/2726","targetHints":{"allow":["GET"]}}],"collection":[{"href":"https:\/\/cosmeticstoredz.com\/ar\/wp-json\/wp\/v2\/product"}],"about":[{"href":"https:\/\/cosmeticstoredz.com\/ar\/wp-json\/wp\/v2\/types\/product"}],"replies":[{"embeddable":true,"href":"https:\/\/cosmeticstoredz.com\/ar\/wp-json\/wp\/v2\/comments?post=2726"}],"version-history":[{"count":1,"href":"https:\/\/cosmeticstoredz.com\/ar\/wp-json\/wp\/v2\/product\/2726\/revisions"}],"predecessor-version":[{"id":2791,"href":"https:\/\/cosmeticstoredz.com\/ar\/wp-json\/wp\/v2\/product\/2726\/revisions\/2791"}],"wp:featuredmedia":[{"embeddable":true,"href":"https:\/\/cosmeticstoredz.com\/ar\/wp-json\/wp\/v2\/media\/2790"}],"wp:attachment":[{"href":"https:\/\/cosmeticstoredz.com\/ar\/wp-json\/wp\/v2\/media?parent=2726"}],"wp:term":[{"taxonomy":"product_brand","embeddable":true,"href":"https:\/\/cosmeticstoredz.com\/ar\/wp-json\/wp\/v2\/product_brand?post=2726"},{"taxonomy":"product_cat","embeddable":true,"href":"https:\/\/cosmeticstoredz.com\/ar\/wp-json\/wp\/v2\/product_cat?post=2726"},{"taxonomy":"product_tag","embeddable":true,"href":"https:\/\/cosmeticstoredz.com\/ar\/wp-json\/wp\/v2\/product_tag?post=2726"}],"curies":[{"name":"wp","href":"https:\/\/api.w.org\/{rel}","templated":true}]}}