{"id":2720,"date":"2026-02-16T08:58:57","date_gmt":"2026-02-16T08:58:57","guid":{"rendered":"https:\/\/test.fitnessworldgym27.com\/?post_type=product&#038;p=2720"},"modified":"2026-04-18T19:20:29","modified_gmt":"2026-04-18T19:20:29","slug":"nivea-creme-cherry-blossem","status":"publish","type":"product","link":"https:\/\/cosmeticstoredz.com\/ar\/product\/nivea-creme-cherry-blossem\/","title":{"rendered":"NIVEA CREME CHERRY BLOSSEM"},"content":{"rendered":"<p>Nivea Cr\u00e8me pour le corps Souffle Cherry Blossom &amp; huile de jojoba hydratante \u2013 Profitez de la peau lisse et velout\u00e9e tous les jours<\/p>\n<p>Transformez la peau avec NIVEA Body Souffl\u00e9 Fleur de Cerisier &amp; Huile de Jojoba &#8211; Cette cr\u00e8me hydratante corporelle l\u00e9g\u00e8re mais nourrissante est enrichie en huile de jojoba et de pr\u00e9cieuses perles d&rsquo;huile qui sont riches en nutriments et aident \u00e0 prendre soin de la peau, tout en la gardant hydrat\u00e9e, lisse et prot\u00e9g\u00e9e. La cr\u00e8me est \u00e9galement un r\u00e9gal luxueux pour les sens avec son parfum de fleur de cerisier qui en fait un vrai plaisir de la fondre doucement dans la peau et ne laisse aucun r\u00e9sidu collant ou gras.<\/p>\n<p>Conseils d&rsquo;utilisation : avant utilisation, prenez une douche pour nettoyer en profondeur tout le corps. Appliquer quotidiennement sur le corps dans le cadre d&rsquo;une routine de soins personnels en frottant en petits cercles jusqu&rsquo;\u00e0 ce qu&rsquo;il soit absorb\u00e9 par le corps. Si n\u00e9cessaire, dans des endroits particuli\u00e8rement secs.<\/p>\n<p><strong>Avantages du produit :<\/strong><\/p>\n<ul class=\"a-unordered-list a-vertical\">\n<li><span class=\"a-list-item\">Pour une peau lisse et velout\u00e9e jusqu&rsquo;\u00e0 24 h<\/span><\/li>\n<li><span class=\"a-list-item\">Parfum d\u00e9licat de fleurs de cerisier.<\/span><\/li>\n<li><span class=\"a-list-item\">Enrichi en huile de jojoba.<\/span><\/li>\n<li><span class=\"a-list-item\">Sensation non grasse.<\/span><\/li>\n<\/ul>\n<p><strong>Ingr\u00e9dients :<\/strong><\/p>\n<p>Aqua, Glycerin, C15-19 Alkane, Cetearyl Alcohol, Isopropyl Palmitate, Paraffinum Liquidum, Glyceryl Stearate, Glyceryl Stearate Se, Butyrospermum Parkii Butter, Dimethicone, Hydrogenated Coco-Glyceride, Simmondsia Chinensis Seed Oil, Helianthus Annuus Seed Oil. Il microcrystall, microcrCellulose, Mannitaline Cellulose, Mannito. ol, Algin, So. Didium Cetearyl Sulfate, Carbomer, Sodium Hydroxide, Trisodium Edta, Phenoxyethanol, Ethylhexylglycerin, Linalool, Limonene, Benzyl Alcohol, Citronellol, Geraniol, Alpha-Isomethyl Ionone, Parfum, Ci 77492<\/p>\n<p><strong>Mode d&#8217;emploi :<\/strong><\/p>\n<p>Appliquer quotidiennement sur tout le corps.<\/p>\n<p>&nbsp;<\/p>","protected":false},"excerpt":{"rendered":"<p>Nivea Cr\u00e8me pour le corps Souffle Cherry Blossom &amp; huile de jojoba hydratante \u2013 Profitez de la peau lisse et velout\u00e9e tous les jours<\/p>","protected":false},"featured_media":2778,"comment_status":"open","ping_status":"closed","template":"","meta":[],"product_brand":[],"product_cat":[82,75,244,81,76],"product_tag":[175],"class_list":{"0":"post-2720","1":"product","2":"type-product","3":"status-publish","4":"has-post-thumbnail","6":"product_cat-creme-hydratante-fc","7":"product_cat-femme","8":"product_cat-nivea","9":"product_cat-soin-corps-f","10":"product_cat-soin-visage-f","11":"product_tag-made-in-allemagne","13":"first","14":"outofstock","15":"shipping-taxable","16":"purchasable","17":"product-type-simple"},"yoast_head":"<!-- This site is optimized with the Yoast SEO plugin v27.3 - https:\/\/yoast.com\/product\/yoast-seo-wordpress\/ -->\n<title>NIVEA CREME CHERRY BLOSSEM - Cosmetic Store<\/title>\n<meta name=\"robots\" content=\"index, follow, max-snippet:-1, max-image-preview:large, max-video-preview:-1\" \/>\n<link rel=\"canonical\" href=\"https:\/\/cosmeticstoredz.com\/ar\/product\/nivea-creme-cherry-blossem\/\" \/>\n<meta property=\"og:locale\" content=\"ar_AR\" \/>\n<meta property=\"og:type\" content=\"article\" \/>\n<meta property=\"og:title\" content=\"NIVEA CREME CHERRY BLOSSEM - Cosmetic Store\" \/>\n<meta property=\"og:description\" content=\"Nivea Cr\u00e8me pour le corps Souffle Cherry Blossom &amp; huile de jojoba hydratante \u2013 Profitez de la peau lisse et velout\u00e9e tous les jours\" \/>\n<meta property=\"og:url\" content=\"https:\/\/cosmeticstoredz.com\/ar\/product\/nivea-creme-cherry-blossem\/\" \/>\n<meta property=\"og:site_name\" content=\"Cosmetic Store\" \/>\n<meta property=\"article:publisher\" content=\"https:\/\/www.facebook.com\/profile.php?id=61564954260683\" \/>\n<meta property=\"article:modified_time\" content=\"2026-04-18T19:20:29+00:00\" \/>\n<meta property=\"og:image\" content=\"https:\/\/cosmeticstoredz.com\/wp-content\/uploads\/2026\/02\/Ajouter-un-titre-2024-08-04T114454.298.png\" \/>\n\t<meta property=\"og:image:width\" content=\"1563\" \/>\n\t<meta property=\"og:image:height\" content=\"1563\" \/>\n\t<meta property=\"og:image:type\" content=\"image\/png\" \/>\n<meta name=\"twitter:card\" content=\"summary_large_image\" \/>\n<meta name=\"twitter:label1\" content=\"\u0648\u0642\u062a \u0627\u0644\u0642\u0631\u0627\u0621\u0629 \u0627\u0644\u0645\u064f\u0642\u062f\u0651\u0631\" \/>\n\t<meta name=\"twitter:data1\" content=\"\u062f\u0642\u064a\u0642\u0629 \u0648\u0627\u062d\u062f\u0629\" \/>\n<script type=\"application\/ld+json\" class=\"yoast-schema-graph\">{\"@context\":\"https:\\\/\\\/schema.org\",\"@graph\":[{\"@type\":\"WebPage\",\"@id\":\"https:\\\/\\\/cosmeticstoredz.com\\\/produit\\\/nivea-creme-cherry-blossem\\\/\",\"url\":\"https:\\\/\\\/cosmeticstoredz.com\\\/produit\\\/nivea-creme-cherry-blossem\\\/\",\"name\":\"NIVEA CREME CHERRY BLOSSEM - Cosmetic Store\",\"isPartOf\":{\"@id\":\"https:\\\/\\\/cosmeticstoredz.com\\\/#website\"},\"primaryImageOfPage\":{\"@id\":\"https:\\\/\\\/cosmeticstoredz.com\\\/produit\\\/nivea-creme-cherry-blossem\\\/#primaryimage\"},\"image\":{\"@id\":\"https:\\\/\\\/cosmeticstoredz.com\\\/produit\\\/nivea-creme-cherry-blossem\\\/#primaryimage\"},\"thumbnailUrl\":\"https:\\\/\\\/cosmeticstoredz.com\\\/wp-content\\\/uploads\\\/2026\\\/02\\\/Ajouter-un-titre-2024-08-04T114454.298.png\",\"datePublished\":\"2026-02-16T08:58:57+00:00\",\"dateModified\":\"2026-04-18T19:20:29+00:00\",\"breadcrumb\":{\"@id\":\"https:\\\/\\\/cosmeticstoredz.com\\\/produit\\\/nivea-creme-cherry-blossem\\\/#breadcrumb\"},\"inLanguage\":\"ar\",\"potentialAction\":[{\"@type\":\"ReadAction\",\"target\":[\"https:\\\/\\\/cosmeticstoredz.com\\\/produit\\\/nivea-creme-cherry-blossem\\\/\"]}]},{\"@type\":\"ImageObject\",\"inLanguage\":\"ar\",\"@id\":\"https:\\\/\\\/cosmeticstoredz.com\\\/produit\\\/nivea-creme-cherry-blossem\\\/#primaryimage\",\"url\":\"https:\\\/\\\/cosmeticstoredz.com\\\/wp-content\\\/uploads\\\/2026\\\/02\\\/Ajouter-un-titre-2024-08-04T114454.298.png\",\"contentUrl\":\"https:\\\/\\\/cosmeticstoredz.com\\\/wp-content\\\/uploads\\\/2026\\\/02\\\/Ajouter-un-titre-2024-08-04T114454.298.png\",\"width\":1563,\"height\":1563},{\"@type\":\"BreadcrumbList\",\"@id\":\"https:\\\/\\\/cosmeticstoredz.com\\\/produit\\\/nivea-creme-cherry-blossem\\\/#breadcrumb\",\"itemListElement\":[{\"@type\":\"ListItem\",\"position\":1,\"name\":\"Accueil\",\"item\":\"https:\\\/\\\/cosmeticstoredz.com\\\/\"},{\"@type\":\"ListItem\",\"position\":2,\"name\":\"Boutique\",\"item\":\"https:\\\/\\\/cosmeticstoredz.com\\\/boutique\\\/\"},{\"@type\":\"ListItem\",\"position\":3,\"name\":\"NIVEA CREME CHERRY BLOSSEM\"}]},{\"@type\":\"WebSite\",\"@id\":\"https:\\\/\\\/cosmeticstoredz.com\\\/#website\",\"url\":\"https:\\\/\\\/cosmeticstoredz.com\\\/\",\"name\":\"Cosmetic Store\",\"description\":\"\",\"publisher\":{\"@id\":\"https:\\\/\\\/cosmeticstoredz.com\\\/#organization\"},\"potentialAction\":[{\"@type\":\"SearchAction\",\"target\":{\"@type\":\"EntryPoint\",\"urlTemplate\":\"https:\\\/\\\/cosmeticstoredz.com\\\/?s={search_term_string}\"},\"query-input\":{\"@type\":\"PropertyValueSpecification\",\"valueRequired\":true,\"valueName\":\"search_term_string\"}}],\"inLanguage\":\"ar\"},{\"@type\":\"Organization\",\"@id\":\"https:\\\/\\\/cosmeticstoredz.com\\\/#organization\",\"name\":\"Cosmetic Store\",\"url\":\"https:\\\/\\\/cosmeticstoredz.com\\\/\",\"logo\":{\"@type\":\"ImageObject\",\"inLanguage\":\"ar\",\"@id\":\"https:\\\/\\\/cosmeticstoredz.com\\\/#\\\/schema\\\/logo\\\/image\\\/\",\"url\":\"https:\\\/\\\/cosmeticstoredz.com\\\/wp-content\\\/uploads\\\/2026\\\/02\\\/cropped-LOGO_CS-512x512-1-1-e1771275285345.webp\",\"contentUrl\":\"https:\\\/\\\/cosmeticstoredz.com\\\/wp-content\\\/uploads\\\/2026\\\/02\\\/cropped-LOGO_CS-512x512-1-1-e1771275285345.webp\",\"width\":265,\"height\":319,\"caption\":\"Cosmetic Store\"},\"image\":{\"@id\":\"https:\\\/\\\/cosmeticstoredz.com\\\/#\\\/schema\\\/logo\\\/image\\\/\"},\"sameAs\":[\"https:\\\/\\\/www.facebook.com\\\/profile.php?id=61564954260683\",\"https:\\\/\\\/www.instagram.com\\\/cosmetic.storedz\\\/\"]}]}<\/script>\n<!-- \/ Yoast SEO plugin. -->","yoast_head_json":{"title":"NIVEA CREME CHERRY BLOSSEM - Cosmetic Store","robots":{"index":"index","follow":"follow","max-snippet":"max-snippet:-1","max-image-preview":"max-image-preview:large","max-video-preview":"max-video-preview:-1"},"canonical":"https:\/\/cosmeticstoredz.com\/ar\/product\/nivea-creme-cherry-blossem\/","og_locale":"ar_AR","og_type":"article","og_title":"NIVEA CREME CHERRY BLOSSEM - Cosmetic Store","og_description":"Nivea Cr\u00e8me pour le corps Souffle Cherry Blossom &amp; huile de jojoba hydratante \u2013 Profitez de la peau lisse et velout\u00e9e tous les jours","og_url":"https:\/\/cosmeticstoredz.com\/ar\/product\/nivea-creme-cherry-blossem\/","og_site_name":"Cosmetic Store","article_publisher":"https:\/\/www.facebook.com\/profile.php?id=61564954260683","article_modified_time":"2026-04-18T19:20:29+00:00","og_image":[{"width":1563,"height":1563,"url":"https:\/\/cosmeticstoredz.com\/wp-content\/uploads\/2026\/02\/Ajouter-un-titre-2024-08-04T114454.298.png","type":"image\/png"}],"twitter_card":"summary_large_image","twitter_misc":{"\u0648\u0642\u062a \u0627\u0644\u0642\u0631\u0627\u0621\u0629 \u0627\u0644\u0645\u064f\u0642\u062f\u0651\u0631":"\u062f\u0642\u064a\u0642\u0629 \u0648\u0627\u062d\u062f\u0629"},"schema":{"@context":"https:\/\/schema.org","@graph":[{"@type":"WebPage","@id":"https:\/\/cosmeticstoredz.com\/produit\/nivea-creme-cherry-blossem\/","url":"https:\/\/cosmeticstoredz.com\/produit\/nivea-creme-cherry-blossem\/","name":"NIVEA CREME CHERRY BLOSSEM - Cosmetic Store","isPartOf":{"@id":"https:\/\/cosmeticstoredz.com\/#website"},"primaryImageOfPage":{"@id":"https:\/\/cosmeticstoredz.com\/produit\/nivea-creme-cherry-blossem\/#primaryimage"},"image":{"@id":"https:\/\/cosmeticstoredz.com\/produit\/nivea-creme-cherry-blossem\/#primaryimage"},"thumbnailUrl":"https:\/\/cosmeticstoredz.com\/wp-content\/uploads\/2026\/02\/Ajouter-un-titre-2024-08-04T114454.298.png","datePublished":"2026-02-16T08:58:57+00:00","dateModified":"2026-04-18T19:20:29+00:00","breadcrumb":{"@id":"https:\/\/cosmeticstoredz.com\/produit\/nivea-creme-cherry-blossem\/#breadcrumb"},"inLanguage":"ar","potentialAction":[{"@type":"ReadAction","target":["https:\/\/cosmeticstoredz.com\/produit\/nivea-creme-cherry-blossem\/"]}]},{"@type":"ImageObject","inLanguage":"ar","@id":"https:\/\/cosmeticstoredz.com\/produit\/nivea-creme-cherry-blossem\/#primaryimage","url":"https:\/\/cosmeticstoredz.com\/wp-content\/uploads\/2026\/02\/Ajouter-un-titre-2024-08-04T114454.298.png","contentUrl":"https:\/\/cosmeticstoredz.com\/wp-content\/uploads\/2026\/02\/Ajouter-un-titre-2024-08-04T114454.298.png","width":1563,"height":1563},{"@type":"BreadcrumbList","@id":"https:\/\/cosmeticstoredz.com\/produit\/nivea-creme-cherry-blossem\/#breadcrumb","itemListElement":[{"@type":"ListItem","position":1,"name":"Accueil","item":"https:\/\/cosmeticstoredz.com\/"},{"@type":"ListItem","position":2,"name":"Boutique","item":"https:\/\/cosmeticstoredz.com\/boutique\/"},{"@type":"ListItem","position":3,"name":"NIVEA CREME CHERRY BLOSSEM"}]},{"@type":"WebSite","@id":"https:\/\/cosmeticstoredz.com\/#website","url":"https:\/\/cosmeticstoredz.com\/","name":"Cosmetic Store","description":"","publisher":{"@id":"https:\/\/cosmeticstoredz.com\/#organization"},"potentialAction":[{"@type":"SearchAction","target":{"@type":"EntryPoint","urlTemplate":"https:\/\/cosmeticstoredz.com\/?s={search_term_string}"},"query-input":{"@type":"PropertyValueSpecification","valueRequired":true,"valueName":"search_term_string"}}],"inLanguage":"ar"},{"@type":"Organization","@id":"https:\/\/cosmeticstoredz.com\/#organization","name":"Cosmetic Store","url":"https:\/\/cosmeticstoredz.com\/","logo":{"@type":"ImageObject","inLanguage":"ar","@id":"https:\/\/cosmeticstoredz.com\/#\/schema\/logo\/image\/","url":"https:\/\/cosmeticstoredz.com\/wp-content\/uploads\/2026\/02\/cropped-LOGO_CS-512x512-1-1-e1771275285345.webp","contentUrl":"https:\/\/cosmeticstoredz.com\/wp-content\/uploads\/2026\/02\/cropped-LOGO_CS-512x512-1-1-e1771275285345.webp","width":265,"height":319,"caption":"Cosmetic Store"},"image":{"@id":"https:\/\/cosmeticstoredz.com\/#\/schema\/logo\/image\/"},"sameAs":["https:\/\/www.facebook.com\/profile.php?id=61564954260683","https:\/\/www.instagram.com\/cosmetic.storedz\/"]}]}},"_links":{"self":[{"href":"https:\/\/cosmeticstoredz.com\/ar\/wp-json\/wp\/v2\/product\/2720","targetHints":{"allow":["GET"]}}],"collection":[{"href":"https:\/\/cosmeticstoredz.com\/ar\/wp-json\/wp\/v2\/product"}],"about":[{"href":"https:\/\/cosmeticstoredz.com\/ar\/wp-json\/wp\/v2\/types\/product"}],"replies":[{"embeddable":true,"href":"https:\/\/cosmeticstoredz.com\/ar\/wp-json\/wp\/v2\/comments?post=2720"}],"version-history":[{"count":1,"href":"https:\/\/cosmeticstoredz.com\/ar\/wp-json\/wp\/v2\/product\/2720\/revisions"}],"predecessor-version":[{"id":2779,"href":"https:\/\/cosmeticstoredz.com\/ar\/wp-json\/wp\/v2\/product\/2720\/revisions\/2779"}],"wp:featuredmedia":[{"embeddable":true,"href":"https:\/\/cosmeticstoredz.com\/ar\/wp-json\/wp\/v2\/media\/2778"}],"wp:attachment":[{"href":"https:\/\/cosmeticstoredz.com\/ar\/wp-json\/wp\/v2\/media?parent=2720"}],"wp:term":[{"taxonomy":"product_brand","embeddable":true,"href":"https:\/\/cosmeticstoredz.com\/ar\/wp-json\/wp\/v2\/product_brand?post=2720"},{"taxonomy":"product_cat","embeddable":true,"href":"https:\/\/cosmeticstoredz.com\/ar\/wp-json\/wp\/v2\/product_cat?post=2720"},{"taxonomy":"product_tag","embeddable":true,"href":"https:\/\/cosmeticstoredz.com\/ar\/wp-json\/wp\/v2\/product_tag?post=2720"}],"curies":[{"name":"wp","href":"https:\/\/api.w.org\/{rel}","templated":true}]}}