{"id":2680,"date":"2026-02-16T08:58:36","date_gmt":"2026-02-16T08:58:36","guid":{"rendered":"https:\/\/test.fitnessworldgym27.com\/?post_type=product&#038;p=2680"},"modified":"2026-03-30T19:25:32","modified_gmt":"2026-03-30T19:25:32","slug":"nivea-bb-creme-5en-1-hydratant-24h","status":"publish","type":"product","link":"https:\/\/cosmeticstoredz.com\/ar\/product\/nivea-bb-creme-5en-1-hydratant-24h\/","title":{"rendered":"NIVEA BB CREME 5EN 1 HYDRATANT 24H"},"content":{"rendered":"<p class=\"product-description__title\"><strong>Description<\/strong><\/p>\n<div class=\"product-description__content\">\n<div class=\"product-description__content-wrapper\">\n<div>Depuis plus de 100 ans, nous d\u00e9veloppons des produits pour le bien-\u00eatre de votre peau qui agissent en harmonie avec elle. Avec sa formule enrichie en huile de jojoba, le soin de jour NIVEA BB Hydratation + Eclat hydrate la peau, unifie le teint, estompe les imperfections, signes de fatigue, taches et rougeurs. Son indice FPS15 aide \u00e0 prot\u00e9ger la peau du vieillissement pr\u00e9matur\u00e9 li\u00e9 au soleil.<\/div>\n<div>Hydrate la peau Unifie le teint Estompe les imperfections, signes de fatigue, taches et rougeurs, Aide \u00e0 prot\u00e9ger la peau du vieillissement pr\u00e9matur\u00e9 li\u00e9 au soleil gr\u00e2ce \u00e0 son indice FPS15.<\/div>\n<div>\n<h5 class=\"product-description__feature-title\">Ingr\u00e9dients<\/h5>\n<div class=\"product-description__feature-values\"><span class=\"product-description__feature-value\">Aqua, glycerin, methylpropanediol, octocrylene, talc, cetearyl alcohol, cocoglycerides, isopropyl stearate, butyrospermum parkii butter, hydrogenated coco-glycerides, palmitic acid, stearic acid, glyceryl stearate, triisostearin, magnolia officinalis bark extract, panthenol, simmondsia chinensis seed oil, tocopheryl acetate, pantolactone, myristic acid, oleic acid, arachidic acid, dimethicone, ethylhexylglycerin, xanthan gum, carbomer, butyl methoxidibenzoylmethane, bis-ethylhexyloxyphenol methoxyphenyl triazine, trisodium EDTA, citric acid, sodium hydroxide, phenoxyethanol, linalool, limonene, benzyl alcohol, citronellol, geraniol, alpha-isomethyl ionone, parfum, Cl 77492, Cl 77491, Cl 77499, Cl 77891.<\/span><\/div>\n<\/div>\n<\/div>\n<\/div>","protected":false},"excerpt":{"rendered":"<p>Avec sa formule enrichie en huile de jojoba, le soin de jour NIVEA BB Hydratation + Eclat hydrate la peau, unifie le teint, estompe les imperfections, signes de fatigue, taches et rougeurs. Son indice FPS15 aide \u00e0 prot\u00e9ger la peau du vieillissement pr\u00e9matur\u00e9 li\u00e9 au soleil.<\/p>","protected":false},"featured_media":2742,"comment_status":"open","ping_status":"closed","template":"","meta":[],"product_brand":[],"product_cat":[171,157,129,75,81,76],"product_tag":[175],"class_list":{"0":"post-2680","1":"product","2":"type-product","3":"status-publish","4":"has-post-thumbnail","6":"product_cat-creme-anti-age","7":"product_cat-creme-anti-tache","8":"product_cat-creme-hydratante-fv","9":"product_cat-femme","10":"product_cat-soin-corps-f","11":"product_cat-soin-visage-f","12":"product_tag-made-in-allemagne","14":"first","15":"outofstock","16":"shipping-taxable","17":"purchasable","18":"product-type-simple"},"_links":{"self":[{"href":"https:\/\/cosmeticstoredz.com\/ar\/wp-json\/wp\/v2\/product\/2680","targetHints":{"allow":["GET"]}}],"collection":[{"href":"https:\/\/cosmeticstoredz.com\/ar\/wp-json\/wp\/v2\/product"}],"about":[{"href":"https:\/\/cosmeticstoredz.com\/ar\/wp-json\/wp\/v2\/types\/product"}],"replies":[{"embeddable":true,"href":"https:\/\/cosmeticstoredz.com\/ar\/wp-json\/wp\/v2\/comments?post=2680"}],"version-history":[{"count":1,"href":"https:\/\/cosmeticstoredz.com\/ar\/wp-json\/wp\/v2\/product\/2680\/revisions"}],"predecessor-version":[{"id":2743,"href":"https:\/\/cosmeticstoredz.com\/ar\/wp-json\/wp\/v2\/product\/2680\/revisions\/2743"}],"wp:featuredmedia":[{"embeddable":true,"href":"https:\/\/cosmeticstoredz.com\/ar\/wp-json\/wp\/v2\/media\/2742"}],"wp:attachment":[{"href":"https:\/\/cosmeticstoredz.com\/ar\/wp-json\/wp\/v2\/media?parent=2680"}],"wp:term":[{"taxonomy":"product_brand","embeddable":true,"href":"https:\/\/cosmeticstoredz.com\/ar\/wp-json\/wp\/v2\/product_brand?post=2680"},{"taxonomy":"product_cat","embeddable":true,"href":"https:\/\/cosmeticstoredz.com\/ar\/wp-json\/wp\/v2\/product_cat?post=2680"},{"taxonomy":"product_tag","embeddable":true,"href":"https:\/\/cosmeticstoredz.com\/ar\/wp-json\/wp\/v2\/product_tag?post=2680"}],"curies":[{"name":"wp","href":"https:\/\/api.w.org\/{rel}","templated":true}]}}