{"id":2656,"date":"2026-02-16T08:58:15","date_gmt":"2026-02-16T08:58:15","guid":{"rendered":"https:\/\/test.fitnessworldgym27.com\/?post_type=product&#038;p=2656"},"modified":"2026-04-18T19:20:28","modified_gmt":"2026-04-18T19:20:28","slug":"nivea-baby-lotion","status":"publish","type":"product","link":"https:\/\/cosmeticstoredz.com\/ar\/product\/nivea-baby-lotion\/","title":{"rendered":"NIVEA BABY LOTION"},"content":{"rendered":"<p><strong>Description :\u00a0<\/strong><\/p>\n<ul class=\"nx-benefits-list__block\">\n<li class=\"nx-benefits-list__item\">\u00a0Avec Aloe Vera qui hydrate et prot\u00e8ge la peau de b\u00e9b\u00e9, la rendant douce et saine<\/li>\n<li class=\"nx-benefits-list__item\">\u00a0Absorbe rapidement pour \u00e9quilibrer imm\u00e9diatement la perte d\u2019humidit\u00e9<\/li>\n<li class=\"nx-benefits-list__item\">\u00a0Hypoallerg\u00e9nique et avec des ingr\u00e9dients particuli\u00e8rement doux pour la peau pour r\u00e9duire le risque d\u2019allergies<\/li>\n<li class=\"nx-benefits-list__item\">\u00a0Compatibilit\u00e9 cutan\u00e9e approuv\u00e9e cliniquement et dermatologiquement<\/li>\n<li class=\"nx-benefits-list__item\">\u00a00% parabens, alcool et colorants<\/li>\n<\/ul>\n<p><strong>Principaux ingr\u00e9dients :<\/strong><\/p>\n<section class=\"nx-ingredients-section nx-u-section nx-u-section--mob-separator nx-expand-section--hide-on-desktop nx-u-motion--animate nx-u-motion--applied nx-expand-section\" data-anchor-text=\"List of ingredients\" data-anchor-id=\"list-of-ingredients\" data-module=\"ExpandableSection\" data-module-initialized=\"true\">\n<div class=\"nx-u-container nx-expand-section__container nx-expand-section__container--with-fade\">\n<div class=\"nx-ingredients\" data-tooltip-mobile=\"\">\n<p class=\"nx-ingredients__section nx-ingredients--breaks-always\" data-options=\"{&quot;ctaLabel&quot;:&quot;Read more&quot;, &quot;glossaryLink&quot;:&quot;\/about-us\/sustainability\/ingredients-glossary-1&quot;, &quot;glossaryLabel&quot;:&quot;Ingredients glossary&quot;}\" data-module=\"Ingredient\" data-module-initialized=\"true\">Aqua, Paraffinum Liquidum, Glyc\u00e9rine, Alcool c\u00e9tylique, Glyceryl Stearate, Polyglyceryl-3 Distearate, Phenoxyethanol, Parfum, Sodium Carbomer, Caprylyl Glycol, Piroctone Olamine, Aloe Barbadensis Leaf Juice Powder, Tilia Cordata Flower Extract<\/p>\n<\/div>\n<\/div>\n<\/section>","protected":false},"excerpt":{"rendered":"<p>NIVEA Baby Body Care Lotion est une lotion pour b\u00e9b\u00e9 destin\u00e9e aux soins de la peau du corps.\u00a0NIVEA Baby Lotion dorlote la peau des b\u00e9b\u00e9s avec un soin particulier qui assure la s\u00e9curit\u00e9.\u00a0La lotion pour b\u00e9b\u00e9 \u00e0 l&rsquo;aloe vera et aux ingr\u00e9dients naturels s&rsquo;\u00e9tale en douceur sur la peau d\u00e9licate du b\u00e9b\u00e9, est rapidement absorb\u00e9e, l&rsquo;hydrate intens\u00e9ment et la prot\u00e8ge du dess\u00e8chement.<\/p>","protected":false},"featured_media":2740,"comment_status":"open","ping_status":"closed","template":"","meta":[],"product_brand":[],"product_cat":[97],"product_tag":[175],"class_list":{"0":"post-2656","1":"product","2":"type-product","3":"status-publish","4":"has-post-thumbnail","6":"product_cat-bebe","7":"product_tag-made-in-allemagne","9":"first","10":"outofstock","11":"shipping-taxable","12":"purchasable","13":"product-type-simple"},"yoast_head":"<!-- This site is optimized with the Yoast SEO plugin v27.3 - https:\/\/yoast.com\/product\/yoast-seo-wordpress\/ -->\n<title>NIVEA BABY LOTION - Cosmetic Store<\/title>\n<meta name=\"robots\" content=\"index, follow, max-snippet:-1, max-image-preview:large, max-video-preview:-1\" \/>\n<link rel=\"canonical\" href=\"https:\/\/cosmeticstoredz.com\/ar\/product\/nivea-baby-lotion\/\" \/>\n<meta property=\"og:locale\" content=\"ar_AR\" \/>\n<meta property=\"og:type\" content=\"article\" \/>\n<meta property=\"og:title\" content=\"NIVEA BABY LOTION - Cosmetic Store\" \/>\n<meta property=\"og:description\" content=\"NIVEA Baby Body Care Lotion est une lotion pour b\u00e9b\u00e9 destin\u00e9e aux soins de la peau du corps.\u00a0NIVEA Baby Lotion dorlote la peau des b\u00e9b\u00e9s avec un soin particulier qui assure la s\u00e9curit\u00e9.\u00a0La lotion pour b\u00e9b\u00e9 \u00e0 l&#039;aloe vera et aux ingr\u00e9dients naturels s&#039;\u00e9tale en douceur sur la peau d\u00e9licate du b\u00e9b\u00e9, est rapidement absorb\u00e9e, l&#039;hydrate intens\u00e9ment et la prot\u00e8ge du dess\u00e8chement.\" \/>\n<meta property=\"og:url\" content=\"https:\/\/cosmeticstoredz.com\/ar\/product\/nivea-baby-lotion\/\" \/>\n<meta property=\"og:site_name\" content=\"Cosmetic Store\" \/>\n<meta property=\"article:publisher\" content=\"https:\/\/www.facebook.com\/profile.php?id=61564954260683\" \/>\n<meta property=\"article:modified_time\" content=\"2026-04-18T19:20:28+00:00\" \/>\n<meta property=\"og:image\" content=\"https:\/\/cosmeticstoredz.com\/wp-content\/uploads\/2026\/02\/Ajouter-un-titre-2024-08-04T164511.047.png\" \/>\n\t<meta property=\"og:image:width\" content=\"1563\" \/>\n\t<meta property=\"og:image:height\" content=\"1563\" \/>\n\t<meta property=\"og:image:type\" content=\"image\/png\" \/>\n<meta name=\"twitter:card\" content=\"summary_large_image\" \/>\n<script type=\"application\/ld+json\" class=\"yoast-schema-graph\">{\"@context\":\"https:\\\/\\\/schema.org\",\"@graph\":[{\"@type\":\"WebPage\",\"@id\":\"https:\\\/\\\/cosmeticstoredz.com\\\/produit\\\/nivea-baby-lotion\\\/\",\"url\":\"https:\\\/\\\/cosmeticstoredz.com\\\/produit\\\/nivea-baby-lotion\\\/\",\"name\":\"NIVEA BABY LOTION - Cosmetic Store\",\"isPartOf\":{\"@id\":\"https:\\\/\\\/cosmeticstoredz.com\\\/#website\"},\"primaryImageOfPage\":{\"@id\":\"https:\\\/\\\/cosmeticstoredz.com\\\/produit\\\/nivea-baby-lotion\\\/#primaryimage\"},\"image\":{\"@id\":\"https:\\\/\\\/cosmeticstoredz.com\\\/produit\\\/nivea-baby-lotion\\\/#primaryimage\"},\"thumbnailUrl\":\"https:\\\/\\\/cosmeticstoredz.com\\\/wp-content\\\/uploads\\\/2026\\\/02\\\/Ajouter-un-titre-2024-08-04T164511.047.png\",\"datePublished\":\"2026-02-16T08:58:15+00:00\",\"dateModified\":\"2026-04-18T19:20:28+00:00\",\"breadcrumb\":{\"@id\":\"https:\\\/\\\/cosmeticstoredz.com\\\/produit\\\/nivea-baby-lotion\\\/#breadcrumb\"},\"inLanguage\":\"ar\",\"potentialAction\":[{\"@type\":\"ReadAction\",\"target\":[\"https:\\\/\\\/cosmeticstoredz.com\\\/produit\\\/nivea-baby-lotion\\\/\"]}]},{\"@type\":\"ImageObject\",\"inLanguage\":\"ar\",\"@id\":\"https:\\\/\\\/cosmeticstoredz.com\\\/produit\\\/nivea-baby-lotion\\\/#primaryimage\",\"url\":\"https:\\\/\\\/cosmeticstoredz.com\\\/wp-content\\\/uploads\\\/2026\\\/02\\\/Ajouter-un-titre-2024-08-04T164511.047.png\",\"contentUrl\":\"https:\\\/\\\/cosmeticstoredz.com\\\/wp-content\\\/uploads\\\/2026\\\/02\\\/Ajouter-un-titre-2024-08-04T164511.047.png\",\"width\":1563,\"height\":1563},{\"@type\":\"BreadcrumbList\",\"@id\":\"https:\\\/\\\/cosmeticstoredz.com\\\/produit\\\/nivea-baby-lotion\\\/#breadcrumb\",\"itemListElement\":[{\"@type\":\"ListItem\",\"position\":1,\"name\":\"Accueil\",\"item\":\"https:\\\/\\\/cosmeticstoredz.com\\\/\"},{\"@type\":\"ListItem\",\"position\":2,\"name\":\"Boutique\",\"item\":\"https:\\\/\\\/cosmeticstoredz.com\\\/boutique\\\/\"},{\"@type\":\"ListItem\",\"position\":3,\"name\":\"NIVEA BABY LOTION\"}]},{\"@type\":\"WebSite\",\"@id\":\"https:\\\/\\\/cosmeticstoredz.com\\\/#website\",\"url\":\"https:\\\/\\\/cosmeticstoredz.com\\\/\",\"name\":\"Cosmetic Store\",\"description\":\"\",\"publisher\":{\"@id\":\"https:\\\/\\\/cosmeticstoredz.com\\\/#organization\"},\"potentialAction\":[{\"@type\":\"SearchAction\",\"target\":{\"@type\":\"EntryPoint\",\"urlTemplate\":\"https:\\\/\\\/cosmeticstoredz.com\\\/?s={search_term_string}\"},\"query-input\":{\"@type\":\"PropertyValueSpecification\",\"valueRequired\":true,\"valueName\":\"search_term_string\"}}],\"inLanguage\":\"ar\"},{\"@type\":\"Organization\",\"@id\":\"https:\\\/\\\/cosmeticstoredz.com\\\/#organization\",\"name\":\"Cosmetic Store\",\"url\":\"https:\\\/\\\/cosmeticstoredz.com\\\/\",\"logo\":{\"@type\":\"ImageObject\",\"inLanguage\":\"ar\",\"@id\":\"https:\\\/\\\/cosmeticstoredz.com\\\/#\\\/schema\\\/logo\\\/image\\\/\",\"url\":\"https:\\\/\\\/cosmeticstoredz.com\\\/wp-content\\\/uploads\\\/2026\\\/02\\\/cropped-LOGO_CS-512x512-1-1-e1771275285345.webp\",\"contentUrl\":\"https:\\\/\\\/cosmeticstoredz.com\\\/wp-content\\\/uploads\\\/2026\\\/02\\\/cropped-LOGO_CS-512x512-1-1-e1771275285345.webp\",\"width\":265,\"height\":319,\"caption\":\"Cosmetic Store\"},\"image\":{\"@id\":\"https:\\\/\\\/cosmeticstoredz.com\\\/#\\\/schema\\\/logo\\\/image\\\/\"},\"sameAs\":[\"https:\\\/\\\/www.facebook.com\\\/profile.php?id=61564954260683\",\"https:\\\/\\\/www.instagram.com\\\/cosmetic.storedz\\\/\"]}]}<\/script>\n<!-- \/ Yoast SEO plugin. -->","yoast_head_json":{"title":"NIVEA BABY LOTION - Cosmetic Store","robots":{"index":"index","follow":"follow","max-snippet":"max-snippet:-1","max-image-preview":"max-image-preview:large","max-video-preview":"max-video-preview:-1"},"canonical":"https:\/\/cosmeticstoredz.com\/ar\/product\/nivea-baby-lotion\/","og_locale":"ar_AR","og_type":"article","og_title":"NIVEA BABY LOTION - Cosmetic Store","og_description":"NIVEA Baby Body Care Lotion est une lotion pour b\u00e9b\u00e9 destin\u00e9e aux soins de la peau du corps.\u00a0NIVEA Baby Lotion dorlote la peau des b\u00e9b\u00e9s avec un soin particulier qui assure la s\u00e9curit\u00e9.\u00a0La lotion pour b\u00e9b\u00e9 \u00e0 l'aloe vera et aux ingr\u00e9dients naturels s'\u00e9tale en douceur sur la peau d\u00e9licate du b\u00e9b\u00e9, est rapidement absorb\u00e9e, l'hydrate intens\u00e9ment et la prot\u00e8ge du dess\u00e8chement.","og_url":"https:\/\/cosmeticstoredz.com\/ar\/product\/nivea-baby-lotion\/","og_site_name":"Cosmetic Store","article_publisher":"https:\/\/www.facebook.com\/profile.php?id=61564954260683","article_modified_time":"2026-04-18T19:20:28+00:00","og_image":[{"width":1563,"height":1563,"url":"https:\/\/cosmeticstoredz.com\/wp-content\/uploads\/2026\/02\/Ajouter-un-titre-2024-08-04T164511.047.png","type":"image\/png"}],"twitter_card":"summary_large_image","schema":{"@context":"https:\/\/schema.org","@graph":[{"@type":"WebPage","@id":"https:\/\/cosmeticstoredz.com\/produit\/nivea-baby-lotion\/","url":"https:\/\/cosmeticstoredz.com\/produit\/nivea-baby-lotion\/","name":"NIVEA BABY LOTION - Cosmetic Store","isPartOf":{"@id":"https:\/\/cosmeticstoredz.com\/#website"},"primaryImageOfPage":{"@id":"https:\/\/cosmeticstoredz.com\/produit\/nivea-baby-lotion\/#primaryimage"},"image":{"@id":"https:\/\/cosmeticstoredz.com\/produit\/nivea-baby-lotion\/#primaryimage"},"thumbnailUrl":"https:\/\/cosmeticstoredz.com\/wp-content\/uploads\/2026\/02\/Ajouter-un-titre-2024-08-04T164511.047.png","datePublished":"2026-02-16T08:58:15+00:00","dateModified":"2026-04-18T19:20:28+00:00","breadcrumb":{"@id":"https:\/\/cosmeticstoredz.com\/produit\/nivea-baby-lotion\/#breadcrumb"},"inLanguage":"ar","potentialAction":[{"@type":"ReadAction","target":["https:\/\/cosmeticstoredz.com\/produit\/nivea-baby-lotion\/"]}]},{"@type":"ImageObject","inLanguage":"ar","@id":"https:\/\/cosmeticstoredz.com\/produit\/nivea-baby-lotion\/#primaryimage","url":"https:\/\/cosmeticstoredz.com\/wp-content\/uploads\/2026\/02\/Ajouter-un-titre-2024-08-04T164511.047.png","contentUrl":"https:\/\/cosmeticstoredz.com\/wp-content\/uploads\/2026\/02\/Ajouter-un-titre-2024-08-04T164511.047.png","width":1563,"height":1563},{"@type":"BreadcrumbList","@id":"https:\/\/cosmeticstoredz.com\/produit\/nivea-baby-lotion\/#breadcrumb","itemListElement":[{"@type":"ListItem","position":1,"name":"Accueil","item":"https:\/\/cosmeticstoredz.com\/"},{"@type":"ListItem","position":2,"name":"Boutique","item":"https:\/\/cosmeticstoredz.com\/boutique\/"},{"@type":"ListItem","position":3,"name":"NIVEA BABY LOTION"}]},{"@type":"WebSite","@id":"https:\/\/cosmeticstoredz.com\/#website","url":"https:\/\/cosmeticstoredz.com\/","name":"Cosmetic Store","description":"","publisher":{"@id":"https:\/\/cosmeticstoredz.com\/#organization"},"potentialAction":[{"@type":"SearchAction","target":{"@type":"EntryPoint","urlTemplate":"https:\/\/cosmeticstoredz.com\/?s={search_term_string}"},"query-input":{"@type":"PropertyValueSpecification","valueRequired":true,"valueName":"search_term_string"}}],"inLanguage":"ar"},{"@type":"Organization","@id":"https:\/\/cosmeticstoredz.com\/#organization","name":"Cosmetic Store","url":"https:\/\/cosmeticstoredz.com\/","logo":{"@type":"ImageObject","inLanguage":"ar","@id":"https:\/\/cosmeticstoredz.com\/#\/schema\/logo\/image\/","url":"https:\/\/cosmeticstoredz.com\/wp-content\/uploads\/2026\/02\/cropped-LOGO_CS-512x512-1-1-e1771275285345.webp","contentUrl":"https:\/\/cosmeticstoredz.com\/wp-content\/uploads\/2026\/02\/cropped-LOGO_CS-512x512-1-1-e1771275285345.webp","width":265,"height":319,"caption":"Cosmetic Store"},"image":{"@id":"https:\/\/cosmeticstoredz.com\/#\/schema\/logo\/image\/"},"sameAs":["https:\/\/www.facebook.com\/profile.php?id=61564954260683","https:\/\/www.instagram.com\/cosmetic.storedz\/"]}]}},"_links":{"self":[{"href":"https:\/\/cosmeticstoredz.com\/ar\/wp-json\/wp\/v2\/product\/2656","targetHints":{"allow":["GET"]}}],"collection":[{"href":"https:\/\/cosmeticstoredz.com\/ar\/wp-json\/wp\/v2\/product"}],"about":[{"href":"https:\/\/cosmeticstoredz.com\/ar\/wp-json\/wp\/v2\/types\/product"}],"replies":[{"embeddable":true,"href":"https:\/\/cosmeticstoredz.com\/ar\/wp-json\/wp\/v2\/comments?post=2656"}],"version-history":[{"count":1,"href":"https:\/\/cosmeticstoredz.com\/ar\/wp-json\/wp\/v2\/product\/2656\/revisions"}],"predecessor-version":[{"id":2741,"href":"https:\/\/cosmeticstoredz.com\/ar\/wp-json\/wp\/v2\/product\/2656\/revisions\/2741"}],"wp:featuredmedia":[{"embeddable":true,"href":"https:\/\/cosmeticstoredz.com\/ar\/wp-json\/wp\/v2\/media\/2740"}],"wp:attachment":[{"href":"https:\/\/cosmeticstoredz.com\/ar\/wp-json\/wp\/v2\/media?parent=2656"}],"wp:term":[{"taxonomy":"product_brand","embeddable":true,"href":"https:\/\/cosmeticstoredz.com\/ar\/wp-json\/wp\/v2\/product_brand?post=2656"},{"taxonomy":"product_cat","embeddable":true,"href":"https:\/\/cosmeticstoredz.com\/ar\/wp-json\/wp\/v2\/product_cat?post=2656"},{"taxonomy":"product_tag","embeddable":true,"href":"https:\/\/cosmeticstoredz.com\/ar\/wp-json\/wp\/v2\/product_tag?post=2656"}],"curies":[{"name":"wp","href":"https:\/\/api.w.org\/{rel}","templated":true}]}}