{"id":2649,"date":"2026-02-16T08:58:15","date_gmt":"2026-02-16T08:58:15","guid":{"rendered":"https:\/\/test.fitnessworldgym27.com\/?post_type=product&#038;p=2649"},"modified":"2026-04-18T19:23:50","modified_gmt":"2026-04-18T19:23:50","slug":"neutrogena-hydro-boost-creme","status":"publish","type":"product","link":"https:\/\/cosmeticstoredz.com\/ar\/product\/neutrogena-hydro-boost-creme\/","title":{"rendered":"NEUTROGENA HYDRO BOOST CREME"},"content":{"rendered":"<p><strong>Description<\/strong><\/p>\n<p>La texture rafra\u00eechissante de l&rsquo;Aqua-Gel Hydro Boost\u00ae est dot\u00e9e d&rsquo;une technologie innovante, le Gel Hyaluronique Complexe, pour : 1. Retenir l&rsquo;hydratation dans l&rsquo;\u00e9piderme, gr\u00e2ce \u00e0 l&rsquo;acide hyaluronique capable de retenir jusqu&rsquo;\u00e0 1000 fois son poids en eau. 2. Diffuser l&rsquo;hydratation en continu tout au long de la journ\u00e9e, autant que la peau en a besoin, d\u00e8s qu&rsquo;elle en a besoin.<\/p>\n<p>R\u00e9sultats :<\/p>\n<ul>\n<li>Cliniquement prouv\u00e9 : la peau reste hydrat\u00e9e pendant 24h*<\/li>\n<li>Apr\u00e8s 1 semaine, 86% des femmes trouvent leur peau souple**<\/li>\n<li>Apr\u00e8s 4 semaines, 91 % des femmes trouvent leur peau douce*** Formule l\u00e9g\u00e8re. Non gras. Non com\u00e9dog\u00e8ne.<\/li>\n<\/ul>\n<p>L&rsquo;hydratation est la source d&rsquo;une peau \u00e9clatante de sant\u00e9. Quand la peau est d\u00e9shydrat\u00e9e, elle perd de son \u00e9clat de sa fra\u00eecheur. La barri\u00e8re cutan\u00e9e est alt\u00e9r\u00e9e, le teint devient terne et des irr\u00e9gularit\u00e9s peuvent appara\u00eetre. Pour retrouver une peau souple, lisse, \u00e9clatante de sant\u00e9 et hydrat\u00e9e en continu, r\u00e9g\u00e9n\u00e9rez-la en stimulant son hydratation. Pour un rituel de beaut\u00e9 hydratant complet, d\u00e9couvrez \u00e9galement la gamme de d\u00e9maquillants &amp; nettoyants Hydro Boost\u00ae.<\/p>\n<div class=\"product-content__title\">\n<p class=\"c-text c-text--size-m c-text--style-p c-text--bold\" data-v-66cc25a1=\"\"><strong>Ingr\u00e9dients et allerg\u00e8nes<\/strong><\/p>\n<\/div>\n<p class=\"c-text c-text--size-m c-text--style-p\" data-v-66cc25a1=\"\">PR-016935,aqua,dimethicone,glycerin,dimethicone\/vinyl dimethicone crosspolymer,sodium hyaluronate,ethylhexylglycerin,dimethiconol,cetearyl olivate,sorbitan olivate,laureth-7,C12-14 pareth-12,polyacrylamide,dimethicone crosspolymer,carbomer,C13-14 isoparaffin,sodium hydroxide,phenoxyethanol,chlorphenesin,methylparaben,benzoic acid,parfum,CI 42090<\/p>","protected":false},"excerpt":{"rendered":"<p>La texture rafra\u00eechissante de l&rsquo;Aqua-Gel Hydro Boost\u00ae est dot\u00e9e d&rsquo;une technologie innovante, le Gel Hyaluronique Complexe, pour :<\/p>\n<ol>\n<li>Retenir l&rsquo;hydratation dans l&rsquo;\u00e9piderme, gr\u00e2ce \u00e0 l&rsquo;acide hyaluronique capable de retenir jusqu&rsquo;\u00e0 1000 fois son poids en eau.<\/li>\n<li>Diffuser l&rsquo;hydratation en continu tout au long de la journ\u00e9e, autant que la peau en a besoin, d\u00e8s qu&rsquo;elle en a besoin.<\/li>\n<\/ol>","protected":false},"featured_media":2712,"comment_status":"open","ping_status":"closed","template":"","meta":[],"product_brand":[],"product_cat":[129,75,241,76],"product_tag":[125],"class_list":{"0":"post-2649","1":"product","2":"type-product","3":"status-publish","4":"has-post-thumbnail","6":"product_cat-creme-hydratante-fv","7":"product_cat-femme","8":"product_cat-neutrogena","9":"product_cat-soin-visage-f","10":"product_tag-made-in-france","12":"first","13":"outofstock","14":"shipping-taxable","15":"purchasable","16":"product-type-simple"},"yoast_head":"<!-- This site is optimized with the Yoast SEO plugin v27.3 - https:\/\/yoast.com\/product\/yoast-seo-wordpress\/ -->\n<title>NEUTROGENA HYDRO BOOST CREME - Cosmetic Store<\/title>\n<meta name=\"robots\" content=\"index, follow, max-snippet:-1, max-image-preview:large, max-video-preview:-1\" \/>\n<link rel=\"canonical\" href=\"https:\/\/cosmeticstoredz.com\/ar\/product\/neutrogena-hydro-boost-creme\/\" \/>\n<meta property=\"og:locale\" content=\"ar_AR\" \/>\n<meta property=\"og:type\" content=\"article\" \/>\n<meta property=\"og:title\" content=\"NEUTROGENA HYDRO BOOST CREME - Cosmetic Store\" \/>\n<meta property=\"og:description\" content=\"La texture rafra\u00eechissante de l&#039;Aqua-Gel Hydro Boost\u00ae est dot\u00e9e d&#039;une technologie innovante, le Gel Hyaluronique Complexe, pour :   Retenir l&#039;hydratation dans l&#039;\u00e9piderme, gr\u00e2ce \u00e0 l&#039;acide hyaluronique capable de retenir jusqu&#039;\u00e0 1000 fois son poids en eau.  Diffuser l&#039;hydratation en continu tout au long de la journ\u00e9e, autant que la peau en a besoin, d\u00e8s qu&#039;elle en a besoin.\" \/>\n<meta property=\"og:url\" content=\"https:\/\/cosmeticstoredz.com\/ar\/product\/neutrogena-hydro-boost-creme\/\" \/>\n<meta property=\"og:site_name\" content=\"Cosmetic Store\" \/>\n<meta property=\"article:publisher\" content=\"https:\/\/www.facebook.com\/profile.php?id=61564954260683\" \/>\n<meta property=\"article:modified_time\" content=\"2026-04-18T19:23:50+00:00\" \/>\n<meta property=\"og:image\" content=\"https:\/\/cosmeticstoredz.com\/wp-content\/uploads\/2026\/02\/Ajouter-un-titre-2024-08-04T160644.482.png\" \/>\n\t<meta property=\"og:image:width\" content=\"1563\" \/>\n\t<meta property=\"og:image:height\" content=\"1563\" \/>\n\t<meta property=\"og:image:type\" content=\"image\/png\" \/>\n<meta name=\"twitter:card\" content=\"summary_large_image\" \/>\n<meta name=\"twitter:label1\" content=\"\u0648\u0642\u062a \u0627\u0644\u0642\u0631\u0627\u0621\u0629 \u0627\u0644\u0645\u064f\u0642\u062f\u0651\u0631\" \/>\n\t<meta name=\"twitter:data1\" content=\"\u062f\u0642\u064a\u0642\u0629 \u0648\u0627\u062d\u062f\u0629\" \/>\n<script type=\"application\/ld+json\" class=\"yoast-schema-graph\">{\"@context\":\"https:\\\/\\\/schema.org\",\"@graph\":[{\"@type\":\"WebPage\",\"@id\":\"https:\\\/\\\/cosmeticstoredz.com\\\/produit\\\/neutrogena-hydro-boost-creme\\\/\",\"url\":\"https:\\\/\\\/cosmeticstoredz.com\\\/produit\\\/neutrogena-hydro-boost-creme\\\/\",\"name\":\"NEUTROGENA HYDRO BOOST CREME - Cosmetic Store\",\"isPartOf\":{\"@id\":\"https:\\\/\\\/cosmeticstoredz.com\\\/#website\"},\"primaryImageOfPage\":{\"@id\":\"https:\\\/\\\/cosmeticstoredz.com\\\/produit\\\/neutrogena-hydro-boost-creme\\\/#primaryimage\"},\"image\":{\"@id\":\"https:\\\/\\\/cosmeticstoredz.com\\\/produit\\\/neutrogena-hydro-boost-creme\\\/#primaryimage\"},\"thumbnailUrl\":\"https:\\\/\\\/cosmeticstoredz.com\\\/wp-content\\\/uploads\\\/2026\\\/02\\\/Ajouter-un-titre-2024-08-04T160644.482.png\",\"datePublished\":\"2026-02-16T08:58:15+00:00\",\"dateModified\":\"2026-04-18T19:23:50+00:00\",\"breadcrumb\":{\"@id\":\"https:\\\/\\\/cosmeticstoredz.com\\\/produit\\\/neutrogena-hydro-boost-creme\\\/#breadcrumb\"},\"inLanguage\":\"ar\",\"potentialAction\":[{\"@type\":\"ReadAction\",\"target\":[\"https:\\\/\\\/cosmeticstoredz.com\\\/produit\\\/neutrogena-hydro-boost-creme\\\/\"]}]},{\"@type\":\"ImageObject\",\"inLanguage\":\"ar\",\"@id\":\"https:\\\/\\\/cosmeticstoredz.com\\\/produit\\\/neutrogena-hydro-boost-creme\\\/#primaryimage\",\"url\":\"https:\\\/\\\/cosmeticstoredz.com\\\/wp-content\\\/uploads\\\/2026\\\/02\\\/Ajouter-un-titre-2024-08-04T160644.482.png\",\"contentUrl\":\"https:\\\/\\\/cosmeticstoredz.com\\\/wp-content\\\/uploads\\\/2026\\\/02\\\/Ajouter-un-titre-2024-08-04T160644.482.png\",\"width\":1563,\"height\":1563},{\"@type\":\"BreadcrumbList\",\"@id\":\"https:\\\/\\\/cosmeticstoredz.com\\\/produit\\\/neutrogena-hydro-boost-creme\\\/#breadcrumb\",\"itemListElement\":[{\"@type\":\"ListItem\",\"position\":1,\"name\":\"Accueil\",\"item\":\"https:\\\/\\\/cosmeticstoredz.com\\\/\"},{\"@type\":\"ListItem\",\"position\":2,\"name\":\"Boutique\",\"item\":\"https:\\\/\\\/cosmeticstoredz.com\\\/boutique\\\/\"},{\"@type\":\"ListItem\",\"position\":3,\"name\":\"NEUTROGENA HYDRO BOOST CREME\"}]},{\"@type\":\"WebSite\",\"@id\":\"https:\\\/\\\/cosmeticstoredz.com\\\/#website\",\"url\":\"https:\\\/\\\/cosmeticstoredz.com\\\/\",\"name\":\"Cosmetic Store\",\"description\":\"\",\"publisher\":{\"@id\":\"https:\\\/\\\/cosmeticstoredz.com\\\/#organization\"},\"potentialAction\":[{\"@type\":\"SearchAction\",\"target\":{\"@type\":\"EntryPoint\",\"urlTemplate\":\"https:\\\/\\\/cosmeticstoredz.com\\\/?s={search_term_string}\"},\"query-input\":{\"@type\":\"PropertyValueSpecification\",\"valueRequired\":true,\"valueName\":\"search_term_string\"}}],\"inLanguage\":\"ar\"},{\"@type\":\"Organization\",\"@id\":\"https:\\\/\\\/cosmeticstoredz.com\\\/#organization\",\"name\":\"Cosmetic Store\",\"url\":\"https:\\\/\\\/cosmeticstoredz.com\\\/\",\"logo\":{\"@type\":\"ImageObject\",\"inLanguage\":\"ar\",\"@id\":\"https:\\\/\\\/cosmeticstoredz.com\\\/#\\\/schema\\\/logo\\\/image\\\/\",\"url\":\"https:\\\/\\\/cosmeticstoredz.com\\\/wp-content\\\/uploads\\\/2026\\\/02\\\/cropped-LOGO_CS-512x512-1-1-e1771275285345.webp\",\"contentUrl\":\"https:\\\/\\\/cosmeticstoredz.com\\\/wp-content\\\/uploads\\\/2026\\\/02\\\/cropped-LOGO_CS-512x512-1-1-e1771275285345.webp\",\"width\":265,\"height\":319,\"caption\":\"Cosmetic Store\"},\"image\":{\"@id\":\"https:\\\/\\\/cosmeticstoredz.com\\\/#\\\/schema\\\/logo\\\/image\\\/\"},\"sameAs\":[\"https:\\\/\\\/www.facebook.com\\\/profile.php?id=61564954260683\",\"https:\\\/\\\/www.instagram.com\\\/cosmetic.storedz\\\/\"]}]}<\/script>\n<!-- \/ Yoast SEO plugin. -->","yoast_head_json":{"title":"NEUTROGENA HYDRO BOOST CREME - Cosmetic Store","robots":{"index":"index","follow":"follow","max-snippet":"max-snippet:-1","max-image-preview":"max-image-preview:large","max-video-preview":"max-video-preview:-1"},"canonical":"https:\/\/cosmeticstoredz.com\/ar\/product\/neutrogena-hydro-boost-creme\/","og_locale":"ar_AR","og_type":"article","og_title":"NEUTROGENA HYDRO BOOST CREME - Cosmetic Store","og_description":"La texture rafra\u00eechissante de l'Aqua-Gel Hydro Boost\u00ae est dot\u00e9e d'une technologie innovante, le Gel Hyaluronique Complexe, pour :   Retenir l'hydratation dans l'\u00e9piderme, gr\u00e2ce \u00e0 l'acide hyaluronique capable de retenir jusqu'\u00e0 1000 fois son poids en eau.  Diffuser l'hydratation en continu tout au long de la journ\u00e9e, autant que la peau en a besoin, d\u00e8s qu'elle en a besoin.","og_url":"https:\/\/cosmeticstoredz.com\/ar\/product\/neutrogena-hydro-boost-creme\/","og_site_name":"Cosmetic Store","article_publisher":"https:\/\/www.facebook.com\/profile.php?id=61564954260683","article_modified_time":"2026-04-18T19:23:50+00:00","og_image":[{"width":1563,"height":1563,"url":"https:\/\/cosmeticstoredz.com\/wp-content\/uploads\/2026\/02\/Ajouter-un-titre-2024-08-04T160644.482.png","type":"image\/png"}],"twitter_card":"summary_large_image","twitter_misc":{"\u0648\u0642\u062a \u0627\u0644\u0642\u0631\u0627\u0621\u0629 \u0627\u0644\u0645\u064f\u0642\u062f\u0651\u0631":"\u062f\u0642\u064a\u0642\u0629 \u0648\u0627\u062d\u062f\u0629"},"schema":{"@context":"https:\/\/schema.org","@graph":[{"@type":"WebPage","@id":"https:\/\/cosmeticstoredz.com\/produit\/neutrogena-hydro-boost-creme\/","url":"https:\/\/cosmeticstoredz.com\/produit\/neutrogena-hydro-boost-creme\/","name":"NEUTROGENA HYDRO BOOST CREME - Cosmetic Store","isPartOf":{"@id":"https:\/\/cosmeticstoredz.com\/#website"},"primaryImageOfPage":{"@id":"https:\/\/cosmeticstoredz.com\/produit\/neutrogena-hydro-boost-creme\/#primaryimage"},"image":{"@id":"https:\/\/cosmeticstoredz.com\/produit\/neutrogena-hydro-boost-creme\/#primaryimage"},"thumbnailUrl":"https:\/\/cosmeticstoredz.com\/wp-content\/uploads\/2026\/02\/Ajouter-un-titre-2024-08-04T160644.482.png","datePublished":"2026-02-16T08:58:15+00:00","dateModified":"2026-04-18T19:23:50+00:00","breadcrumb":{"@id":"https:\/\/cosmeticstoredz.com\/produit\/neutrogena-hydro-boost-creme\/#breadcrumb"},"inLanguage":"ar","potentialAction":[{"@type":"ReadAction","target":["https:\/\/cosmeticstoredz.com\/produit\/neutrogena-hydro-boost-creme\/"]}]},{"@type":"ImageObject","inLanguage":"ar","@id":"https:\/\/cosmeticstoredz.com\/produit\/neutrogena-hydro-boost-creme\/#primaryimage","url":"https:\/\/cosmeticstoredz.com\/wp-content\/uploads\/2026\/02\/Ajouter-un-titre-2024-08-04T160644.482.png","contentUrl":"https:\/\/cosmeticstoredz.com\/wp-content\/uploads\/2026\/02\/Ajouter-un-titre-2024-08-04T160644.482.png","width":1563,"height":1563},{"@type":"BreadcrumbList","@id":"https:\/\/cosmeticstoredz.com\/produit\/neutrogena-hydro-boost-creme\/#breadcrumb","itemListElement":[{"@type":"ListItem","position":1,"name":"Accueil","item":"https:\/\/cosmeticstoredz.com\/"},{"@type":"ListItem","position":2,"name":"Boutique","item":"https:\/\/cosmeticstoredz.com\/boutique\/"},{"@type":"ListItem","position":3,"name":"NEUTROGENA HYDRO BOOST CREME"}]},{"@type":"WebSite","@id":"https:\/\/cosmeticstoredz.com\/#website","url":"https:\/\/cosmeticstoredz.com\/","name":"Cosmetic Store","description":"","publisher":{"@id":"https:\/\/cosmeticstoredz.com\/#organization"},"potentialAction":[{"@type":"SearchAction","target":{"@type":"EntryPoint","urlTemplate":"https:\/\/cosmeticstoredz.com\/?s={search_term_string}"},"query-input":{"@type":"PropertyValueSpecification","valueRequired":true,"valueName":"search_term_string"}}],"inLanguage":"ar"},{"@type":"Organization","@id":"https:\/\/cosmeticstoredz.com\/#organization","name":"Cosmetic Store","url":"https:\/\/cosmeticstoredz.com\/","logo":{"@type":"ImageObject","inLanguage":"ar","@id":"https:\/\/cosmeticstoredz.com\/#\/schema\/logo\/image\/","url":"https:\/\/cosmeticstoredz.com\/wp-content\/uploads\/2026\/02\/cropped-LOGO_CS-512x512-1-1-e1771275285345.webp","contentUrl":"https:\/\/cosmeticstoredz.com\/wp-content\/uploads\/2026\/02\/cropped-LOGO_CS-512x512-1-1-e1771275285345.webp","width":265,"height":319,"caption":"Cosmetic Store"},"image":{"@id":"https:\/\/cosmeticstoredz.com\/#\/schema\/logo\/image\/"},"sameAs":["https:\/\/www.facebook.com\/profile.php?id=61564954260683","https:\/\/www.instagram.com\/cosmetic.storedz\/"]}]}},"_links":{"self":[{"href":"https:\/\/cosmeticstoredz.com\/ar\/wp-json\/wp\/v2\/product\/2649","targetHints":{"allow":["GET"]}}],"collection":[{"href":"https:\/\/cosmeticstoredz.com\/ar\/wp-json\/wp\/v2\/product"}],"about":[{"href":"https:\/\/cosmeticstoredz.com\/ar\/wp-json\/wp\/v2\/types\/product"}],"replies":[{"embeddable":true,"href":"https:\/\/cosmeticstoredz.com\/ar\/wp-json\/wp\/v2\/comments?post=2649"}],"version-history":[{"count":1,"href":"https:\/\/cosmeticstoredz.com\/ar\/wp-json\/wp\/v2\/product\/2649\/revisions"}],"predecessor-version":[{"id":2713,"href":"https:\/\/cosmeticstoredz.com\/ar\/wp-json\/wp\/v2\/product\/2649\/revisions\/2713"}],"wp:featuredmedia":[{"embeddable":true,"href":"https:\/\/cosmeticstoredz.com\/ar\/wp-json\/wp\/v2\/media\/2712"}],"wp:attachment":[{"href":"https:\/\/cosmeticstoredz.com\/ar\/wp-json\/wp\/v2\/media?parent=2649"}],"wp:term":[{"taxonomy":"product_brand","embeddable":true,"href":"https:\/\/cosmeticstoredz.com\/ar\/wp-json\/wp\/v2\/product_brand?post=2649"},{"taxonomy":"product_cat","embeddable":true,"href":"https:\/\/cosmeticstoredz.com\/ar\/wp-json\/wp\/v2\/product_cat?post=2649"},{"taxonomy":"product_tag","embeddable":true,"href":"https:\/\/cosmeticstoredz.com\/ar\/wp-json\/wp\/v2\/product_tag?post=2649"}],"curies":[{"name":"wp","href":"https:\/\/api.w.org\/{rel}","templated":true}]}}