{"id":2647,"date":"2026-02-16T08:58:15","date_gmt":"2026-02-16T08:58:15","guid":{"rendered":"https:\/\/test.fitnessworldgym27.com\/?post_type=product&#038;p=2647"},"modified":"2026-04-18T19:23:50","modified_gmt":"2026-04-18T19:23:50","slug":"neutrogena-hydro-boost-aqua-gel-nettoyant-visage-200ml","status":"publish","type":"product","link":"https:\/\/cosmeticstoredz.com\/ar\/product\/neutrogena-hydro-boost-aqua-gel-nettoyant-visage-200ml\/","title":{"rendered":"NEUTROGENA HYDRO BOOST AQUA-GEL NETTOYANT VISAGE 200ML"},"content":{"rendered":"<p>Neutrogena Hydro Boost Nettoyant Aqua-Gel Hydratant 200 ml est un\u00a0gel innovant et l\u00e9ger qui s&rsquo;active au contact de l&rsquo;eau, pour d\u00e9loger impuret\u00e9s, traces de maquillage et exc\u00e8s de s\u00e9bum en ne laissant aucun r\u00e9sidu.\u00a0 La formule renferme un agent hydratant et de l&rsquo;acide hyaluronique, permettant de booster le niveau d&rsquo;hydratation tout en aidant \u00e0 prot\u00e9ger la barri\u00e8re cutan\u00e9e. Nettoy\u00e9e la peau est fra\u00eeche, nette et souple au toucher.<\/p>\n<p>Non com\u00e9dog\u00e8ne. Adapt\u00e9 aux peaux sensibles.<\/p>\n<p><strong>Ingr\u00e9dients<\/strong><\/p>\n<p>Aqua, Glycerin, Cocamidopropyl Hydroxysultaine, Sodium Cocoyl Isethionate, Sodium Methyl Cocoyl Taurate, Sodium Hydrolyzed Potato Dodecenylsuccinate, Hydrolyzed Hyaluronic Acid, Ethylhexylglyc\u00e9rine, Linoleamidopropyl PG-dimonium Chloride Phosphate, Polyquaternium-10, Polyquaternium-10. sorbate 20 Isethionate de sodium, lauryl sulfate de sodium, sodium C14-16 ol\u00e9fine sulfate, copolym\u00e8re d&rsquo;acrylate de potassium, chlorure de sodium, propyl\u00e8ne glycol, EDTA disodique, acide citrique, hydroxyde de de sodium, hydroxyac\u00e9toph\u00e9none, ac\u00e9tate de tocoph\u00e9ryle, ph\u00e9noxy\u00e9thanol, parfum. [PR-017060]<\/p>\n<p><strong>Mode d&#8217;emploi<\/strong><\/p>\n<p>Appliquer sur le visage humide et faire mousser. Rincez abondamment.<\/p>\n","protected":false},"excerpt":{"rendered":"<p>Hydratez votre peau en profondeur avec le gel-cr\u00e8me Aqua-gel Hydro Boost de NEUTROGENA. Sa formule innovante offre une hydratation intensive et longue dur\u00e9e. Essayez \u00e9galement le masque Hydrogel r\u00e9g\u00e9n\u00e9rant, purifiant ou d\u00e9salt\u00e9rant, pour une peau \u00e9clatante de sant\u00e9. Ne passez pas \u00e0 c\u00f4t\u00e9 de cette gamme de produits de qualit\u00e9 pour prendre soin de votre peau.<\/p>","protected":false},"featured_media":2708,"comment_status":"open","ping_status":"closed","template":"","meta":[],"product_brand":[],"product_cat":[75,89,241,76],"product_tag":[125],"class_list":{"0":"post-2647","1":"product","2":"type-product","3":"status-publish","4":"has-post-thumbnail","6":"product_cat-femme","7":"product_cat-gel-nettoyant-f-gel-nettoyant-f","8":"product_cat-neutrogena","9":"product_cat-soin-visage-f","10":"product_tag-made-in-france","12":"first","13":"instock","14":"shipping-taxable","15":"purchasable","16":"product-type-simple"},"yoast_head":"<!-- This site is optimized with the Yoast SEO plugin v27.3 - https:\/\/yoast.com\/product\/yoast-seo-wordpress\/ -->\n<title>NEUTROGENA HYDRO BOOST AQUA-GEL NETTOYANT VISAGE 200ML - Cosmetic Store<\/title>\n<meta name=\"robots\" content=\"index, follow, max-snippet:-1, max-image-preview:large, max-video-preview:-1\" \/>\n<link rel=\"canonical\" href=\"https:\/\/cosmeticstoredz.com\/ar\/product\/neutrogena-hydro-boost-aqua-gel-nettoyant-visage-200ml\/\" \/>\n<meta property=\"og:locale\" content=\"ar_AR\" \/>\n<meta property=\"og:type\" content=\"article\" \/>\n<meta property=\"og:title\" content=\"NEUTROGENA HYDRO BOOST AQUA-GEL NETTOYANT VISAGE 200ML - Cosmetic Store\" \/>\n<meta property=\"og:description\" content=\"Hydratez votre peau en profondeur avec le gel-cr\u00e8me Aqua-gel Hydro Boost de NEUTROGENA. Sa formule innovante offre une hydratation intensive et longue dur\u00e9e. Essayez \u00e9galement le masque Hydrogel r\u00e9g\u00e9n\u00e9rant, purifiant ou d\u00e9salt\u00e9rant, pour une peau \u00e9clatante de sant\u00e9. Ne passez pas \u00e0 c\u00f4t\u00e9 de cette gamme de produits de qualit\u00e9 pour prendre soin de votre peau.\" \/>\n<meta property=\"og:url\" content=\"https:\/\/cosmeticstoredz.com\/ar\/product\/neutrogena-hydro-boost-aqua-gel-nettoyant-visage-200ml\/\" \/>\n<meta property=\"og:site_name\" content=\"Cosmetic Store\" \/>\n<meta property=\"article:publisher\" content=\"https:\/\/www.facebook.com\/profile.php?id=61564954260683\" \/>\n<meta property=\"article:modified_time\" content=\"2026-04-18T19:23:50+00:00\" \/>\n<meta property=\"og:image\" content=\"https:\/\/cosmeticstoredz.com\/wp-content\/uploads\/2026\/02\/Ajouter-un-titre-2024-08-05T100405.401.png\" \/>\n\t<meta property=\"og:image:width\" content=\"1563\" \/>\n\t<meta property=\"og:image:height\" content=\"1563\" \/>\n\t<meta property=\"og:image:type\" content=\"image\/png\" \/>\n<meta name=\"twitter:card\" content=\"summary_large_image\" \/>\n<meta name=\"twitter:label1\" content=\"\u0648\u0642\u062a \u0627\u0644\u0642\u0631\u0627\u0621\u0629 \u0627\u0644\u0645\u064f\u0642\u062f\u0651\u0631\" \/>\n\t<meta name=\"twitter:data1\" content=\"\u062f\u0642\u064a\u0642\u0629 \u0648\u0627\u062d\u062f\u0629\" \/>\n<script type=\"application\/ld+json\" class=\"yoast-schema-graph\">{\"@context\":\"https:\\\/\\\/schema.org\",\"@graph\":[{\"@type\":\"WebPage\",\"@id\":\"https:\\\/\\\/cosmeticstoredz.com\\\/produit\\\/neutrogena-hydro-boost-aqua-gel-nettoyant-visage-200ml\\\/\",\"url\":\"https:\\\/\\\/cosmeticstoredz.com\\\/produit\\\/neutrogena-hydro-boost-aqua-gel-nettoyant-visage-200ml\\\/\",\"name\":\"NEUTROGENA HYDRO BOOST AQUA-GEL NETTOYANT VISAGE 200ML - Cosmetic Store\",\"isPartOf\":{\"@id\":\"https:\\\/\\\/cosmeticstoredz.com\\\/#website\"},\"primaryImageOfPage\":{\"@id\":\"https:\\\/\\\/cosmeticstoredz.com\\\/produit\\\/neutrogena-hydro-boost-aqua-gel-nettoyant-visage-200ml\\\/#primaryimage\"},\"image\":{\"@id\":\"https:\\\/\\\/cosmeticstoredz.com\\\/produit\\\/neutrogena-hydro-boost-aqua-gel-nettoyant-visage-200ml\\\/#primaryimage\"},\"thumbnailUrl\":\"https:\\\/\\\/cosmeticstoredz.com\\\/wp-content\\\/uploads\\\/2026\\\/02\\\/Ajouter-un-titre-2024-08-05T100405.401.png\",\"datePublished\":\"2026-02-16T08:58:15+00:00\",\"dateModified\":\"2026-04-18T19:23:50+00:00\",\"breadcrumb\":{\"@id\":\"https:\\\/\\\/cosmeticstoredz.com\\\/produit\\\/neutrogena-hydro-boost-aqua-gel-nettoyant-visage-200ml\\\/#breadcrumb\"},\"inLanguage\":\"ar\",\"potentialAction\":[{\"@type\":\"ReadAction\",\"target\":[\"https:\\\/\\\/cosmeticstoredz.com\\\/produit\\\/neutrogena-hydro-boost-aqua-gel-nettoyant-visage-200ml\\\/\"]}]},{\"@type\":\"ImageObject\",\"inLanguage\":\"ar\",\"@id\":\"https:\\\/\\\/cosmeticstoredz.com\\\/produit\\\/neutrogena-hydro-boost-aqua-gel-nettoyant-visage-200ml\\\/#primaryimage\",\"url\":\"https:\\\/\\\/cosmeticstoredz.com\\\/wp-content\\\/uploads\\\/2026\\\/02\\\/Ajouter-un-titre-2024-08-05T100405.401.png\",\"contentUrl\":\"https:\\\/\\\/cosmeticstoredz.com\\\/wp-content\\\/uploads\\\/2026\\\/02\\\/Ajouter-un-titre-2024-08-05T100405.401.png\",\"width\":1563,\"height\":1563},{\"@type\":\"BreadcrumbList\",\"@id\":\"https:\\\/\\\/cosmeticstoredz.com\\\/produit\\\/neutrogena-hydro-boost-aqua-gel-nettoyant-visage-200ml\\\/#breadcrumb\",\"itemListElement\":[{\"@type\":\"ListItem\",\"position\":1,\"name\":\"Accueil\",\"item\":\"https:\\\/\\\/cosmeticstoredz.com\\\/\"},{\"@type\":\"ListItem\",\"position\":2,\"name\":\"Boutique\",\"item\":\"https:\\\/\\\/cosmeticstoredz.com\\\/boutique\\\/\"},{\"@type\":\"ListItem\",\"position\":3,\"name\":\"NEUTROGENA HYDRO BOOST AQUA-GEL NETTOYANT VISAGE 200ML\"}]},{\"@type\":\"WebSite\",\"@id\":\"https:\\\/\\\/cosmeticstoredz.com\\\/#website\",\"url\":\"https:\\\/\\\/cosmeticstoredz.com\\\/\",\"name\":\"Cosmetic Store\",\"description\":\"\",\"publisher\":{\"@id\":\"https:\\\/\\\/cosmeticstoredz.com\\\/#organization\"},\"potentialAction\":[{\"@type\":\"SearchAction\",\"target\":{\"@type\":\"EntryPoint\",\"urlTemplate\":\"https:\\\/\\\/cosmeticstoredz.com\\\/?s={search_term_string}\"},\"query-input\":{\"@type\":\"PropertyValueSpecification\",\"valueRequired\":true,\"valueName\":\"search_term_string\"}}],\"inLanguage\":\"ar\"},{\"@type\":\"Organization\",\"@id\":\"https:\\\/\\\/cosmeticstoredz.com\\\/#organization\",\"name\":\"Cosmetic Store\",\"url\":\"https:\\\/\\\/cosmeticstoredz.com\\\/\",\"logo\":{\"@type\":\"ImageObject\",\"inLanguage\":\"ar\",\"@id\":\"https:\\\/\\\/cosmeticstoredz.com\\\/#\\\/schema\\\/logo\\\/image\\\/\",\"url\":\"https:\\\/\\\/cosmeticstoredz.com\\\/wp-content\\\/uploads\\\/2026\\\/02\\\/cropped-LOGO_CS-512x512-1-1-e1771275285345.webp\",\"contentUrl\":\"https:\\\/\\\/cosmeticstoredz.com\\\/wp-content\\\/uploads\\\/2026\\\/02\\\/cropped-LOGO_CS-512x512-1-1-e1771275285345.webp\",\"width\":265,\"height\":319,\"caption\":\"Cosmetic Store\"},\"image\":{\"@id\":\"https:\\\/\\\/cosmeticstoredz.com\\\/#\\\/schema\\\/logo\\\/image\\\/\"},\"sameAs\":[\"https:\\\/\\\/www.facebook.com\\\/profile.php?id=61564954260683\",\"https:\\\/\\\/www.instagram.com\\\/cosmetic.storedz\\\/\"]}]}<\/script>\n<!-- \/ Yoast SEO plugin. -->","yoast_head_json":{"title":"NEUTROGENA HYDRO BOOST AQUA-GEL NETTOYANT VISAGE 200ML - Cosmetic Store","robots":{"index":"index","follow":"follow","max-snippet":"max-snippet:-1","max-image-preview":"max-image-preview:large","max-video-preview":"max-video-preview:-1"},"canonical":"https:\/\/cosmeticstoredz.com\/ar\/product\/neutrogena-hydro-boost-aqua-gel-nettoyant-visage-200ml\/","og_locale":"ar_AR","og_type":"article","og_title":"NEUTROGENA HYDRO BOOST AQUA-GEL NETTOYANT VISAGE 200ML - Cosmetic Store","og_description":"Hydratez votre peau en profondeur avec le gel-cr\u00e8me Aqua-gel Hydro Boost de NEUTROGENA. Sa formule innovante offre une hydratation intensive et longue dur\u00e9e. Essayez \u00e9galement le masque Hydrogel r\u00e9g\u00e9n\u00e9rant, purifiant ou d\u00e9salt\u00e9rant, pour une peau \u00e9clatante de sant\u00e9. Ne passez pas \u00e0 c\u00f4t\u00e9 de cette gamme de produits de qualit\u00e9 pour prendre soin de votre peau.","og_url":"https:\/\/cosmeticstoredz.com\/ar\/product\/neutrogena-hydro-boost-aqua-gel-nettoyant-visage-200ml\/","og_site_name":"Cosmetic Store","article_publisher":"https:\/\/www.facebook.com\/profile.php?id=61564954260683","article_modified_time":"2026-04-18T19:23:50+00:00","og_image":[{"width":1563,"height":1563,"url":"https:\/\/cosmeticstoredz.com\/wp-content\/uploads\/2026\/02\/Ajouter-un-titre-2024-08-05T100405.401.png","type":"image\/png"}],"twitter_card":"summary_large_image","twitter_misc":{"\u0648\u0642\u062a \u0627\u0644\u0642\u0631\u0627\u0621\u0629 \u0627\u0644\u0645\u064f\u0642\u062f\u0651\u0631":"\u062f\u0642\u064a\u0642\u0629 \u0648\u0627\u062d\u062f\u0629"},"schema":{"@context":"https:\/\/schema.org","@graph":[{"@type":"WebPage","@id":"https:\/\/cosmeticstoredz.com\/produit\/neutrogena-hydro-boost-aqua-gel-nettoyant-visage-200ml\/","url":"https:\/\/cosmeticstoredz.com\/produit\/neutrogena-hydro-boost-aqua-gel-nettoyant-visage-200ml\/","name":"NEUTROGENA HYDRO BOOST AQUA-GEL NETTOYANT VISAGE 200ML - Cosmetic Store","isPartOf":{"@id":"https:\/\/cosmeticstoredz.com\/#website"},"primaryImageOfPage":{"@id":"https:\/\/cosmeticstoredz.com\/produit\/neutrogena-hydro-boost-aqua-gel-nettoyant-visage-200ml\/#primaryimage"},"image":{"@id":"https:\/\/cosmeticstoredz.com\/produit\/neutrogena-hydro-boost-aqua-gel-nettoyant-visage-200ml\/#primaryimage"},"thumbnailUrl":"https:\/\/cosmeticstoredz.com\/wp-content\/uploads\/2026\/02\/Ajouter-un-titre-2024-08-05T100405.401.png","datePublished":"2026-02-16T08:58:15+00:00","dateModified":"2026-04-18T19:23:50+00:00","breadcrumb":{"@id":"https:\/\/cosmeticstoredz.com\/produit\/neutrogena-hydro-boost-aqua-gel-nettoyant-visage-200ml\/#breadcrumb"},"inLanguage":"ar","potentialAction":[{"@type":"ReadAction","target":["https:\/\/cosmeticstoredz.com\/produit\/neutrogena-hydro-boost-aqua-gel-nettoyant-visage-200ml\/"]}]},{"@type":"ImageObject","inLanguage":"ar","@id":"https:\/\/cosmeticstoredz.com\/produit\/neutrogena-hydro-boost-aqua-gel-nettoyant-visage-200ml\/#primaryimage","url":"https:\/\/cosmeticstoredz.com\/wp-content\/uploads\/2026\/02\/Ajouter-un-titre-2024-08-05T100405.401.png","contentUrl":"https:\/\/cosmeticstoredz.com\/wp-content\/uploads\/2026\/02\/Ajouter-un-titre-2024-08-05T100405.401.png","width":1563,"height":1563},{"@type":"BreadcrumbList","@id":"https:\/\/cosmeticstoredz.com\/produit\/neutrogena-hydro-boost-aqua-gel-nettoyant-visage-200ml\/#breadcrumb","itemListElement":[{"@type":"ListItem","position":1,"name":"Accueil","item":"https:\/\/cosmeticstoredz.com\/"},{"@type":"ListItem","position":2,"name":"Boutique","item":"https:\/\/cosmeticstoredz.com\/boutique\/"},{"@type":"ListItem","position":3,"name":"NEUTROGENA HYDRO BOOST AQUA-GEL NETTOYANT VISAGE 200ML"}]},{"@type":"WebSite","@id":"https:\/\/cosmeticstoredz.com\/#website","url":"https:\/\/cosmeticstoredz.com\/","name":"Cosmetic Store","description":"","publisher":{"@id":"https:\/\/cosmeticstoredz.com\/#organization"},"potentialAction":[{"@type":"SearchAction","target":{"@type":"EntryPoint","urlTemplate":"https:\/\/cosmeticstoredz.com\/?s={search_term_string}"},"query-input":{"@type":"PropertyValueSpecification","valueRequired":true,"valueName":"search_term_string"}}],"inLanguage":"ar"},{"@type":"Organization","@id":"https:\/\/cosmeticstoredz.com\/#organization","name":"Cosmetic Store","url":"https:\/\/cosmeticstoredz.com\/","logo":{"@type":"ImageObject","inLanguage":"ar","@id":"https:\/\/cosmeticstoredz.com\/#\/schema\/logo\/image\/","url":"https:\/\/cosmeticstoredz.com\/wp-content\/uploads\/2026\/02\/cropped-LOGO_CS-512x512-1-1-e1771275285345.webp","contentUrl":"https:\/\/cosmeticstoredz.com\/wp-content\/uploads\/2026\/02\/cropped-LOGO_CS-512x512-1-1-e1771275285345.webp","width":265,"height":319,"caption":"Cosmetic Store"},"image":{"@id":"https:\/\/cosmeticstoredz.com\/#\/schema\/logo\/image\/"},"sameAs":["https:\/\/www.facebook.com\/profile.php?id=61564954260683","https:\/\/www.instagram.com\/cosmetic.storedz\/"]}]}},"_links":{"self":[{"href":"https:\/\/cosmeticstoredz.com\/ar\/wp-json\/wp\/v2\/product\/2647","targetHints":{"allow":["GET"]}}],"collection":[{"href":"https:\/\/cosmeticstoredz.com\/ar\/wp-json\/wp\/v2\/product"}],"about":[{"href":"https:\/\/cosmeticstoredz.com\/ar\/wp-json\/wp\/v2\/types\/product"}],"replies":[{"embeddable":true,"href":"https:\/\/cosmeticstoredz.com\/ar\/wp-json\/wp\/v2\/comments?post=2647"}],"version-history":[{"count":1,"href":"https:\/\/cosmeticstoredz.com\/ar\/wp-json\/wp\/v2\/product\/2647\/revisions"}],"predecessor-version":[{"id":2709,"href":"https:\/\/cosmeticstoredz.com\/ar\/wp-json\/wp\/v2\/product\/2647\/revisions\/2709"}],"wp:featuredmedia":[{"embeddable":true,"href":"https:\/\/cosmeticstoredz.com\/ar\/wp-json\/wp\/v2\/media\/2708"}],"wp:attachment":[{"href":"https:\/\/cosmeticstoredz.com\/ar\/wp-json\/wp\/v2\/media?parent=2647"}],"wp:term":[{"taxonomy":"product_brand","embeddable":true,"href":"https:\/\/cosmeticstoredz.com\/ar\/wp-json\/wp\/v2\/product_brand?post=2647"},{"taxonomy":"product_cat","embeddable":true,"href":"https:\/\/cosmeticstoredz.com\/ar\/wp-json\/wp\/v2\/product_cat?post=2647"},{"taxonomy":"product_tag","embeddable":true,"href":"https:\/\/cosmeticstoredz.com\/ar\/wp-json\/wp\/v2\/product_tag?post=2647"}],"curies":[{"name":"wp","href":"https:\/\/api.w.org\/{rel}","templated":true}]}}