{"id":2643,"date":"2026-02-16T08:58:14","date_gmt":"2026-02-16T08:58:14","guid":{"rendered":"https:\/\/test.fitnessworldgym27.com\/?post_type=product&#038;p=2643"},"modified":"2026-05-02T19:02:29","modified_gmt":"2026-05-02T19:02:29","slug":"neutrogena-gel-nettoyant-150ml-purete-pamplemousse","status":"publish","type":"product","link":"https:\/\/cosmeticstoredz.com\/ar\/product\/neutrogena-gel-nettoyant-150ml-purete-pamplemousse\/","title":{"rendered":"NEUTROGENA GEL NETTOYANT 150ML PURETE PAMPLEMOUSSE"},"content":{"rendered":"<div class=\"product-content__title\">\n<p class=\"c-text c-text--size-m c-text--style-p c-text--bold\" data-v-66cc25a1=\"\"><strong>Description<\/strong><\/p>\n<\/div>\n<p class=\"c-text c-text--size-m c-text--style-p\" data-v-66cc25a1=\"\">Un gel nettoyant exfoliant quotidien pour un teint frais, net et lumineux jour apr\u00e8s jour. \u25a0 Gr\u00e2ce \u00e0 la technologie unique MicroClear\u00ae et aux micro-perles exfoliantes d&rsquo;origine naturelle, cet exfoliant rafra\u00eechissant nettoie les pores en profondeur pour aider \u00e0 r\u00e9duire les imperfections et pr\u00e9venir leur apparition. \u25a0 Ce gel d\u00e9sincruste les pores et purifie la peau en douceur, sans la dess\u00e9cher, tout en la vivifiant d&rsquo;une vague rafraichissante de pamplemousse rose.<\/p>\n<div class=\"product-content__title\">\n<p class=\"c-text c-text--size-m c-text--style-p c-text--bold\" data-v-66cc25a1=\"\"><strong>Ingr\u00e9dients et allerg\u00e8nes<\/strong><\/p>\n<\/div>\n<p class=\"c-text c-text--size-m c-text--style-p\" data-v-66cc25a1=\"\">PR-016058,aqua,sodium laureth sulfate,propylene glycol,jojoba esters,cocamidopropyl betaine,sodium lauroamphoacetate,carbomer,salicylic acid,citrus grandis fruit extract,C12-15 alkyl lactate,cetyl lactate,cocamidopropyl PG-dimonium chloride phosphate,benzalkonium chloride,lauryl glucoside,PEG-120 methyl glucose dioleate,polysorbate 20,sodium chloride,sodium benzotriazolyl butylphenol sulfonate,disodium EDTA,sodium citrate,citric acid,lactic acid,sodium hydroxide,tocopherol,parfum,CI 16035,CI 60725<\/p>","protected":false},"excerpt":{"rendered":"<p>Le\u00a0<strong>gel exfoliant Neutrogena Puret\u00e9 Pamplemousse<\/strong>\u00a0est un gommage visage dont l&rsquo;objectif principal est de\u00a0<strong>d\u00e9sincruster les pores<\/strong>\u00a0et de d\u00e9barrasser la peau des cellules mortes qui s&rsquo;accumulent \u00e0 sa surface. De ce fait, il\u00a0aide \u00e0 r\u00e9duire les imperfections et pr\u00e9vient leur r\u00e9apparition. Ce\u00a0<strong>gommage Neutrogena<\/strong>\u00a0est formul\u00e9 avec des micro-perles exfoliantes compos\u00e9es de cellulose d&rsquo;origine naturelle.<\/p>","protected":false},"featured_media":2700,"comment_status":"open","ping_status":"closed","template":"","meta":[],"product_brand":[],"product_cat":[75,89,94,241,81,76],"product_tag":[125],"class_list":{"0":"post-2643","1":"product","2":"type-product","3":"status-publish","4":"has-post-thumbnail","6":"product_cat-femme","7":"product_cat-gel-nettoyant-f-gel-nettoyant-f","8":"product_cat-gommage-fc","9":"product_cat-neutrogena","10":"product_cat-soin-corps-f","11":"product_cat-soin-visage-f","12":"product_tag-made-in-france","14":"first","15":"outofstock","16":"shipping-taxable","17":"purchasable","18":"product-type-simple"},"yoast_head":"<!-- This site is optimized with the Yoast SEO plugin v27.3 - https:\/\/yoast.com\/product\/yoast-seo-wordpress\/ -->\n<title>NEUTROGENA GEL NETTOYANT 150ML PURETE PAMPLEMOUSSE - Cosmetic Store<\/title>\n<meta name=\"robots\" content=\"index, follow, max-snippet:-1, max-image-preview:large, max-video-preview:-1\" \/>\n<link rel=\"canonical\" href=\"https:\/\/cosmeticstoredz.com\/ar\/product\/neutrogena-gel-nettoyant-150ml-purete-pamplemousse\/\" \/>\n<meta property=\"og:locale\" content=\"ar_AR\" \/>\n<meta property=\"og:type\" content=\"article\" \/>\n<meta property=\"og:title\" content=\"NEUTROGENA GEL NETTOYANT 150ML PURETE PAMPLEMOUSSE - Cosmetic Store\" \/>\n<meta property=\"og:description\" content=\"Le\u00a0gel exfoliant Neutrogena Puret\u00e9 Pamplemousse\u00a0est un gommage visage dont l&#039;objectif principal est de\u00a0d\u00e9sincruster les pores\u00a0et de d\u00e9barrasser la peau des cellules mortes qui s&#039;accumulent \u00e0 sa surface. De ce fait, il\u00a0aide \u00e0 r\u00e9duire les imperfections et pr\u00e9vient leur r\u00e9apparition. Ce\u00a0gommage Neutrogena\u00a0est formul\u00e9 avec des micro-perles exfoliantes compos\u00e9es de cellulose d&#039;origine naturelle.\" \/>\n<meta property=\"og:url\" content=\"https:\/\/cosmeticstoredz.com\/ar\/product\/neutrogena-gel-nettoyant-150ml-purete-pamplemousse\/\" \/>\n<meta property=\"og:site_name\" content=\"Cosmetic Store\" \/>\n<meta property=\"article:publisher\" content=\"https:\/\/www.facebook.com\/profile.php?id=61564954260683\" \/>\n<meta property=\"article:modified_time\" content=\"2026-05-02T19:02:29+00:00\" \/>\n<meta property=\"og:image\" content=\"https:\/\/cosmeticstoredz.com\/wp-content\/uploads\/2026\/02\/Ajouter-un-titre-2024-08-04T202532.943.png\" \/>\n\t<meta property=\"og:image:width\" content=\"1563\" \/>\n\t<meta property=\"og:image:height\" content=\"1563\" \/>\n\t<meta property=\"og:image:type\" content=\"image\/png\" \/>\n<meta name=\"twitter:card\" content=\"summary_large_image\" \/>\n<meta name=\"twitter:label1\" content=\"\u0648\u0642\u062a \u0627\u0644\u0642\u0631\u0627\u0621\u0629 \u0627\u0644\u0645\u064f\u0642\u062f\u0651\u0631\" \/>\n\t<meta name=\"twitter:data1\" content=\"\u062f\u0642\u064a\u0642\u0629 \u0648\u0627\u062d\u062f\u0629\" \/>\n<script type=\"application\/ld+json\" class=\"yoast-schema-graph\">{\"@context\":\"https:\\\/\\\/schema.org\",\"@graph\":[{\"@type\":\"WebPage\",\"@id\":\"https:\\\/\\\/cosmeticstoredz.com\\\/produit\\\/neutrogena-gel-nettoyant-150ml-purete-pamplemousse\\\/\",\"url\":\"https:\\\/\\\/cosmeticstoredz.com\\\/produit\\\/neutrogena-gel-nettoyant-150ml-purete-pamplemousse\\\/\",\"name\":\"NEUTROGENA GEL NETTOYANT 150ML PURETE PAMPLEMOUSSE - Cosmetic Store\",\"isPartOf\":{\"@id\":\"https:\\\/\\\/cosmeticstoredz.com\\\/#website\"},\"primaryImageOfPage\":{\"@id\":\"https:\\\/\\\/cosmeticstoredz.com\\\/produit\\\/neutrogena-gel-nettoyant-150ml-purete-pamplemousse\\\/#primaryimage\"},\"image\":{\"@id\":\"https:\\\/\\\/cosmeticstoredz.com\\\/produit\\\/neutrogena-gel-nettoyant-150ml-purete-pamplemousse\\\/#primaryimage\"},\"thumbnailUrl\":\"https:\\\/\\\/cosmeticstoredz.com\\\/wp-content\\\/uploads\\\/2026\\\/02\\\/Ajouter-un-titre-2024-08-04T202532.943.png\",\"datePublished\":\"2026-02-16T08:58:14+00:00\",\"dateModified\":\"2026-05-02T19:02:29+00:00\",\"breadcrumb\":{\"@id\":\"https:\\\/\\\/cosmeticstoredz.com\\\/produit\\\/neutrogena-gel-nettoyant-150ml-purete-pamplemousse\\\/#breadcrumb\"},\"inLanguage\":\"ar\",\"potentialAction\":[{\"@type\":\"ReadAction\",\"target\":[\"https:\\\/\\\/cosmeticstoredz.com\\\/produit\\\/neutrogena-gel-nettoyant-150ml-purete-pamplemousse\\\/\"]}]},{\"@type\":\"ImageObject\",\"inLanguage\":\"ar\",\"@id\":\"https:\\\/\\\/cosmeticstoredz.com\\\/produit\\\/neutrogena-gel-nettoyant-150ml-purete-pamplemousse\\\/#primaryimage\",\"url\":\"https:\\\/\\\/cosmeticstoredz.com\\\/wp-content\\\/uploads\\\/2026\\\/02\\\/Ajouter-un-titre-2024-08-04T202532.943.png\",\"contentUrl\":\"https:\\\/\\\/cosmeticstoredz.com\\\/wp-content\\\/uploads\\\/2026\\\/02\\\/Ajouter-un-titre-2024-08-04T202532.943.png\",\"width\":1563,\"height\":1563},{\"@type\":\"BreadcrumbList\",\"@id\":\"https:\\\/\\\/cosmeticstoredz.com\\\/produit\\\/neutrogena-gel-nettoyant-150ml-purete-pamplemousse\\\/#breadcrumb\",\"itemListElement\":[{\"@type\":\"ListItem\",\"position\":1,\"name\":\"Accueil\",\"item\":\"https:\\\/\\\/cosmeticstoredz.com\\\/\"},{\"@type\":\"ListItem\",\"position\":2,\"name\":\"Boutique\",\"item\":\"https:\\\/\\\/cosmeticstoredz.com\\\/boutique\\\/\"},{\"@type\":\"ListItem\",\"position\":3,\"name\":\"NEUTROGENA GEL NETTOYANT 150ML PURETE PAMPLEMOUSSE\"}]},{\"@type\":\"WebSite\",\"@id\":\"https:\\\/\\\/cosmeticstoredz.com\\\/#website\",\"url\":\"https:\\\/\\\/cosmeticstoredz.com\\\/\",\"name\":\"Cosmetic Store\",\"description\":\"\",\"publisher\":{\"@id\":\"https:\\\/\\\/cosmeticstoredz.com\\\/#organization\"},\"potentialAction\":[{\"@type\":\"SearchAction\",\"target\":{\"@type\":\"EntryPoint\",\"urlTemplate\":\"https:\\\/\\\/cosmeticstoredz.com\\\/?s={search_term_string}\"},\"query-input\":{\"@type\":\"PropertyValueSpecification\",\"valueRequired\":true,\"valueName\":\"search_term_string\"}}],\"inLanguage\":\"ar\"},{\"@type\":\"Organization\",\"@id\":\"https:\\\/\\\/cosmeticstoredz.com\\\/#organization\",\"name\":\"Cosmetic Store\",\"url\":\"https:\\\/\\\/cosmeticstoredz.com\\\/\",\"logo\":{\"@type\":\"ImageObject\",\"inLanguage\":\"ar\",\"@id\":\"https:\\\/\\\/cosmeticstoredz.com\\\/#\\\/schema\\\/logo\\\/image\\\/\",\"url\":\"https:\\\/\\\/cosmeticstoredz.com\\\/wp-content\\\/uploads\\\/2026\\\/02\\\/cropped-LOGO_CS-512x512-1-1-e1771275285345.webp\",\"contentUrl\":\"https:\\\/\\\/cosmeticstoredz.com\\\/wp-content\\\/uploads\\\/2026\\\/02\\\/cropped-LOGO_CS-512x512-1-1-e1771275285345.webp\",\"width\":265,\"height\":319,\"caption\":\"Cosmetic Store\"},\"image\":{\"@id\":\"https:\\\/\\\/cosmeticstoredz.com\\\/#\\\/schema\\\/logo\\\/image\\\/\"},\"sameAs\":[\"https:\\\/\\\/www.facebook.com\\\/profile.php?id=61564954260683\",\"https:\\\/\\\/www.instagram.com\\\/cosmetic.storedz\\\/\"]}]}<\/script>\n<!-- \/ Yoast SEO plugin. -->","yoast_head_json":{"title":"NEUTROGENA GEL NETTOYANT 150ML PURETE PAMPLEMOUSSE - Cosmetic Store","robots":{"index":"index","follow":"follow","max-snippet":"max-snippet:-1","max-image-preview":"max-image-preview:large","max-video-preview":"max-video-preview:-1"},"canonical":"https:\/\/cosmeticstoredz.com\/ar\/product\/neutrogena-gel-nettoyant-150ml-purete-pamplemousse\/","og_locale":"ar_AR","og_type":"article","og_title":"NEUTROGENA GEL NETTOYANT 150ML PURETE PAMPLEMOUSSE - Cosmetic Store","og_description":"Le\u00a0gel exfoliant Neutrogena Puret\u00e9 Pamplemousse\u00a0est un gommage visage dont l'objectif principal est de\u00a0d\u00e9sincruster les pores\u00a0et de d\u00e9barrasser la peau des cellules mortes qui s'accumulent \u00e0 sa surface. De ce fait, il\u00a0aide \u00e0 r\u00e9duire les imperfections et pr\u00e9vient leur r\u00e9apparition. Ce\u00a0gommage Neutrogena\u00a0est formul\u00e9 avec des micro-perles exfoliantes compos\u00e9es de cellulose d'origine naturelle.","og_url":"https:\/\/cosmeticstoredz.com\/ar\/product\/neutrogena-gel-nettoyant-150ml-purete-pamplemousse\/","og_site_name":"Cosmetic Store","article_publisher":"https:\/\/www.facebook.com\/profile.php?id=61564954260683","article_modified_time":"2026-05-02T19:02:29+00:00","og_image":[{"width":1563,"height":1563,"url":"https:\/\/cosmeticstoredz.com\/wp-content\/uploads\/2026\/02\/Ajouter-un-titre-2024-08-04T202532.943.png","type":"image\/png"}],"twitter_card":"summary_large_image","twitter_misc":{"\u0648\u0642\u062a \u0627\u0644\u0642\u0631\u0627\u0621\u0629 \u0627\u0644\u0645\u064f\u0642\u062f\u0651\u0631":"\u062f\u0642\u064a\u0642\u0629 \u0648\u0627\u062d\u062f\u0629"},"schema":{"@context":"https:\/\/schema.org","@graph":[{"@type":"WebPage","@id":"https:\/\/cosmeticstoredz.com\/produit\/neutrogena-gel-nettoyant-150ml-purete-pamplemousse\/","url":"https:\/\/cosmeticstoredz.com\/produit\/neutrogena-gel-nettoyant-150ml-purete-pamplemousse\/","name":"NEUTROGENA GEL NETTOYANT 150ML PURETE PAMPLEMOUSSE - Cosmetic Store","isPartOf":{"@id":"https:\/\/cosmeticstoredz.com\/#website"},"primaryImageOfPage":{"@id":"https:\/\/cosmeticstoredz.com\/produit\/neutrogena-gel-nettoyant-150ml-purete-pamplemousse\/#primaryimage"},"image":{"@id":"https:\/\/cosmeticstoredz.com\/produit\/neutrogena-gel-nettoyant-150ml-purete-pamplemousse\/#primaryimage"},"thumbnailUrl":"https:\/\/cosmeticstoredz.com\/wp-content\/uploads\/2026\/02\/Ajouter-un-titre-2024-08-04T202532.943.png","datePublished":"2026-02-16T08:58:14+00:00","dateModified":"2026-05-02T19:02:29+00:00","breadcrumb":{"@id":"https:\/\/cosmeticstoredz.com\/produit\/neutrogena-gel-nettoyant-150ml-purete-pamplemousse\/#breadcrumb"},"inLanguage":"ar","potentialAction":[{"@type":"ReadAction","target":["https:\/\/cosmeticstoredz.com\/produit\/neutrogena-gel-nettoyant-150ml-purete-pamplemousse\/"]}]},{"@type":"ImageObject","inLanguage":"ar","@id":"https:\/\/cosmeticstoredz.com\/produit\/neutrogena-gel-nettoyant-150ml-purete-pamplemousse\/#primaryimage","url":"https:\/\/cosmeticstoredz.com\/wp-content\/uploads\/2026\/02\/Ajouter-un-titre-2024-08-04T202532.943.png","contentUrl":"https:\/\/cosmeticstoredz.com\/wp-content\/uploads\/2026\/02\/Ajouter-un-titre-2024-08-04T202532.943.png","width":1563,"height":1563},{"@type":"BreadcrumbList","@id":"https:\/\/cosmeticstoredz.com\/produit\/neutrogena-gel-nettoyant-150ml-purete-pamplemousse\/#breadcrumb","itemListElement":[{"@type":"ListItem","position":1,"name":"Accueil","item":"https:\/\/cosmeticstoredz.com\/"},{"@type":"ListItem","position":2,"name":"Boutique","item":"https:\/\/cosmeticstoredz.com\/boutique\/"},{"@type":"ListItem","position":3,"name":"NEUTROGENA GEL NETTOYANT 150ML PURETE PAMPLEMOUSSE"}]},{"@type":"WebSite","@id":"https:\/\/cosmeticstoredz.com\/#website","url":"https:\/\/cosmeticstoredz.com\/","name":"Cosmetic Store","description":"","publisher":{"@id":"https:\/\/cosmeticstoredz.com\/#organization"},"potentialAction":[{"@type":"SearchAction","target":{"@type":"EntryPoint","urlTemplate":"https:\/\/cosmeticstoredz.com\/?s={search_term_string}"},"query-input":{"@type":"PropertyValueSpecification","valueRequired":true,"valueName":"search_term_string"}}],"inLanguage":"ar"},{"@type":"Organization","@id":"https:\/\/cosmeticstoredz.com\/#organization","name":"Cosmetic Store","url":"https:\/\/cosmeticstoredz.com\/","logo":{"@type":"ImageObject","inLanguage":"ar","@id":"https:\/\/cosmeticstoredz.com\/#\/schema\/logo\/image\/","url":"https:\/\/cosmeticstoredz.com\/wp-content\/uploads\/2026\/02\/cropped-LOGO_CS-512x512-1-1-e1771275285345.webp","contentUrl":"https:\/\/cosmeticstoredz.com\/wp-content\/uploads\/2026\/02\/cropped-LOGO_CS-512x512-1-1-e1771275285345.webp","width":265,"height":319,"caption":"Cosmetic Store"},"image":{"@id":"https:\/\/cosmeticstoredz.com\/#\/schema\/logo\/image\/"},"sameAs":["https:\/\/www.facebook.com\/profile.php?id=61564954260683","https:\/\/www.instagram.com\/cosmetic.storedz\/"]}]}},"_links":{"self":[{"href":"https:\/\/cosmeticstoredz.com\/ar\/wp-json\/wp\/v2\/product\/2643","targetHints":{"allow":["GET"]}}],"collection":[{"href":"https:\/\/cosmeticstoredz.com\/ar\/wp-json\/wp\/v2\/product"}],"about":[{"href":"https:\/\/cosmeticstoredz.com\/ar\/wp-json\/wp\/v2\/types\/product"}],"replies":[{"embeddable":true,"href":"https:\/\/cosmeticstoredz.com\/ar\/wp-json\/wp\/v2\/comments?post=2643"}],"version-history":[{"count":1,"href":"https:\/\/cosmeticstoredz.com\/ar\/wp-json\/wp\/v2\/product\/2643\/revisions"}],"predecessor-version":[{"id":2701,"href":"https:\/\/cosmeticstoredz.com\/ar\/wp-json\/wp\/v2\/product\/2643\/revisions\/2701"}],"wp:featuredmedia":[{"embeddable":true,"href":"https:\/\/cosmeticstoredz.com\/ar\/wp-json\/wp\/v2\/media\/2700"}],"wp:attachment":[{"href":"https:\/\/cosmeticstoredz.com\/ar\/wp-json\/wp\/v2\/media?parent=2643"}],"wp:term":[{"taxonomy":"product_brand","embeddable":true,"href":"https:\/\/cosmeticstoredz.com\/ar\/wp-json\/wp\/v2\/product_brand?post=2643"},{"taxonomy":"product_cat","embeddable":true,"href":"https:\/\/cosmeticstoredz.com\/ar\/wp-json\/wp\/v2\/product_cat?post=2643"},{"taxonomy":"product_tag","embeddable":true,"href":"https:\/\/cosmeticstoredz.com\/ar\/wp-json\/wp\/v2\/product_tag?post=2643"}],"curies":[{"name":"wp","href":"https:\/\/api.w.org\/{rel}","templated":true}]}}