{"id":2640,"date":"2026-02-16T08:58:14","date_gmt":"2026-02-16T08:58:14","guid":{"rendered":"https:\/\/test.fitnessworldgym27.com\/?post_type=product&#038;p=2640"},"modified":"2026-05-02T19:02:29","modified_gmt":"2026-05-02T19:02:29","slug":"neutrogena-gel-nettoyant-150ml-skin-detox-exfo","status":"publish","type":"product","link":"https:\/\/cosmeticstoredz.com\/ar\/product\/neutrogena-gel-nettoyant-150ml-skin-detox-exfo\/","title":{"rendered":"NEUTROGENA GEL NETTOYANT 150ML SKIN DETOX EXFO"},"content":{"rendered":"<div class=\"titre_zone_desc\"><strong>DESCRIPTION<\/strong><\/div>\n<div class=\"content_zone_desc tabcontent\">\n<div id=\"type_info_prio_11_1\">\n<p>Neutrogena Skin Detox Exfoliant Purifiant 150 ml est un exfoliant purifiant qui cible sp\u00e9cifiquement tous les types d&rsquo;impuret\u00e9s et les traces de pollution.<\/p>\n<p>Gr\u00e2ce aux microbilles exfoliantes d&rsquo;origine naturelle, \u00e0 l&rsquo;acide glycolique et \u00e0 l&rsquo;acide salicylique, puissant actif purifiant, sa formule lisse la peau et d\u00e9congestionne les pores en \u00e9liminant impuret\u00e9s, exc\u00e8s de s\u00e9bum et maquillage, tout en pr\u00e9servant l&rsquo;\u00e9quilibre de la barri\u00e8re cutan\u00e9e. La peau est douce, purifi\u00e9e en profondeur et \u00e9clatante de sant\u00e9.<\/p>\n<div class=\"titre_zone_desc bloc_depliable_zone_click\">\n<div><strong>CONSEIL D&rsquo;UTILISATION<\/strong><\/div>\n<div><\/div>\n<p class=\"div_arrow_desc\">Appliquer sur visage humide et masser d\u00e9licatement. Rincer abondamment. Eviter le contour des yeux. En cas de contact, rincer abondamment.<\/p>\n<\/div>\n<div class=\"content_zone_desc bloc_depliable_cnt tabcontent cnt_deplie\">\n<div id=\"type_info_prio_6_1\">\n<p><span class=\"bold\">Indication<\/span>\u00a0:\u00a0<span id=\"type_info_prio_6_2_1\">Soin exfoliant visage. Tous types de peaux.<\/span><\/p>\n<div class=\"titre_zone_desc bloc_depliable_zone_click\">\n<div><strong>COMPOSITION<\/strong><\/div>\n<div><\/div>\n<div class=\"div_arrow_desc\">Aqua, Sodium C14-16 Olefin Sulfonate, Cocamidopropyl Hydroxysultaine, Cellulose, Sorbitol, Acrylates Crosspolymer-4, Sodium Hydrolyzed Potato Starch Dodecenylsuccinate, Cera Microcristallina, Salicylic Acid, Disodium Tetrapropenyl Succinate, Menthol, Polysorbate 20, Sodium Chloride, Disodium EDTA, Citric Acid, Glycolic Acid, Sodium Hydroxide, Parfum, CI 77510, CI 42053. [PR-019215].<\/div>\n<\/div>\n<\/div>\n<\/div>\n<\/div>\n<\/div>\n","protected":false},"excerpt":{"rendered":"<p>Neutrogena Skin Detox Exfoliant Purifiant 150 ml est un exfoliant purifiant qui cible sp\u00e9cifiquement tous les types d&rsquo;impuret\u00e9s et les traces de pollution.<\/p>\n<p>&nbsp;<\/p>","protected":false},"featured_media":2694,"comment_status":"open","ping_status":"closed","template":"","meta":[],"product_brand":[],"product_cat":[75,89,241,76],"product_tag":[125],"class_list":{"0":"post-2640","1":"product","2":"type-product","3":"status-publish","4":"has-post-thumbnail","6":"product_cat-femme","7":"product_cat-gel-nettoyant-f-gel-nettoyant-f","8":"product_cat-neutrogena","9":"product_cat-soin-visage-f","10":"product_tag-made-in-france","12":"first","13":"outofstock","14":"shipping-taxable","15":"purchasable","16":"product-type-simple"},"yoast_head":"<!-- This site is optimized with the Yoast SEO plugin v27.3 - https:\/\/yoast.com\/product\/yoast-seo-wordpress\/ -->\n<title>NEUTROGENA GEL NETTOYANT 150ML SKIN DETOX EXFO - Cosmetic Store<\/title>\n<meta name=\"robots\" content=\"index, follow, max-snippet:-1, max-image-preview:large, max-video-preview:-1\" \/>\n<link rel=\"canonical\" href=\"https:\/\/cosmeticstoredz.com\/ar\/product\/neutrogena-gel-nettoyant-150ml-skin-detox-exfo\/\" \/>\n<meta property=\"og:locale\" content=\"ar_AR\" \/>\n<meta property=\"og:type\" content=\"article\" \/>\n<meta property=\"og:title\" content=\"NEUTROGENA GEL NETTOYANT 150ML SKIN DETOX EXFO - Cosmetic Store\" \/>\n<meta property=\"og:description\" content=\"Neutrogena Skin Detox Exfoliant Purifiant 150 ml est un exfoliant purifiant qui cible sp\u00e9cifiquement tous les types d&#039;impuret\u00e9s et les traces de pollution.  &nbsp;\" \/>\n<meta property=\"og:url\" content=\"https:\/\/cosmeticstoredz.com\/ar\/product\/neutrogena-gel-nettoyant-150ml-skin-detox-exfo\/\" \/>\n<meta property=\"og:site_name\" content=\"Cosmetic Store\" \/>\n<meta property=\"article:publisher\" content=\"https:\/\/www.facebook.com\/profile.php?id=61564954260683\" \/>\n<meta property=\"article:modified_time\" content=\"2026-05-02T19:02:29+00:00\" \/>\n<meta property=\"og:image\" content=\"https:\/\/cosmeticstoredz.com\/wp-content\/uploads\/2026\/02\/Ajouter-un-titre-2024-08-05T094619.858.png\" \/>\n\t<meta property=\"og:image:width\" content=\"1563\" \/>\n\t<meta property=\"og:image:height\" content=\"1563\" \/>\n\t<meta property=\"og:image:type\" content=\"image\/png\" \/>\n<meta name=\"twitter:card\" content=\"summary_large_image\" \/>\n<meta name=\"twitter:label1\" content=\"\u0648\u0642\u062a \u0627\u0644\u0642\u0631\u0627\u0621\u0629 \u0627\u0644\u0645\u064f\u0642\u062f\u0651\u0631\" \/>\n\t<meta name=\"twitter:data1\" content=\"\u062f\u0642\u064a\u0642\u0629 \u0648\u0627\u062d\u062f\u0629\" \/>\n<script type=\"application\/ld+json\" class=\"yoast-schema-graph\">{\"@context\":\"https:\\\/\\\/schema.org\",\"@graph\":[{\"@type\":\"WebPage\",\"@id\":\"https:\\\/\\\/cosmeticstoredz.com\\\/produit\\\/neutrogena-gel-nettoyant-150ml-skin-detox-exfo\\\/\",\"url\":\"https:\\\/\\\/cosmeticstoredz.com\\\/produit\\\/neutrogena-gel-nettoyant-150ml-skin-detox-exfo\\\/\",\"name\":\"NEUTROGENA GEL NETTOYANT 150ML SKIN DETOX EXFO - Cosmetic Store\",\"isPartOf\":{\"@id\":\"https:\\\/\\\/cosmeticstoredz.com\\\/#website\"},\"primaryImageOfPage\":{\"@id\":\"https:\\\/\\\/cosmeticstoredz.com\\\/produit\\\/neutrogena-gel-nettoyant-150ml-skin-detox-exfo\\\/#primaryimage\"},\"image\":{\"@id\":\"https:\\\/\\\/cosmeticstoredz.com\\\/produit\\\/neutrogena-gel-nettoyant-150ml-skin-detox-exfo\\\/#primaryimage\"},\"thumbnailUrl\":\"https:\\\/\\\/cosmeticstoredz.com\\\/wp-content\\\/uploads\\\/2026\\\/02\\\/Ajouter-un-titre-2024-08-05T094619.858.png\",\"datePublished\":\"2026-02-16T08:58:14+00:00\",\"dateModified\":\"2026-05-02T19:02:29+00:00\",\"breadcrumb\":{\"@id\":\"https:\\\/\\\/cosmeticstoredz.com\\\/produit\\\/neutrogena-gel-nettoyant-150ml-skin-detox-exfo\\\/#breadcrumb\"},\"inLanguage\":\"ar\",\"potentialAction\":[{\"@type\":\"ReadAction\",\"target\":[\"https:\\\/\\\/cosmeticstoredz.com\\\/produit\\\/neutrogena-gel-nettoyant-150ml-skin-detox-exfo\\\/\"]}]},{\"@type\":\"ImageObject\",\"inLanguage\":\"ar\",\"@id\":\"https:\\\/\\\/cosmeticstoredz.com\\\/produit\\\/neutrogena-gel-nettoyant-150ml-skin-detox-exfo\\\/#primaryimage\",\"url\":\"https:\\\/\\\/cosmeticstoredz.com\\\/wp-content\\\/uploads\\\/2026\\\/02\\\/Ajouter-un-titre-2024-08-05T094619.858.png\",\"contentUrl\":\"https:\\\/\\\/cosmeticstoredz.com\\\/wp-content\\\/uploads\\\/2026\\\/02\\\/Ajouter-un-titre-2024-08-05T094619.858.png\",\"width\":1563,\"height\":1563},{\"@type\":\"BreadcrumbList\",\"@id\":\"https:\\\/\\\/cosmeticstoredz.com\\\/produit\\\/neutrogena-gel-nettoyant-150ml-skin-detox-exfo\\\/#breadcrumb\",\"itemListElement\":[{\"@type\":\"ListItem\",\"position\":1,\"name\":\"Accueil\",\"item\":\"https:\\\/\\\/cosmeticstoredz.com\\\/\"},{\"@type\":\"ListItem\",\"position\":2,\"name\":\"Boutique\",\"item\":\"https:\\\/\\\/cosmeticstoredz.com\\\/boutique\\\/\"},{\"@type\":\"ListItem\",\"position\":3,\"name\":\"NEUTROGENA GEL NETTOYANT 150ML SKIN DETOX EXFO\"}]},{\"@type\":\"WebSite\",\"@id\":\"https:\\\/\\\/cosmeticstoredz.com\\\/#website\",\"url\":\"https:\\\/\\\/cosmeticstoredz.com\\\/\",\"name\":\"Cosmetic Store\",\"description\":\"\",\"publisher\":{\"@id\":\"https:\\\/\\\/cosmeticstoredz.com\\\/#organization\"},\"potentialAction\":[{\"@type\":\"SearchAction\",\"target\":{\"@type\":\"EntryPoint\",\"urlTemplate\":\"https:\\\/\\\/cosmeticstoredz.com\\\/?s={search_term_string}\"},\"query-input\":{\"@type\":\"PropertyValueSpecification\",\"valueRequired\":true,\"valueName\":\"search_term_string\"}}],\"inLanguage\":\"ar\"},{\"@type\":\"Organization\",\"@id\":\"https:\\\/\\\/cosmeticstoredz.com\\\/#organization\",\"name\":\"Cosmetic Store\",\"url\":\"https:\\\/\\\/cosmeticstoredz.com\\\/\",\"logo\":{\"@type\":\"ImageObject\",\"inLanguage\":\"ar\",\"@id\":\"https:\\\/\\\/cosmeticstoredz.com\\\/#\\\/schema\\\/logo\\\/image\\\/\",\"url\":\"https:\\\/\\\/cosmeticstoredz.com\\\/wp-content\\\/uploads\\\/2026\\\/02\\\/cropped-LOGO_CS-512x512-1-1-e1771275285345.webp\",\"contentUrl\":\"https:\\\/\\\/cosmeticstoredz.com\\\/wp-content\\\/uploads\\\/2026\\\/02\\\/cropped-LOGO_CS-512x512-1-1-e1771275285345.webp\",\"width\":265,\"height\":319,\"caption\":\"Cosmetic Store\"},\"image\":{\"@id\":\"https:\\\/\\\/cosmeticstoredz.com\\\/#\\\/schema\\\/logo\\\/image\\\/\"},\"sameAs\":[\"https:\\\/\\\/www.facebook.com\\\/profile.php?id=61564954260683\",\"https:\\\/\\\/www.instagram.com\\\/cosmetic.storedz\\\/\"]}]}<\/script>\n<!-- \/ Yoast SEO plugin. -->","yoast_head_json":{"title":"NEUTROGENA GEL NETTOYANT 150ML SKIN DETOX EXFO - Cosmetic Store","robots":{"index":"index","follow":"follow","max-snippet":"max-snippet:-1","max-image-preview":"max-image-preview:large","max-video-preview":"max-video-preview:-1"},"canonical":"https:\/\/cosmeticstoredz.com\/ar\/product\/neutrogena-gel-nettoyant-150ml-skin-detox-exfo\/","og_locale":"ar_AR","og_type":"article","og_title":"NEUTROGENA GEL NETTOYANT 150ML SKIN DETOX EXFO - Cosmetic Store","og_description":"Neutrogena Skin Detox Exfoliant Purifiant 150 ml est un exfoliant purifiant qui cible sp\u00e9cifiquement tous les types d'impuret\u00e9s et les traces de pollution.  &nbsp;","og_url":"https:\/\/cosmeticstoredz.com\/ar\/product\/neutrogena-gel-nettoyant-150ml-skin-detox-exfo\/","og_site_name":"Cosmetic Store","article_publisher":"https:\/\/www.facebook.com\/profile.php?id=61564954260683","article_modified_time":"2026-05-02T19:02:29+00:00","og_image":[{"width":1563,"height":1563,"url":"https:\/\/cosmeticstoredz.com\/wp-content\/uploads\/2026\/02\/Ajouter-un-titre-2024-08-05T094619.858.png","type":"image\/png"}],"twitter_card":"summary_large_image","twitter_misc":{"\u0648\u0642\u062a \u0627\u0644\u0642\u0631\u0627\u0621\u0629 \u0627\u0644\u0645\u064f\u0642\u062f\u0651\u0631":"\u062f\u0642\u064a\u0642\u0629 \u0648\u0627\u062d\u062f\u0629"},"schema":{"@context":"https:\/\/schema.org","@graph":[{"@type":"WebPage","@id":"https:\/\/cosmeticstoredz.com\/produit\/neutrogena-gel-nettoyant-150ml-skin-detox-exfo\/","url":"https:\/\/cosmeticstoredz.com\/produit\/neutrogena-gel-nettoyant-150ml-skin-detox-exfo\/","name":"NEUTROGENA GEL NETTOYANT 150ML SKIN DETOX EXFO - Cosmetic Store","isPartOf":{"@id":"https:\/\/cosmeticstoredz.com\/#website"},"primaryImageOfPage":{"@id":"https:\/\/cosmeticstoredz.com\/produit\/neutrogena-gel-nettoyant-150ml-skin-detox-exfo\/#primaryimage"},"image":{"@id":"https:\/\/cosmeticstoredz.com\/produit\/neutrogena-gel-nettoyant-150ml-skin-detox-exfo\/#primaryimage"},"thumbnailUrl":"https:\/\/cosmeticstoredz.com\/wp-content\/uploads\/2026\/02\/Ajouter-un-titre-2024-08-05T094619.858.png","datePublished":"2026-02-16T08:58:14+00:00","dateModified":"2026-05-02T19:02:29+00:00","breadcrumb":{"@id":"https:\/\/cosmeticstoredz.com\/produit\/neutrogena-gel-nettoyant-150ml-skin-detox-exfo\/#breadcrumb"},"inLanguage":"ar","potentialAction":[{"@type":"ReadAction","target":["https:\/\/cosmeticstoredz.com\/produit\/neutrogena-gel-nettoyant-150ml-skin-detox-exfo\/"]}]},{"@type":"ImageObject","inLanguage":"ar","@id":"https:\/\/cosmeticstoredz.com\/produit\/neutrogena-gel-nettoyant-150ml-skin-detox-exfo\/#primaryimage","url":"https:\/\/cosmeticstoredz.com\/wp-content\/uploads\/2026\/02\/Ajouter-un-titre-2024-08-05T094619.858.png","contentUrl":"https:\/\/cosmeticstoredz.com\/wp-content\/uploads\/2026\/02\/Ajouter-un-titre-2024-08-05T094619.858.png","width":1563,"height":1563},{"@type":"BreadcrumbList","@id":"https:\/\/cosmeticstoredz.com\/produit\/neutrogena-gel-nettoyant-150ml-skin-detox-exfo\/#breadcrumb","itemListElement":[{"@type":"ListItem","position":1,"name":"Accueil","item":"https:\/\/cosmeticstoredz.com\/"},{"@type":"ListItem","position":2,"name":"Boutique","item":"https:\/\/cosmeticstoredz.com\/boutique\/"},{"@type":"ListItem","position":3,"name":"NEUTROGENA GEL NETTOYANT 150ML SKIN DETOX EXFO"}]},{"@type":"WebSite","@id":"https:\/\/cosmeticstoredz.com\/#website","url":"https:\/\/cosmeticstoredz.com\/","name":"Cosmetic Store","description":"","publisher":{"@id":"https:\/\/cosmeticstoredz.com\/#organization"},"potentialAction":[{"@type":"SearchAction","target":{"@type":"EntryPoint","urlTemplate":"https:\/\/cosmeticstoredz.com\/?s={search_term_string}"},"query-input":{"@type":"PropertyValueSpecification","valueRequired":true,"valueName":"search_term_string"}}],"inLanguage":"ar"},{"@type":"Organization","@id":"https:\/\/cosmeticstoredz.com\/#organization","name":"Cosmetic Store","url":"https:\/\/cosmeticstoredz.com\/","logo":{"@type":"ImageObject","inLanguage":"ar","@id":"https:\/\/cosmeticstoredz.com\/#\/schema\/logo\/image\/","url":"https:\/\/cosmeticstoredz.com\/wp-content\/uploads\/2026\/02\/cropped-LOGO_CS-512x512-1-1-e1771275285345.webp","contentUrl":"https:\/\/cosmeticstoredz.com\/wp-content\/uploads\/2026\/02\/cropped-LOGO_CS-512x512-1-1-e1771275285345.webp","width":265,"height":319,"caption":"Cosmetic Store"},"image":{"@id":"https:\/\/cosmeticstoredz.com\/#\/schema\/logo\/image\/"},"sameAs":["https:\/\/www.facebook.com\/profile.php?id=61564954260683","https:\/\/www.instagram.com\/cosmetic.storedz\/"]}]}},"_links":{"self":[{"href":"https:\/\/cosmeticstoredz.com\/ar\/wp-json\/wp\/v2\/product\/2640","targetHints":{"allow":["GET"]}}],"collection":[{"href":"https:\/\/cosmeticstoredz.com\/ar\/wp-json\/wp\/v2\/product"}],"about":[{"href":"https:\/\/cosmeticstoredz.com\/ar\/wp-json\/wp\/v2\/types\/product"}],"replies":[{"embeddable":true,"href":"https:\/\/cosmeticstoredz.com\/ar\/wp-json\/wp\/v2\/comments?post=2640"}],"version-history":[{"count":1,"href":"https:\/\/cosmeticstoredz.com\/ar\/wp-json\/wp\/v2\/product\/2640\/revisions"}],"predecessor-version":[{"id":2695,"href":"https:\/\/cosmeticstoredz.com\/ar\/wp-json\/wp\/v2\/product\/2640\/revisions\/2695"}],"wp:featuredmedia":[{"embeddable":true,"href":"https:\/\/cosmeticstoredz.com\/ar\/wp-json\/wp\/v2\/media\/2694"}],"wp:attachment":[{"href":"https:\/\/cosmeticstoredz.com\/ar\/wp-json\/wp\/v2\/media?parent=2640"}],"wp:term":[{"taxonomy":"product_brand","embeddable":true,"href":"https:\/\/cosmeticstoredz.com\/ar\/wp-json\/wp\/v2\/product_brand?post=2640"},{"taxonomy":"product_cat","embeddable":true,"href":"https:\/\/cosmeticstoredz.com\/ar\/wp-json\/wp\/v2\/product_cat?post=2640"},{"taxonomy":"product_tag","embeddable":true,"href":"https:\/\/cosmeticstoredz.com\/ar\/wp-json\/wp\/v2\/product_tag?post=2640"}],"curies":[{"name":"wp","href":"https:\/\/api.w.org\/{rel}","templated":true}]}}