{"id":2639,"date":"2026-02-16T08:58:14","date_gmt":"2026-02-16T08:58:14","guid":{"rendered":"https:\/\/test.fitnessworldgym27.com\/?post_type=product&#038;p=2639"},"modified":"2026-05-02T19:02:28","modified_gmt":"2026-05-02T19:02:28","slug":"neutrogena-gel-nettoyant-150ml-anti-brillance-citron","status":"publish","type":"product","link":"https:\/\/cosmeticstoredz.com\/ar\/product\/neutrogena-gel-nettoyant-150ml-anti-brillance-citron\/","title":{"rendered":"NEUTROGENA GEL NETTOYANT 150ML ANTI BRILLANCE CITRON"},"content":{"rendered":"<div class=\"product-content__title\">\n<p class=\"c-text c-text--size-m c-text--style-p c-text--bold\" data-v-66cc25a1=\"\"><strong>Description<\/strong><\/p>\n<\/div>\n<p class=\"c-text c-text--size-m c-text--style-p\" data-v-66cc25a1=\"\">Un teint unifi\u00e9 gr\u00e2ce \u00e0 une double action : une peau matifi\u00e9e et des pores resserr\u00e9s. \u25a0 R\u00e9duit visiblement la brillance : cliniquement prouv\u00e9e, sa formule enl\u00e8ve imm\u00e9diatement 77%* de l&rsquo;exc\u00e8s de s\u00e9bum et procure un effet matifiant longue dur\u00e9e, sans dess\u00e9cher la peau. \u25a0 Aide \u00e0 resserrer les pores : gr\u00e2ce \u00e0 l&rsquo;association de micro-billes exfoliantes et d&rsquo;acide salicylique, sa formule assure un nettoyage en profondeur pour des pores d\u00e9sobstru\u00e9s et un grain de peau visiblement affin\u00e9. Son parfum mandarine et citron vert vous procure une sensation de fra\u00eecheur vivifiante. *mesure au s\u00e9bum\u00e8tre imm\u00e9diatement apr\u00e8s application, valeur moyenne sur 20 sujets.<\/p>\n<div class=\"product-content__title\">\n<p class=\"c-text c-text--size-m c-text--style-p c-text--bold\" data-v-66cc25a1=\"\"><strong>Ingr\u00e9dients et allerg\u00e8nes<\/strong><\/p>\n<\/div>\n<p class=\"c-text c-text--size-m c-text--style-p\" data-v-66cc25a1=\"\">PR-014931,aqua,cetyl alcohol,PPG-15 stearyl ether,hydrogenated castor oil,glycerin,polysorbate 60,salicylic acid,steareth-21,cera microcristallina,citrus aurantifolia fruit extract,citrus tangerina extract,hydrogenated jojoba oil,menthyl lactate,propylene glycol,potassium cetyl phosphate,xanthan gum,BHT,tocopherol,parfum,CI 77289<\/p>","protected":false},"excerpt":{"rendered":"<p>Neutrogena Visibly Clear Shine &amp; Pore Gel Exfoliant Matifiant 150 ml est un gel exfoliant qui aide \u00e0 r\u00e9duire la brillance et \u00e0 resserrer les pores. Ce gel permet d&rsquo;unifier votre teint gr\u00e2ce \u00e0 sa double action :- Aide \u00e0 r\u00e9duire la brillance : la formule qu&rsquo;il contient permet d&rsquo;enlever d\u00e8s son application, 77% de l&rsquo;exc\u00e8s de s\u00e9bum. Il procure ainsi un effet matifiant longue dur\u00e9e, sans sensation de dess\u00e8chement de la peau.- Aide \u00e0 resserrer les pores : sa formule associe des micro-billes exfoliantes et de l&rsquo;acide salicylique. Elle assure un nettoyage de la peau en profondeur afin de d\u00e9sobstruer les pores et d&rsquo;affiner le grain de peau. Ce soin laissera sur votre peau un parfum de mandarine et citron vert, pour une sensation de fra\u00eecheur !<\/p>","protected":false},"featured_media":2692,"comment_status":"closed","ping_status":"closed","template":"","meta":[],"product_brand":[],"product_cat":[75,89,241,76],"product_tag":[125],"class_list":{"0":"post-2639","1":"product","2":"type-product","3":"status-publish","4":"has-post-thumbnail","6":"product_cat-femme","7":"product_cat-gel-nettoyant-f-gel-nettoyant-f","8":"product_cat-neutrogena","9":"product_cat-soin-visage-f","10":"product_tag-made-in-france","12":"first","13":"instock","14":"shipping-taxable","15":"purchasable","16":"product-type-simple"},"yoast_head":"<!-- This site is optimized with the Yoast SEO plugin v27.3 - https:\/\/yoast.com\/product\/yoast-seo-wordpress\/ -->\n<title>NEUTROGENA GEL NETTOYANT 150ML ANTI BRILLANCE CITRON - Cosmetic Store<\/title>\n<meta name=\"robots\" content=\"index, follow, max-snippet:-1, max-image-preview:large, max-video-preview:-1\" \/>\n<link rel=\"canonical\" href=\"https:\/\/cosmeticstoredz.com\/ar\/product\/neutrogena-gel-nettoyant-150ml-anti-brillance-citron\/\" \/>\n<meta property=\"og:locale\" content=\"ar_AR\" \/>\n<meta property=\"og:type\" content=\"article\" \/>\n<meta property=\"og:title\" content=\"NEUTROGENA GEL NETTOYANT 150ML ANTI BRILLANCE CITRON - Cosmetic Store\" \/>\n<meta property=\"og:description\" content=\"Neutrogena Visibly Clear Shine &amp; Pore Gel Exfoliant Matifiant 150 ml est un gel exfoliant qui aide \u00e0 r\u00e9duire la brillance et \u00e0 resserrer les pores. Ce gel permet d&#039;unifier votre teint gr\u00e2ce \u00e0 sa double action :- Aide \u00e0 r\u00e9duire la brillance : la formule qu&#039;il contient permet d&#039;enlever d\u00e8s son application, 77% de l&#039;exc\u00e8s de s\u00e9bum. Il procure ainsi un effet matifiant longue dur\u00e9e, sans sensation de dess\u00e8chement de la peau.- Aide \u00e0 resserrer les pores : sa formule associe des micro-billes exfoliantes et de l&#039;acide salicylique. Elle assure un nettoyage de la peau en profondeur afin de d\u00e9sobstruer les pores et d&#039;affiner le grain de peau. Ce soin laissera sur votre peau un parfum de mandarine et citron vert, pour une sensation de fra\u00eecheur !\" \/>\n<meta property=\"og:url\" content=\"https:\/\/cosmeticstoredz.com\/ar\/product\/neutrogena-gel-nettoyant-150ml-anti-brillance-citron\/\" \/>\n<meta property=\"og:site_name\" content=\"Cosmetic Store\" \/>\n<meta property=\"article:publisher\" content=\"https:\/\/www.facebook.com\/profile.php?id=61564954260683\" \/>\n<meta property=\"article:modified_time\" content=\"2026-05-02T19:02:28+00:00\" \/>\n<meta property=\"og:image\" content=\"https:\/\/cosmeticstoredz.com\/wp-content\/uploads\/2026\/02\/Design-sans-titre-78-2.png\" \/>\n\t<meta property=\"og:image:width\" content=\"1563\" \/>\n\t<meta property=\"og:image:height\" content=\"1563\" \/>\n\t<meta property=\"og:image:type\" content=\"image\/png\" \/>\n<meta name=\"twitter:card\" content=\"summary_large_image\" \/>\n<meta name=\"twitter:label1\" content=\"\u0648\u0642\u062a \u0627\u0644\u0642\u0631\u0627\u0621\u0629 \u0627\u0644\u0645\u064f\u0642\u062f\u0651\u0631\" \/>\n\t<meta name=\"twitter:data1\" content=\"\u062f\u0642\u064a\u0642\u0629 \u0648\u0627\u062d\u062f\u0629\" \/>\n<script type=\"application\/ld+json\" class=\"yoast-schema-graph\">{\"@context\":\"https:\\\/\\\/schema.org\",\"@graph\":[{\"@type\":\"WebPage\",\"@id\":\"https:\\\/\\\/cosmeticstoredz.com\\\/produit\\\/neutrogena-gel-nettoyant-150ml-anti-brillance-citron\\\/\",\"url\":\"https:\\\/\\\/cosmeticstoredz.com\\\/produit\\\/neutrogena-gel-nettoyant-150ml-anti-brillance-citron\\\/\",\"name\":\"NEUTROGENA GEL NETTOYANT 150ML ANTI BRILLANCE CITRON - Cosmetic Store\",\"isPartOf\":{\"@id\":\"https:\\\/\\\/cosmeticstoredz.com\\\/#website\"},\"primaryImageOfPage\":{\"@id\":\"https:\\\/\\\/cosmeticstoredz.com\\\/produit\\\/neutrogena-gel-nettoyant-150ml-anti-brillance-citron\\\/#primaryimage\"},\"image\":{\"@id\":\"https:\\\/\\\/cosmeticstoredz.com\\\/produit\\\/neutrogena-gel-nettoyant-150ml-anti-brillance-citron\\\/#primaryimage\"},\"thumbnailUrl\":\"https:\\\/\\\/cosmeticstoredz.com\\\/wp-content\\\/uploads\\\/2026\\\/02\\\/Design-sans-titre-78-2.png\",\"datePublished\":\"2026-02-16T08:58:14+00:00\",\"dateModified\":\"2026-05-02T19:02:28+00:00\",\"breadcrumb\":{\"@id\":\"https:\\\/\\\/cosmeticstoredz.com\\\/produit\\\/neutrogena-gel-nettoyant-150ml-anti-brillance-citron\\\/#breadcrumb\"},\"inLanguage\":\"ar\",\"potentialAction\":[{\"@type\":\"ReadAction\",\"target\":[\"https:\\\/\\\/cosmeticstoredz.com\\\/produit\\\/neutrogena-gel-nettoyant-150ml-anti-brillance-citron\\\/\"]}]},{\"@type\":\"ImageObject\",\"inLanguage\":\"ar\",\"@id\":\"https:\\\/\\\/cosmeticstoredz.com\\\/produit\\\/neutrogena-gel-nettoyant-150ml-anti-brillance-citron\\\/#primaryimage\",\"url\":\"https:\\\/\\\/cosmeticstoredz.com\\\/wp-content\\\/uploads\\\/2026\\\/02\\\/Design-sans-titre-78-2.png\",\"contentUrl\":\"https:\\\/\\\/cosmeticstoredz.com\\\/wp-content\\\/uploads\\\/2026\\\/02\\\/Design-sans-titre-78-2.png\",\"width\":1563,\"height\":1563},{\"@type\":\"BreadcrumbList\",\"@id\":\"https:\\\/\\\/cosmeticstoredz.com\\\/produit\\\/neutrogena-gel-nettoyant-150ml-anti-brillance-citron\\\/#breadcrumb\",\"itemListElement\":[{\"@type\":\"ListItem\",\"position\":1,\"name\":\"Accueil\",\"item\":\"https:\\\/\\\/cosmeticstoredz.com\\\/\"},{\"@type\":\"ListItem\",\"position\":2,\"name\":\"Boutique\",\"item\":\"https:\\\/\\\/cosmeticstoredz.com\\\/boutique\\\/\"},{\"@type\":\"ListItem\",\"position\":3,\"name\":\"NEUTROGENA GEL NETTOYANT 150ML ANTI BRILLANCE CITRON\"}]},{\"@type\":\"WebSite\",\"@id\":\"https:\\\/\\\/cosmeticstoredz.com\\\/#website\",\"url\":\"https:\\\/\\\/cosmeticstoredz.com\\\/\",\"name\":\"Cosmetic Store\",\"description\":\"\",\"publisher\":{\"@id\":\"https:\\\/\\\/cosmeticstoredz.com\\\/#organization\"},\"potentialAction\":[{\"@type\":\"SearchAction\",\"target\":{\"@type\":\"EntryPoint\",\"urlTemplate\":\"https:\\\/\\\/cosmeticstoredz.com\\\/?s={search_term_string}\"},\"query-input\":{\"@type\":\"PropertyValueSpecification\",\"valueRequired\":true,\"valueName\":\"search_term_string\"}}],\"inLanguage\":\"ar\"},{\"@type\":\"Organization\",\"@id\":\"https:\\\/\\\/cosmeticstoredz.com\\\/#organization\",\"name\":\"Cosmetic Store\",\"url\":\"https:\\\/\\\/cosmeticstoredz.com\\\/\",\"logo\":{\"@type\":\"ImageObject\",\"inLanguage\":\"ar\",\"@id\":\"https:\\\/\\\/cosmeticstoredz.com\\\/#\\\/schema\\\/logo\\\/image\\\/\",\"url\":\"https:\\\/\\\/cosmeticstoredz.com\\\/wp-content\\\/uploads\\\/2026\\\/02\\\/cropped-LOGO_CS-512x512-1-1-e1771275285345.webp\",\"contentUrl\":\"https:\\\/\\\/cosmeticstoredz.com\\\/wp-content\\\/uploads\\\/2026\\\/02\\\/cropped-LOGO_CS-512x512-1-1-e1771275285345.webp\",\"width\":265,\"height\":319,\"caption\":\"Cosmetic Store\"},\"image\":{\"@id\":\"https:\\\/\\\/cosmeticstoredz.com\\\/#\\\/schema\\\/logo\\\/image\\\/\"},\"sameAs\":[\"https:\\\/\\\/www.facebook.com\\\/profile.php?id=61564954260683\",\"https:\\\/\\\/www.instagram.com\\\/cosmetic.storedz\\\/\"]}]}<\/script>\n<!-- \/ Yoast SEO plugin. -->","yoast_head_json":{"title":"NEUTROGENA GEL NETTOYANT 150ML ANTI BRILLANCE CITRON - Cosmetic Store","robots":{"index":"index","follow":"follow","max-snippet":"max-snippet:-1","max-image-preview":"max-image-preview:large","max-video-preview":"max-video-preview:-1"},"canonical":"https:\/\/cosmeticstoredz.com\/ar\/product\/neutrogena-gel-nettoyant-150ml-anti-brillance-citron\/","og_locale":"ar_AR","og_type":"article","og_title":"NEUTROGENA GEL NETTOYANT 150ML ANTI BRILLANCE CITRON - Cosmetic Store","og_description":"Neutrogena Visibly Clear Shine &amp; Pore Gel Exfoliant Matifiant 150 ml est un gel exfoliant qui aide \u00e0 r\u00e9duire la brillance et \u00e0 resserrer les pores. Ce gel permet d'unifier votre teint gr\u00e2ce \u00e0 sa double action :- Aide \u00e0 r\u00e9duire la brillance : la formule qu'il contient permet d'enlever d\u00e8s son application, 77% de l'exc\u00e8s de s\u00e9bum. Il procure ainsi un effet matifiant longue dur\u00e9e, sans sensation de dess\u00e8chement de la peau.- Aide \u00e0 resserrer les pores : sa formule associe des micro-billes exfoliantes et de l'acide salicylique. Elle assure un nettoyage de la peau en profondeur afin de d\u00e9sobstruer les pores et d'affiner le grain de peau. Ce soin laissera sur votre peau un parfum de mandarine et citron vert, pour une sensation de fra\u00eecheur !","og_url":"https:\/\/cosmeticstoredz.com\/ar\/product\/neutrogena-gel-nettoyant-150ml-anti-brillance-citron\/","og_site_name":"Cosmetic Store","article_publisher":"https:\/\/www.facebook.com\/profile.php?id=61564954260683","article_modified_time":"2026-05-02T19:02:28+00:00","og_image":[{"width":1563,"height":1563,"url":"https:\/\/cosmeticstoredz.com\/wp-content\/uploads\/2026\/02\/Design-sans-titre-78-2.png","type":"image\/png"}],"twitter_card":"summary_large_image","twitter_misc":{"\u0648\u0642\u062a \u0627\u0644\u0642\u0631\u0627\u0621\u0629 \u0627\u0644\u0645\u064f\u0642\u062f\u0651\u0631":"\u062f\u0642\u064a\u0642\u0629 \u0648\u0627\u062d\u062f\u0629"},"schema":{"@context":"https:\/\/schema.org","@graph":[{"@type":"WebPage","@id":"https:\/\/cosmeticstoredz.com\/produit\/neutrogena-gel-nettoyant-150ml-anti-brillance-citron\/","url":"https:\/\/cosmeticstoredz.com\/produit\/neutrogena-gel-nettoyant-150ml-anti-brillance-citron\/","name":"NEUTROGENA GEL NETTOYANT 150ML ANTI BRILLANCE CITRON - Cosmetic Store","isPartOf":{"@id":"https:\/\/cosmeticstoredz.com\/#website"},"primaryImageOfPage":{"@id":"https:\/\/cosmeticstoredz.com\/produit\/neutrogena-gel-nettoyant-150ml-anti-brillance-citron\/#primaryimage"},"image":{"@id":"https:\/\/cosmeticstoredz.com\/produit\/neutrogena-gel-nettoyant-150ml-anti-brillance-citron\/#primaryimage"},"thumbnailUrl":"https:\/\/cosmeticstoredz.com\/wp-content\/uploads\/2026\/02\/Design-sans-titre-78-2.png","datePublished":"2026-02-16T08:58:14+00:00","dateModified":"2026-05-02T19:02:28+00:00","breadcrumb":{"@id":"https:\/\/cosmeticstoredz.com\/produit\/neutrogena-gel-nettoyant-150ml-anti-brillance-citron\/#breadcrumb"},"inLanguage":"ar","potentialAction":[{"@type":"ReadAction","target":["https:\/\/cosmeticstoredz.com\/produit\/neutrogena-gel-nettoyant-150ml-anti-brillance-citron\/"]}]},{"@type":"ImageObject","inLanguage":"ar","@id":"https:\/\/cosmeticstoredz.com\/produit\/neutrogena-gel-nettoyant-150ml-anti-brillance-citron\/#primaryimage","url":"https:\/\/cosmeticstoredz.com\/wp-content\/uploads\/2026\/02\/Design-sans-titre-78-2.png","contentUrl":"https:\/\/cosmeticstoredz.com\/wp-content\/uploads\/2026\/02\/Design-sans-titre-78-2.png","width":1563,"height":1563},{"@type":"BreadcrumbList","@id":"https:\/\/cosmeticstoredz.com\/produit\/neutrogena-gel-nettoyant-150ml-anti-brillance-citron\/#breadcrumb","itemListElement":[{"@type":"ListItem","position":1,"name":"Accueil","item":"https:\/\/cosmeticstoredz.com\/"},{"@type":"ListItem","position":2,"name":"Boutique","item":"https:\/\/cosmeticstoredz.com\/boutique\/"},{"@type":"ListItem","position":3,"name":"NEUTROGENA GEL NETTOYANT 150ML ANTI BRILLANCE CITRON"}]},{"@type":"WebSite","@id":"https:\/\/cosmeticstoredz.com\/#website","url":"https:\/\/cosmeticstoredz.com\/","name":"Cosmetic Store","description":"","publisher":{"@id":"https:\/\/cosmeticstoredz.com\/#organization"},"potentialAction":[{"@type":"SearchAction","target":{"@type":"EntryPoint","urlTemplate":"https:\/\/cosmeticstoredz.com\/?s={search_term_string}"},"query-input":{"@type":"PropertyValueSpecification","valueRequired":true,"valueName":"search_term_string"}}],"inLanguage":"ar"},{"@type":"Organization","@id":"https:\/\/cosmeticstoredz.com\/#organization","name":"Cosmetic Store","url":"https:\/\/cosmeticstoredz.com\/","logo":{"@type":"ImageObject","inLanguage":"ar","@id":"https:\/\/cosmeticstoredz.com\/#\/schema\/logo\/image\/","url":"https:\/\/cosmeticstoredz.com\/wp-content\/uploads\/2026\/02\/cropped-LOGO_CS-512x512-1-1-e1771275285345.webp","contentUrl":"https:\/\/cosmeticstoredz.com\/wp-content\/uploads\/2026\/02\/cropped-LOGO_CS-512x512-1-1-e1771275285345.webp","width":265,"height":319,"caption":"Cosmetic Store"},"image":{"@id":"https:\/\/cosmeticstoredz.com\/#\/schema\/logo\/image\/"},"sameAs":["https:\/\/www.facebook.com\/profile.php?id=61564954260683","https:\/\/www.instagram.com\/cosmetic.storedz\/"]}]}},"_links":{"self":[{"href":"https:\/\/cosmeticstoredz.com\/ar\/wp-json\/wp\/v2\/product\/2639","targetHints":{"allow":["GET"]}}],"collection":[{"href":"https:\/\/cosmeticstoredz.com\/ar\/wp-json\/wp\/v2\/product"}],"about":[{"href":"https:\/\/cosmeticstoredz.com\/ar\/wp-json\/wp\/v2\/types\/product"}],"replies":[{"embeddable":true,"href":"https:\/\/cosmeticstoredz.com\/ar\/wp-json\/wp\/v2\/comments?post=2639"}],"version-history":[{"count":1,"href":"https:\/\/cosmeticstoredz.com\/ar\/wp-json\/wp\/v2\/product\/2639\/revisions"}],"predecessor-version":[{"id":2693,"href":"https:\/\/cosmeticstoredz.com\/ar\/wp-json\/wp\/v2\/product\/2639\/revisions\/2693"}],"wp:featuredmedia":[{"embeddable":true,"href":"https:\/\/cosmeticstoredz.com\/ar\/wp-json\/wp\/v2\/media\/2692"}],"wp:attachment":[{"href":"https:\/\/cosmeticstoredz.com\/ar\/wp-json\/wp\/v2\/media?parent=2639"}],"wp:term":[{"taxonomy":"product_brand","embeddable":true,"href":"https:\/\/cosmeticstoredz.com\/ar\/wp-json\/wp\/v2\/product_brand?post=2639"},{"taxonomy":"product_cat","embeddable":true,"href":"https:\/\/cosmeticstoredz.com\/ar\/wp-json\/wp\/v2\/product_cat?post=2639"},{"taxonomy":"product_tag","embeddable":true,"href":"https:\/\/cosmeticstoredz.com\/ar\/wp-json\/wp\/v2\/product_tag?post=2639"}],"curies":[{"name":"wp","href":"https:\/\/api.w.org\/{rel}","templated":true}]}}