{"id":2638,"date":"2026-02-16T08:58:14","date_gmt":"2026-02-16T08:58:14","guid":{"rendered":"https:\/\/test.fitnessworldgym27.com\/?post_type=product&#038;p=2638"},"modified":"2026-03-30T19:27:30","modified_gmt":"2026-03-30T19:27:30","slug":"neutrogena-gel-nettoyant-150ml-anti-points-noir","status":"publish","type":"product","link":"https:\/\/cosmeticstoredz.com\/ar\/product\/neutrogena-gel-nettoyant-150ml-anti-points-noir\/","title":{"rendered":"NEUTROGENA GEL NETTOYANT 150ML ANTI POINTS NOIR"},"content":{"rendered":"<div class=\"product-content__title\">\n<p class=\"c-text c-text--size-m c-text--style-p c-text--bold\" data-v-66cc25a1=\"\"><strong>Description<\/strong><\/p>\n<\/div>\n<p class=\"c-text c-text--size-m c-text--style-p\" data-v-66cc25a1=\"\">D\u00e9sincruste les pores, aide \u00e0 \u00e9liminer les points noirs d\u00e8s la premi\u00e8re utilisation et pr\u00e9vient leur apparition. \u25a0 Aide \u00e0 \u00e9liminer les points noirs existants et pr\u00e9vient leur apparition : gr\u00e2ce \u00e0 des micro-perles exfoliantes d&rsquo;origine naturelle, cette cr\u00e8me exfoliante d\u00e9sincruste les pores pour enlever l&rsquo;exc\u00e8s de s\u00e9bum et les impuret\u00e9s \u00e0 l&rsquo;origine des points noirs. \u25a0 Pour des pores moins visibles : la cr\u00e8me d\u00e9sincrustante purifie la peau et nettoie les pores en profondeur. Utilis\u00e9 quotidiennement, les pores sont r\u00e9duits.<\/p>\n<div class=\"product-content__title\">\n<p class=\"c-text c-text--size-m c-text--style-p c-text--bold\" data-v-66cc25a1=\"\"><strong>Ingr\u00e9dients et allerg\u00e8nes<\/strong><\/p>\n<\/div>\n<p class=\"c-text c-text--size-m c-text--style-p\" data-v-66cc25a1=\"\">PR-014930,aqua,cetyl alcohol,PPG-15 stearyl ether,hydrogenated castor oil,glycerin,polysorbate 60,salicylic acid,steareth-21,hydrogenated jojoba oil,menthyl lactate,neopentyl glycol dicaprylate\/dicaprate,mica,talc,phenethyl alcohol,potassium cetyl phosphate,agar,polyvinyl alcohol,xanthan gum,PPG-2 menthyl ether,BHT,methylisothiazolinone,phenoxyethanol,parfum,hexyl cinnamal,CI 77492,CI 73360,CI 77891,CI 77491<\/p>","protected":false},"excerpt":{"rendered":"<p>Neutrogena Visibly Clear Cr\u00e8me D\u00e9sincrustante Anti-Points Noirs 150 ml est une cr\u00e8me qui d\u00e9loge les points noirs des pores et emp\u00eache leur r\u00e9apparition.<br \/>\nAlliant un puissant actif purifiant, l&rsquo;acide salicylique, \u00e0 des micro-billes exfoliantes de cellulose d&rsquo;origine naturelle, sa formule d\u00e9sincruste les exc\u00e8s de s\u00e9bum et les impuret\u00e9s \u00e0 l&rsquo;origine de la formation des points noirs.<\/p>","protected":false},"featured_media":2678,"comment_status":"open","ping_status":"closed","template":"","meta":[],"product_brand":[],"product_cat":[129,75,89,241,76],"product_tag":[125],"class_list":{"0":"post-2638","1":"product","2":"type-product","3":"status-publish","4":"has-post-thumbnail","6":"product_cat-creme-hydratante-fv","7":"product_cat-femme","8":"product_cat-gel-nettoyant-f-gel-nettoyant-f","9":"product_cat-neutrogena","10":"product_cat-soin-visage-f","11":"product_tag-made-in-france","13":"first","14":"outofstock","15":"shipping-taxable","16":"purchasable","17":"product-type-simple"},"_links":{"self":[{"href":"https:\/\/cosmeticstoredz.com\/ar\/wp-json\/wp\/v2\/product\/2638","targetHints":{"allow":["GET"]}}],"collection":[{"href":"https:\/\/cosmeticstoredz.com\/ar\/wp-json\/wp\/v2\/product"}],"about":[{"href":"https:\/\/cosmeticstoredz.com\/ar\/wp-json\/wp\/v2\/types\/product"}],"replies":[{"embeddable":true,"href":"https:\/\/cosmeticstoredz.com\/ar\/wp-json\/wp\/v2\/comments?post=2638"}],"version-history":[{"count":1,"href":"https:\/\/cosmeticstoredz.com\/ar\/wp-json\/wp\/v2\/product\/2638\/revisions"}],"predecessor-version":[{"id":2679,"href":"https:\/\/cosmeticstoredz.com\/ar\/wp-json\/wp\/v2\/product\/2638\/revisions\/2679"}],"wp:featuredmedia":[{"embeddable":true,"href":"https:\/\/cosmeticstoredz.com\/ar\/wp-json\/wp\/v2\/media\/2678"}],"wp:attachment":[{"href":"https:\/\/cosmeticstoredz.com\/ar\/wp-json\/wp\/v2\/media?parent=2638"}],"wp:term":[{"taxonomy":"product_brand","embeddable":true,"href":"https:\/\/cosmeticstoredz.com\/ar\/wp-json\/wp\/v2\/product_brand?post=2638"},{"taxonomy":"product_cat","embeddable":true,"href":"https:\/\/cosmeticstoredz.com\/ar\/wp-json\/wp\/v2\/product_cat?post=2638"},{"taxonomy":"product_tag","embeddable":true,"href":"https:\/\/cosmeticstoredz.com\/ar\/wp-json\/wp\/v2\/product_tag?post=2638"}],"curies":[{"name":"wp","href":"https:\/\/api.w.org\/{rel}","templated":true}]}}