{"id":2637,"date":"2026-02-16T08:58:14","date_gmt":"2026-02-16T08:58:14","guid":{"rendered":"https:\/\/test.fitnessworldgym27.com\/?post_type=product&#038;p=2637"},"modified":"2026-04-18T19:20:27","modified_gmt":"2026-04-18T19:20:27","slug":"neutrogena-gel-nettiyant-bouteille-oil-balancing","status":"publish","type":"product","link":"https:\/\/cosmeticstoredz.com\/ar\/product\/neutrogena-gel-nettiyant-bouteille-oil-balancing\/","title":{"rendered":"NEUTROGENA GEL NETTIYANT BOUTEILLE OIL BALANCING"},"content":{"rendered":"<p>Le nettoyant pour le visage <strong>Oil Balancing<\/strong> est un nettoyant pour le visage d&rsquo;origine naturelle qui \u00e9limine en profondeur la salet\u00e9, le s\u00e9bum et les cellules mortes de la peau.\u00a0Sans huile et sans alcool, ce nettoyant pour le visage contient une mousse gel nettoyante en profondeur qui ne dess\u00e8che pas votre peau, nettoie en profondeur pour \u00e9quilibrer le s\u00e9bum et combat les futurs boutons d&rsquo;acn\u00e9 avant qu&rsquo;ils n&rsquo;apparaissent.\u00a0Ce nettoyant pour le visage aide \u00e0 r\u00e9duire l&rsquo;huile de surface, nettoie votre peau sans obstruer les pores et aide \u00e0 rendre votre peau saine, lisse et douce en \u00e9liminant les cellules mortes.<\/p>\n<p>Ce nettoyant quotidien pour le visage est compos\u00e9 de citron vert et d&rsquo;aloe vera, qui sont efficacement un nettoyant quotidien pour le visage qui resserre les pores et matifie la peau. Apr\u00e8s une utilisation r\u00e9guli\u00e8re, votre peau sera plus ferme et plus \u00e9lastique.\u00a0Ces sucettes sp\u00e9ciales pour la peau aident \u00e0 pr\u00e9venir les irritations et le dess\u00e8chement excessif.<\/p>\n<p>Il s&rsquo;agit d&rsquo;un gel nettoyant pour le visage l\u00e9ger et hydratant, test\u00e9 par des dermatologues, qui se rince compl\u00e8tement, aidant \u00e0 \u00e9quilibrer la production de s\u00e9bum et laissant la peau fra\u00eeche et propre.\u00a0Ce nettoyant pour le visage nettoie la peau en profondeur, aide \u00e0 maintenir l&rsquo;\u00e9quilibre hydrique naturel de la peau, procure une sensation rafra\u00eechissante et r\u00e9conforte la peau.<\/p>\n<div class=\"bonus-title\"><strong>Ingr\u00e9dients<\/strong><\/div>\n<p>Aqua, glyc\u00e9rine, laureth sulfate de sodium, lauryl glucoside, acrylates\/polym\u00e8re crois\u00e9 d&rsquo;acrylate d&rsquo;alkyle C10-30, jus de feuille d&rsquo;Aloe Barbadensis, jus de Citrus Aurantifolia, propyl\u00e8ne glycol, EDTA disodique, acide citrique, hydroxyde de sodium, sorbate de potassium, sulfite de sodium, benzoate de sodium, Parfums, CI 15985, CI 42090<\/p>\n<div class=\"bonus-title\"><strong>Comment utiliser<\/strong><\/div>\n<div class=\"row bs-margin-bot-20 bs-text-center-sm\">\n<div class=\"col-xl-4 bs-margin-bot-20-sm\">\n<ul>\n<li>Mouillez d\u2019abord votre peau avec beaucoup d\u2019eau ti\u00e8de ou humidifiez une serviette et utilisez-la pour mouiller votre peau.<\/li>\n<\/ul>\n<\/div>\n<div class=\"col-xl-4 bs-margin-bot-20-sm\">\n<ul>\n<li>Utilisez une petite quantit\u00e9 de gel nettoyant pour le visage.\u00a0Appliquez-le sur votre visage et continuez \u00e0 masser en mouvements circulaires pendant quelques secondes.<\/li>\n<\/ul>\n<\/div>\n<div class=\"col-xl-4 bs-margin-bot-20-sm\">\n<ul>\n<li>Rincez \u00e0 l&rsquo;eau ti\u00e8de et utilisez une serviette douce pour s\u00e9cher votre visage.<\/li>\n<\/ul>\n<\/div>\n<\/div>","protected":false},"excerpt":{"rendered":"<p>Neutrogena\u00ae Oil Balancing Facial Wash est un gel sans huile qui nettoie en douceur pour \u00e9quilibrer l&rsquo;huile pour un effet matifiant durable pour laisser votre teint frais et sain, \u00e9liminant les impuret\u00e9s sans laisser de r\u00e9sidus.\u00a0Obtenez simplement une peau plus douce et plus lisse, le nettoyant pour le visage p\u00e9n\u00e8tre en profondeur dans les pores pour dissoudre la salet\u00e9, l&rsquo;huile et le maquillage.\u00a0Ce nettoyant contient du citron vert et de l&rsquo;aloe vera pour p\u00e9n\u00e9trer profond\u00e9ment dans les pores, laissant la peau d&rsquo;une propret\u00e9 rafra\u00eechissante sans obstruer les pores.<\/p>","protected":false},"featured_media":2676,"comment_status":"open","ping_status":"closed","template":"","meta":[],"product_brand":[],"product_cat":[75,89,241,81,76],"product_tag":[125],"class_list":{"0":"post-2637","1":"product","2":"type-product","3":"status-publish","4":"has-post-thumbnail","6":"product_cat-femme","7":"product_cat-gel-nettoyant-f-gel-nettoyant-f","8":"product_cat-neutrogena","9":"product_cat-soin-corps-f","10":"product_cat-soin-visage-f","11":"product_tag-made-in-france","13":"first","14":"outofstock","15":"shipping-taxable","16":"purchasable","17":"product-type-simple"},"yoast_head":"<!-- This site is optimized with the Yoast SEO plugin v27.3 - https:\/\/yoast.com\/product\/yoast-seo-wordpress\/ -->\n<title>NEUTROGENA GEL NETTIYANT BOUTEILLE OIL BALANCING - Cosmetic Store<\/title>\n<meta name=\"robots\" content=\"index, follow, max-snippet:-1, max-image-preview:large, max-video-preview:-1\" \/>\n<link rel=\"canonical\" href=\"https:\/\/cosmeticstoredz.com\/ar\/product\/neutrogena-gel-nettiyant-bouteille-oil-balancing\/\" \/>\n<meta property=\"og:locale\" content=\"ar_AR\" \/>\n<meta property=\"og:type\" content=\"article\" \/>\n<meta property=\"og:title\" content=\"NEUTROGENA GEL NETTIYANT BOUTEILLE OIL BALANCING - Cosmetic Store\" \/>\n<meta property=\"og:description\" content=\"Neutrogena\u00ae Oil Balancing Facial Wash est un gel sans huile qui nettoie en douceur pour \u00e9quilibrer l&#039;huile pour un effet matifiant durable pour laisser votre teint frais et sain, \u00e9liminant les impuret\u00e9s sans laisser de r\u00e9sidus.\u00a0Obtenez simplement une peau plus douce et plus lisse, le nettoyant pour le visage p\u00e9n\u00e8tre en profondeur dans les pores pour dissoudre la salet\u00e9, l&#039;huile et le maquillage.\u00a0Ce nettoyant contient du citron vert et de l&#039;aloe vera pour p\u00e9n\u00e9trer profond\u00e9ment dans les pores, laissant la peau d&#039;une propret\u00e9 rafra\u00eechissante sans obstruer les pores.\" \/>\n<meta property=\"og:url\" content=\"https:\/\/cosmeticstoredz.com\/ar\/product\/neutrogena-gel-nettiyant-bouteille-oil-balancing\/\" \/>\n<meta property=\"og:site_name\" content=\"Cosmetic Store\" \/>\n<meta property=\"article:publisher\" content=\"https:\/\/www.facebook.com\/profile.php?id=61564954260683\" \/>\n<meta property=\"article:modified_time\" content=\"2026-04-18T19:20:27+00:00\" \/>\n<meta property=\"og:image\" content=\"https:\/\/cosmeticstoredz.com\/wp-content\/uploads\/2026\/02\/Ajouter-un-titre-2024-08-04T202012.811.png\" \/>\n\t<meta property=\"og:image:width\" content=\"1563\" \/>\n\t<meta property=\"og:image:height\" content=\"1563\" \/>\n\t<meta property=\"og:image:type\" content=\"image\/png\" \/>\n<meta name=\"twitter:card\" content=\"summary_large_image\" \/>\n<meta name=\"twitter:label1\" content=\"\u0648\u0642\u062a \u0627\u0644\u0642\u0631\u0627\u0621\u0629 \u0627\u0644\u0645\u064f\u0642\u062f\u0651\u0631\" \/>\n\t<meta name=\"twitter:data1\" content=\"\u062f\u0642\u064a\u0642\u062a\u0627\u0646\" \/>\n<script type=\"application\/ld+json\" class=\"yoast-schema-graph\">{\"@context\":\"https:\\\/\\\/schema.org\",\"@graph\":[{\"@type\":\"WebPage\",\"@id\":\"https:\\\/\\\/cosmeticstoredz.com\\\/produit\\\/neutrogena-gel-nettiyant-bouteille-oil-balancing\\\/\",\"url\":\"https:\\\/\\\/cosmeticstoredz.com\\\/produit\\\/neutrogena-gel-nettiyant-bouteille-oil-balancing\\\/\",\"name\":\"NEUTROGENA GEL NETTIYANT BOUTEILLE OIL BALANCING - Cosmetic Store\",\"isPartOf\":{\"@id\":\"https:\\\/\\\/cosmeticstoredz.com\\\/#website\"},\"primaryImageOfPage\":{\"@id\":\"https:\\\/\\\/cosmeticstoredz.com\\\/produit\\\/neutrogena-gel-nettiyant-bouteille-oil-balancing\\\/#primaryimage\"},\"image\":{\"@id\":\"https:\\\/\\\/cosmeticstoredz.com\\\/produit\\\/neutrogena-gel-nettiyant-bouteille-oil-balancing\\\/#primaryimage\"},\"thumbnailUrl\":\"https:\\\/\\\/cosmeticstoredz.com\\\/wp-content\\\/uploads\\\/2026\\\/02\\\/Ajouter-un-titre-2024-08-04T202012.811.png\",\"datePublished\":\"2026-02-16T08:58:14+00:00\",\"dateModified\":\"2026-04-18T19:20:27+00:00\",\"breadcrumb\":{\"@id\":\"https:\\\/\\\/cosmeticstoredz.com\\\/produit\\\/neutrogena-gel-nettiyant-bouteille-oil-balancing\\\/#breadcrumb\"},\"inLanguage\":\"ar\",\"potentialAction\":[{\"@type\":\"ReadAction\",\"target\":[\"https:\\\/\\\/cosmeticstoredz.com\\\/produit\\\/neutrogena-gel-nettiyant-bouteille-oil-balancing\\\/\"]}]},{\"@type\":\"ImageObject\",\"inLanguage\":\"ar\",\"@id\":\"https:\\\/\\\/cosmeticstoredz.com\\\/produit\\\/neutrogena-gel-nettiyant-bouteille-oil-balancing\\\/#primaryimage\",\"url\":\"https:\\\/\\\/cosmeticstoredz.com\\\/wp-content\\\/uploads\\\/2026\\\/02\\\/Ajouter-un-titre-2024-08-04T202012.811.png\",\"contentUrl\":\"https:\\\/\\\/cosmeticstoredz.com\\\/wp-content\\\/uploads\\\/2026\\\/02\\\/Ajouter-un-titre-2024-08-04T202012.811.png\",\"width\":1563,\"height\":1563},{\"@type\":\"BreadcrumbList\",\"@id\":\"https:\\\/\\\/cosmeticstoredz.com\\\/produit\\\/neutrogena-gel-nettiyant-bouteille-oil-balancing\\\/#breadcrumb\",\"itemListElement\":[{\"@type\":\"ListItem\",\"position\":1,\"name\":\"Accueil\",\"item\":\"https:\\\/\\\/cosmeticstoredz.com\\\/\"},{\"@type\":\"ListItem\",\"position\":2,\"name\":\"Boutique\",\"item\":\"https:\\\/\\\/cosmeticstoredz.com\\\/boutique\\\/\"},{\"@type\":\"ListItem\",\"position\":3,\"name\":\"NEUTROGENA GEL NETTIYANT BOUTEILLE OIL BALANCING\"}]},{\"@type\":\"WebSite\",\"@id\":\"https:\\\/\\\/cosmeticstoredz.com\\\/#website\",\"url\":\"https:\\\/\\\/cosmeticstoredz.com\\\/\",\"name\":\"Cosmetic Store\",\"description\":\"\",\"publisher\":{\"@id\":\"https:\\\/\\\/cosmeticstoredz.com\\\/#organization\"},\"potentialAction\":[{\"@type\":\"SearchAction\",\"target\":{\"@type\":\"EntryPoint\",\"urlTemplate\":\"https:\\\/\\\/cosmeticstoredz.com\\\/?s={search_term_string}\"},\"query-input\":{\"@type\":\"PropertyValueSpecification\",\"valueRequired\":true,\"valueName\":\"search_term_string\"}}],\"inLanguage\":\"ar\"},{\"@type\":\"Organization\",\"@id\":\"https:\\\/\\\/cosmeticstoredz.com\\\/#organization\",\"name\":\"Cosmetic Store\",\"url\":\"https:\\\/\\\/cosmeticstoredz.com\\\/\",\"logo\":{\"@type\":\"ImageObject\",\"inLanguage\":\"ar\",\"@id\":\"https:\\\/\\\/cosmeticstoredz.com\\\/#\\\/schema\\\/logo\\\/image\\\/\",\"url\":\"https:\\\/\\\/cosmeticstoredz.com\\\/wp-content\\\/uploads\\\/2026\\\/02\\\/cropped-LOGO_CS-512x512-1-1-e1771275285345.webp\",\"contentUrl\":\"https:\\\/\\\/cosmeticstoredz.com\\\/wp-content\\\/uploads\\\/2026\\\/02\\\/cropped-LOGO_CS-512x512-1-1-e1771275285345.webp\",\"width\":265,\"height\":319,\"caption\":\"Cosmetic Store\"},\"image\":{\"@id\":\"https:\\\/\\\/cosmeticstoredz.com\\\/#\\\/schema\\\/logo\\\/image\\\/\"},\"sameAs\":[\"https:\\\/\\\/www.facebook.com\\\/profile.php?id=61564954260683\",\"https:\\\/\\\/www.instagram.com\\\/cosmetic.storedz\\\/\"]}]}<\/script>\n<!-- \/ Yoast SEO plugin. -->","yoast_head_json":{"title":"NEUTROGENA GEL NETTIYANT BOUTEILLE OIL BALANCING - Cosmetic Store","robots":{"index":"index","follow":"follow","max-snippet":"max-snippet:-1","max-image-preview":"max-image-preview:large","max-video-preview":"max-video-preview:-1"},"canonical":"https:\/\/cosmeticstoredz.com\/ar\/product\/neutrogena-gel-nettiyant-bouteille-oil-balancing\/","og_locale":"ar_AR","og_type":"article","og_title":"NEUTROGENA GEL NETTIYANT BOUTEILLE OIL BALANCING - Cosmetic Store","og_description":"Neutrogena\u00ae Oil Balancing Facial Wash est un gel sans huile qui nettoie en douceur pour \u00e9quilibrer l'huile pour un effet matifiant durable pour laisser votre teint frais et sain, \u00e9liminant les impuret\u00e9s sans laisser de r\u00e9sidus.\u00a0Obtenez simplement une peau plus douce et plus lisse, le nettoyant pour le visage p\u00e9n\u00e8tre en profondeur dans les pores pour dissoudre la salet\u00e9, l'huile et le maquillage.\u00a0Ce nettoyant contient du citron vert et de l'aloe vera pour p\u00e9n\u00e9trer profond\u00e9ment dans les pores, laissant la peau d'une propret\u00e9 rafra\u00eechissante sans obstruer les pores.","og_url":"https:\/\/cosmeticstoredz.com\/ar\/product\/neutrogena-gel-nettiyant-bouteille-oil-balancing\/","og_site_name":"Cosmetic Store","article_publisher":"https:\/\/www.facebook.com\/profile.php?id=61564954260683","article_modified_time":"2026-04-18T19:20:27+00:00","og_image":[{"width":1563,"height":1563,"url":"https:\/\/cosmeticstoredz.com\/wp-content\/uploads\/2026\/02\/Ajouter-un-titre-2024-08-04T202012.811.png","type":"image\/png"}],"twitter_card":"summary_large_image","twitter_misc":{"\u0648\u0642\u062a \u0627\u0644\u0642\u0631\u0627\u0621\u0629 \u0627\u0644\u0645\u064f\u0642\u062f\u0651\u0631":"\u062f\u0642\u064a\u0642\u062a\u0627\u0646"},"schema":{"@context":"https:\/\/schema.org","@graph":[{"@type":"WebPage","@id":"https:\/\/cosmeticstoredz.com\/produit\/neutrogena-gel-nettiyant-bouteille-oil-balancing\/","url":"https:\/\/cosmeticstoredz.com\/produit\/neutrogena-gel-nettiyant-bouteille-oil-balancing\/","name":"NEUTROGENA GEL NETTIYANT BOUTEILLE OIL BALANCING - Cosmetic Store","isPartOf":{"@id":"https:\/\/cosmeticstoredz.com\/#website"},"primaryImageOfPage":{"@id":"https:\/\/cosmeticstoredz.com\/produit\/neutrogena-gel-nettiyant-bouteille-oil-balancing\/#primaryimage"},"image":{"@id":"https:\/\/cosmeticstoredz.com\/produit\/neutrogena-gel-nettiyant-bouteille-oil-balancing\/#primaryimage"},"thumbnailUrl":"https:\/\/cosmeticstoredz.com\/wp-content\/uploads\/2026\/02\/Ajouter-un-titre-2024-08-04T202012.811.png","datePublished":"2026-02-16T08:58:14+00:00","dateModified":"2026-04-18T19:20:27+00:00","breadcrumb":{"@id":"https:\/\/cosmeticstoredz.com\/produit\/neutrogena-gel-nettiyant-bouteille-oil-balancing\/#breadcrumb"},"inLanguage":"ar","potentialAction":[{"@type":"ReadAction","target":["https:\/\/cosmeticstoredz.com\/produit\/neutrogena-gel-nettiyant-bouteille-oil-balancing\/"]}]},{"@type":"ImageObject","inLanguage":"ar","@id":"https:\/\/cosmeticstoredz.com\/produit\/neutrogena-gel-nettiyant-bouteille-oil-balancing\/#primaryimage","url":"https:\/\/cosmeticstoredz.com\/wp-content\/uploads\/2026\/02\/Ajouter-un-titre-2024-08-04T202012.811.png","contentUrl":"https:\/\/cosmeticstoredz.com\/wp-content\/uploads\/2026\/02\/Ajouter-un-titre-2024-08-04T202012.811.png","width":1563,"height":1563},{"@type":"BreadcrumbList","@id":"https:\/\/cosmeticstoredz.com\/produit\/neutrogena-gel-nettiyant-bouteille-oil-balancing\/#breadcrumb","itemListElement":[{"@type":"ListItem","position":1,"name":"Accueil","item":"https:\/\/cosmeticstoredz.com\/"},{"@type":"ListItem","position":2,"name":"Boutique","item":"https:\/\/cosmeticstoredz.com\/boutique\/"},{"@type":"ListItem","position":3,"name":"NEUTROGENA GEL NETTIYANT BOUTEILLE OIL BALANCING"}]},{"@type":"WebSite","@id":"https:\/\/cosmeticstoredz.com\/#website","url":"https:\/\/cosmeticstoredz.com\/","name":"Cosmetic Store","description":"","publisher":{"@id":"https:\/\/cosmeticstoredz.com\/#organization"},"potentialAction":[{"@type":"SearchAction","target":{"@type":"EntryPoint","urlTemplate":"https:\/\/cosmeticstoredz.com\/?s={search_term_string}"},"query-input":{"@type":"PropertyValueSpecification","valueRequired":true,"valueName":"search_term_string"}}],"inLanguage":"ar"},{"@type":"Organization","@id":"https:\/\/cosmeticstoredz.com\/#organization","name":"Cosmetic Store","url":"https:\/\/cosmeticstoredz.com\/","logo":{"@type":"ImageObject","inLanguage":"ar","@id":"https:\/\/cosmeticstoredz.com\/#\/schema\/logo\/image\/","url":"https:\/\/cosmeticstoredz.com\/wp-content\/uploads\/2026\/02\/cropped-LOGO_CS-512x512-1-1-e1771275285345.webp","contentUrl":"https:\/\/cosmeticstoredz.com\/wp-content\/uploads\/2026\/02\/cropped-LOGO_CS-512x512-1-1-e1771275285345.webp","width":265,"height":319,"caption":"Cosmetic Store"},"image":{"@id":"https:\/\/cosmeticstoredz.com\/#\/schema\/logo\/image\/"},"sameAs":["https:\/\/www.facebook.com\/profile.php?id=61564954260683","https:\/\/www.instagram.com\/cosmetic.storedz\/"]}]}},"_links":{"self":[{"href":"https:\/\/cosmeticstoredz.com\/ar\/wp-json\/wp\/v2\/product\/2637","targetHints":{"allow":["GET"]}}],"collection":[{"href":"https:\/\/cosmeticstoredz.com\/ar\/wp-json\/wp\/v2\/product"}],"about":[{"href":"https:\/\/cosmeticstoredz.com\/ar\/wp-json\/wp\/v2\/types\/product"}],"replies":[{"embeddable":true,"href":"https:\/\/cosmeticstoredz.com\/ar\/wp-json\/wp\/v2\/comments?post=2637"}],"version-history":[{"count":1,"href":"https:\/\/cosmeticstoredz.com\/ar\/wp-json\/wp\/v2\/product\/2637\/revisions"}],"predecessor-version":[{"id":2677,"href":"https:\/\/cosmeticstoredz.com\/ar\/wp-json\/wp\/v2\/product\/2637\/revisions\/2677"}],"wp:featuredmedia":[{"embeddable":true,"href":"https:\/\/cosmeticstoredz.com\/ar\/wp-json\/wp\/v2\/media\/2676"}],"wp:attachment":[{"href":"https:\/\/cosmeticstoredz.com\/ar\/wp-json\/wp\/v2\/media?parent=2637"}],"wp:term":[{"taxonomy":"product_brand","embeddable":true,"href":"https:\/\/cosmeticstoredz.com\/ar\/wp-json\/wp\/v2\/product_brand?post=2637"},{"taxonomy":"product_cat","embeddable":true,"href":"https:\/\/cosmeticstoredz.com\/ar\/wp-json\/wp\/v2\/product_cat?post=2637"},{"taxonomy":"product_tag","embeddable":true,"href":"https:\/\/cosmeticstoredz.com\/ar\/wp-json\/wp\/v2\/product_tag?post=2637"}],"curies":[{"name":"wp","href":"https:\/\/api.w.org\/{rel}","templated":true}]}}