{"id":2636,"date":"2026-02-16T08:58:14","date_gmt":"2026-02-16T08:58:14","guid":{"rendered":"https:\/\/test.fitnessworldgym27.com\/?post_type=product&#038;p=2636"},"modified":"2026-05-02T19:02:28","modified_gmt":"2026-05-02T19:02:28","slug":"neutrogena-gel-nettiyant-bouteille-purete-pamplemo","status":"publish","type":"product","link":"https:\/\/cosmeticstoredz.com\/ar\/product\/neutrogena-gel-nettiyant-bouteille-purete-pamplemo\/","title":{"rendered":"NEUTROGENA GEL NETTIYANT BOUTEILLE PURETE PAMPLEMO"},"content":{"rendered":"<div class=\"product-content__title\">\n<p class=\"c-text c-text--size-m c-text--style-p c-text--bold\" data-v-66cc25a1=\"\"><strong>Description<\/strong><\/p>\n<\/div>\n<p class=\"c-text c-text--size-m c-text--style-p\" data-v-66cc25a1=\"\">Un gel nettoyant quotidien rafra\u00eechissant pour un teint frais, net et lumineux jour apr\u00e8s jour. \u25a0 Gr\u00e2ce \u00e0 la technologie unique MicroClear\u00ae, la formule nettoie en profondeur et aide \u00e0 \u00e9liminer les imperfections. \u25a0 Le gel purifie la peau en douceur, sans la dess\u00e9cher, tout en la vivifiant d&rsquo;une vague rafra\u00eechissante de pamplemousse rose.<\/p>\n<div class=\"product-content__title\">\n<p class=\"c-text c-text--size-m c-text--style-p c-text--bold\" data-v-66cc25a1=\"\"><strong>Ingr\u00e9dients et allerg\u00e8nes<\/strong><\/p>\n<p class=\"c-text c-text--size-m c-text--style-p c-text--bold\" data-v-66cc25a1=\"\">PR-015653,aqua,sodium laureth sulfate,propylene glycol,lauryl glucoside ,cocamidopropyl betaine,sodium lauroamphoacetate,PEG-120 methyl glucose dioleate,salicylic acid,citrus grandis fruit extract,C12-15 alkyl lactate,cocamidopropyl PG-dimonium chloride phosphate,benzalkonium chloride,sodium benzotriazolyl butylphenol sulfonate,sodium chloride,polysorbate 20,disodium EDTA,lactic acid,sodium citrate,citric acid,tocopherol,parfum,CI 16035,CI 60725<\/p>\n<div class=\"titre_zone_desc bloc_depliable_zone_click\">\n<div><strong>Conseil d&rsquo;utilisation\u00a0<\/strong><\/div>\n<div><\/div>\n<div class=\"div_arrow_desc\">Appliquer matin et soir sur visage humide et masser d\u00e9licatement. Rincer abondamment. \u00c9viter le contact avec les yeux. En cas de contact avec les yeux, rincer abondamment \u00e0 l&rsquo;eau.<\/div>\n<\/div>\n<\/div>","protected":false},"excerpt":{"rendered":"<p>Neutrogena Puret\u00e9 Pamplemousse Gel Nettoyant 200 ml est un soin qui aide \u00e0 r\u00e9duire les imperfections et purifie la peau. Il purifie la peau et r\u00e9duit les imperfections. La peau est nette et purifi\u00e9e, \u00e9clatante de sant\u00e9. Sa formule non grasse purifie la peau en profondeur, sans la dess\u00e9cher.<\/p>","protected":false},"featured_media":2674,"comment_status":"closed","ping_status":"closed","template":"","meta":[],"product_brand":[],"product_cat":[75,89,241,81,76],"product_tag":[125],"class_list":{"0":"post-2636","1":"product","2":"type-product","3":"status-publish","4":"has-post-thumbnail","6":"product_cat-femme","7":"product_cat-gel-nettoyant-f-gel-nettoyant-f","8":"product_cat-neutrogena","9":"product_cat-soin-corps-f","10":"product_cat-soin-visage-f","11":"product_tag-made-in-france","13":"first","14":"outofstock","15":"shipping-taxable","16":"purchasable","17":"product-type-simple"},"yoast_head":"<!-- This site is optimized with the Yoast SEO plugin v27.3 - https:\/\/yoast.com\/product\/yoast-seo-wordpress\/ -->\n<title>NEUTROGENA GEL NETTIYANT BOUTEILLE PURETE PAMPLEMO - Cosmetic Store<\/title>\n<meta name=\"robots\" content=\"index, follow, max-snippet:-1, max-image-preview:large, max-video-preview:-1\" \/>\n<link rel=\"canonical\" href=\"https:\/\/cosmeticstoredz.com\/ar\/product\/neutrogena-gel-nettiyant-bouteille-purete-pamplemo\/\" \/>\n<meta property=\"og:locale\" content=\"ar_AR\" \/>\n<meta property=\"og:type\" content=\"article\" \/>\n<meta property=\"og:title\" content=\"NEUTROGENA GEL NETTIYANT BOUTEILLE PURETE PAMPLEMO - Cosmetic Store\" \/>\n<meta property=\"og:description\" content=\"Neutrogena Puret\u00e9 Pamplemousse Gel Nettoyant 200 ml est un soin qui aide \u00e0 r\u00e9duire les imperfections et purifie la peau. Il purifie la peau et r\u00e9duit les imperfections. La peau est nette et purifi\u00e9e, \u00e9clatante de sant\u00e9. Sa formule non grasse purifie la peau en profondeur, sans la dess\u00e9cher.\" \/>\n<meta property=\"og:url\" content=\"https:\/\/cosmeticstoredz.com\/ar\/product\/neutrogena-gel-nettiyant-bouteille-purete-pamplemo\/\" \/>\n<meta property=\"og:site_name\" content=\"Cosmetic Store\" \/>\n<meta property=\"article:publisher\" content=\"https:\/\/www.facebook.com\/profile.php?id=61564954260683\" \/>\n<meta property=\"article:modified_time\" content=\"2026-05-02T19:02:28+00:00\" \/>\n<meta property=\"og:image\" content=\"https:\/\/cosmeticstoredz.com\/wp-content\/uploads\/2026\/02\/Design-sans-titre-76-2.png\" \/>\n\t<meta property=\"og:image:width\" content=\"1563\" \/>\n\t<meta property=\"og:image:height\" content=\"1563\" \/>\n\t<meta property=\"og:image:type\" content=\"image\/png\" \/>\n<meta name=\"twitter:card\" content=\"summary_large_image\" \/>\n<meta name=\"twitter:label1\" content=\"\u0648\u0642\u062a \u0627\u0644\u0642\u0631\u0627\u0621\u0629 \u0627\u0644\u0645\u064f\u0642\u062f\u0651\u0631\" \/>\n\t<meta name=\"twitter:data1\" content=\"\u062f\u0642\u064a\u0642\u0629 \u0648\u0627\u062d\u062f\u0629\" \/>\n<script type=\"application\/ld+json\" class=\"yoast-schema-graph\">{\"@context\":\"https:\\\/\\\/schema.org\",\"@graph\":[{\"@type\":\"WebPage\",\"@id\":\"https:\\\/\\\/cosmeticstoredz.com\\\/produit\\\/neutrogena-gel-nettiyant-bouteille-purete-pamplemo\\\/\",\"url\":\"https:\\\/\\\/cosmeticstoredz.com\\\/produit\\\/neutrogena-gel-nettiyant-bouteille-purete-pamplemo\\\/\",\"name\":\"NEUTROGENA GEL NETTIYANT BOUTEILLE PURETE PAMPLEMO - Cosmetic Store\",\"isPartOf\":{\"@id\":\"https:\\\/\\\/cosmeticstoredz.com\\\/#website\"},\"primaryImageOfPage\":{\"@id\":\"https:\\\/\\\/cosmeticstoredz.com\\\/produit\\\/neutrogena-gel-nettiyant-bouteille-purete-pamplemo\\\/#primaryimage\"},\"image\":{\"@id\":\"https:\\\/\\\/cosmeticstoredz.com\\\/produit\\\/neutrogena-gel-nettiyant-bouteille-purete-pamplemo\\\/#primaryimage\"},\"thumbnailUrl\":\"https:\\\/\\\/cosmeticstoredz.com\\\/wp-content\\\/uploads\\\/2026\\\/02\\\/Design-sans-titre-76-2.png\",\"datePublished\":\"2026-02-16T08:58:14+00:00\",\"dateModified\":\"2026-05-02T19:02:28+00:00\",\"breadcrumb\":{\"@id\":\"https:\\\/\\\/cosmeticstoredz.com\\\/produit\\\/neutrogena-gel-nettiyant-bouteille-purete-pamplemo\\\/#breadcrumb\"},\"inLanguage\":\"ar\",\"potentialAction\":[{\"@type\":\"ReadAction\",\"target\":[\"https:\\\/\\\/cosmeticstoredz.com\\\/produit\\\/neutrogena-gel-nettiyant-bouteille-purete-pamplemo\\\/\"]}]},{\"@type\":\"ImageObject\",\"inLanguage\":\"ar\",\"@id\":\"https:\\\/\\\/cosmeticstoredz.com\\\/produit\\\/neutrogena-gel-nettiyant-bouteille-purete-pamplemo\\\/#primaryimage\",\"url\":\"https:\\\/\\\/cosmeticstoredz.com\\\/wp-content\\\/uploads\\\/2026\\\/02\\\/Design-sans-titre-76-2.png\",\"contentUrl\":\"https:\\\/\\\/cosmeticstoredz.com\\\/wp-content\\\/uploads\\\/2026\\\/02\\\/Design-sans-titre-76-2.png\",\"width\":1563,\"height\":1563},{\"@type\":\"BreadcrumbList\",\"@id\":\"https:\\\/\\\/cosmeticstoredz.com\\\/produit\\\/neutrogena-gel-nettiyant-bouteille-purete-pamplemo\\\/#breadcrumb\",\"itemListElement\":[{\"@type\":\"ListItem\",\"position\":1,\"name\":\"Accueil\",\"item\":\"https:\\\/\\\/cosmeticstoredz.com\\\/\"},{\"@type\":\"ListItem\",\"position\":2,\"name\":\"Boutique\",\"item\":\"https:\\\/\\\/cosmeticstoredz.com\\\/boutique\\\/\"},{\"@type\":\"ListItem\",\"position\":3,\"name\":\"NEUTROGENA GEL NETTIYANT BOUTEILLE PURETE PAMPLEMO\"}]},{\"@type\":\"WebSite\",\"@id\":\"https:\\\/\\\/cosmeticstoredz.com\\\/#website\",\"url\":\"https:\\\/\\\/cosmeticstoredz.com\\\/\",\"name\":\"Cosmetic Store\",\"description\":\"\",\"publisher\":{\"@id\":\"https:\\\/\\\/cosmeticstoredz.com\\\/#organization\"},\"potentialAction\":[{\"@type\":\"SearchAction\",\"target\":{\"@type\":\"EntryPoint\",\"urlTemplate\":\"https:\\\/\\\/cosmeticstoredz.com\\\/?s={search_term_string}\"},\"query-input\":{\"@type\":\"PropertyValueSpecification\",\"valueRequired\":true,\"valueName\":\"search_term_string\"}}],\"inLanguage\":\"ar\"},{\"@type\":\"Organization\",\"@id\":\"https:\\\/\\\/cosmeticstoredz.com\\\/#organization\",\"name\":\"Cosmetic Store\",\"url\":\"https:\\\/\\\/cosmeticstoredz.com\\\/\",\"logo\":{\"@type\":\"ImageObject\",\"inLanguage\":\"ar\",\"@id\":\"https:\\\/\\\/cosmeticstoredz.com\\\/#\\\/schema\\\/logo\\\/image\\\/\",\"url\":\"https:\\\/\\\/cosmeticstoredz.com\\\/wp-content\\\/uploads\\\/2026\\\/02\\\/cropped-LOGO_CS-512x512-1-1-e1771275285345.webp\",\"contentUrl\":\"https:\\\/\\\/cosmeticstoredz.com\\\/wp-content\\\/uploads\\\/2026\\\/02\\\/cropped-LOGO_CS-512x512-1-1-e1771275285345.webp\",\"width\":265,\"height\":319,\"caption\":\"Cosmetic Store\"},\"image\":{\"@id\":\"https:\\\/\\\/cosmeticstoredz.com\\\/#\\\/schema\\\/logo\\\/image\\\/\"},\"sameAs\":[\"https:\\\/\\\/www.facebook.com\\\/profile.php?id=61564954260683\",\"https:\\\/\\\/www.instagram.com\\\/cosmetic.storedz\\\/\"]}]}<\/script>\n<!-- \/ Yoast SEO plugin. -->","yoast_head_json":{"title":"NEUTROGENA GEL NETTIYANT BOUTEILLE PURETE PAMPLEMO - Cosmetic Store","robots":{"index":"index","follow":"follow","max-snippet":"max-snippet:-1","max-image-preview":"max-image-preview:large","max-video-preview":"max-video-preview:-1"},"canonical":"https:\/\/cosmeticstoredz.com\/ar\/product\/neutrogena-gel-nettiyant-bouteille-purete-pamplemo\/","og_locale":"ar_AR","og_type":"article","og_title":"NEUTROGENA GEL NETTIYANT BOUTEILLE PURETE PAMPLEMO - Cosmetic Store","og_description":"Neutrogena Puret\u00e9 Pamplemousse Gel Nettoyant 200 ml est un soin qui aide \u00e0 r\u00e9duire les imperfections et purifie la peau. Il purifie la peau et r\u00e9duit les imperfections. La peau est nette et purifi\u00e9e, \u00e9clatante de sant\u00e9. Sa formule non grasse purifie la peau en profondeur, sans la dess\u00e9cher.","og_url":"https:\/\/cosmeticstoredz.com\/ar\/product\/neutrogena-gel-nettiyant-bouteille-purete-pamplemo\/","og_site_name":"Cosmetic Store","article_publisher":"https:\/\/www.facebook.com\/profile.php?id=61564954260683","article_modified_time":"2026-05-02T19:02:28+00:00","og_image":[{"width":1563,"height":1563,"url":"https:\/\/cosmeticstoredz.com\/wp-content\/uploads\/2026\/02\/Design-sans-titre-76-2.png","type":"image\/png"}],"twitter_card":"summary_large_image","twitter_misc":{"\u0648\u0642\u062a \u0627\u0644\u0642\u0631\u0627\u0621\u0629 \u0627\u0644\u0645\u064f\u0642\u062f\u0651\u0631":"\u062f\u0642\u064a\u0642\u0629 \u0648\u0627\u062d\u062f\u0629"},"schema":{"@context":"https:\/\/schema.org","@graph":[{"@type":"WebPage","@id":"https:\/\/cosmeticstoredz.com\/produit\/neutrogena-gel-nettiyant-bouteille-purete-pamplemo\/","url":"https:\/\/cosmeticstoredz.com\/produit\/neutrogena-gel-nettiyant-bouteille-purete-pamplemo\/","name":"NEUTROGENA GEL NETTIYANT BOUTEILLE PURETE PAMPLEMO - Cosmetic Store","isPartOf":{"@id":"https:\/\/cosmeticstoredz.com\/#website"},"primaryImageOfPage":{"@id":"https:\/\/cosmeticstoredz.com\/produit\/neutrogena-gel-nettiyant-bouteille-purete-pamplemo\/#primaryimage"},"image":{"@id":"https:\/\/cosmeticstoredz.com\/produit\/neutrogena-gel-nettiyant-bouteille-purete-pamplemo\/#primaryimage"},"thumbnailUrl":"https:\/\/cosmeticstoredz.com\/wp-content\/uploads\/2026\/02\/Design-sans-titre-76-2.png","datePublished":"2026-02-16T08:58:14+00:00","dateModified":"2026-05-02T19:02:28+00:00","breadcrumb":{"@id":"https:\/\/cosmeticstoredz.com\/produit\/neutrogena-gel-nettiyant-bouteille-purete-pamplemo\/#breadcrumb"},"inLanguage":"ar","potentialAction":[{"@type":"ReadAction","target":["https:\/\/cosmeticstoredz.com\/produit\/neutrogena-gel-nettiyant-bouteille-purete-pamplemo\/"]}]},{"@type":"ImageObject","inLanguage":"ar","@id":"https:\/\/cosmeticstoredz.com\/produit\/neutrogena-gel-nettiyant-bouteille-purete-pamplemo\/#primaryimage","url":"https:\/\/cosmeticstoredz.com\/wp-content\/uploads\/2026\/02\/Design-sans-titre-76-2.png","contentUrl":"https:\/\/cosmeticstoredz.com\/wp-content\/uploads\/2026\/02\/Design-sans-titre-76-2.png","width":1563,"height":1563},{"@type":"BreadcrumbList","@id":"https:\/\/cosmeticstoredz.com\/produit\/neutrogena-gel-nettiyant-bouteille-purete-pamplemo\/#breadcrumb","itemListElement":[{"@type":"ListItem","position":1,"name":"Accueil","item":"https:\/\/cosmeticstoredz.com\/"},{"@type":"ListItem","position":2,"name":"Boutique","item":"https:\/\/cosmeticstoredz.com\/boutique\/"},{"@type":"ListItem","position":3,"name":"NEUTROGENA GEL NETTIYANT BOUTEILLE PURETE PAMPLEMO"}]},{"@type":"WebSite","@id":"https:\/\/cosmeticstoredz.com\/#website","url":"https:\/\/cosmeticstoredz.com\/","name":"Cosmetic Store","description":"","publisher":{"@id":"https:\/\/cosmeticstoredz.com\/#organization"},"potentialAction":[{"@type":"SearchAction","target":{"@type":"EntryPoint","urlTemplate":"https:\/\/cosmeticstoredz.com\/?s={search_term_string}"},"query-input":{"@type":"PropertyValueSpecification","valueRequired":true,"valueName":"search_term_string"}}],"inLanguage":"ar"},{"@type":"Organization","@id":"https:\/\/cosmeticstoredz.com\/#organization","name":"Cosmetic Store","url":"https:\/\/cosmeticstoredz.com\/","logo":{"@type":"ImageObject","inLanguage":"ar","@id":"https:\/\/cosmeticstoredz.com\/#\/schema\/logo\/image\/","url":"https:\/\/cosmeticstoredz.com\/wp-content\/uploads\/2026\/02\/cropped-LOGO_CS-512x512-1-1-e1771275285345.webp","contentUrl":"https:\/\/cosmeticstoredz.com\/wp-content\/uploads\/2026\/02\/cropped-LOGO_CS-512x512-1-1-e1771275285345.webp","width":265,"height":319,"caption":"Cosmetic Store"},"image":{"@id":"https:\/\/cosmeticstoredz.com\/#\/schema\/logo\/image\/"},"sameAs":["https:\/\/www.facebook.com\/profile.php?id=61564954260683","https:\/\/www.instagram.com\/cosmetic.storedz\/"]}]}},"_links":{"self":[{"href":"https:\/\/cosmeticstoredz.com\/ar\/wp-json\/wp\/v2\/product\/2636","targetHints":{"allow":["GET"]}}],"collection":[{"href":"https:\/\/cosmeticstoredz.com\/ar\/wp-json\/wp\/v2\/product"}],"about":[{"href":"https:\/\/cosmeticstoredz.com\/ar\/wp-json\/wp\/v2\/types\/product"}],"replies":[{"embeddable":true,"href":"https:\/\/cosmeticstoredz.com\/ar\/wp-json\/wp\/v2\/comments?post=2636"}],"version-history":[{"count":1,"href":"https:\/\/cosmeticstoredz.com\/ar\/wp-json\/wp\/v2\/product\/2636\/revisions"}],"predecessor-version":[{"id":2675,"href":"https:\/\/cosmeticstoredz.com\/ar\/wp-json\/wp\/v2\/product\/2636\/revisions\/2675"}],"wp:featuredmedia":[{"embeddable":true,"href":"https:\/\/cosmeticstoredz.com\/ar\/wp-json\/wp\/v2\/media\/2674"}],"wp:attachment":[{"href":"https:\/\/cosmeticstoredz.com\/ar\/wp-json\/wp\/v2\/media?parent=2636"}],"wp:term":[{"taxonomy":"product_brand","embeddable":true,"href":"https:\/\/cosmeticstoredz.com\/ar\/wp-json\/wp\/v2\/product_brand?post=2636"},{"taxonomy":"product_cat","embeddable":true,"href":"https:\/\/cosmeticstoredz.com\/ar\/wp-json\/wp\/v2\/product_cat?post=2636"},{"taxonomy":"product_tag","embeddable":true,"href":"https:\/\/cosmeticstoredz.com\/ar\/wp-json\/wp\/v2\/product_tag?post=2636"}],"curies":[{"name":"wp","href":"https:\/\/api.w.org\/{rel}","templated":true}]}}