{"id":2635,"date":"2026-02-16T08:58:14","date_gmt":"2026-02-16T08:58:14","guid":{"rendered":"https:\/\/test.fitnessworldgym27.com\/?post_type=product&#038;p=2635"},"modified":"2026-04-18T19:23:49","modified_gmt":"2026-04-18T19:23:49","slug":"neutrogena-gel-nett-curcuma-clear","status":"publish","type":"product","link":"https:\/\/cosmeticstoredz.com\/ar\/product\/neutrogena-gel-nett-curcuma-clear\/","title":{"rendered":"NEUTROGENA GEL NETT CURCUMA CLEAR"},"content":{"rendered":"<p><strong>Description<\/strong><\/p>\n<div class=\"p-details__content --wysiwyg\">\n<p>Le gel d\u00e9maquillant 3 en 1 apaisant Curcuma Clear \u00e0 technologie micellaire \u00e9limine la salet\u00e9 et le maquillage de votre peau, sans effort.\u00a0M\u00eame le maquillage waterproof !<\/p>\n<p>La formule sans huile est enrichie en curcuma mais le produit ne tache pas.\u00a0Le gel apaise la peau stress\u00e9e et aide \u00e0 pr\u00e9venir les \u00e9ruptions cutan\u00e9es.\u00a0Les peaux s\u00e8ches et sensibles ainsi que les peaux mixtes b\u00e9n\u00e9ficient \u00e9galement de la formulation douce.\u00a0Sans obstruer vos pores, le gel nettoyant laisse votre peau agr\u00e9able et souple.<\/p>\n<p><strong>Conseils<\/strong><\/p>\n<p>Appliquer sur la peau humide du visage et \u00e9taler d\u00e9licatement.\u00a0Rincez ensuite abondamment \u00e0 l&rsquo;eau. Eviter tout contact avec les yeux et rincer abondamment \u00e0 l&rsquo;eau si n\u00e9cessaire .<\/p>\n<p><strong>Ingr\u00e9dients\u00a0<\/strong><\/p>\n<div class=\"p-details__content\">\n<div class=\"product-ingredients inci\">\n<ul>\n<li>aqua (eau)<\/li>\n<li>glyc\u00e9rine<\/li>\n<li>butyl\u00e8neglycol<\/li>\n<li>polysorbate 20<\/li>\n<li>extrait de curcuma longa<\/li>\n<li>caprylylglycol<\/li>\n<li>poloxam\u00e8re 188<\/li>\n<li>acrylates\/polym\u00e8re crois\u00e9 d&rsquo;acrylate d&rsquo;alkyle en c10-30<\/li>\n<li>EDTA disodique<\/li>\n<li>hydroxyde de sodium<\/li>\n<li>bht<\/li>\n<li>ph\u00e9noxy\u00e9thanol<\/li>\n<li>chlorph\u00e9n\u00e9sine<\/li>\n<li>parfum (parfum)<\/li>\n<li>limon\u00e8ne<\/li>\n<li>eug\u00e9nol<\/li>\n<li>benzoate de benzyle<\/li>\n<li>g\u00e9raniol<\/li>\n<li>ci 15985 (jaune 6)<\/li>\n<\/ul>\n<\/div>\n<\/div>\n<\/div>","protected":false},"excerpt":{"rendered":"<p>Cr\u00e8me hydratante apaisante Neutrogena Curcuma Clear\u00a0: Le curcuma est appr\u00e9ci\u00e9 pour ses propri\u00e9t\u00e9s antioxydantes et apaisantes. Cet hydratant sans huile \u00e0 absorption rapide, au curcuma doux pour la peau, procure une hydratation instantan\u00e9e pour reconstituer les niveaux d&rsquo;hydratation de la peau. En m\u00eame temps, il apaise les peaux stress\u00e9es et sujettes aux impuret\u00e9s. Il chouchoute la peau et lui donne une apparence souple et saine. Particuli\u00e8rement adapt\u00e9 aux peaux sensibles \u00e0 tendance impure, aux peaux mixtes ou aux peaux s\u00e8ches. Ne tache pas, n&rsquo;obstrue pas les pores et ne laisse pas de r\u00e9sidus collants.<\/p>","protected":false},"featured_media":2672,"comment_status":"open","ping_status":"closed","template":"","meta":[],"product_brand":[],"product_cat":[75,89,241,81,76],"product_tag":[125],"class_list":{"0":"post-2635","1":"product","2":"type-product","3":"status-publish","4":"has-post-thumbnail","6":"product_cat-femme","7":"product_cat-gel-nettoyant-f-gel-nettoyant-f","8":"product_cat-neutrogena","9":"product_cat-soin-corps-f","10":"product_cat-soin-visage-f","11":"product_tag-made-in-france","13":"first","14":"outofstock","15":"shipping-taxable","16":"purchasable","17":"product-type-simple"},"yoast_head":"<!-- This site is optimized with the Yoast SEO plugin v27.3 - https:\/\/yoast.com\/product\/yoast-seo-wordpress\/ -->\n<title>NEUTROGENA GEL NETT CURCUMA CLEAR - Cosmetic Store<\/title>\n<meta name=\"robots\" content=\"index, follow, max-snippet:-1, max-image-preview:large, max-video-preview:-1\" \/>\n<link rel=\"canonical\" href=\"https:\/\/cosmeticstoredz.com\/ar\/product\/neutrogena-gel-nett-curcuma-clear\/\" \/>\n<meta property=\"og:locale\" content=\"ar_AR\" \/>\n<meta property=\"og:type\" content=\"article\" \/>\n<meta property=\"og:title\" content=\"NEUTROGENA GEL NETT CURCUMA CLEAR - Cosmetic Store\" \/>\n<meta property=\"og:description\" content=\"Cr\u00e8me hydratante apaisante Neutrogena Curcuma Clear\u00a0: Le curcuma est appr\u00e9ci\u00e9 pour ses propri\u00e9t\u00e9s antioxydantes et apaisantes. Cet hydratant sans huile \u00e0 absorption rapide, au curcuma doux pour la peau, procure une hydratation instantan\u00e9e pour reconstituer les niveaux d&#039;hydratation de la peau. En m\u00eame temps, il apaise les peaux stress\u00e9es et sujettes aux impuret\u00e9s. Il chouchoute la peau et lui donne une apparence souple et saine. Particuli\u00e8rement adapt\u00e9 aux peaux sensibles \u00e0 tendance impure, aux peaux mixtes ou aux peaux s\u00e8ches. Ne tache pas, n&#039;obstrue pas les pores et ne laisse pas de r\u00e9sidus collants.\" \/>\n<meta property=\"og:url\" content=\"https:\/\/cosmeticstoredz.com\/ar\/product\/neutrogena-gel-nett-curcuma-clear\/\" \/>\n<meta property=\"og:site_name\" content=\"Cosmetic Store\" \/>\n<meta property=\"article:publisher\" content=\"https:\/\/www.facebook.com\/profile.php?id=61564954260683\" \/>\n<meta property=\"article:modified_time\" content=\"2026-04-18T19:23:49+00:00\" \/>\n<meta property=\"og:image\" content=\"https:\/\/cosmeticstoredz.com\/wp-content\/uploads\/2026\/02\/Ajouter-un-titre-2024-08-04T195910.894.png\" \/>\n\t<meta property=\"og:image:width\" content=\"1563\" \/>\n\t<meta property=\"og:image:height\" content=\"1563\" \/>\n\t<meta property=\"og:image:type\" content=\"image\/png\" \/>\n<meta name=\"twitter:card\" content=\"summary_large_image\" \/>\n<meta name=\"twitter:label1\" content=\"\u0648\u0642\u062a \u0627\u0644\u0642\u0631\u0627\u0621\u0629 \u0627\u0644\u0645\u064f\u0642\u062f\u0651\u0631\" \/>\n\t<meta name=\"twitter:data1\" content=\"\u062f\u0642\u064a\u0642\u0629 \u0648\u0627\u062d\u062f\u0629\" \/>\n<script type=\"application\/ld+json\" class=\"yoast-schema-graph\">{\"@context\":\"https:\\\/\\\/schema.org\",\"@graph\":[{\"@type\":\"WebPage\",\"@id\":\"https:\\\/\\\/cosmeticstoredz.com\\\/produit\\\/neutrogena-gel-nett-curcuma-clear\\\/\",\"url\":\"https:\\\/\\\/cosmeticstoredz.com\\\/produit\\\/neutrogena-gel-nett-curcuma-clear\\\/\",\"name\":\"NEUTROGENA GEL NETT CURCUMA CLEAR - Cosmetic Store\",\"isPartOf\":{\"@id\":\"https:\\\/\\\/cosmeticstoredz.com\\\/#website\"},\"primaryImageOfPage\":{\"@id\":\"https:\\\/\\\/cosmeticstoredz.com\\\/produit\\\/neutrogena-gel-nett-curcuma-clear\\\/#primaryimage\"},\"image\":{\"@id\":\"https:\\\/\\\/cosmeticstoredz.com\\\/produit\\\/neutrogena-gel-nett-curcuma-clear\\\/#primaryimage\"},\"thumbnailUrl\":\"https:\\\/\\\/cosmeticstoredz.com\\\/wp-content\\\/uploads\\\/2026\\\/02\\\/Ajouter-un-titre-2024-08-04T195910.894.png\",\"datePublished\":\"2026-02-16T08:58:14+00:00\",\"dateModified\":\"2026-04-18T19:23:49+00:00\",\"breadcrumb\":{\"@id\":\"https:\\\/\\\/cosmeticstoredz.com\\\/produit\\\/neutrogena-gel-nett-curcuma-clear\\\/#breadcrumb\"},\"inLanguage\":\"ar\",\"potentialAction\":[{\"@type\":\"ReadAction\",\"target\":[\"https:\\\/\\\/cosmeticstoredz.com\\\/produit\\\/neutrogena-gel-nett-curcuma-clear\\\/\"]}]},{\"@type\":\"ImageObject\",\"inLanguage\":\"ar\",\"@id\":\"https:\\\/\\\/cosmeticstoredz.com\\\/produit\\\/neutrogena-gel-nett-curcuma-clear\\\/#primaryimage\",\"url\":\"https:\\\/\\\/cosmeticstoredz.com\\\/wp-content\\\/uploads\\\/2026\\\/02\\\/Ajouter-un-titre-2024-08-04T195910.894.png\",\"contentUrl\":\"https:\\\/\\\/cosmeticstoredz.com\\\/wp-content\\\/uploads\\\/2026\\\/02\\\/Ajouter-un-titre-2024-08-04T195910.894.png\",\"width\":1563,\"height\":1563},{\"@type\":\"BreadcrumbList\",\"@id\":\"https:\\\/\\\/cosmeticstoredz.com\\\/produit\\\/neutrogena-gel-nett-curcuma-clear\\\/#breadcrumb\",\"itemListElement\":[{\"@type\":\"ListItem\",\"position\":1,\"name\":\"Accueil\",\"item\":\"https:\\\/\\\/cosmeticstoredz.com\\\/\"},{\"@type\":\"ListItem\",\"position\":2,\"name\":\"Boutique\",\"item\":\"https:\\\/\\\/cosmeticstoredz.com\\\/boutique\\\/\"},{\"@type\":\"ListItem\",\"position\":3,\"name\":\"NEUTROGENA GEL NETT CURCUMA CLEAR\"}]},{\"@type\":\"WebSite\",\"@id\":\"https:\\\/\\\/cosmeticstoredz.com\\\/#website\",\"url\":\"https:\\\/\\\/cosmeticstoredz.com\\\/\",\"name\":\"Cosmetic Store\",\"description\":\"\",\"publisher\":{\"@id\":\"https:\\\/\\\/cosmeticstoredz.com\\\/#organization\"},\"potentialAction\":[{\"@type\":\"SearchAction\",\"target\":{\"@type\":\"EntryPoint\",\"urlTemplate\":\"https:\\\/\\\/cosmeticstoredz.com\\\/?s={search_term_string}\"},\"query-input\":{\"@type\":\"PropertyValueSpecification\",\"valueRequired\":true,\"valueName\":\"search_term_string\"}}],\"inLanguage\":\"ar\"},{\"@type\":\"Organization\",\"@id\":\"https:\\\/\\\/cosmeticstoredz.com\\\/#organization\",\"name\":\"Cosmetic Store\",\"url\":\"https:\\\/\\\/cosmeticstoredz.com\\\/\",\"logo\":{\"@type\":\"ImageObject\",\"inLanguage\":\"ar\",\"@id\":\"https:\\\/\\\/cosmeticstoredz.com\\\/#\\\/schema\\\/logo\\\/image\\\/\",\"url\":\"https:\\\/\\\/cosmeticstoredz.com\\\/wp-content\\\/uploads\\\/2026\\\/02\\\/cropped-LOGO_CS-512x512-1-1-e1771275285345.webp\",\"contentUrl\":\"https:\\\/\\\/cosmeticstoredz.com\\\/wp-content\\\/uploads\\\/2026\\\/02\\\/cropped-LOGO_CS-512x512-1-1-e1771275285345.webp\",\"width\":265,\"height\":319,\"caption\":\"Cosmetic Store\"},\"image\":{\"@id\":\"https:\\\/\\\/cosmeticstoredz.com\\\/#\\\/schema\\\/logo\\\/image\\\/\"},\"sameAs\":[\"https:\\\/\\\/www.facebook.com\\\/profile.php?id=61564954260683\",\"https:\\\/\\\/www.instagram.com\\\/cosmetic.storedz\\\/\"]}]}<\/script>\n<!-- \/ Yoast SEO plugin. -->","yoast_head_json":{"title":"NEUTROGENA GEL NETT CURCUMA CLEAR - Cosmetic Store","robots":{"index":"index","follow":"follow","max-snippet":"max-snippet:-1","max-image-preview":"max-image-preview:large","max-video-preview":"max-video-preview:-1"},"canonical":"https:\/\/cosmeticstoredz.com\/ar\/product\/neutrogena-gel-nett-curcuma-clear\/","og_locale":"ar_AR","og_type":"article","og_title":"NEUTROGENA GEL NETT CURCUMA CLEAR - Cosmetic Store","og_description":"Cr\u00e8me hydratante apaisante Neutrogena Curcuma Clear\u00a0: Le curcuma est appr\u00e9ci\u00e9 pour ses propri\u00e9t\u00e9s antioxydantes et apaisantes. Cet hydratant sans huile \u00e0 absorption rapide, au curcuma doux pour la peau, procure une hydratation instantan\u00e9e pour reconstituer les niveaux d'hydratation de la peau. En m\u00eame temps, il apaise les peaux stress\u00e9es et sujettes aux impuret\u00e9s. Il chouchoute la peau et lui donne une apparence souple et saine. Particuli\u00e8rement adapt\u00e9 aux peaux sensibles \u00e0 tendance impure, aux peaux mixtes ou aux peaux s\u00e8ches. Ne tache pas, n'obstrue pas les pores et ne laisse pas de r\u00e9sidus collants.","og_url":"https:\/\/cosmeticstoredz.com\/ar\/product\/neutrogena-gel-nett-curcuma-clear\/","og_site_name":"Cosmetic Store","article_publisher":"https:\/\/www.facebook.com\/profile.php?id=61564954260683","article_modified_time":"2026-04-18T19:23:49+00:00","og_image":[{"width":1563,"height":1563,"url":"https:\/\/cosmeticstoredz.com\/wp-content\/uploads\/2026\/02\/Ajouter-un-titre-2024-08-04T195910.894.png","type":"image\/png"}],"twitter_card":"summary_large_image","twitter_misc":{"\u0648\u0642\u062a \u0627\u0644\u0642\u0631\u0627\u0621\u0629 \u0627\u0644\u0645\u064f\u0642\u062f\u0651\u0631":"\u062f\u0642\u064a\u0642\u0629 \u0648\u0627\u062d\u062f\u0629"},"schema":{"@context":"https:\/\/schema.org","@graph":[{"@type":"WebPage","@id":"https:\/\/cosmeticstoredz.com\/produit\/neutrogena-gel-nett-curcuma-clear\/","url":"https:\/\/cosmeticstoredz.com\/produit\/neutrogena-gel-nett-curcuma-clear\/","name":"NEUTROGENA GEL NETT CURCUMA CLEAR - Cosmetic Store","isPartOf":{"@id":"https:\/\/cosmeticstoredz.com\/#website"},"primaryImageOfPage":{"@id":"https:\/\/cosmeticstoredz.com\/produit\/neutrogena-gel-nett-curcuma-clear\/#primaryimage"},"image":{"@id":"https:\/\/cosmeticstoredz.com\/produit\/neutrogena-gel-nett-curcuma-clear\/#primaryimage"},"thumbnailUrl":"https:\/\/cosmeticstoredz.com\/wp-content\/uploads\/2026\/02\/Ajouter-un-titre-2024-08-04T195910.894.png","datePublished":"2026-02-16T08:58:14+00:00","dateModified":"2026-04-18T19:23:49+00:00","breadcrumb":{"@id":"https:\/\/cosmeticstoredz.com\/produit\/neutrogena-gel-nett-curcuma-clear\/#breadcrumb"},"inLanguage":"ar","potentialAction":[{"@type":"ReadAction","target":["https:\/\/cosmeticstoredz.com\/produit\/neutrogena-gel-nett-curcuma-clear\/"]}]},{"@type":"ImageObject","inLanguage":"ar","@id":"https:\/\/cosmeticstoredz.com\/produit\/neutrogena-gel-nett-curcuma-clear\/#primaryimage","url":"https:\/\/cosmeticstoredz.com\/wp-content\/uploads\/2026\/02\/Ajouter-un-titre-2024-08-04T195910.894.png","contentUrl":"https:\/\/cosmeticstoredz.com\/wp-content\/uploads\/2026\/02\/Ajouter-un-titre-2024-08-04T195910.894.png","width":1563,"height":1563},{"@type":"BreadcrumbList","@id":"https:\/\/cosmeticstoredz.com\/produit\/neutrogena-gel-nett-curcuma-clear\/#breadcrumb","itemListElement":[{"@type":"ListItem","position":1,"name":"Accueil","item":"https:\/\/cosmeticstoredz.com\/"},{"@type":"ListItem","position":2,"name":"Boutique","item":"https:\/\/cosmeticstoredz.com\/boutique\/"},{"@type":"ListItem","position":3,"name":"NEUTROGENA GEL NETT CURCUMA CLEAR"}]},{"@type":"WebSite","@id":"https:\/\/cosmeticstoredz.com\/#website","url":"https:\/\/cosmeticstoredz.com\/","name":"Cosmetic Store","description":"","publisher":{"@id":"https:\/\/cosmeticstoredz.com\/#organization"},"potentialAction":[{"@type":"SearchAction","target":{"@type":"EntryPoint","urlTemplate":"https:\/\/cosmeticstoredz.com\/?s={search_term_string}"},"query-input":{"@type":"PropertyValueSpecification","valueRequired":true,"valueName":"search_term_string"}}],"inLanguage":"ar"},{"@type":"Organization","@id":"https:\/\/cosmeticstoredz.com\/#organization","name":"Cosmetic Store","url":"https:\/\/cosmeticstoredz.com\/","logo":{"@type":"ImageObject","inLanguage":"ar","@id":"https:\/\/cosmeticstoredz.com\/#\/schema\/logo\/image\/","url":"https:\/\/cosmeticstoredz.com\/wp-content\/uploads\/2026\/02\/cropped-LOGO_CS-512x512-1-1-e1771275285345.webp","contentUrl":"https:\/\/cosmeticstoredz.com\/wp-content\/uploads\/2026\/02\/cropped-LOGO_CS-512x512-1-1-e1771275285345.webp","width":265,"height":319,"caption":"Cosmetic Store"},"image":{"@id":"https:\/\/cosmeticstoredz.com\/#\/schema\/logo\/image\/"},"sameAs":["https:\/\/www.facebook.com\/profile.php?id=61564954260683","https:\/\/www.instagram.com\/cosmetic.storedz\/"]}]}},"_links":{"self":[{"href":"https:\/\/cosmeticstoredz.com\/ar\/wp-json\/wp\/v2\/product\/2635","targetHints":{"allow":["GET"]}}],"collection":[{"href":"https:\/\/cosmeticstoredz.com\/ar\/wp-json\/wp\/v2\/product"}],"about":[{"href":"https:\/\/cosmeticstoredz.com\/ar\/wp-json\/wp\/v2\/types\/product"}],"replies":[{"embeddable":true,"href":"https:\/\/cosmeticstoredz.com\/ar\/wp-json\/wp\/v2\/comments?post=2635"}],"version-history":[{"count":1,"href":"https:\/\/cosmeticstoredz.com\/ar\/wp-json\/wp\/v2\/product\/2635\/revisions"}],"predecessor-version":[{"id":2673,"href":"https:\/\/cosmeticstoredz.com\/ar\/wp-json\/wp\/v2\/product\/2635\/revisions\/2673"}],"wp:featuredmedia":[{"embeddable":true,"href":"https:\/\/cosmeticstoredz.com\/ar\/wp-json\/wp\/v2\/media\/2672"}],"wp:attachment":[{"href":"https:\/\/cosmeticstoredz.com\/ar\/wp-json\/wp\/v2\/media?parent=2635"}],"wp:term":[{"taxonomy":"product_brand","embeddable":true,"href":"https:\/\/cosmeticstoredz.com\/ar\/wp-json\/wp\/v2\/product_brand?post=2635"},{"taxonomy":"product_cat","embeddable":true,"href":"https:\/\/cosmeticstoredz.com\/ar\/wp-json\/wp\/v2\/product_cat?post=2635"},{"taxonomy":"product_tag","embeddable":true,"href":"https:\/\/cosmeticstoredz.com\/ar\/wp-json\/wp\/v2\/product_tag?post=2635"}],"curies":[{"name":"wp","href":"https:\/\/api.w.org\/{rel}","templated":true}]}}