{"id":2631,"date":"2026-02-16T08:58:14","date_gmt":"2026-02-16T08:58:14","guid":{"rendered":"https:\/\/test.fitnessworldgym27.com\/?post_type=product&#038;p=2631"},"modified":"2026-04-18T19:20:20","modified_gmt":"2026-04-18T19:20:20","slug":"mixa-creme-maix-cica-creme-boite","status":"publish","type":"product","link":"https:\/\/cosmeticstoredz.com\/ar\/product\/mixa-creme-maix-cica-creme-boite\/","title":{"rendered":"MIXA CREME MAIX CICA CREME BOITE"},"content":{"rendered":"<p>Redonne de la souplesse aux peaux extr\u00eamement sensibles. <strong>La cr\u00e8me Cica de Mixa<\/strong> est un soin r\u00e9parateur des plaies id\u00e9al pour le soin des peaux irrit\u00e9es et extr\u00eamement sensibles. La formule pr\u00e9cieuse est enrichie de 5 % de panth\u00e9nol r\u00e9g\u00e9n\u00e9rant, un ingr\u00e9dient connu pour son effet nourrissant et apaise rapidement les peaux craquel\u00e9es, s\u00e8ches, rouges ou rugueuses.\u00a0Gr\u00e2ce au tube pratique de 50 ml, la cr\u00e8me est le compagnon id\u00e9al au quotidien et est toujours l\u00e0 en cas de petites urgences.\u00a0Convient aux enfants de 3 ans et plus.\u00a0En savoir plus sur ce produit sans parab\u00e8nes, sans parfums ni colorants, haute tol\u00e9rance, \u00e9labor\u00e9 sous contr\u00f4le m\u00e9dical<\/p>","protected":false},"excerpt":{"rendered":"<p>Redonne de la souplesse aux peaux extr\u00eamement sensibles. <strong>La cr\u00e8me Cica de Mixa<\/strong> est un soin r\u00e9parateur des plaies id\u00e9al pour le soin des peaux irrit\u00e9es et extr\u00eamement sensibles. La formule pr\u00e9cieuse est enrichie de 5 % de panth\u00e9nol r\u00e9g\u00e9n\u00e9rant, un ingr\u00e9dient connu pour son effet nourrissant et apaise rapidement les peaux craquel\u00e9es, s\u00e8ches, rouges ou rugueuses.\u00a0Gr\u00e2ce au tube pratique de 50 ml, la cr\u00e8me est le compagnon id\u00e9al au quotidien et est toujours l\u00e0 en cas de petites urgences.\u00a0Convient aux enfants de 3 ans et plus.\u00a0En savoir plus sur ce produit sans parab\u00e8nes, sans parfums ni colorants, haute tol\u00e9rance, \u00e9labor\u00e9 sous contr\u00f4le m\u00e9dical<\/p>","protected":false},"featured_media":2664,"comment_status":"closed","ping_status":"closed","template":"","meta":[],"product_brand":[],"product_cat":[82,75,239,81],"product_tag":[125],"class_list":{"0":"post-2631","1":"product","2":"type-product","3":"status-publish","4":"has-post-thumbnail","6":"product_cat-creme-hydratante-fc","7":"product_cat-femme","8":"product_cat-mixa","9":"product_cat-soin-corps-f","10":"product_tag-made-in-france","12":"first","13":"outofstock","14":"shipping-taxable","15":"purchasable","16":"product-type-simple"},"yoast_head":"<!-- This site is optimized with the Yoast SEO plugin v27.3 - https:\/\/yoast.com\/product\/yoast-seo-wordpress\/ -->\n<title>MIXA CREME MAIX CICA CREME BOITE - Cosmetic Store<\/title>\n<meta name=\"robots\" content=\"index, follow, max-snippet:-1, max-image-preview:large, max-video-preview:-1\" \/>\n<link rel=\"canonical\" href=\"https:\/\/cosmeticstoredz.com\/ar\/product\/mixa-creme-maix-cica-creme-boite\/\" \/>\n<meta property=\"og:locale\" content=\"ar_AR\" \/>\n<meta property=\"og:type\" content=\"article\" \/>\n<meta property=\"og:title\" content=\"MIXA CREME MAIX CICA CREME BOITE - Cosmetic Store\" \/>\n<meta property=\"og:description\" content=\"Redonne de la souplesse aux peaux extr\u00eamement sensibles. La cr\u00e8me Cica de Mixa est un soin r\u00e9parateur des plaies id\u00e9al pour le soin des peaux irrit\u00e9es et extr\u00eamement sensibles. La formule pr\u00e9cieuse est enrichie de 5 % de panth\u00e9nol r\u00e9g\u00e9n\u00e9rant, un ingr\u00e9dient connu pour son effet nourrissant et apaise rapidement les peaux craquel\u00e9es, s\u00e8ches, rouges ou rugueuses.\u00a0Gr\u00e2ce au tube pratique de 50 ml, la cr\u00e8me est le compagnon id\u00e9al au quotidien et est toujours l\u00e0 en cas de petites urgences.\u00a0Convient aux enfants de 3 ans et plus.\u00a0En savoir plus sur ce produit sans parab\u00e8nes, sans parfums ni colorants, haute tol\u00e9rance, \u00e9labor\u00e9 sous contr\u00f4le m\u00e9dical\" \/>\n<meta property=\"og:url\" content=\"https:\/\/cosmeticstoredz.com\/ar\/product\/mixa-creme-maix-cica-creme-boite\/\" \/>\n<meta property=\"og:site_name\" content=\"Cosmetic Store\" \/>\n<meta property=\"article:publisher\" content=\"https:\/\/www.facebook.com\/profile.php?id=61564954260683\" \/>\n<meta property=\"article:modified_time\" content=\"2026-04-18T19:20:20+00:00\" \/>\n<meta property=\"og:image\" content=\"https:\/\/cosmeticstoredz.com\/wp-content\/uploads\/2026\/02\/CC-656.png\" \/>\n\t<meta property=\"og:image:width\" content=\"1563\" \/>\n\t<meta property=\"og:image:height\" content=\"1563\" \/>\n\t<meta property=\"og:image:type\" content=\"image\/png\" \/>\n<meta name=\"twitter:card\" content=\"summary_large_image\" \/>\n<meta name=\"twitter:label1\" content=\"\u0648\u0642\u062a \u0627\u0644\u0642\u0631\u0627\u0621\u0629 \u0627\u0644\u0645\u064f\u0642\u062f\u0651\u0631\" \/>\n\t<meta name=\"twitter:data1\" content=\"\u062f\u0642\u064a\u0642\u0629 \u0648\u0627\u062d\u062f\u0629\" \/>\n<script type=\"application\/ld+json\" class=\"yoast-schema-graph\">{\"@context\":\"https:\\\/\\\/schema.org\",\"@graph\":[{\"@type\":\"WebPage\",\"@id\":\"https:\\\/\\\/cosmeticstoredz.com\\\/produit\\\/mixa-creme-maix-cica-creme-boite\\\/\",\"url\":\"https:\\\/\\\/cosmeticstoredz.com\\\/produit\\\/mixa-creme-maix-cica-creme-boite\\\/\",\"name\":\"MIXA CREME MAIX CICA CREME BOITE - Cosmetic Store\",\"isPartOf\":{\"@id\":\"https:\\\/\\\/cosmeticstoredz.com\\\/#website\"},\"primaryImageOfPage\":{\"@id\":\"https:\\\/\\\/cosmeticstoredz.com\\\/produit\\\/mixa-creme-maix-cica-creme-boite\\\/#primaryimage\"},\"image\":{\"@id\":\"https:\\\/\\\/cosmeticstoredz.com\\\/produit\\\/mixa-creme-maix-cica-creme-boite\\\/#primaryimage\"},\"thumbnailUrl\":\"https:\\\/\\\/cosmeticstoredz.com\\\/wp-content\\\/uploads\\\/2026\\\/02\\\/CC-656.png\",\"datePublished\":\"2026-02-16T08:58:14+00:00\",\"dateModified\":\"2026-04-18T19:20:20+00:00\",\"breadcrumb\":{\"@id\":\"https:\\\/\\\/cosmeticstoredz.com\\\/produit\\\/mixa-creme-maix-cica-creme-boite\\\/#breadcrumb\"},\"inLanguage\":\"ar\",\"potentialAction\":[{\"@type\":\"ReadAction\",\"target\":[\"https:\\\/\\\/cosmeticstoredz.com\\\/produit\\\/mixa-creme-maix-cica-creme-boite\\\/\"]}]},{\"@type\":\"ImageObject\",\"inLanguage\":\"ar\",\"@id\":\"https:\\\/\\\/cosmeticstoredz.com\\\/produit\\\/mixa-creme-maix-cica-creme-boite\\\/#primaryimage\",\"url\":\"https:\\\/\\\/cosmeticstoredz.com\\\/wp-content\\\/uploads\\\/2026\\\/02\\\/CC-656.png\",\"contentUrl\":\"https:\\\/\\\/cosmeticstoredz.com\\\/wp-content\\\/uploads\\\/2026\\\/02\\\/CC-656.png\",\"width\":1563,\"height\":1563},{\"@type\":\"BreadcrumbList\",\"@id\":\"https:\\\/\\\/cosmeticstoredz.com\\\/produit\\\/mixa-creme-maix-cica-creme-boite\\\/#breadcrumb\",\"itemListElement\":[{\"@type\":\"ListItem\",\"position\":1,\"name\":\"Accueil\",\"item\":\"https:\\\/\\\/cosmeticstoredz.com\\\/\"},{\"@type\":\"ListItem\",\"position\":2,\"name\":\"Boutique\",\"item\":\"https:\\\/\\\/cosmeticstoredz.com\\\/boutique\\\/\"},{\"@type\":\"ListItem\",\"position\":3,\"name\":\"MIXA CREME MAIX CICA CREME BOITE\"}]},{\"@type\":\"WebSite\",\"@id\":\"https:\\\/\\\/cosmeticstoredz.com\\\/#website\",\"url\":\"https:\\\/\\\/cosmeticstoredz.com\\\/\",\"name\":\"Cosmetic Store\",\"description\":\"\",\"publisher\":{\"@id\":\"https:\\\/\\\/cosmeticstoredz.com\\\/#organization\"},\"potentialAction\":[{\"@type\":\"SearchAction\",\"target\":{\"@type\":\"EntryPoint\",\"urlTemplate\":\"https:\\\/\\\/cosmeticstoredz.com\\\/?s={search_term_string}\"},\"query-input\":{\"@type\":\"PropertyValueSpecification\",\"valueRequired\":true,\"valueName\":\"search_term_string\"}}],\"inLanguage\":\"ar\"},{\"@type\":\"Organization\",\"@id\":\"https:\\\/\\\/cosmeticstoredz.com\\\/#organization\",\"name\":\"Cosmetic Store\",\"url\":\"https:\\\/\\\/cosmeticstoredz.com\\\/\",\"logo\":{\"@type\":\"ImageObject\",\"inLanguage\":\"ar\",\"@id\":\"https:\\\/\\\/cosmeticstoredz.com\\\/#\\\/schema\\\/logo\\\/image\\\/\",\"url\":\"https:\\\/\\\/cosmeticstoredz.com\\\/wp-content\\\/uploads\\\/2026\\\/02\\\/cropped-LOGO_CS-512x512-1-1-e1771275285345.webp\",\"contentUrl\":\"https:\\\/\\\/cosmeticstoredz.com\\\/wp-content\\\/uploads\\\/2026\\\/02\\\/cropped-LOGO_CS-512x512-1-1-e1771275285345.webp\",\"width\":265,\"height\":319,\"caption\":\"Cosmetic Store\"},\"image\":{\"@id\":\"https:\\\/\\\/cosmeticstoredz.com\\\/#\\\/schema\\\/logo\\\/image\\\/\"},\"sameAs\":[\"https:\\\/\\\/www.facebook.com\\\/profile.php?id=61564954260683\",\"https:\\\/\\\/www.instagram.com\\\/cosmetic.storedz\\\/\"]}]}<\/script>\n<!-- \/ Yoast SEO plugin. -->","yoast_head_json":{"title":"MIXA CREME MAIX CICA CREME BOITE - Cosmetic Store","robots":{"index":"index","follow":"follow","max-snippet":"max-snippet:-1","max-image-preview":"max-image-preview:large","max-video-preview":"max-video-preview:-1"},"canonical":"https:\/\/cosmeticstoredz.com\/ar\/product\/mixa-creme-maix-cica-creme-boite\/","og_locale":"ar_AR","og_type":"article","og_title":"MIXA CREME MAIX CICA CREME BOITE - Cosmetic Store","og_description":"Redonne de la souplesse aux peaux extr\u00eamement sensibles. La cr\u00e8me Cica de Mixa est un soin r\u00e9parateur des plaies id\u00e9al pour le soin des peaux irrit\u00e9es et extr\u00eamement sensibles. La formule pr\u00e9cieuse est enrichie de 5 % de panth\u00e9nol r\u00e9g\u00e9n\u00e9rant, un ingr\u00e9dient connu pour son effet nourrissant et apaise rapidement les peaux craquel\u00e9es, s\u00e8ches, rouges ou rugueuses.\u00a0Gr\u00e2ce au tube pratique de 50 ml, la cr\u00e8me est le compagnon id\u00e9al au quotidien et est toujours l\u00e0 en cas de petites urgences.\u00a0Convient aux enfants de 3 ans et plus.\u00a0En savoir plus sur ce produit sans parab\u00e8nes, sans parfums ni colorants, haute tol\u00e9rance, \u00e9labor\u00e9 sous contr\u00f4le m\u00e9dical","og_url":"https:\/\/cosmeticstoredz.com\/ar\/product\/mixa-creme-maix-cica-creme-boite\/","og_site_name":"Cosmetic Store","article_publisher":"https:\/\/www.facebook.com\/profile.php?id=61564954260683","article_modified_time":"2026-04-18T19:20:20+00:00","og_image":[{"width":1563,"height":1563,"url":"https:\/\/cosmeticstoredz.com\/wp-content\/uploads\/2026\/02\/CC-656.png","type":"image\/png"}],"twitter_card":"summary_large_image","twitter_misc":{"\u0648\u0642\u062a \u0627\u0644\u0642\u0631\u0627\u0621\u0629 \u0627\u0644\u0645\u064f\u0642\u062f\u0651\u0631":"\u062f\u0642\u064a\u0642\u0629 \u0648\u0627\u062d\u062f\u0629"},"schema":{"@context":"https:\/\/schema.org","@graph":[{"@type":"WebPage","@id":"https:\/\/cosmeticstoredz.com\/produit\/mixa-creme-maix-cica-creme-boite\/","url":"https:\/\/cosmeticstoredz.com\/produit\/mixa-creme-maix-cica-creme-boite\/","name":"MIXA CREME MAIX CICA CREME BOITE - Cosmetic Store","isPartOf":{"@id":"https:\/\/cosmeticstoredz.com\/#website"},"primaryImageOfPage":{"@id":"https:\/\/cosmeticstoredz.com\/produit\/mixa-creme-maix-cica-creme-boite\/#primaryimage"},"image":{"@id":"https:\/\/cosmeticstoredz.com\/produit\/mixa-creme-maix-cica-creme-boite\/#primaryimage"},"thumbnailUrl":"https:\/\/cosmeticstoredz.com\/wp-content\/uploads\/2026\/02\/CC-656.png","datePublished":"2026-02-16T08:58:14+00:00","dateModified":"2026-04-18T19:20:20+00:00","breadcrumb":{"@id":"https:\/\/cosmeticstoredz.com\/produit\/mixa-creme-maix-cica-creme-boite\/#breadcrumb"},"inLanguage":"ar","potentialAction":[{"@type":"ReadAction","target":["https:\/\/cosmeticstoredz.com\/produit\/mixa-creme-maix-cica-creme-boite\/"]}]},{"@type":"ImageObject","inLanguage":"ar","@id":"https:\/\/cosmeticstoredz.com\/produit\/mixa-creme-maix-cica-creme-boite\/#primaryimage","url":"https:\/\/cosmeticstoredz.com\/wp-content\/uploads\/2026\/02\/CC-656.png","contentUrl":"https:\/\/cosmeticstoredz.com\/wp-content\/uploads\/2026\/02\/CC-656.png","width":1563,"height":1563},{"@type":"BreadcrumbList","@id":"https:\/\/cosmeticstoredz.com\/produit\/mixa-creme-maix-cica-creme-boite\/#breadcrumb","itemListElement":[{"@type":"ListItem","position":1,"name":"Accueil","item":"https:\/\/cosmeticstoredz.com\/"},{"@type":"ListItem","position":2,"name":"Boutique","item":"https:\/\/cosmeticstoredz.com\/boutique\/"},{"@type":"ListItem","position":3,"name":"MIXA CREME MAIX CICA CREME BOITE"}]},{"@type":"WebSite","@id":"https:\/\/cosmeticstoredz.com\/#website","url":"https:\/\/cosmeticstoredz.com\/","name":"Cosmetic Store","description":"","publisher":{"@id":"https:\/\/cosmeticstoredz.com\/#organization"},"potentialAction":[{"@type":"SearchAction","target":{"@type":"EntryPoint","urlTemplate":"https:\/\/cosmeticstoredz.com\/?s={search_term_string}"},"query-input":{"@type":"PropertyValueSpecification","valueRequired":true,"valueName":"search_term_string"}}],"inLanguage":"ar"},{"@type":"Organization","@id":"https:\/\/cosmeticstoredz.com\/#organization","name":"Cosmetic Store","url":"https:\/\/cosmeticstoredz.com\/","logo":{"@type":"ImageObject","inLanguage":"ar","@id":"https:\/\/cosmeticstoredz.com\/#\/schema\/logo\/image\/","url":"https:\/\/cosmeticstoredz.com\/wp-content\/uploads\/2026\/02\/cropped-LOGO_CS-512x512-1-1-e1771275285345.webp","contentUrl":"https:\/\/cosmeticstoredz.com\/wp-content\/uploads\/2026\/02\/cropped-LOGO_CS-512x512-1-1-e1771275285345.webp","width":265,"height":319,"caption":"Cosmetic Store"},"image":{"@id":"https:\/\/cosmeticstoredz.com\/#\/schema\/logo\/image\/"},"sameAs":["https:\/\/www.facebook.com\/profile.php?id=61564954260683","https:\/\/www.instagram.com\/cosmetic.storedz\/"]}]}},"_links":{"self":[{"href":"https:\/\/cosmeticstoredz.com\/ar\/wp-json\/wp\/v2\/product\/2631","targetHints":{"allow":["GET"]}}],"collection":[{"href":"https:\/\/cosmeticstoredz.com\/ar\/wp-json\/wp\/v2\/product"}],"about":[{"href":"https:\/\/cosmeticstoredz.com\/ar\/wp-json\/wp\/v2\/types\/product"}],"replies":[{"embeddable":true,"href":"https:\/\/cosmeticstoredz.com\/ar\/wp-json\/wp\/v2\/comments?post=2631"}],"version-history":[{"count":1,"href":"https:\/\/cosmeticstoredz.com\/ar\/wp-json\/wp\/v2\/product\/2631\/revisions"}],"predecessor-version":[{"id":2665,"href":"https:\/\/cosmeticstoredz.com\/ar\/wp-json\/wp\/v2\/product\/2631\/revisions\/2665"}],"wp:featuredmedia":[{"embeddable":true,"href":"https:\/\/cosmeticstoredz.com\/ar\/wp-json\/wp\/v2\/media\/2664"}],"wp:attachment":[{"href":"https:\/\/cosmeticstoredz.com\/ar\/wp-json\/wp\/v2\/media?parent=2631"}],"wp:term":[{"taxonomy":"product_brand","embeddable":true,"href":"https:\/\/cosmeticstoredz.com\/ar\/wp-json\/wp\/v2\/product_brand?post=2631"},{"taxonomy":"product_cat","embeddable":true,"href":"https:\/\/cosmeticstoredz.com\/ar\/wp-json\/wp\/v2\/product_cat?post=2631"},{"taxonomy":"product_tag","embeddable":true,"href":"https:\/\/cosmeticstoredz.com\/ar\/wp-json\/wp\/v2\/product_tag?post=2631"}],"curies":[{"name":"wp","href":"https:\/\/api.w.org\/{rel}","templated":true}]}}