{"id":2485,"date":"2026-02-16T08:57:09","date_gmt":"2026-02-16T08:57:09","guid":{"rendered":"https:\/\/test.fitnessworldgym27.com\/?post_type=product&#038;p=2485"},"modified":"2026-03-30T19:27:27","modified_gmt":"2026-03-30T19:27:27","slug":"myla-patch-nez","status":"publish","type":"product","link":"https:\/\/cosmeticstoredz.com\/ar\/product\/myla-patch-nez\/","title":{"rendered":"MYLA PATCH NEZ"},"content":{"rendered":"<p>Si vous avez un probl\u00e8me de points noir, vous avez de la chance, les bandes de nez\u00a0<b>Myla\u00a0<\/b>est le moyen le plus facile pour sen d\u00e9barrasser.<br \/>\nFini de vous pincer et de vous arracher le nez pour \u00e9liminer vos points noirs ! Utilisez les bandes de nez anti-points noirs Myla. En seulement 10 minutes, les pores sont purifi\u00e9s.<br \/>\nGr\u00e2ce \u00e0 leur formule enrichie en charbon v\u00e9g\u00e9tal, ces bandes ciblent les points noirs (pores obstru\u00e9s par le s\u00e9bum et les impuret\u00e9s) et les retirent efficacement de la zone T (nez, front et menton).<br \/>\n* Ces bandes nettoyantes profondes sont une fa\u00e7on vraiment efficace d&rsquo;\u00e9claircir ceux ennuyant pores des com\u00e9dons et des pores bouch\u00e9 sur votre nez.<br \/>\nConseil d\u2019utilisation:Appliquez 2 fois par semaine.<br \/>\n1. Apr\u00e8s un lavage du visage, mouillez soigneusement votre nez, front et menton. Les bandes &lsquo;adh\u00e8rent pas sur une peau s\u00e8che.<br \/>\n2. S\u00e9chez vos mains et d\u00e9collez la bande de son film protecteur, puis appliquez sur votre nez, front et menton en appuyant pour assurer un bon contact avec la peau.<br \/>\n3. Laissez s\u00e9cher pendant 10-15 minutes jusqu&rsquo;\u00e0 ce que la bande soit rigide au toucher.<br \/>\n4. Retirez doucement et d\u00e9licatement la bande en commen\u00e7ant par les bords, puis en tirant vers le centre. Rincez votre peau puis retirer les r\u00e9sidus.<\/p>\n<p>Ne pas appliquer sur une peau irrit\u00e9e ou l\u00e9s\u00e9e. Peut provoquer une sensation de chaleur. Si cela devient d\u00e9sagr\u00e9able, retirez la bande et rincez soigneusement votre visage. Ne pas utiliser plus de 3 fois par semaine. Ne pas utiliser sur le contour des yeux ou autres parties du corps<\/p>","protected":false},"excerpt":{"rendered":"<div class=\"col6 -phs -pvxs\">\n<section class=\"-hr -pvs\">\n<div class=\"-df -pvs\">Myla Bandes de Nez Anti Points Noirs &#8211; Nettoyage en Profondeur &#8211; 6 Patch<\/div>\n<\/section>\n<\/div>","protected":false},"featured_media":2551,"comment_status":"closed","ping_status":"closed","template":"","meta":[],"product_brand":[],"product_cat":[75,234,76],"product_tag":[],"class_list":{"0":"post-2485","1":"product","2":"type-product","3":"status-publish","4":"has-post-thumbnail","6":"product_cat-femme","7":"product_cat-myla","8":"product_cat-soin-visage-f","10":"first","11":"instock","12":"shipping-taxable","13":"purchasable","14":"product-type-simple"},"_links":{"self":[{"href":"https:\/\/cosmeticstoredz.com\/ar\/wp-json\/wp\/v2\/product\/2485","targetHints":{"allow":["GET"]}}],"collection":[{"href":"https:\/\/cosmeticstoredz.com\/ar\/wp-json\/wp\/v2\/product"}],"about":[{"href":"https:\/\/cosmeticstoredz.com\/ar\/wp-json\/wp\/v2\/types\/product"}],"replies":[{"embeddable":true,"href":"https:\/\/cosmeticstoredz.com\/ar\/wp-json\/wp\/v2\/comments?post=2485"}],"version-history":[{"count":1,"href":"https:\/\/cosmeticstoredz.com\/ar\/wp-json\/wp\/v2\/product\/2485\/revisions"}],"predecessor-version":[{"id":2552,"href":"https:\/\/cosmeticstoredz.com\/ar\/wp-json\/wp\/v2\/product\/2485\/revisions\/2552"}],"wp:featuredmedia":[{"embeddable":true,"href":"https:\/\/cosmeticstoredz.com\/ar\/wp-json\/wp\/v2\/media\/2551"}],"wp:attachment":[{"href":"https:\/\/cosmeticstoredz.com\/ar\/wp-json\/wp\/v2\/media?parent=2485"}],"wp:term":[{"taxonomy":"product_brand","embeddable":true,"href":"https:\/\/cosmeticstoredz.com\/ar\/wp-json\/wp\/v2\/product_brand?post=2485"},{"taxonomy":"product_cat","embeddable":true,"href":"https:\/\/cosmeticstoredz.com\/ar\/wp-json\/wp\/v2\/product_cat?post=2485"},{"taxonomy":"product_tag","embeddable":true,"href":"https:\/\/cosmeticstoredz.com\/ar\/wp-json\/wp\/v2\/product_tag?post=2485"}],"curies":[{"name":"wp","href":"https:\/\/api.w.org\/{rel}","templated":true}]}}