{"id":2484,"date":"2026-02-16T08:57:09","date_gmt":"2026-02-16T08:57:09","guid":{"rendered":"https:\/\/test.fitnessworldgym27.com\/?post_type=product&#038;p=2484"},"modified":"2026-03-31T15:08:19","modified_gmt":"2026-03-31T15:08:19","slug":"mayla-huille-epilation","status":"publish","type":"product","link":"https:\/\/cosmeticstoredz.com\/ar\/product\/mayla-huille-epilation\/","title":{"rendered":"MAYLA HUILLE EPILATION"},"content":{"rendered":"<div data-hveid=\"CAoQAQ\">\n<div class=\"dnXCYb\" role=\"button\" aria-controls=\"_OmfCZbCMKaKzhbIP_bKiuAI_7\" aria-expanded=\"true\">\n<div class=\"JlqpRe\"><span class=\"JCzEY ZwRhJd\"><span class=\"CSkcDe\">Comment calmer les rougeurs apr\u00e8s \u00e9pilation ?<\/span><\/span><\/div>\n<\/div>\n<\/div>\n<div id=\"_OmfCZbCMKaKzhbIP_bKiuAI_7\" class=\"bCOlv\" data-ved=\"2ahUKEwiwkZzdmZeEAxWiWUEAHX2ZCCcQ7NUEegQIChAE\">\n<div class=\"IZE3Td\">\n<div class=\"t0bRye r2fjmd\" data-hveid=\"CAoQBQ\" data-ved=\"2ahUKEwiwkZzdmZeEAxWiWUEAHX2ZCCcQu04oAHoECAoQBQ\">\n<div id=\"OmfCZbCMKaKzhbIP_bKiuAI__6\">\n<div class=\"wDYxhc\" data-md=\"83\">\n<div class=\"di3YZe\">\n<div class=\"co8aDb\" role=\"heading\"><b>\u00c9viter ou soulager les r\u00e9actions cutan\u00e9es\u00a0apr\u00e8s\u00a0votre\u00a0\u00e9pilation<\/b><\/div>\n<div class=\"RqBzHd\">\n<ol class=\"X5LH0c\">\n<li class=\"TrT0Xe\">Apaisez votre peau avec de l&rsquo;eau thermale ou un gel \u00e0 l&rsquo;aloe vera.<\/li>\n<li class=\"TrT0Xe\">Hydratez avec des produits sans alcool et sans parfum.<\/li>\n<li class=\"TrT0Xe\">Appliquez du froid sur la zone\u00a0<b>\u00e9pil\u00e9e<\/b>\u00a0pour \u00e9viter les\u00a0<b>rougeurs<\/b>.<\/li>\n<li class=\"TrT0Xe\">\u00c9vitez de toucher la partie du corps qui vient d&rsquo;\u00eatre\u00a0<b>\u00e9pil\u00e9e<\/b>.<\/li>\n<\/ol>\n<\/div>\n<\/div>\n<\/div>\n<\/div>\n<\/div>\n<\/div>\n<\/div>","protected":false},"excerpt":{"rendered":"<p>Comment calmer les rougeurs apr\u00e8s \u00e9pilation ? \u00c9viter ou soulager les r\u00e9actions cutan\u00e9es\u00a0apr\u00e8s\u00a0votre\u00a0\u00e9pilation Apaisez votre peau avec de l&rsquo;eau thermale<\/p>","protected":false},"featured_media":2549,"comment_status":"closed","ping_status":"closed","template":"","meta":[],"product_brand":[],"product_cat":[75,100,234,81],"product_tag":[90],"class_list":{"0":"post-2484","1":"product","2":"type-product","3":"status-publish","4":"has-post-thumbnail","6":"product_cat-femme","7":"product_cat-huile-de-massage","8":"product_cat-myla","9":"product_cat-soin-corps-f","10":"product_tag-made-in-algeria","12":"first","13":"outofstock","14":"shipping-taxable","15":"purchasable","16":"product-type-simple"},"_links":{"self":[{"href":"https:\/\/cosmeticstoredz.com\/ar\/wp-json\/wp\/v2\/product\/2484","targetHints":{"allow":["GET"]}}],"collection":[{"href":"https:\/\/cosmeticstoredz.com\/ar\/wp-json\/wp\/v2\/product"}],"about":[{"href":"https:\/\/cosmeticstoredz.com\/ar\/wp-json\/wp\/v2\/types\/product"}],"replies":[{"embeddable":true,"href":"https:\/\/cosmeticstoredz.com\/ar\/wp-json\/wp\/v2\/comments?post=2484"}],"version-history":[{"count":1,"href":"https:\/\/cosmeticstoredz.com\/ar\/wp-json\/wp\/v2\/product\/2484\/revisions"}],"predecessor-version":[{"id":2550,"href":"https:\/\/cosmeticstoredz.com\/ar\/wp-json\/wp\/v2\/product\/2484\/revisions\/2550"}],"wp:featuredmedia":[{"embeddable":true,"href":"https:\/\/cosmeticstoredz.com\/ar\/wp-json\/wp\/v2\/media\/2549"}],"wp:attachment":[{"href":"https:\/\/cosmeticstoredz.com\/ar\/wp-json\/wp\/v2\/media?parent=2484"}],"wp:term":[{"taxonomy":"product_brand","embeddable":true,"href":"https:\/\/cosmeticstoredz.com\/ar\/wp-json\/wp\/v2\/product_brand?post=2484"},{"taxonomy":"product_cat","embeddable":true,"href":"https:\/\/cosmeticstoredz.com\/ar\/wp-json\/wp\/v2\/product_cat?post=2484"},{"taxonomy":"product_tag","embeddable":true,"href":"https:\/\/cosmeticstoredz.com\/ar\/wp-json\/wp\/v2\/product_tag?post=2484"}],"curies":[{"name":"wp","href":"https:\/\/api.w.org\/{rel}","templated":true}]}}