{"id":2482,"date":"2026-02-16T08:57:09","date_gmt":"2026-02-16T08:57:09","guid":{"rendered":"https:\/\/test.fitnessworldgym27.com\/?post_type=product&#038;p=2482"},"modified":"2026-03-30T19:25:27","modified_gmt":"2026-03-30T19:25:27","slug":"maybelline-the-colossal-kajal-12h-smoky-eyes","status":"publish","type":"product","link":"https:\/\/cosmeticstoredz.com\/ar\/product\/maybelline-the-colossal-kajal-12h-smoky-eyes\/","title":{"rendered":"MAYBELLINE THE COLOSSAL KAJAL 12H SMOKY EYES"},"content":{"rendered":"<p>Le Crayon Eyeliner <strong>Colossal Kajal<\/strong> de Maybelline New York vous donne un look merveilleux qui augmente la beaut\u00e9 de vos yeux et est accrocheur. Il a une pointe douce et lisse qui vous aidera \u00e0 tracer des lignes \u00e9l\u00e9gantes le long de la paupi\u00e8re inf\u00e9rieure ou sur la ligne des cils. , ce qui facilitera son utilisation.\u00a0Test\u00e9 par des dermatologues et des ophtalmologistes, il a \u00e9t\u00e9 r\u00e9v\u00e9l\u00e9 que ce produit n&rsquo;a pas d&rsquo;effet n\u00e9gatif sur la sant\u00e9, m\u00eame pour les personnes ayant les yeux sensibles ou celles qui portent des lentilles de contact.\u00a0Ce surligneur a des propri\u00e9t\u00e9s imperm\u00e9ables et ne d\u00e9teint pas, son effet durera donc toute une journ\u00e9e sans qu&rsquo;il soit n\u00e9cessaire de le r\u00e9utiliser.\u00a0Ce crayon eye-liner de Maybelline vous donne un look \u00e9poustouflant et ajoute une jolie touche fum\u00e9e \u00e0 vos yeux.<\/p>\n<p>Le Crayon Eyeliner <strong>Colossal Kajal<\/strong> de Maybelline vous donne des lignes \u00e9tonnantes pour les cils, gr\u00e2ce \u00e0 sa pointe douce et lisse, qui mettra en valeur la beaut\u00e9 de vos yeux, car elle montrera les d\u00e9tails des yeux de mani\u00e8re pr\u00e9cise et compl\u00e8te. Ce crayon eye-liner a un effet longue dur\u00e9e, gr\u00e2ce \u00e0 sa formule qui lui conf\u00e8re une gamme de propri\u00e9t\u00e9s r\u00e9sistantes \u00e0 l&rsquo;humidit\u00e9 et \u00e0 l&rsquo;eau, et donnera ainsi \u00e0 vos yeux un effet longue dur\u00e9e qui ne se d\u00e9colore pas facilement.<\/p>\n<p>Le <strong>Kajal Colossal<\/strong> de Maybelline est compl\u00e9t\u00e9 par une formule longue tenue ainsi que des qualit\u00e9s anti-taches et imperm\u00e9ables. Ainsi, le kajal devient un kajal durable qui ne dispara\u00eet pas et n&rsquo;est pas non plus transf\u00e9r\u00e9<\/p>","protected":false},"excerpt":{"rendered":"<p>Le Crayon Eyeliner <strong>Colossal Kajal<\/strong> de Maybelline New York vous donne un look merveilleux qui augmente la beaut\u00e9 de vos yeux et est accrocheur. Il a une pointe douce et lisse qui vous aidera \u00e0 tracer des lignes \u00e9l\u00e9gantes le long de la paupi\u00e8re inf\u00e9rieure ou sur la ligne des cils. , ce qui facilitera son utilisation.\u00a0Test\u00e9 par des dermatologues et des ophtalmologistes, il a \u00e9t\u00e9 r\u00e9v\u00e9l\u00e9 que ce produit n&rsquo;a pas d&rsquo;effet n\u00e9gatif sur la sant\u00e9, m\u00eame pour les personnes ayant les yeux sensibles ou celles qui portent des lentilles de contact.<\/p>","protected":false},"featured_media":2545,"comment_status":"open","ping_status":"closed","template":"","meta":[],"product_brand":[410],"product_cat":[198,75,122,230,126],"product_tag":[125],"class_list":{"0":"post-2482","1":"product","2":"type-product","3":"status-publish","4":"has-post-thumbnail","6":"product_brand-maybelline","7":"product_cat-eyeliner","8":"product_cat-femme","9":"product_cat-make-up","10":"product_cat-maybelline","11":"product_cat-yeux","12":"product_tag-made-in-france","14":"first","15":"outofstock","16":"shipping-taxable","17":"purchasable","18":"product-type-simple"},"_links":{"self":[{"href":"https:\/\/cosmeticstoredz.com\/ar\/wp-json\/wp\/v2\/product\/2482","targetHints":{"allow":["GET"]}}],"collection":[{"href":"https:\/\/cosmeticstoredz.com\/ar\/wp-json\/wp\/v2\/product"}],"about":[{"href":"https:\/\/cosmeticstoredz.com\/ar\/wp-json\/wp\/v2\/types\/product"}],"replies":[{"embeddable":true,"href":"https:\/\/cosmeticstoredz.com\/ar\/wp-json\/wp\/v2\/comments?post=2482"}],"version-history":[{"count":1,"href":"https:\/\/cosmeticstoredz.com\/ar\/wp-json\/wp\/v2\/product\/2482\/revisions"}],"predecessor-version":[{"id":2546,"href":"https:\/\/cosmeticstoredz.com\/ar\/wp-json\/wp\/v2\/product\/2482\/revisions\/2546"}],"wp:featuredmedia":[{"embeddable":true,"href":"https:\/\/cosmeticstoredz.com\/ar\/wp-json\/wp\/v2\/media\/2545"}],"wp:attachment":[{"href":"https:\/\/cosmeticstoredz.com\/ar\/wp-json\/wp\/v2\/media?parent=2482"}],"wp:term":[{"taxonomy":"product_brand","embeddable":true,"href":"https:\/\/cosmeticstoredz.com\/ar\/wp-json\/wp\/v2\/product_brand?post=2482"},{"taxonomy":"product_cat","embeddable":true,"href":"https:\/\/cosmeticstoredz.com\/ar\/wp-json\/wp\/v2\/product_cat?post=2482"},{"taxonomy":"product_tag","embeddable":true,"href":"https:\/\/cosmeticstoredz.com\/ar\/wp-json\/wp\/v2\/product_tag?post=2482"}],"curies":[{"name":"wp","href":"https:\/\/api.w.org\/{rel}","templated":true}]}}