{"id":2481,"date":"2026-02-16T08:57:09","date_gmt":"2026-02-16T08:57:09","guid":{"rendered":"https:\/\/test.fitnessworldgym27.com\/?post_type=product&#038;p=2481"},"modified":"2026-03-30T19:25:27","modified_gmt":"2026-03-30T19:25:27","slug":"maybelline-the-colossal-big-shot","status":"publish","type":"product","link":"https:\/\/cosmeticstoredz.com\/ar\/product\/maybelline-the-colossal-big-shot\/","title":{"rendered":"MAYBELLINE THE COLOSSAL BIG SHOT"},"content":{"rendered":"<div class=\"product-content__title\">\n<p class=\"c-text c-text--size-m c-text--style-p c-text--bold\" data-v-66cc25a1=\"\"><strong>Description<\/strong><\/p>\n<\/div>\n<p class=\"c-text c-text--size-m c-text--style-p\" data-v-66cc25a1=\"\">Prenez le pouvoir avec votre regard ! Boostez vos cils de la racine \u00e0 la pointe d&rsquo;un Big Shot de volume Extra Noir. R\u00e9sultat : des cils charg\u00e9s de volume en un seul passage.<\/p>\n<div class=\"product-content main-details__block\">\n<div class=\"product-content__title\">\n<p class=\"c-text c-text--size-m c-text--style-p c-text--bold\" data-v-66cc25a1=\"\"><strong>Ingr\u00e9dients et allerg\u00e8nes<\/strong><\/p>\n<\/div>\n<p class=\"c-text c-text--size-m c-text--style-p\" data-v-66cc25a1=\"\">G684469 &#8211; INGREDIENTS: AQUA \/ WATER &#8211; PARAFFIN &#8211; POTASSIUM CETYL PHOSPHATE &#8211; COPERNICIA CERIFERA CERA \/ CARNAUBA WAX &#8211; ETHYLENE\/ACRYLIC ACID COPOLYMER &#8211; STYRENE\/ACRYLATES\/AMMONIUM METHACRYLATE COPOLYMER &#8211; CERA ALBA \/ BEESWAX &#8211; SYNTHETIC BEESWAX &#8211; BIS-DIGLYCERYL POLYACYLADIPATE-2 &#8211; POLYBUTENE &#8211; CETYL ALCOHOL &#8211; STEARETH-20 &#8211; GLYCERYL DIBEHENATE &#8211; STEARETH-2 &#8211; PHENOXYETHANOL &#8211; HYDROXYETHYLCELLULOSE &#8211; ACACIA SENEGAL GUM &#8211; TRIBEHENIN &#8211; CAPRYLYL GLYCOL &#8211; GLYCERYL BEHENATE &#8211; SODIUM DEHYDROACETATE &#8211; HYDROGENATED JOJOBA OIL &#8211; HYDROGENATED PALM OIL &#8211; DISODIUM EDTA &#8211; BUTYLENE GLYCOL &#8211; SODIUM LAURETH SULFATE &#8211; STEARYL ALCOHOL &#8211; MYRISTYL ALCOHOL &#8211; TETRASODIUM EDTA &#8211; PROPYLENE GLYCOL &#8211; POTASSIUM SORBATE &#8211; SILICA &#8211; SOLUBLE COLLAGEN &#8211; BHT &#8211; TRISODIUM EDTA \u25cf +\/- MAY CONTAIN: CI 77491, CI 77492, CI 77499 \/ IRON OXIDES &#8211; CI 77007 \/ ULTRAMARINES &#8211; CI 77891 \/ TITANIUM DIOXIDE &#8211; MICA &#8211; CI 75470 \/ CARMINE &#8211; CI 77288 \/ CHROMIUM OXIDE GREENS &#8211; CI 77742 \/ MANGANESE VIOLET &#8211; CI 77510 \/ FERRIC FERROCYANIDE. (F.I.L. D187882\/3). Les listes d&rsquo;ingr\u00e9dients entrant dans la composition des produits de notre marque sont r\u00e9guli\u00e8rement mises \u00e0 jour. Avant d&rsquo;utiliser un produit de notre marque, vous \u00eates invit\u00e9s \u00e0 lire la liste d&rsquo;ingr\u00e9dients figurant sur son emballage afin de vous assurer que les ingr\u00e9dients sont adapt\u00e9s \u00e0 votre utilisation personnelle<\/p>\n<\/div>\n<div class=\"main-details__block product-characteristics-table\">\n<div class=\"product-characteristics-table__title\"><\/div>\n<\/div>","protected":false},"excerpt":{"rendered":"<p>Prenez le pouvoir avec votre regard ! Boostez vos cils de la racine \u00e0 la pointe d&rsquo;un <strong>Big Shot<\/strong> de volume Extra Noir. R\u00e9sultat : des cils charg\u00e9s de volume en un seul passage.<\/p>","protected":false},"featured_media":2543,"comment_status":"open","ping_status":"closed","template":"","meta":[],"product_brand":[410],"product_cat":[75,122,186,230,126],"product_tag":[125],"class_list":{"0":"post-2481","1":"product","2":"type-product","3":"status-publish","4":"has-post-thumbnail","6":"product_brand-maybelline","7":"product_cat-femme","8":"product_cat-make-up","9":"product_cat-mascara","10":"product_cat-maybelline","11":"product_cat-yeux","12":"product_tag-made-in-france","14":"first","15":"instock","16":"shipping-taxable","17":"purchasable","18":"product-type-simple"},"_links":{"self":[{"href":"https:\/\/cosmeticstoredz.com\/ar\/wp-json\/wp\/v2\/product\/2481","targetHints":{"allow":["GET"]}}],"collection":[{"href":"https:\/\/cosmeticstoredz.com\/ar\/wp-json\/wp\/v2\/product"}],"about":[{"href":"https:\/\/cosmeticstoredz.com\/ar\/wp-json\/wp\/v2\/types\/product"}],"replies":[{"embeddable":true,"href":"https:\/\/cosmeticstoredz.com\/ar\/wp-json\/wp\/v2\/comments?post=2481"}],"version-history":[{"count":1,"href":"https:\/\/cosmeticstoredz.com\/ar\/wp-json\/wp\/v2\/product\/2481\/revisions"}],"predecessor-version":[{"id":2544,"href":"https:\/\/cosmeticstoredz.com\/ar\/wp-json\/wp\/v2\/product\/2481\/revisions\/2544"}],"wp:featuredmedia":[{"embeddable":true,"href":"https:\/\/cosmeticstoredz.com\/ar\/wp-json\/wp\/v2\/media\/2543"}],"wp:attachment":[{"href":"https:\/\/cosmeticstoredz.com\/ar\/wp-json\/wp\/v2\/media?parent=2481"}],"wp:term":[{"taxonomy":"product_brand","embeddable":true,"href":"https:\/\/cosmeticstoredz.com\/ar\/wp-json\/wp\/v2\/product_brand?post=2481"},{"taxonomy":"product_cat","embeddable":true,"href":"https:\/\/cosmeticstoredz.com\/ar\/wp-json\/wp\/v2\/product_cat?post=2481"},{"taxonomy":"product_tag","embeddable":true,"href":"https:\/\/cosmeticstoredz.com\/ar\/wp-json\/wp\/v2\/product_tag?post=2481"}],"curies":[{"name":"wp","href":"https:\/\/api.w.org\/{rel}","templated":true}]}}