{"id":2479,"date":"2026-02-16T08:57:09","date_gmt":"2026-02-16T08:57:09","guid":{"rendered":"https:\/\/test.fitnessworldgym27.com\/?post_type=product&#038;p=2479"},"modified":"2026-04-07T16:07:33","modified_gmt":"2026-04-07T16:07:33","slug":"maybelline-tatoo-liner-gel-pencil-910-blod-brown","status":"publish","type":"product","link":"https:\/\/cosmeticstoredz.com\/ar\/product\/maybelline-tatoo-liner-gel-pencil-910-blod-brown\/","title":{"rendered":"MAYBELLINE TATOO LINER GEL PENCIL 910 BLOD BROWN"},"content":{"rendered":"<div class=\"product-content__title\">\n<p class=\"c-text c-text--size-m c-text--style-p c-text--bold\" data-v-66cc25a1=\"\"><strong>Description<\/strong><\/p>\n<\/div>\n<p class=\"c-text c-text--size-m c-text--style-p\" data-v-66cc25a1=\"\">Le 1er crayon gel effet tatouage tenue extr\u00eame jusqu&rsquo;\u00e0 36h* Un regard intense pendant 36h* sans couler ni migrer. Offrant des traits doux et une couleur intense, cet eye-liner imperm\u00e9able glisse parfaitement pour une tenue plus longue dur\u00e9e \u00e0 ce jour !\u00a0Cet eye-liner crayon taille-crayon offre des teintes riches en pigments, une d\u00e9finition pr\u00e9cise et une tenue jusqu&rsquo;\u00e0 36 heures qui dure du jour au soir et au-del\u00e0.\u00a0Du noir classique au look eye-liner blanc \u00e9clatant, en passant par toutes les nuances brillantes entre les deux, cette collection propose une teinte parfaite pour chaque humeur.\u00a0Maintenant disponible dans des teintes d&rsquo;eye-liner m\u00e9tallis\u00e9es et mates.\u00a0Imperm\u00e9able, r\u00e9sistant aux taches, \u00e0 la d\u00e9coloration et au s\u00e9bum.<\/p>\n<div class=\"product-content__title\"><\/div>\n<p class=\"c-text c-text--size-m c-text--style-p\" data-v-66cc25a1=\"\">","protected":false},"excerpt":{"rendered":"<p>Offrant des traits doux et une couleur intense, cet eye-liner imperm\u00e9able glisse parfaitement pour une tenue plus longue dur\u00e9e \u00e0 ce jour !\u00a0Cet eye-liner crayon taille-crayon offre des teintes riches en pigments, une d\u00e9finition pr\u00e9cise et une tenue jusqu&rsquo;\u00e0 36 heures qui dure du jour au soir et au-del\u00e0.\u00a0Du noir classique au look eye-liner blanc \u00e9clatant, en passant par toutes les nuances brillantes entre les deux, cette collection propose une teinte parfaite pour chaque humeur.\u00a0Maintenant disponible dans des teintes d&rsquo;eye-liner m\u00e9tallis\u00e9es et mates.\u00a0Imperm\u00e9able, r\u00e9sistant aux taches, \u00e0 la d\u00e9coloration et au s\u00e9bum.<\/p>","protected":false},"featured_media":2539,"comment_status":"closed","ping_status":"closed","template":"","meta":[],"product_brand":[410],"product_cat":[198,75,122,230,126],"product_tag":[125],"class_list":{"0":"post-2479","1":"product","2":"type-product","3":"status-publish","4":"has-post-thumbnail","6":"product_brand-maybelline","7":"product_cat-eyeliner","8":"product_cat-femme","9":"product_cat-make-up","10":"product_cat-maybelline","11":"product_cat-yeux","12":"product_tag-made-in-france","14":"first","15":"instock","16":"shipping-taxable","17":"purchasable","18":"product-type-simple"},"_links":{"self":[{"href":"https:\/\/cosmeticstoredz.com\/ar\/wp-json\/wp\/v2\/product\/2479","targetHints":{"allow":["GET"]}}],"collection":[{"href":"https:\/\/cosmeticstoredz.com\/ar\/wp-json\/wp\/v2\/product"}],"about":[{"href":"https:\/\/cosmeticstoredz.com\/ar\/wp-json\/wp\/v2\/types\/product"}],"replies":[{"embeddable":true,"href":"https:\/\/cosmeticstoredz.com\/ar\/wp-json\/wp\/v2\/comments?post=2479"}],"version-history":[{"count":1,"href":"https:\/\/cosmeticstoredz.com\/ar\/wp-json\/wp\/v2\/product\/2479\/revisions"}],"predecessor-version":[{"id":2540,"href":"https:\/\/cosmeticstoredz.com\/ar\/wp-json\/wp\/v2\/product\/2479\/revisions\/2540"}],"wp:featuredmedia":[{"embeddable":true,"href":"https:\/\/cosmeticstoredz.com\/ar\/wp-json\/wp\/v2\/media\/2539"}],"wp:attachment":[{"href":"https:\/\/cosmeticstoredz.com\/ar\/wp-json\/wp\/v2\/media?parent=2479"}],"wp:term":[{"taxonomy":"product_brand","embeddable":true,"href":"https:\/\/cosmeticstoredz.com\/ar\/wp-json\/wp\/v2\/product_brand?post=2479"},{"taxonomy":"product_cat","embeddable":true,"href":"https:\/\/cosmeticstoredz.com\/ar\/wp-json\/wp\/v2\/product_cat?post=2479"},{"taxonomy":"product_tag","embeddable":true,"href":"https:\/\/cosmeticstoredz.com\/ar\/wp-json\/wp\/v2\/product_tag?post=2479"}],"curies":[{"name":"wp","href":"https:\/\/api.w.org\/{rel}","templated":true}]}}