{"id":2478,"date":"2026-02-16T08:57:09","date_gmt":"2026-02-16T08:57:09","guid":{"rendered":"https:\/\/test.fitnessworldgym27.com\/?post_type=product&#038;p=2478"},"modified":"2026-04-11T12:48:26","modified_gmt":"2026-04-11T12:48:26","slug":"maybelline-tatoo-liner-gel-pencil-960-rose-gold","status":"publish","type":"product","link":"https:\/\/cosmeticstoredz.com\/ar\/product\/maybelline-tatoo-liner-gel-pencil-960-rose-gold\/","title":{"rendered":"MAYBELLINE TATOO LINER GEL PENCIL 960 ROSE GOLD"},"content":{"rendered":"<p><strong>Description\u00a0<\/strong><\/p>\n<ul class=\"a-unordered-list a-vertical a-spacing-mini\">\n<li class=\"a-spacing-mini\"><span class=\"a-list-item\">Crayon gel waterproof effet tatouage tenue extr\u00eame jusqu&rsquo;\u00e0 36h<\/span><\/li>\n<li class=\"a-spacing-mini\"><span class=\"a-list-item\">Trac\u00e9 intense effet tatouage: sa texture cr\u00e9meuse ultra pigment\u00e9e glisse facilement pour une couleur intense d\u00e8s le 1er passage.<\/span><\/li>\n<li class=\"a-spacing-mini\"><span class=\"a-list-item\">Un regard intense pendant 36h sans couler ni migrer.<\/span><\/li>\n<li class=\"a-spacing-mini\"><span class=\"a-list-item\">Appliquez Tatou Liner crayon gel sur le contour sup\u00e9rieur de l&rsquo;\u0153il au ras des cils.<\/span><\/li>\n<li class=\"a-spacing-mini\"><span class=\"a-list-item\">Test\u00e9 sous contr\u00f4le ophtalmologique. Convient aux yeux sensibles et porteurs de lentilles.<\/span><\/li>\n<li class=\"a-spacing-mini\"><span class=\"a-list-item\">Vous pouvez tailler Tattoo Liner crayon gel avec notre taille-crayon Maybelline New York : enfoncez la mine au maximum dans le plus petit des trous et tournez<\/span><\/li>\n<\/ul>","protected":false},"excerpt":{"rendered":"<p>Trac\u00e9 intense effet tatouage: sa texture cr\u00e9meuse ultra pigment\u00e9e glisse facilement pour une couleur intense d\u00e8s le 1er passage. Sa formule waterproof adh\u00e8re parfaitement \u00e0 la peau: sa couleur reste intacte pendant 36h* sans couler ni transf\u00e9rer.<\/p>","protected":false},"featured_media":2537,"comment_status":"closed","ping_status":"closed","template":"","meta":[],"product_brand":[410],"product_cat":[198,75,122,230,126],"product_tag":[125],"class_list":{"0":"post-2478","1":"product","2":"type-product","3":"status-publish","4":"has-post-thumbnail","6":"product_brand-maybelline","7":"product_cat-eyeliner","8":"product_cat-femme","9":"product_cat-make-up","10":"product_cat-maybelline","11":"product_cat-yeux","12":"product_tag-made-in-france","14":"first","15":"instock","16":"shipping-taxable","17":"purchasable","18":"product-type-simple"},"_links":{"self":[{"href":"https:\/\/cosmeticstoredz.com\/ar\/wp-json\/wp\/v2\/product\/2478","targetHints":{"allow":["GET"]}}],"collection":[{"href":"https:\/\/cosmeticstoredz.com\/ar\/wp-json\/wp\/v2\/product"}],"about":[{"href":"https:\/\/cosmeticstoredz.com\/ar\/wp-json\/wp\/v2\/types\/product"}],"replies":[{"embeddable":true,"href":"https:\/\/cosmeticstoredz.com\/ar\/wp-json\/wp\/v2\/comments?post=2478"}],"version-history":[{"count":1,"href":"https:\/\/cosmeticstoredz.com\/ar\/wp-json\/wp\/v2\/product\/2478\/revisions"}],"predecessor-version":[{"id":2538,"href":"https:\/\/cosmeticstoredz.com\/ar\/wp-json\/wp\/v2\/product\/2478\/revisions\/2538"}],"wp:featuredmedia":[{"embeddable":true,"href":"https:\/\/cosmeticstoredz.com\/ar\/wp-json\/wp\/v2\/media\/2537"}],"wp:attachment":[{"href":"https:\/\/cosmeticstoredz.com\/ar\/wp-json\/wp\/v2\/media?parent=2478"}],"wp:term":[{"taxonomy":"product_brand","embeddable":true,"href":"https:\/\/cosmeticstoredz.com\/ar\/wp-json\/wp\/v2\/product_brand?post=2478"},{"taxonomy":"product_cat","embeddable":true,"href":"https:\/\/cosmeticstoredz.com\/ar\/wp-json\/wp\/v2\/product_cat?post=2478"},{"taxonomy":"product_tag","embeddable":true,"href":"https:\/\/cosmeticstoredz.com\/ar\/wp-json\/wp\/v2\/product_tag?post=2478"}],"curies":[{"name":"wp","href":"https:\/\/api.w.org\/{rel}","templated":true}]}}