{"id":2477,"date":"2026-02-16T08:57:09","date_gmt":"2026-02-16T08:57:09","guid":{"rendered":"https:\/\/test.fitnessworldgym27.com\/?post_type=product&#038;p=2477"},"modified":"2026-04-18T19:18:00","modified_gmt":"2026-04-18T19:18:00","slug":"maybelline-superstay-ink-crayon-25-stay-exceptiona","status":"publish","type":"product","link":"https:\/\/cosmeticstoredz.com\/ar\/product\/maybelline-superstay-ink-crayon-25-stay-exceptiona\/","title":{"rendered":"MAYBELLINE SUPERSTAY INK CRAYON 25 STAY EXCEPTIONA"},"content":{"rendered":"<p><b>Description.<\/b><br \/>\nAvec la NOUVELLE encre Super Stay Matte de Maybelline, affichez de l&rsquo;attitude sur vos l\u00e8vres !\u00a0Couleur mate intense, qui reste sur vos l\u00e8vres jusqu&rsquo;\u00e0 16 heures.<\/p>\n<p><b>Avantages.<\/b><br \/>\nAvec taille-crayon int\u00e9gr\u00e9 \u00e0 la base pour une application pr\u00e9cise et ultra facile.<br \/>\nLongue dur\u00e9e.<br \/>\nConfort maximum, effort minimum.<\/p>\n<p><b>Mode d&#8217;emploi :<\/b><br \/>\nSon applicateur en forme de crayon permet de dessiner avant de combler, donnant plus de volume \u00e0 vos l\u00e8vres.\u00a0Application toujours parfaite gr\u00e2ce \u00e0 son taille-crayon int\u00e9gr\u00e9 \u00e0 la base.<\/p>\n<p>&nbsp;<\/p>","protected":false},"excerpt":{"rendered":"<p>N&rsquo;ayez jamais peur de vous montrer tel que vous \u00eates, avec toutes vos couleurs.\u00a0Donnez \u00e0 vos l\u00e8vres un aspect INTENSE avec les rouges \u00e0 l\u00e8vres mats et brillants Maybelline.\u00a0Faites sensation avec un ton rouge ou surprenez sur sc\u00e8ne avec un ton nude \u00e9l\u00e9gant.\u00a0Maybelline a tout ce dont vous avez besoin pour cr\u00e9er des looks personnalis\u00e9s qui durent toute la journ\u00e9e et toute la nuit.<\/p>","protected":false},"featured_media":2535,"comment_status":"closed","ping_status":"closed","template":"","meta":[],"product_brand":[410],"product_cat":[233,75,205,122,230,207],"product_tag":[125],"class_list":{"0":"post-2477","1":"product","2":"type-product","3":"status-publish","4":"has-post-thumbnail","6":"product_brand-maybelline","7":"product_cat-crayon-a-levres","8":"product_cat-femme","9":"product_cat-levres","10":"product_cat-make-up","11":"product_cat-maybelline","12":"product_cat-rouge-a-levres","13":"product_tag-made-in-france","15":"first","16":"outofstock","17":"shipping-taxable","18":"purchasable","19":"product-type-simple"},"yoast_head":"<!-- This site is optimized with the Yoast SEO plugin v27.3 - https:\/\/yoast.com\/product\/yoast-seo-wordpress\/ -->\n<title>MAYBELLINE SUPERSTAY INK CRAYON 25 STAY EXCEPTIONA - Cosmetic Store<\/title>\n<meta name=\"robots\" content=\"index, follow, max-snippet:-1, max-image-preview:large, max-video-preview:-1\" \/>\n<link rel=\"canonical\" href=\"https:\/\/cosmeticstoredz.com\/ar\/product\/maybelline-superstay-ink-crayon-25-stay-exceptiona\/\" \/>\n<meta property=\"og:locale\" content=\"ar_AR\" \/>\n<meta property=\"og:type\" content=\"article\" \/>\n<meta property=\"og:title\" content=\"MAYBELLINE SUPERSTAY INK CRAYON 25 STAY EXCEPTIONA - Cosmetic Store\" \/>\n<meta property=\"og:description\" content=\"N&#039;ayez jamais peur de vous montrer tel que vous \u00eates, avec toutes vos couleurs.\u00a0Donnez \u00e0 vos l\u00e8vres un aspect INTENSE avec les rouges \u00e0 l\u00e8vres mats et brillants Maybelline.\u00a0Faites sensation avec un ton rouge ou surprenez sur sc\u00e8ne avec un ton nude \u00e9l\u00e9gant.\u00a0Maybelline a tout ce dont vous avez besoin pour cr\u00e9er des looks personnalis\u00e9s qui durent toute la journ\u00e9e et toute la nuit.\" \/>\n<meta property=\"og:url\" content=\"https:\/\/cosmeticstoredz.com\/ar\/product\/maybelline-superstay-ink-crayon-25-stay-exceptiona\/\" \/>\n<meta property=\"og:site_name\" content=\"Cosmetic Store\" \/>\n<meta property=\"article:publisher\" content=\"https:\/\/www.facebook.com\/profile.php?id=61564954260683\" \/>\n<meta property=\"article:modified_time\" content=\"2026-04-18T19:18:00+00:00\" \/>\n<meta property=\"og:image\" content=\"https:\/\/cosmeticstoredz.com\/wp-content\/uploads\/2026\/02\/Ajouter-un-titre-2024-08-05T115732.104.png\" \/>\n\t<meta property=\"og:image:width\" content=\"1563\" \/>\n\t<meta property=\"og:image:height\" content=\"1563\" \/>\n\t<meta property=\"og:image:type\" content=\"image\/png\" \/>\n<meta name=\"twitter:card\" content=\"summary_large_image\" \/>\n<script type=\"application\/ld+json\" class=\"yoast-schema-graph\">{\"@context\":\"https:\\\/\\\/schema.org\",\"@graph\":[{\"@type\":\"WebPage\",\"@id\":\"https:\\\/\\\/cosmeticstoredz.com\\\/produit\\\/maybelline-superstay-ink-crayon-25-stay-exceptiona\\\/\",\"url\":\"https:\\\/\\\/cosmeticstoredz.com\\\/produit\\\/maybelline-superstay-ink-crayon-25-stay-exceptiona\\\/\",\"name\":\"MAYBELLINE SUPERSTAY INK CRAYON 25 STAY EXCEPTIONA - Cosmetic Store\",\"isPartOf\":{\"@id\":\"https:\\\/\\\/cosmeticstoredz.com\\\/#website\"},\"primaryImageOfPage\":{\"@id\":\"https:\\\/\\\/cosmeticstoredz.com\\\/produit\\\/maybelline-superstay-ink-crayon-25-stay-exceptiona\\\/#primaryimage\"},\"image\":{\"@id\":\"https:\\\/\\\/cosmeticstoredz.com\\\/produit\\\/maybelline-superstay-ink-crayon-25-stay-exceptiona\\\/#primaryimage\"},\"thumbnailUrl\":\"https:\\\/\\\/cosmeticstoredz.com\\\/wp-content\\\/uploads\\\/2026\\\/02\\\/Ajouter-un-titre-2024-08-05T115732.104.png\",\"datePublished\":\"2026-02-16T08:57:09+00:00\",\"dateModified\":\"2026-04-18T19:18:00+00:00\",\"breadcrumb\":{\"@id\":\"https:\\\/\\\/cosmeticstoredz.com\\\/produit\\\/maybelline-superstay-ink-crayon-25-stay-exceptiona\\\/#breadcrumb\"},\"inLanguage\":\"ar\",\"potentialAction\":[{\"@type\":\"ReadAction\",\"target\":[\"https:\\\/\\\/cosmeticstoredz.com\\\/produit\\\/maybelline-superstay-ink-crayon-25-stay-exceptiona\\\/\"]}]},{\"@type\":\"ImageObject\",\"inLanguage\":\"ar\",\"@id\":\"https:\\\/\\\/cosmeticstoredz.com\\\/produit\\\/maybelline-superstay-ink-crayon-25-stay-exceptiona\\\/#primaryimage\",\"url\":\"https:\\\/\\\/cosmeticstoredz.com\\\/wp-content\\\/uploads\\\/2026\\\/02\\\/Ajouter-un-titre-2024-08-05T115732.104.png\",\"contentUrl\":\"https:\\\/\\\/cosmeticstoredz.com\\\/wp-content\\\/uploads\\\/2026\\\/02\\\/Ajouter-un-titre-2024-08-05T115732.104.png\",\"width\":1563,\"height\":1563},{\"@type\":\"BreadcrumbList\",\"@id\":\"https:\\\/\\\/cosmeticstoredz.com\\\/produit\\\/maybelline-superstay-ink-crayon-25-stay-exceptiona\\\/#breadcrumb\",\"itemListElement\":[{\"@type\":\"ListItem\",\"position\":1,\"name\":\"Accueil\",\"item\":\"https:\\\/\\\/cosmeticstoredz.com\\\/\"},{\"@type\":\"ListItem\",\"position\":2,\"name\":\"Boutique\",\"item\":\"https:\\\/\\\/cosmeticstoredz.com\\\/boutique\\\/\"},{\"@type\":\"ListItem\",\"position\":3,\"name\":\"MAYBELLINE SUPERSTAY INK CRAYON 25 STAY EXCEPTIONA\"}]},{\"@type\":\"WebSite\",\"@id\":\"https:\\\/\\\/cosmeticstoredz.com\\\/#website\",\"url\":\"https:\\\/\\\/cosmeticstoredz.com\\\/\",\"name\":\"Cosmetic Store\",\"description\":\"\",\"publisher\":{\"@id\":\"https:\\\/\\\/cosmeticstoredz.com\\\/#organization\"},\"potentialAction\":[{\"@type\":\"SearchAction\",\"target\":{\"@type\":\"EntryPoint\",\"urlTemplate\":\"https:\\\/\\\/cosmeticstoredz.com\\\/?s={search_term_string}\"},\"query-input\":{\"@type\":\"PropertyValueSpecification\",\"valueRequired\":true,\"valueName\":\"search_term_string\"}}],\"inLanguage\":\"ar\"},{\"@type\":\"Organization\",\"@id\":\"https:\\\/\\\/cosmeticstoredz.com\\\/#organization\",\"name\":\"Cosmetic Store\",\"url\":\"https:\\\/\\\/cosmeticstoredz.com\\\/\",\"logo\":{\"@type\":\"ImageObject\",\"inLanguage\":\"ar\",\"@id\":\"https:\\\/\\\/cosmeticstoredz.com\\\/#\\\/schema\\\/logo\\\/image\\\/\",\"url\":\"https:\\\/\\\/cosmeticstoredz.com\\\/wp-content\\\/uploads\\\/2026\\\/02\\\/cropped-LOGO_CS-512x512-1-1-e1771275285345.webp\",\"contentUrl\":\"https:\\\/\\\/cosmeticstoredz.com\\\/wp-content\\\/uploads\\\/2026\\\/02\\\/cropped-LOGO_CS-512x512-1-1-e1771275285345.webp\",\"width\":265,\"height\":319,\"caption\":\"Cosmetic Store\"},\"image\":{\"@id\":\"https:\\\/\\\/cosmeticstoredz.com\\\/#\\\/schema\\\/logo\\\/image\\\/\"},\"sameAs\":[\"https:\\\/\\\/www.facebook.com\\\/profile.php?id=61564954260683\",\"https:\\\/\\\/www.instagram.com\\\/cosmetic.storedz\\\/\"]}]}<\/script>\n<!-- \/ Yoast SEO plugin. -->","yoast_head_json":{"title":"MAYBELLINE SUPERSTAY INK CRAYON 25 STAY EXCEPTIONA - Cosmetic Store","robots":{"index":"index","follow":"follow","max-snippet":"max-snippet:-1","max-image-preview":"max-image-preview:large","max-video-preview":"max-video-preview:-1"},"canonical":"https:\/\/cosmeticstoredz.com\/ar\/product\/maybelline-superstay-ink-crayon-25-stay-exceptiona\/","og_locale":"ar_AR","og_type":"article","og_title":"MAYBELLINE SUPERSTAY INK CRAYON 25 STAY EXCEPTIONA - Cosmetic Store","og_description":"N'ayez jamais peur de vous montrer tel que vous \u00eates, avec toutes vos couleurs.\u00a0Donnez \u00e0 vos l\u00e8vres un aspect INTENSE avec les rouges \u00e0 l\u00e8vres mats et brillants Maybelline.\u00a0Faites sensation avec un ton rouge ou surprenez sur sc\u00e8ne avec un ton nude \u00e9l\u00e9gant.\u00a0Maybelline a tout ce dont vous avez besoin pour cr\u00e9er des looks personnalis\u00e9s qui durent toute la journ\u00e9e et toute la nuit.","og_url":"https:\/\/cosmeticstoredz.com\/ar\/product\/maybelline-superstay-ink-crayon-25-stay-exceptiona\/","og_site_name":"Cosmetic Store","article_publisher":"https:\/\/www.facebook.com\/profile.php?id=61564954260683","article_modified_time":"2026-04-18T19:18:00+00:00","og_image":[{"width":1563,"height":1563,"url":"https:\/\/cosmeticstoredz.com\/wp-content\/uploads\/2026\/02\/Ajouter-un-titre-2024-08-05T115732.104.png","type":"image\/png"}],"twitter_card":"summary_large_image","schema":{"@context":"https:\/\/schema.org","@graph":[{"@type":"WebPage","@id":"https:\/\/cosmeticstoredz.com\/produit\/maybelline-superstay-ink-crayon-25-stay-exceptiona\/","url":"https:\/\/cosmeticstoredz.com\/produit\/maybelline-superstay-ink-crayon-25-stay-exceptiona\/","name":"MAYBELLINE SUPERSTAY INK CRAYON 25 STAY EXCEPTIONA - Cosmetic Store","isPartOf":{"@id":"https:\/\/cosmeticstoredz.com\/#website"},"primaryImageOfPage":{"@id":"https:\/\/cosmeticstoredz.com\/produit\/maybelline-superstay-ink-crayon-25-stay-exceptiona\/#primaryimage"},"image":{"@id":"https:\/\/cosmeticstoredz.com\/produit\/maybelline-superstay-ink-crayon-25-stay-exceptiona\/#primaryimage"},"thumbnailUrl":"https:\/\/cosmeticstoredz.com\/wp-content\/uploads\/2026\/02\/Ajouter-un-titre-2024-08-05T115732.104.png","datePublished":"2026-02-16T08:57:09+00:00","dateModified":"2026-04-18T19:18:00+00:00","breadcrumb":{"@id":"https:\/\/cosmeticstoredz.com\/produit\/maybelline-superstay-ink-crayon-25-stay-exceptiona\/#breadcrumb"},"inLanguage":"ar","potentialAction":[{"@type":"ReadAction","target":["https:\/\/cosmeticstoredz.com\/produit\/maybelline-superstay-ink-crayon-25-stay-exceptiona\/"]}]},{"@type":"ImageObject","inLanguage":"ar","@id":"https:\/\/cosmeticstoredz.com\/produit\/maybelline-superstay-ink-crayon-25-stay-exceptiona\/#primaryimage","url":"https:\/\/cosmeticstoredz.com\/wp-content\/uploads\/2026\/02\/Ajouter-un-titre-2024-08-05T115732.104.png","contentUrl":"https:\/\/cosmeticstoredz.com\/wp-content\/uploads\/2026\/02\/Ajouter-un-titre-2024-08-05T115732.104.png","width":1563,"height":1563},{"@type":"BreadcrumbList","@id":"https:\/\/cosmeticstoredz.com\/produit\/maybelline-superstay-ink-crayon-25-stay-exceptiona\/#breadcrumb","itemListElement":[{"@type":"ListItem","position":1,"name":"Accueil","item":"https:\/\/cosmeticstoredz.com\/"},{"@type":"ListItem","position":2,"name":"Boutique","item":"https:\/\/cosmeticstoredz.com\/boutique\/"},{"@type":"ListItem","position":3,"name":"MAYBELLINE SUPERSTAY INK CRAYON 25 STAY EXCEPTIONA"}]},{"@type":"WebSite","@id":"https:\/\/cosmeticstoredz.com\/#website","url":"https:\/\/cosmeticstoredz.com\/","name":"Cosmetic Store","description":"","publisher":{"@id":"https:\/\/cosmeticstoredz.com\/#organization"},"potentialAction":[{"@type":"SearchAction","target":{"@type":"EntryPoint","urlTemplate":"https:\/\/cosmeticstoredz.com\/?s={search_term_string}"},"query-input":{"@type":"PropertyValueSpecification","valueRequired":true,"valueName":"search_term_string"}}],"inLanguage":"ar"},{"@type":"Organization","@id":"https:\/\/cosmeticstoredz.com\/#organization","name":"Cosmetic Store","url":"https:\/\/cosmeticstoredz.com\/","logo":{"@type":"ImageObject","inLanguage":"ar","@id":"https:\/\/cosmeticstoredz.com\/#\/schema\/logo\/image\/","url":"https:\/\/cosmeticstoredz.com\/wp-content\/uploads\/2026\/02\/cropped-LOGO_CS-512x512-1-1-e1771275285345.webp","contentUrl":"https:\/\/cosmeticstoredz.com\/wp-content\/uploads\/2026\/02\/cropped-LOGO_CS-512x512-1-1-e1771275285345.webp","width":265,"height":319,"caption":"Cosmetic Store"},"image":{"@id":"https:\/\/cosmeticstoredz.com\/#\/schema\/logo\/image\/"},"sameAs":["https:\/\/www.facebook.com\/profile.php?id=61564954260683","https:\/\/www.instagram.com\/cosmetic.storedz\/"]}]}},"_links":{"self":[{"href":"https:\/\/cosmeticstoredz.com\/ar\/wp-json\/wp\/v2\/product\/2477","targetHints":{"allow":["GET"]}}],"collection":[{"href":"https:\/\/cosmeticstoredz.com\/ar\/wp-json\/wp\/v2\/product"}],"about":[{"href":"https:\/\/cosmeticstoredz.com\/ar\/wp-json\/wp\/v2\/types\/product"}],"replies":[{"embeddable":true,"href":"https:\/\/cosmeticstoredz.com\/ar\/wp-json\/wp\/v2\/comments?post=2477"}],"version-history":[{"count":1,"href":"https:\/\/cosmeticstoredz.com\/ar\/wp-json\/wp\/v2\/product\/2477\/revisions"}],"predecessor-version":[{"id":2536,"href":"https:\/\/cosmeticstoredz.com\/ar\/wp-json\/wp\/v2\/product\/2477\/revisions\/2536"}],"wp:featuredmedia":[{"embeddable":true,"href":"https:\/\/cosmeticstoredz.com\/ar\/wp-json\/wp\/v2\/media\/2535"}],"wp:attachment":[{"href":"https:\/\/cosmeticstoredz.com\/ar\/wp-json\/wp\/v2\/media?parent=2477"}],"wp:term":[{"taxonomy":"product_brand","embeddable":true,"href":"https:\/\/cosmeticstoredz.com\/ar\/wp-json\/wp\/v2\/product_brand?post=2477"},{"taxonomy":"product_cat","embeddable":true,"href":"https:\/\/cosmeticstoredz.com\/ar\/wp-json\/wp\/v2\/product_cat?post=2477"},{"taxonomy":"product_tag","embeddable":true,"href":"https:\/\/cosmeticstoredz.com\/ar\/wp-json\/wp\/v2\/product_tag?post=2477"}],"curies":[{"name":"wp","href":"https:\/\/api.w.org\/{rel}","templated":true}]}}