{"id":2443,"date":"2026-02-16T08:56:48","date_gmt":"2026-02-16T08:56:48","guid":{"rendered":"https:\/\/test.fitnessworldgym27.com\/?post_type=product&#038;p=2443"},"modified":"2026-03-30T19:24:08","modified_gmt":"2026-03-30T19:24:08","slug":"maybelline-superstay-ink-crayon-65-settle-for-more","status":"publish","type":"product","link":"https:\/\/cosmeticstoredz.com\/ar\/product\/maybelline-superstay-ink-crayon-65-settle-for-more\/","title":{"rendered":"MAYBELLINE SUPERSTAY INK CRAYON 65 SETTLE FOR MORE"},"content":{"rendered":"<p>Le rouge \u00e0 l\u00e8vres <strong>Maybelline Superstay Ink Crayon<\/strong> donne aux l\u00e8vres une couleur matte qui dure jusqu&rsquo;\u00e0 8 heures. Le rouge \u00e0 l\u00e8vres Ink Crayon est disponible en diff\u00e9rentes nuances.<\/p>\n<ul>\n<li>\u00a0Donne aux l\u00e8vres une couleur intense<\/li>\n<li>\u00a0Finition matte<\/li>\n<li>\u00a0Longue tenue (jusqu\u2019\u00e0 8 heures)<\/li>\n<li>\u00a0R\u00e9sistant<\/li>\n<li>\u00a0Application tr\u00e8s pratique<\/li>\n<li>\u00a0Ne s\u00e8che pas les l\u00e8vres<\/li>\n<\/ul>\n<p>Le rouge \u00e0 l\u00e8vres Maybelline Superstay comprend un applicateur tr\u00e8s pratique avec une pointe fine qui permet de peindre les l\u00e8vres de fa\u00e7on facile et rapide.<\/p>\n<p>Utilisation : Appliquer le rouge \u00e0 l\u00e8vres \u00e0 partir du centre vers l\u2019ext\u00e9rieur.<\/p>\n<p>R\u00e9sultat : Rouge \u00e0 l\u00e8vres expressif et durable, effet mat, pour longtemps.<\/p>\n<p>Nous recommandons l\u2019utilisation de ce cosm\u00e9tique avec les autres de la marque Maybelline pour un maquillage parfait et impeccable !<\/p>\n<p>Maybelline New York est une marque am\u00e9ricaine, leader mondiale dans le monde des cosm\u00e9tiques. Elle offre des produits aux formules innovantes et aux derni\u00e8res nuances, toujours en ligne avec les nouvelles tendances avec le but de proposer des maquillages sensuels et naturels.<\/p>","protected":false},"excerpt":{"rendered":"<p>Le rouge \u00e0 l\u00e8vres <strong>Maybelline Superstay Ink Crayon<\/strong> donne aux l\u00e8vres une couleur matte qui dure jusqu&rsquo;\u00e0 8 heures. Le rouge \u00e0 l\u00e8vres Ink Crayon est disponible en diff\u00e9rentes nuances.<\/p>","protected":false},"featured_media":2515,"comment_status":"closed","ping_status":"closed","template":"","meta":[],"product_brand":[410],"product_cat":[233,205,122,230,207],"product_tag":[125],"class_list":{"0":"post-2443","1":"product","2":"type-product","3":"status-publish","4":"has-post-thumbnail","6":"product_brand-maybelline","7":"product_cat-crayon-a-levres","8":"product_cat-levres","9":"product_cat-make-up","10":"product_cat-maybelline","11":"product_cat-rouge-a-levres","12":"product_tag-made-in-france","14":"first","15":"instock","16":"sale","17":"shipping-taxable","18":"purchasable","19":"product-type-simple"},"_links":{"self":[{"href":"https:\/\/cosmeticstoredz.com\/ar\/wp-json\/wp\/v2\/product\/2443","targetHints":{"allow":["GET"]}}],"collection":[{"href":"https:\/\/cosmeticstoredz.com\/ar\/wp-json\/wp\/v2\/product"}],"about":[{"href":"https:\/\/cosmeticstoredz.com\/ar\/wp-json\/wp\/v2\/types\/product"}],"replies":[{"embeddable":true,"href":"https:\/\/cosmeticstoredz.com\/ar\/wp-json\/wp\/v2\/comments?post=2443"}],"version-history":[{"count":1,"href":"https:\/\/cosmeticstoredz.com\/ar\/wp-json\/wp\/v2\/product\/2443\/revisions"}],"predecessor-version":[{"id":2516,"href":"https:\/\/cosmeticstoredz.com\/ar\/wp-json\/wp\/v2\/product\/2443\/revisions\/2516"}],"wp:featuredmedia":[{"embeddable":true,"href":"https:\/\/cosmeticstoredz.com\/ar\/wp-json\/wp\/v2\/media\/2515"}],"wp:attachment":[{"href":"https:\/\/cosmeticstoredz.com\/ar\/wp-json\/wp\/v2\/media?parent=2443"}],"wp:term":[{"taxonomy":"product_brand","embeddable":true,"href":"https:\/\/cosmeticstoredz.com\/ar\/wp-json\/wp\/v2\/product_brand?post=2443"},{"taxonomy":"product_cat","embeddable":true,"href":"https:\/\/cosmeticstoredz.com\/ar\/wp-json\/wp\/v2\/product_cat?post=2443"},{"taxonomy":"product_tag","embeddable":true,"href":"https:\/\/cosmeticstoredz.com\/ar\/wp-json\/wp\/v2\/product_tag?post=2443"}],"curies":[{"name":"wp","href":"https:\/\/api.w.org\/{rel}","templated":true}]}}