{"id":2442,"date":"2026-02-16T08:56:48","date_gmt":"2026-02-16T08:56:48","guid":{"rendered":"https:\/\/test.fitnessworldgym27.com\/?post_type=product&#038;p=2442"},"modified":"2026-03-30T19:24:07","modified_gmt":"2026-03-30T19:24:07","slug":"maybelline-superstay-ink-crayon-35-treat-yourself","status":"publish","type":"product","link":"https:\/\/cosmeticstoredz.com\/ar\/product\/maybelline-superstay-ink-crayon-35-treat-yourself\/","title":{"rendered":"MAYBELLINE SUPERSTAY INK CRAYON 35 TREAT YOURSELF"},"content":{"rendered":"<p><strong>Superstay Ink Crayon<\/strong> offre un fini mat et une couleur vibrante en un simple coup de crayon. Vous allez adorer sa longue tenue et son fini mat ultra-confortable.<\/p>\n<p class=\"a-spacing-base\">Marre des crayons \u00e0 l\u00e8vres conventionnels ? Vous allez adorer le crayon rouge \u00e0 l\u00e8vres Superstay Ink ! Il redessine parfaitement votre bouche et la sublime d&rsquo;une couleur ultra-pigment\u00e9e en un seul geste. Sa mine pr\u00e9cise et son taille crayon int\u00e9gr\u00e9 garantissent un r\u00e9sultat optimal \u00e0 chaque application. Gr\u00e2ce \u00e0 sa formule longue tenue au fini mat, arborez un look tendance du matin jusqu&rsquo;au soir.<\/p>\n<p class=\"a-spacing-base\"><strong>Astuce<\/strong> : Dessinez d&rsquo;abord les contours de votre bouche gr\u00e2ce \u00e0 la mine pr\u00e9cise puis comblez l&rsquo;int\u00e9rieur de vos l\u00e8vres.<\/p>\n<p>&nbsp;<\/p>","protected":false},"excerpt":{"rendered":"<p><strong>Superstay Ink Crayon<\/strong> offre un fini mat et une couleur vibrante en un simple coup de crayon. Vous allez adorer sa longue tenue et son fini mat ultra-confortable.<\/p>","protected":false},"featured_media":2513,"comment_status":"closed","ping_status":"closed","template":"","meta":[],"product_brand":[410],"product_cat":[233,75,205,122,230,207],"product_tag":[125],"class_list":{"0":"post-2442","1":"product","2":"type-product","3":"status-publish","4":"has-post-thumbnail","6":"product_brand-maybelline","7":"product_cat-crayon-a-levres","8":"product_cat-femme","9":"product_cat-levres","10":"product_cat-make-up","11":"product_cat-maybelline","12":"product_cat-rouge-a-levres","13":"product_tag-made-in-france","15":"first","16":"instock","17":"sale","18":"shipping-taxable","19":"purchasable","20":"product-type-simple"},"_links":{"self":[{"href":"https:\/\/cosmeticstoredz.com\/ar\/wp-json\/wp\/v2\/product\/2442","targetHints":{"allow":["GET"]}}],"collection":[{"href":"https:\/\/cosmeticstoredz.com\/ar\/wp-json\/wp\/v2\/product"}],"about":[{"href":"https:\/\/cosmeticstoredz.com\/ar\/wp-json\/wp\/v2\/types\/product"}],"replies":[{"embeddable":true,"href":"https:\/\/cosmeticstoredz.com\/ar\/wp-json\/wp\/v2\/comments?post=2442"}],"version-history":[{"count":1,"href":"https:\/\/cosmeticstoredz.com\/ar\/wp-json\/wp\/v2\/product\/2442\/revisions"}],"predecessor-version":[{"id":2514,"href":"https:\/\/cosmeticstoredz.com\/ar\/wp-json\/wp\/v2\/product\/2442\/revisions\/2514"}],"wp:featuredmedia":[{"embeddable":true,"href":"https:\/\/cosmeticstoredz.com\/ar\/wp-json\/wp\/v2\/media\/2513"}],"wp:attachment":[{"href":"https:\/\/cosmeticstoredz.com\/ar\/wp-json\/wp\/v2\/media?parent=2442"}],"wp:term":[{"taxonomy":"product_brand","embeddable":true,"href":"https:\/\/cosmeticstoredz.com\/ar\/wp-json\/wp\/v2\/product_brand?post=2442"},{"taxonomy":"product_cat","embeddable":true,"href":"https:\/\/cosmeticstoredz.com\/ar\/wp-json\/wp\/v2\/product_cat?post=2442"},{"taxonomy":"product_tag","embeddable":true,"href":"https:\/\/cosmeticstoredz.com\/ar\/wp-json\/wp\/v2\/product_tag?post=2442"}],"curies":[{"name":"wp","href":"https:\/\/api.w.org\/{rel}","templated":true}]}}