{"id":2440,"date":"2026-02-16T08:56:48","date_gmt":"2026-02-16T08:56:48","guid":{"rendered":"https:\/\/test.fitnessworldgym27.com\/?post_type=product&#038;p=2440"},"modified":"2026-03-30T19:24:08","modified_gmt":"2026-03-30T19:24:08","slug":"maybelline-superstay-ink-crayon-55make-it-happen","status":"publish","type":"product","link":"https:\/\/cosmeticstoredz.com\/ar\/product\/maybelline-superstay-ink-crayon-55make-it-happen\/","title":{"rendered":"MAYBELLINE SUPERSTAY INK CRAYON 55MAKE IT HAPPEN"},"content":{"rendered":"<p>Notre premier crayon de rouge \u00e0 l\u00e8vres dot\u00e9 de la technologie Lasting Ink glisse une riche couche de couleur mate sur les l\u00e8vres avec un contr\u00f4le sans effort qui dure jusqu&rsquo;\u00e0 huit heures. Gardez la pointe ultra pr\u00e9cise avec le taille-crayon int\u00e9gr\u00e9 pour pouvoir facilement appliquer votre rouge \u00e0 l\u00e8vres o\u00f9 que vous soyez.<\/p>\n<p><strong>Conseils:<\/strong><br \/>\n\u00c9tape 1. Appliquez ce rouge \u00e0 l\u00e8vres r\u00e9sistant au centre de votre l\u00e8vre sup\u00e9rieure et suivez les contours de votre bouche avec la pointe pr\u00e9cise.<br \/>\n\u00c9tape 2. Utilisez le c\u00f4t\u00e9 le plus large de la craie pour remplir les l\u00e8vres, le tout en un seul mouvement!<\/p>","protected":false},"excerpt":{"rendered":"<p>Notre premier crayon de rouge \u00e0 l\u00e8vres dot\u00e9 de la technologie Lasting Ink glisse une riche couche de couleur mate sur les l\u00e8vres avec un contr\u00f4le sans effort qui dure jusqu&rsquo;\u00e0 huit heures. Gardez la pointe ultra pr\u00e9cise avec le taille-crayon int\u00e9gr\u00e9 pour pouvoir facilement appliquer votre rouge \u00e0 l\u00e8vres o\u00f9 que vous soyez.<\/p>","protected":false},"featured_media":2509,"comment_status":"closed","ping_status":"closed","template":"","meta":[],"product_brand":[410],"product_cat":[233,75,205,122,230,207],"product_tag":[125],"class_list":{"0":"post-2440","1":"product","2":"type-product","3":"status-publish","4":"has-post-thumbnail","6":"product_brand-maybelline","7":"product_cat-crayon-a-levres","8":"product_cat-femme","9":"product_cat-levres","10":"product_cat-make-up","11":"product_cat-maybelline","12":"product_cat-rouge-a-levres","13":"product_tag-made-in-france","15":"first","16":"instock","17":"sale","18":"shipping-taxable","19":"purchasable","20":"product-type-simple"},"_links":{"self":[{"href":"https:\/\/cosmeticstoredz.com\/ar\/wp-json\/wp\/v2\/product\/2440","targetHints":{"allow":["GET"]}}],"collection":[{"href":"https:\/\/cosmeticstoredz.com\/ar\/wp-json\/wp\/v2\/product"}],"about":[{"href":"https:\/\/cosmeticstoredz.com\/ar\/wp-json\/wp\/v2\/types\/product"}],"replies":[{"embeddable":true,"href":"https:\/\/cosmeticstoredz.com\/ar\/wp-json\/wp\/v2\/comments?post=2440"}],"version-history":[{"count":1,"href":"https:\/\/cosmeticstoredz.com\/ar\/wp-json\/wp\/v2\/product\/2440\/revisions"}],"predecessor-version":[{"id":2510,"href":"https:\/\/cosmeticstoredz.com\/ar\/wp-json\/wp\/v2\/product\/2440\/revisions\/2510"}],"wp:featuredmedia":[{"embeddable":true,"href":"https:\/\/cosmeticstoredz.com\/ar\/wp-json\/wp\/v2\/media\/2509"}],"wp:attachment":[{"href":"https:\/\/cosmeticstoredz.com\/ar\/wp-json\/wp\/v2\/media?parent=2440"}],"wp:term":[{"taxonomy":"product_brand","embeddable":true,"href":"https:\/\/cosmeticstoredz.com\/ar\/wp-json\/wp\/v2\/product_brand?post=2440"},{"taxonomy":"product_cat","embeddable":true,"href":"https:\/\/cosmeticstoredz.com\/ar\/wp-json\/wp\/v2\/product_cat?post=2440"},{"taxonomy":"product_tag","embeddable":true,"href":"https:\/\/cosmeticstoredz.com\/ar\/wp-json\/wp\/v2\/product_tag?post=2440"}],"curies":[{"name":"wp","href":"https:\/\/api.w.org\/{rel}","templated":true}]}}