{"id":2438,"date":"2026-02-16T08:56:48","date_gmt":"2026-02-16T08:56:48","guid":{"rendered":"https:\/\/test.fitnessworldgym27.com\/?post_type=product&#038;p=2438"},"modified":"2026-02-16T21:44:03","modified_gmt":"2026-02-16T21:44:03","slug":"maybelline-ral-color-senstation-mat-338","status":"publish","type":"product","link":"https:\/\/cosmeticstoredz.com\/ar\/product\/maybelline-ral-color-senstation-mat-338\/","title":{"rendered":"MAYBELLINE RAL COLOR SENSTATION MAT 338"},"content":{"rendered":"<p><strong>Description\u00a0<\/strong><\/p>\n<ul class=\"a-unordered-list a-vertical a-spacing-mini\">\n<li class=\"a-spacing-mini\"><span class=\"a-list-item\">Rouge \u00e0 l\u00e8vres cr\u00e9meux pour des l\u00e8vres intens\u00e9ment color\u00e9es<\/span><\/li>\n<li class=\"a-spacing-mini\"><span class=\"a-list-item\">R\u00e9sultat : Des l\u00e8vres \u00e0 la couleur riche et \u00e9clatante, Application facile et sensation soyeuse<\/span><\/li>\n<li class=\"a-spacing-mini\"><span class=\"a-list-item\">Application : Appliquer la texture sur vos l\u00e8vres, D\u00e9maquillage avec un d\u00e9maquillant biphas\u00e9 waterproof comme Cils Demasq 2 en 1 de Maybelline New York, Hydrater \u00e0 l\u2019aide d\u2019un baume \u00e0 l\u00e8vres avant application et apr\u00e8s d\u00e9maquillage<\/span><\/li>\n<li class=\"a-spacing-mini\"><span class=\"a-list-item\">Formule cr\u00e8me nutritive au nectar de miel, Confort absolu sur les l\u00e8vres, Test\u00e9 sous contr\u00f4le dermatologique<\/span><\/li>\n<li class=\"a-spacing-mini\"><span class=\"a-list-item\">Contenu : 1x Rouge \u00e0 l\u00e8vres Color Sensational Maybelline New York, Teinte : Midnight Plum (338)<\/span><\/li>\n<\/ul>\n<h4>Conseils d&rsquo;utilisation<\/h4>\n<p>Pour donner plus de volume \u00e0 vos l\u00e8vres, appliquez une nuance plus claire au centre des l\u00e8vres. Et pour un contour mieux d\u00e9fini, d\u00e9couvrez le crayon \u00e0 l\u00e8vres Color Sensational.<\/p>","protected":false},"excerpt":{"rendered":"<p>Rouge \u00e0 l\u00e8vres satin\u00e9 hydratant pour une couleur aussi intense que confortable. Enrichie en beurre de karit\u00e9 nutritif, sa texture cr\u00e9meuse glisse sur vos l\u00e8vres et les enrobe d&rsquo;hydratation pour un confort ultime. Une formule riche en pigments qui d\u00e9livre une couleur vibrante et lumineuse.<\/p>","protected":false},"featured_media":2504,"comment_status":"open","ping_status":"closed","template":"","meta":[],"product_brand":[410],"product_cat":[75,205,122,230,207],"product_tag":[125],"class_list":{"0":"post-2438","1":"product","2":"type-product","3":"status-publish","4":"has-post-thumbnail","6":"product_brand-maybelline","7":"product_cat-femme","8":"product_cat-levres","9":"product_cat-make-up","10":"product_cat-maybelline","11":"product_cat-rouge-a-levres","12":"product_tag-made-in-france","14":"first","15":"instock","16":"shipping-taxable","17":"purchasable","18":"product-type-simple"},"_links":{"self":[{"href":"https:\/\/cosmeticstoredz.com\/ar\/wp-json\/wp\/v2\/product\/2438","targetHints":{"allow":["GET"]}}],"collection":[{"href":"https:\/\/cosmeticstoredz.com\/ar\/wp-json\/wp\/v2\/product"}],"about":[{"href":"https:\/\/cosmeticstoredz.com\/ar\/wp-json\/wp\/v2\/types\/product"}],"replies":[{"embeddable":true,"href":"https:\/\/cosmeticstoredz.com\/ar\/wp-json\/wp\/v2\/comments?post=2438"}],"version-history":[{"count":1,"href":"https:\/\/cosmeticstoredz.com\/ar\/wp-json\/wp\/v2\/product\/2438\/revisions"}],"predecessor-version":[{"id":2505,"href":"https:\/\/cosmeticstoredz.com\/ar\/wp-json\/wp\/v2\/product\/2438\/revisions\/2505"}],"wp:featuredmedia":[{"embeddable":true,"href":"https:\/\/cosmeticstoredz.com\/ar\/wp-json\/wp\/v2\/media\/2504"}],"wp:attachment":[{"href":"https:\/\/cosmeticstoredz.com\/ar\/wp-json\/wp\/v2\/media?parent=2438"}],"wp:term":[{"taxonomy":"product_brand","embeddable":true,"href":"https:\/\/cosmeticstoredz.com\/ar\/wp-json\/wp\/v2\/product_brand?post=2438"},{"taxonomy":"product_cat","embeddable":true,"href":"https:\/\/cosmeticstoredz.com\/ar\/wp-json\/wp\/v2\/product_cat?post=2438"},{"taxonomy":"product_tag","embeddable":true,"href":"https:\/\/cosmeticstoredz.com\/ar\/wp-json\/wp\/v2\/product_tag?post=2438"}],"curies":[{"name":"wp","href":"https:\/\/api.w.org\/{rel}","templated":true}]}}