{"id":2437,"date":"2026-02-16T08:56:48","date_gmt":"2026-02-16T08:56:48","guid":{"rendered":"https:\/\/test.fitnessworldgym27.com\/?post_type=product&#038;p=2437"},"modified":"2026-03-30T19:24:06","modified_gmt":"2026-03-30T19:24:06","slug":"maybelline-ral-color-senstation-mat-527","status":"publish","type":"product","link":"https:\/\/cosmeticstoredz.com\/ar\/product\/maybelline-ral-color-senstation-mat-527\/","title":{"rendered":"MAYBELLINE RAL COLOR SENSTATION MAT 527"},"content":{"rendered":"<p>Une formule enrichie en pigments purs, s\u00e9lectionn\u00e9s pour leur haute concentration: jamais la couleur n&rsquo;a \u00e9t\u00e9 aussi vraie, aussi riche, aussi pure sur vos l\u00e8vres. Quatre \u00e9crins somptueux organisent la gamme et vous guident dans votre choix entre les Roses, les Prunes, les Rouges et les Chocolats. Sa formule cr\u00e8me nutritive au nectar de miel glisse onctueusement sur vos l\u00e8vres pour un confort absolu et une couleur vraiment \u00e9clatante.<\/p>\n<p><strong>R\u00e9sultat<\/strong>: une couleur somptueuse, un \u00e9clat supr\u00eame&#8230;une bouche sensationnelle !<\/p>","protected":false},"excerpt":{"rendered":"<p class=\"product-title\"><strong>527 Lady Red &#8211; Rouge \u00e0 l\u00e8vre Gemey Maybelline Color Sensational<\/strong><\/p>\n<p>Couleur pure, \u00e9clatante. Confort supr\u00eame. Une formule enrichie en pigments purs, s\u00e9lectionn\u00e9s pour leur haute concentration: jamais la couleur n&rsquo;a \u00e9t\u00e9 aussi vraie, aussi riche, aussi pure sur vos l\u00e8vres.<\/p>","protected":false},"featured_media":2502,"comment_status":"open","ping_status":"closed","template":"","meta":[],"product_brand":[410],"product_cat":[75,205,122,230,207],"product_tag":[125],"class_list":{"0":"post-2437","1":"product","2":"type-product","3":"status-publish","4":"has-post-thumbnail","6":"product_brand-maybelline","7":"product_cat-femme","8":"product_cat-levres","9":"product_cat-make-up","10":"product_cat-maybelline","11":"product_cat-rouge-a-levres","12":"product_tag-made-in-france","14":"first","15":"instock","16":"sale","17":"shipping-taxable","18":"purchasable","19":"product-type-simple"},"_links":{"self":[{"href":"https:\/\/cosmeticstoredz.com\/ar\/wp-json\/wp\/v2\/product\/2437","targetHints":{"allow":["GET"]}}],"collection":[{"href":"https:\/\/cosmeticstoredz.com\/ar\/wp-json\/wp\/v2\/product"}],"about":[{"href":"https:\/\/cosmeticstoredz.com\/ar\/wp-json\/wp\/v2\/types\/product"}],"replies":[{"embeddable":true,"href":"https:\/\/cosmeticstoredz.com\/ar\/wp-json\/wp\/v2\/comments?post=2437"}],"version-history":[{"count":1,"href":"https:\/\/cosmeticstoredz.com\/ar\/wp-json\/wp\/v2\/product\/2437\/revisions"}],"predecessor-version":[{"id":2503,"href":"https:\/\/cosmeticstoredz.com\/ar\/wp-json\/wp\/v2\/product\/2437\/revisions\/2503"}],"wp:featuredmedia":[{"embeddable":true,"href":"https:\/\/cosmeticstoredz.com\/ar\/wp-json\/wp\/v2\/media\/2502"}],"wp:attachment":[{"href":"https:\/\/cosmeticstoredz.com\/ar\/wp-json\/wp\/v2\/media?parent=2437"}],"wp:term":[{"taxonomy":"product_brand","embeddable":true,"href":"https:\/\/cosmeticstoredz.com\/ar\/wp-json\/wp\/v2\/product_brand?post=2437"},{"taxonomy":"product_cat","embeddable":true,"href":"https:\/\/cosmeticstoredz.com\/ar\/wp-json\/wp\/v2\/product_cat?post=2437"},{"taxonomy":"product_tag","embeddable":true,"href":"https:\/\/cosmeticstoredz.com\/ar\/wp-json\/wp\/v2\/product_tag?post=2437"}],"curies":[{"name":"wp","href":"https:\/\/api.w.org\/{rel}","templated":true}]}}