{"id":2436,"date":"2026-02-16T08:56:47","date_gmt":"2026-02-16T08:56:47","guid":{"rendered":"https:\/\/test.fitnessworldgym27.com\/?post_type=product&#038;p=2436"},"modified":"2026-03-30T19:24:07","modified_gmt":"2026-03-30T19:24:07","slug":"maybelline-ral-color-senstation-mat-904","status":"publish","type":"product","link":"https:\/\/cosmeticstoredz.com\/ar\/product\/maybelline-ral-color-senstation-mat-904\/","title":{"rendered":"MAYBELLINE RAL COLOR SENSTATION MAT 904"},"content":{"rendered":"<div class=\"product-content__title\">\n<p class=\"c-text c-text--size-m c-text--style-p c-text--bold\" data-v-66cc25a1=\"\"><strong>Description<\/strong><\/p>\n<\/div>\n<p>Une formule enrichie en pigments purs, s\u00e9l\u00e9ctionn\u00e9s pour leur haute concentration: jamais la couleur n&rsquo;a \u00e9t\u00e9 aussi vraie, aussi riche, aussi pure sur vos l\u00e8vres.<br \/>\nQuatre \u00e9crins somptueux organisent la gamme et vous guident dans votre choix entre les Roses, les Prunes, les Rouges et les Chocolats.<br \/>\nSa formule cr\u00e8me nutritive au nectar de miel glisse onctueusement sur vos l\u00e8vres pour un confort absolu et une couleur vraiment \u00e9clatante.<br \/>\nR\u00e9sultat: une couleur somptueuse, un \u00e9clat supr\u00eame&#8230;une bouche sensationnelle !<\/p>\n<p>&nbsp;<\/p>","protected":false},"excerpt":{"rendered":"<p>Une formule enrichie en pigments purs, s\u00e9l\u00e9ctionn\u00e9s pour leur haute concentration: jamais la couleur n&rsquo;a \u00e9t\u00e9 aussi vraie, aussi riche, aussi pure sur vos l\u00e8vres.<br \/>\nQuatre \u00e9crins somptueux organisent la gamme et vous guident dans votre choix entre les Roses, les Prunes, les Rouges et les Chocolats.<br \/>\nSa formule cr\u00e8me nutritive au nectar de miel glisse onctueusement sur vos l\u00e8vres pour un confort absolu et une couleur vraiment \u00e9clatante.<\/p>","protected":false},"featured_media":2500,"comment_status":"open","ping_status":"closed","template":"","meta":[],"product_brand":[],"product_cat":[75,205,122,230,207],"product_tag":[125],"class_list":{"0":"post-2436","1":"product","2":"type-product","3":"status-publish","4":"has-post-thumbnail","6":"product_cat-femme","7":"product_cat-levres","8":"product_cat-make-up","9":"product_cat-maybelline","10":"product_cat-rouge-a-levres","11":"product_tag-made-in-france","13":"first","14":"instock","15":"sale","16":"shipping-taxable","17":"purchasable","18":"product-type-simple"},"_links":{"self":[{"href":"https:\/\/cosmeticstoredz.com\/ar\/wp-json\/wp\/v2\/product\/2436","targetHints":{"allow":["GET"]}}],"collection":[{"href":"https:\/\/cosmeticstoredz.com\/ar\/wp-json\/wp\/v2\/product"}],"about":[{"href":"https:\/\/cosmeticstoredz.com\/ar\/wp-json\/wp\/v2\/types\/product"}],"replies":[{"embeddable":true,"href":"https:\/\/cosmeticstoredz.com\/ar\/wp-json\/wp\/v2\/comments?post=2436"}],"version-history":[{"count":1,"href":"https:\/\/cosmeticstoredz.com\/ar\/wp-json\/wp\/v2\/product\/2436\/revisions"}],"predecessor-version":[{"id":2501,"href":"https:\/\/cosmeticstoredz.com\/ar\/wp-json\/wp\/v2\/product\/2436\/revisions\/2501"}],"wp:featuredmedia":[{"embeddable":true,"href":"https:\/\/cosmeticstoredz.com\/ar\/wp-json\/wp\/v2\/media\/2500"}],"wp:attachment":[{"href":"https:\/\/cosmeticstoredz.com\/ar\/wp-json\/wp\/v2\/media?parent=2436"}],"wp:term":[{"taxonomy":"product_brand","embeddable":true,"href":"https:\/\/cosmeticstoredz.com\/ar\/wp-json\/wp\/v2\/product_brand?post=2436"},{"taxonomy":"product_cat","embeddable":true,"href":"https:\/\/cosmeticstoredz.com\/ar\/wp-json\/wp\/v2\/product_cat?post=2436"},{"taxonomy":"product_tag","embeddable":true,"href":"https:\/\/cosmeticstoredz.com\/ar\/wp-json\/wp\/v2\/product_tag?post=2436"}],"curies":[{"name":"wp","href":"https:\/\/api.w.org\/{rel}","templated":true}]}}