{"id":2435,"date":"2026-02-16T08:56:47","date_gmt":"2026-02-16T08:56:47","guid":{"rendered":"https:\/\/test.fitnessworldgym27.com\/?post_type=product&#038;p=2435"},"modified":"2026-03-30T19:25:27","modified_gmt":"2026-03-30T19:25:27","slug":"maybelline-ral-color-senstation-mat-906","status":"publish","type":"product","link":"https:\/\/cosmeticstoredz.com\/ar\/product\/maybelline-ral-color-senstation-mat-906\/","title":{"rendered":"MAYBELLINE RAL COLOR SENSTATION MAT 906"},"content":{"rendered":"<p id=\"product_description\" class=\"slot__title mt-0\" data-test=\"title\"><strong>Description du produit<\/strong><\/p>\n<div class=\"product-description\" data-test=\"description\">\n<p class=\"a-spacing-mini\"><strong>Maybelline Color Sensational Rouge \u00e0 l\u00e8vres<\/strong>,\u00a0 Sa nouvelle formule nourrissante am\u00e9lior\u00e9e et son parfum vous s\u00e9duiront. Gr\u00e2ce \u00e0 sa combinaison d&rsquo;huiles pr\u00e9cieuses pour apporter de la jutosit\u00e9 aux l\u00e8vres, favorisant en outre une meilleure hydratation.<\/p>\n<p>Une formule enrichie en pigments purs, s\u00e9lectionn\u00e9s pour leur haute concentration: jamais la couleur n&rsquo;a \u00e9t\u00e9 aussi vraie, aussi riche, aussi pure sur vos l\u00e8vres. Sa formule cr\u00e8me nutritive au nectar de miel glisse onctueusement sur vos l\u00e8vres pour un confort absolu et une couleur vraiment \u00e9clatante.<\/p>\n<p><strong>R\u00e9sultat<\/strong>: une couleur somptueuse, un \u00e9clat supr\u00eame&#8230;une bouche sensationnelle !<\/p>\n<\/div>","protected":false},"excerpt":{"rendered":"<p><strong>Maybelline Color Sensational Rouge \u00e0 l\u00e8vres<\/strong>,\u00a0 Sa nouvelle formule nourrissante am\u00e9lior\u00e9e et son parfum vous s\u00e9duiront. Gr\u00e2ce \u00e0 sa combinaison d&rsquo;huiles pr\u00e9cieuses pour apporter de la jutosit\u00e9 aux l\u00e8vres, favorisant en outre une meilleure hydratation.<\/p>","protected":false},"featured_media":2498,"comment_status":"open","ping_status":"closed","template":"","meta":[],"product_brand":[410],"product_cat":[205,122,230,207],"product_tag":[125],"class_list":{"0":"post-2435","1":"product","2":"type-product","3":"status-publish","4":"has-post-thumbnail","6":"product_brand-maybelline","7":"product_cat-levres","8":"product_cat-make-up","9":"product_cat-maybelline","10":"product_cat-rouge-a-levres","11":"product_tag-made-in-france","13":"first","14":"instock","15":"shipping-taxable","16":"purchasable","17":"product-type-simple"},"_links":{"self":[{"href":"https:\/\/cosmeticstoredz.com\/ar\/wp-json\/wp\/v2\/product\/2435","targetHints":{"allow":["GET"]}}],"collection":[{"href":"https:\/\/cosmeticstoredz.com\/ar\/wp-json\/wp\/v2\/product"}],"about":[{"href":"https:\/\/cosmeticstoredz.com\/ar\/wp-json\/wp\/v2\/types\/product"}],"replies":[{"embeddable":true,"href":"https:\/\/cosmeticstoredz.com\/ar\/wp-json\/wp\/v2\/comments?post=2435"}],"version-history":[{"count":1,"href":"https:\/\/cosmeticstoredz.com\/ar\/wp-json\/wp\/v2\/product\/2435\/revisions"}],"predecessor-version":[{"id":2499,"href":"https:\/\/cosmeticstoredz.com\/ar\/wp-json\/wp\/v2\/product\/2435\/revisions\/2499"}],"wp:featuredmedia":[{"embeddable":true,"href":"https:\/\/cosmeticstoredz.com\/ar\/wp-json\/wp\/v2\/media\/2498"}],"wp:attachment":[{"href":"https:\/\/cosmeticstoredz.com\/ar\/wp-json\/wp\/v2\/media?parent=2435"}],"wp:term":[{"taxonomy":"product_brand","embeddable":true,"href":"https:\/\/cosmeticstoredz.com\/ar\/wp-json\/wp\/v2\/product_brand?post=2435"},{"taxonomy":"product_cat","embeddable":true,"href":"https:\/\/cosmeticstoredz.com\/ar\/wp-json\/wp\/v2\/product_cat?post=2435"},{"taxonomy":"product_tag","embeddable":true,"href":"https:\/\/cosmeticstoredz.com\/ar\/wp-json\/wp\/v2\/product_tag?post=2435"}],"curies":[{"name":"wp","href":"https:\/\/api.w.org\/{rel}","templated":true}]}}