{"id":2432,"date":"2026-02-16T08:56:47","date_gmt":"2026-02-16T08:56:47","guid":{"rendered":"https:\/\/test.fitnessworldgym27.com\/?post_type=product&#038;p=2432"},"modified":"2026-03-30T19:24:07","modified_gmt":"2026-03-30T19:24:07","slug":"maybelline-ral-color-senstation-mat-960","status":"publish","type":"product","link":"https:\/\/cosmeticstoredz.com\/ar\/product\/maybelline-ral-color-senstation-mat-960\/","title":{"rendered":"MAYBELLINE RAL COLOR SENSTATION MAT 960"},"content":{"rendered":"<p><strong>MAYBELLINE COLOUR SENSATIONAL STICK MATTES LIPSTICK 960<\/strong> \u2013 Rouge \u00e0 l\u00e8vres hydratant \u00e0 la texture cr\u00e9meuse Les rouges \u00e0 l\u00e8vres mats Color Sensational associent la couleur mate la plus audacieuse \u00e0 une texture cr\u00e9meuse qui ne s\u00e8che pas. Sa formule nourrissante \u00e0 l&rsquo;huile pr\u00e9cieuse et au miel procure aux l\u00e8vres une sensation d&rsquo;hydratation et de confort pour un fini mat qui ne craque pas.\u00a0960 Red SunsetDes tons universels qui conviennent \u00e0 toutes les femmes.<\/p>","protected":false},"excerpt":{"rendered":"<p><strong>MAYBELLINE COLOUR SENSATIONAL STICK MATTES LIPSTICK 960<\/strong> \u2013 Rouge \u00e0 l\u00e8vres hydratant \u00e0 la texture cr\u00e9meuse Les rouges \u00e0 l\u00e8vres mats Color Sensational associent la couleur mate la plus audacieuse \u00e0 une texture cr\u00e9meuse qui ne s\u00e8che pas. Sa formule nourrissante \u00e0 l&rsquo;huile pr\u00e9cieuse et au miel procure aux l\u00e8vres une sensation d&rsquo;hydratation et de confort pour un fini mat qui ne craque pas.\u00a0960 Red SunsetDes tons universels qui conviennent \u00e0 toutes les femmes.<\/p>","protected":false},"featured_media":2492,"comment_status":"open","ping_status":"closed","template":"","meta":[],"product_brand":[410],"product_cat":[75,205,122,230,207],"product_tag":[125],"class_list":{"0":"post-2432","1":"product","2":"type-product","3":"status-publish","4":"has-post-thumbnail","6":"product_brand-maybelline","7":"product_cat-femme","8":"product_cat-levres","9":"product_cat-make-up","10":"product_cat-maybelline","11":"product_cat-rouge-a-levres","12":"product_tag-made-in-france","14":"first","15":"outofstock","16":"shipping-taxable","17":"purchasable","18":"product-type-simple"},"_links":{"self":[{"href":"https:\/\/cosmeticstoredz.com\/ar\/wp-json\/wp\/v2\/product\/2432","targetHints":{"allow":["GET"]}}],"collection":[{"href":"https:\/\/cosmeticstoredz.com\/ar\/wp-json\/wp\/v2\/product"}],"about":[{"href":"https:\/\/cosmeticstoredz.com\/ar\/wp-json\/wp\/v2\/types\/product"}],"replies":[{"embeddable":true,"href":"https:\/\/cosmeticstoredz.com\/ar\/wp-json\/wp\/v2\/comments?post=2432"}],"version-history":[{"count":1,"href":"https:\/\/cosmeticstoredz.com\/ar\/wp-json\/wp\/v2\/product\/2432\/revisions"}],"predecessor-version":[{"id":2493,"href":"https:\/\/cosmeticstoredz.com\/ar\/wp-json\/wp\/v2\/product\/2432\/revisions\/2493"}],"wp:featuredmedia":[{"embeddable":true,"href":"https:\/\/cosmeticstoredz.com\/ar\/wp-json\/wp\/v2\/media\/2492"}],"wp:attachment":[{"href":"https:\/\/cosmeticstoredz.com\/ar\/wp-json\/wp\/v2\/media?parent=2432"}],"wp:term":[{"taxonomy":"product_brand","embeddable":true,"href":"https:\/\/cosmeticstoredz.com\/ar\/wp-json\/wp\/v2\/product_brand?post=2432"},{"taxonomy":"product_cat","embeddable":true,"href":"https:\/\/cosmeticstoredz.com\/ar\/wp-json\/wp\/v2\/product_cat?post=2432"},{"taxonomy":"product_tag","embeddable":true,"href":"https:\/\/cosmeticstoredz.com\/ar\/wp-json\/wp\/v2\/product_tag?post=2432"}],"curies":[{"name":"wp","href":"https:\/\/api.w.org\/{rel}","templated":true}]}}