{"id":2431,"date":"2026-02-16T08:56:47","date_gmt":"2026-02-16T08:56:47","guid":{"rendered":"https:\/\/test.fitnessworldgym27.com\/?post_type=product&#038;p=2431"},"modified":"2026-02-16T21:44:20","modified_gmt":"2026-02-16T21:44:20","slug":"maybelline-ral-color-senstation-mat-465","status":"publish","type":"product","link":"https:\/\/cosmeticstoredz.com\/ar\/product\/maybelline-ral-color-senstation-mat-465\/","title":{"rendered":"MAYBELLINE RAL COLOR SENSTATION MAT 465"},"content":{"rendered":"<p class=\"a-spacing-mini\"><strong>Maybelline Color Sensational Rouge \u00e0 l\u00e8vres<\/strong>,\u00a0 Sa nouvelle formule nourrissante am\u00e9lior\u00e9e et son parfum vous s\u00e9duiront. Gr\u00e2ce \u00e0 sa combinaison d&rsquo;huiles pr\u00e9cieuses pour apporter de la jutosit\u00e9 aux l\u00e8vres, favorisant en outre une meilleure hydratation.<\/p>\n<p>Une formule enrichie en pigments purs, s\u00e9lectionn\u00e9s pour leur haute concentration: jamais la couleur n&rsquo;a \u00e9t\u00e9 aussi vraie, aussi riche, aussi pure sur vos l\u00e8vres. Sa formule cr\u00e8me nutritive au nectar de miel glisse onctueusement sur vos l\u00e8vres pour un confort absolu et une couleur vraiment \u00e9clatante.<\/p>","protected":false},"excerpt":{"rendered":"<p>Le rouge \u00e0 l\u00e8vres Maybelline Color Sensational est id\u00e9al pour cr\u00e9er un look dramatique qui laisse vos l\u00e8vres nourries.\u00a0Associant un pigment de couleur au Honey Nectar, il offre des couleurs exceptionnellement riches avec une douceur cr\u00e9meuse, cr\u00e9ant des l\u00e8vres aussi belles qu&rsquo;elles en ont l&rsquo;air.<\/p>","protected":false},"featured_media":2475,"comment_status":"open","ping_status":"closed","template":"","meta":[],"product_brand":[410],"product_cat":[75,205,122,230,207],"product_tag":[125],"class_list":{"0":"post-2431","1":"product","2":"type-product","3":"status-publish","4":"has-post-thumbnail","6":"product_brand-maybelline","7":"product_cat-femme","8":"product_cat-levres","9":"product_cat-make-up","10":"product_cat-maybelline","11":"product_cat-rouge-a-levres","12":"product_tag-made-in-france","14":"first","15":"instock","16":"shipping-taxable","17":"purchasable","18":"product-type-simple"},"_links":{"self":[{"href":"https:\/\/cosmeticstoredz.com\/ar\/wp-json\/wp\/v2\/product\/2431","targetHints":{"allow":["GET"]}}],"collection":[{"href":"https:\/\/cosmeticstoredz.com\/ar\/wp-json\/wp\/v2\/product"}],"about":[{"href":"https:\/\/cosmeticstoredz.com\/ar\/wp-json\/wp\/v2\/types\/product"}],"replies":[{"embeddable":true,"href":"https:\/\/cosmeticstoredz.com\/ar\/wp-json\/wp\/v2\/comments?post=2431"}],"version-history":[{"count":1,"href":"https:\/\/cosmeticstoredz.com\/ar\/wp-json\/wp\/v2\/product\/2431\/revisions"}],"predecessor-version":[{"id":2476,"href":"https:\/\/cosmeticstoredz.com\/ar\/wp-json\/wp\/v2\/product\/2431\/revisions\/2476"}],"wp:featuredmedia":[{"embeddable":true,"href":"https:\/\/cosmeticstoredz.com\/ar\/wp-json\/wp\/v2\/media\/2475"}],"wp:attachment":[{"href":"https:\/\/cosmeticstoredz.com\/ar\/wp-json\/wp\/v2\/media?parent=2431"}],"wp:term":[{"taxonomy":"product_brand","embeddable":true,"href":"https:\/\/cosmeticstoredz.com\/ar\/wp-json\/wp\/v2\/product_brand?post=2431"},{"taxonomy":"product_cat","embeddable":true,"href":"https:\/\/cosmeticstoredz.com\/ar\/wp-json\/wp\/v2\/product_cat?post=2431"},{"taxonomy":"product_tag","embeddable":true,"href":"https:\/\/cosmeticstoredz.com\/ar\/wp-json\/wp\/v2\/product_tag?post=2431"}],"curies":[{"name":"wp","href":"https:\/\/api.w.org\/{rel}","templated":true}]}}