{"id":2430,"date":"2026-02-16T08:56:47","date_gmt":"2026-02-16T08:56:47","guid":{"rendered":"https:\/\/test.fitnessworldgym27.com\/?post_type=product&#038;p=2430"},"modified":"2026-02-16T21:44:20","modified_gmt":"2026-02-16T21:44:20","slug":"maybelline-ral-color-senstation-mat-950","status":"publish","type":"product","link":"https:\/\/cosmeticstoredz.com\/ar\/product\/maybelline-ral-color-senstation-mat-950\/","title":{"rendered":"MAYBELLINE RAL COLOR SENSTATION MAT 950"},"content":{"rendered":"<div class=\"product-content__title\">\n<p class=\"c-text c-text--size-m c-text--style-p c-text--bold\" data-v-66cc25a1=\"\"><strong>Description<\/strong><\/p>\n<p>Rouge \u00e0 l\u00e8vres mat <strong>Maybelline Color Sensational,<\/strong> Formule de couleurs mates et audacieuses et Enrichi de nectar de miel avec la Technologie Pure Pigment .<\/p>\n<\/div>\n<p>6 teintes \u00e9clatantes. Une couleur mate intense et une texture cr\u00e9meuse ultra douce.<\/p>\n<p>Pour de meilleurs r\u00e9sultats : Appliquez la texture au pinceau pour un rendu discret ou au raisin pour un fini encore plus intense.<\/p>\n<p><strong>ngr\u00e9dients :<\/strong><\/p>\n<p>ISONONYL ISONONANOATE, OCTYLDODECANOL, OLEYL ERUCATE, SILICA, CERA ALBA\/BEESWAX\/CIRE DABEILLE, PHENYL TRIMETHICONE, CERA MICROCRISTALLINA\/MICROCRYSTALLINE WAX\/CIRE MICROCRISTALLINE, SYNTHETIC WAX, SESAMUM INDICUM OIL\/SESAME SEED OIL, PEG-45\/DODECYL GLYCOL COPOLYMER, KAOLIN, DISTEARDIMONIUM HECTORITE, DIMETHICONE, TOCOPHERYL ACETATE, PENTAERYTHRITYL TETRA-DI-T-BUTYL HYDROXYHYDROCINNAMATE, ALUMINA, BENZYL ALCOHOL, MEL\/HONEY\/MIEL, PARFUM\/FRAGRANCE. [+\/- MAY CONTAIN\/PEUT CONTENIR: MICA, CI 77891\/TITANIUM DIOXIDE, CI 77491, CI 77499\/IRON OXIDES, CI 15850\/RED 7, CI 45410\/RED 28 LAKE, CI 45380\/RED 22 LAKE, CI 15985\/YELLOW 6 LAKE, CI 42090\/BLUE 1 LAKE] F.I.L. D166274\/2<\/p>\n<p>Les listes d&rsquo;ingr\u00e9dients entrant dans la composition des produits de notre marque sont r\u00e9guli\u00e8rement mises \u00e0 jour. Avant d&rsquo;utiliser un produit de notre marque, vous \u00eates invit\u00e9s \u00e0 lire la liste d&rsquo;ingr\u00e9dients figurant sur son emballage afin de vous assurer que les ingr\u00e9dients sont adapt\u00e9s \u00e0 votre utilisation personnelle.<\/p>\n","protected":false},"excerpt":{"rendered":"<p>Rouge \u00e0 l\u00e8vres mat <strong>Maybelline Color Sensational,<\/strong> Formule de couleurs mates et audacieuses et Enrichi de nectar de miel avec la Technologie Pure Pigment<\/p>","protected":false},"featured_media":2473,"comment_status":"open","ping_status":"closed","template":"","meta":[],"product_brand":[410],"product_cat":[75,205,122,230,207],"product_tag":[125],"class_list":{"0":"post-2430","1":"product","2":"type-product","3":"status-publish","4":"has-post-thumbnail","6":"product_brand-maybelline","7":"product_cat-femme","8":"product_cat-levres","9":"product_cat-make-up","10":"product_cat-maybelline","11":"product_cat-rouge-a-levres","12":"product_tag-made-in-france","14":"first","15":"instock","16":"shipping-taxable","17":"purchasable","18":"product-type-simple"},"_links":{"self":[{"href":"https:\/\/cosmeticstoredz.com\/ar\/wp-json\/wp\/v2\/product\/2430","targetHints":{"allow":["GET"]}}],"collection":[{"href":"https:\/\/cosmeticstoredz.com\/ar\/wp-json\/wp\/v2\/product"}],"about":[{"href":"https:\/\/cosmeticstoredz.com\/ar\/wp-json\/wp\/v2\/types\/product"}],"replies":[{"embeddable":true,"href":"https:\/\/cosmeticstoredz.com\/ar\/wp-json\/wp\/v2\/comments?post=2430"}],"version-history":[{"count":1,"href":"https:\/\/cosmeticstoredz.com\/ar\/wp-json\/wp\/v2\/product\/2430\/revisions"}],"predecessor-version":[{"id":2474,"href":"https:\/\/cosmeticstoredz.com\/ar\/wp-json\/wp\/v2\/product\/2430\/revisions\/2474"}],"wp:featuredmedia":[{"embeddable":true,"href":"https:\/\/cosmeticstoredz.com\/ar\/wp-json\/wp\/v2\/media\/2473"}],"wp:attachment":[{"href":"https:\/\/cosmeticstoredz.com\/ar\/wp-json\/wp\/v2\/media?parent=2430"}],"wp:term":[{"taxonomy":"product_brand","embeddable":true,"href":"https:\/\/cosmeticstoredz.com\/ar\/wp-json\/wp\/v2\/product_brand?post=2430"},{"taxonomy":"product_cat","embeddable":true,"href":"https:\/\/cosmeticstoredz.com\/ar\/wp-json\/wp\/v2\/product_cat?post=2430"},{"taxonomy":"product_tag","embeddable":true,"href":"https:\/\/cosmeticstoredz.com\/ar\/wp-json\/wp\/v2\/product_tag?post=2430"}],"curies":[{"name":"wp","href":"https:\/\/api.w.org\/{rel}","templated":true}]}}