{"id":2370,"date":"2026-02-16T08:56:04","date_gmt":"2026-02-16T08:56:04","guid":{"rendered":"https:\/\/test.fitnessworldgym27.com\/?post_type=product&#038;p=2370"},"modified":"2026-03-30T19:24:06","modified_gmt":"2026-03-30T19:24:06","slug":"maybelline-ral-color-drama-520","status":"publish","type":"product","link":"https:\/\/cosmeticstoredz.com\/ar\/product\/maybelline-ral-color-drama-520\/","title":{"rendered":"MAYBELLINE RAL COLOR DRAMA 520"},"content":{"rendered":"<p><strong>Maybelline Color Show Color Drama Intense Velvet Lip Crayon<\/strong> est un kh\u00f4l \u00e0 l\u00e8vres fin qui fait ressortir les l\u00e8vres avec des ombres tendance et une texture cr\u00e9meuse.\u00a0Spectacle de couleurs par Maybelline.<\/p>\n<ul class=\"a-unordered-list a-vertical a-spacing-mini\">\n<li><span class=\"a-list-item\">-Une texture ultra fondante gr\u00e2ce \u00e0 ses huiles riches<\/span><\/li>\n<li><span class=\"a-list-item\">-Une application pr\u00e9cise et rapide<\/span><\/li>\n<li><span class=\"a-list-item\">-Le rouge \u00e0 l\u00e8vres crayon \u00e0 emporter partout avec soi pour une couleur mate et une application ultra rapide<\/span><\/li>\n<\/ul>","protected":false},"excerpt":{"rendered":"<p><strong>Maybelline Color Show Color Drama Intense Velvet Lip Crayon<\/strong> est un kh\u00f4l \u00e0 l\u00e8vres fin qui fait ressortir les l\u00e8vres avec des ombres tendance et une texture cr\u00e9meuse.\u00a0Spectacle de couleurs par Maybelline.<\/p>","protected":false},"featured_media":2449,"comment_status":"open","ping_status":"closed","template":"","meta":[],"product_brand":[410],"product_cat":[233,205,122,230],"product_tag":[125],"class_list":{"0":"post-2370","1":"product","2":"type-product","3":"status-publish","4":"has-post-thumbnail","6":"product_brand-maybelline","7":"product_cat-crayon-a-levres","8":"product_cat-levres","9":"product_cat-make-up","10":"product_cat-maybelline","11":"product_tag-made-in-france","13":"first","14":"instock","15":"sale","16":"shipping-taxable","17":"purchasable","18":"product-type-simple"},"_links":{"self":[{"href":"https:\/\/cosmeticstoredz.com\/ar\/wp-json\/wp\/v2\/product\/2370","targetHints":{"allow":["GET"]}}],"collection":[{"href":"https:\/\/cosmeticstoredz.com\/ar\/wp-json\/wp\/v2\/product"}],"about":[{"href":"https:\/\/cosmeticstoredz.com\/ar\/wp-json\/wp\/v2\/types\/product"}],"replies":[{"embeddable":true,"href":"https:\/\/cosmeticstoredz.com\/ar\/wp-json\/wp\/v2\/comments?post=2370"}],"version-history":[{"count":1,"href":"https:\/\/cosmeticstoredz.com\/ar\/wp-json\/wp\/v2\/product\/2370\/revisions"}],"predecessor-version":[{"id":2450,"href":"https:\/\/cosmeticstoredz.com\/ar\/wp-json\/wp\/v2\/product\/2370\/revisions\/2450"}],"wp:featuredmedia":[{"embeddable":true,"href":"https:\/\/cosmeticstoredz.com\/ar\/wp-json\/wp\/v2\/media\/2449"}],"wp:attachment":[{"href":"https:\/\/cosmeticstoredz.com\/ar\/wp-json\/wp\/v2\/media?parent=2370"}],"wp:term":[{"taxonomy":"product_brand","embeddable":true,"href":"https:\/\/cosmeticstoredz.com\/ar\/wp-json\/wp\/v2\/product_brand?post=2370"},{"taxonomy":"product_cat","embeddable":true,"href":"https:\/\/cosmeticstoredz.com\/ar\/wp-json\/wp\/v2\/product_cat?post=2370"},{"taxonomy":"product_tag","embeddable":true,"href":"https:\/\/cosmeticstoredz.com\/ar\/wp-json\/wp\/v2\/product_tag?post=2370"}],"curies":[{"name":"wp","href":"https:\/\/api.w.org\/{rel}","templated":true}]}}