{"id":2365,"date":"2026-02-16T08:56:04","date_gmt":"2026-02-16T08:56:04","guid":{"rendered":"https:\/\/test.fitnessworldgym27.com\/?post_type=product&#038;p=2365"},"modified":"2026-05-02T18:59:18","modified_gmt":"2026-05-02T18:59:18","slug":"maybelline-pallette-fap-nudes-of-new-york","status":"publish","type":"product","link":"https:\/\/cosmeticstoredz.com\/ar\/product\/maybelline-pallette-fap-nudes-of-new-york\/","title":{"rendered":"MAYBELLINE PALLETTE FAP NUDES OF NEW YORK"},"content":{"rendered":"<p>La premi\u00e8re palette de fards \u00e0 paupi\u00e8res con\u00e7ue pour flatter une large gamme de carnations !\u00a0Texture riche et cr\u00e9meuse et superbes nuances nude qui se fondent parfaitement dans la peau.\u00a0Fards \u00e0 paupi\u00e8res intens\u00e9ment pigment\u00e9s dans une palette facile \u00e0 utiliser.\u00a0Id\u00e9al pour toutes les carnations et parfait pour les retouches ou le maquillage facile des yeux charbonneux<\/p>\n<p><strong>Conseils d&rsquo;utilisation :<\/strong><\/p>\n<p>Instructions \u00e9tape par \u00e9tape pour cr\u00e9er un maquillage des yeux l\u00e9ger pour tous les jours : 1. Utilisez une ombre \u00e0 paupi\u00e8res beige de la palette sur les paupi\u00e8res en mouvement, en accentuant la couleur au centre des paupi\u00e8res. 2. Appliquez un fard \u00e0 paupi\u00e8res marron fonc\u00e9 sur les coins externes des yeux et estompez. Cela donnera aux yeux une forme d&rsquo;amande. 3. \u00c9talez le bronze fonc\u00e9 le long des paupi\u00e8res inf\u00e9rieures et estompez soigneusement pour qu&rsquo;il n&rsquo;y ait pas de bords. 4. \u00c0 la fin du maquillage dans les coins des yeux, appliquez en plus des ombres brillantes &#8211; cela rendra le look plus ouvert et expressif.<\/p>\n<p><strong>Ingr\u00e9dients :<\/strong><\/p>\n<p>Talc caprylic\/capric triglyceride zinc stearate ethylene\/acrylic acid copolymer boron nitride sodium dehydroacetate phenoxyethanol alumina polyethylene terephthalate sorbic acid synthetic fluorphlogopite silica polyurethane-33 tin oxide [+\/- may contain mica ci 77491, ci 77492, ci 77499 \/ iron oxides ci 77891 \/titanium dioxide ci 77742 \/ manganese violet ci 75470 \/ carmine ci 77007 \/ ultramarines ci 77400 \/ bronze powder ci 19140 \/ yellow 5 lake ci 77163 \/ bismuth oxychloride ci 19140 \/ yellow 5 ci 77510 \/ ferric ferrocyanide ci 77000 \/ aluminum powder]<\/p>\n","protected":false},"excerpt":{"rendered":"<p>La premi\u00e8re palette de fards \u00e0 paupi\u00e8res con\u00e7ue pour flatter une large gamme de carnations !\u00a0Texture riche et cr\u00e9meuse et superbes nuances nude qui se fondent parfaitement dans la peau.\u00a0Fards \u00e0 paupi\u00e8res intens\u00e9ment pigment\u00e9s dans une palette facile \u00e0 utiliser.\u00a0Id\u00e9al pour toutes les carnations et parfait pour les retouches ou le maquillage facile des yeux charbonneux<\/p>","protected":false},"featured_media":2422,"comment_status":"open","ping_status":"closed","template":"","meta":[],"product_brand":[],"product_cat":[122,230,204],"product_tag":[125],"class_list":{"0":"post-2365","1":"product","2":"type-product","3":"status-publish","4":"has-post-thumbnail","6":"product_cat-make-up","7":"product_cat-maybelline","8":"product_cat-palette-maquillage","9":"product_tag-made-in-france","11":"first","12":"outofstock","13":"shipping-taxable","14":"purchasable","15":"product-type-simple"},"yoast_head":"<!-- This site is optimized with the Yoast SEO plugin v27.3 - https:\/\/yoast.com\/product\/yoast-seo-wordpress\/ -->\n<title>MAYBELLINE PALLETTE FAP NUDES OF NEW YORK - Cosmetic Store<\/title>\n<meta name=\"robots\" content=\"index, follow, max-snippet:-1, max-image-preview:large, max-video-preview:-1\" \/>\n<link rel=\"canonical\" href=\"https:\/\/cosmeticstoredz.com\/ar\/product\/maybelline-pallette-fap-nudes-of-new-york\/\" \/>\n<meta property=\"og:locale\" content=\"ar_AR\" \/>\n<meta property=\"og:type\" content=\"article\" \/>\n<meta property=\"og:title\" content=\"MAYBELLINE PALLETTE FAP NUDES OF NEW YORK - Cosmetic Store\" \/>\n<meta property=\"og:description\" content=\"La premi\u00e8re palette de fards \u00e0 paupi\u00e8res con\u00e7ue pour flatter une large gamme de carnations !\u00a0Texture riche et cr\u00e9meuse et superbes nuances nude qui se fondent parfaitement dans la peau.\u00a0Fards \u00e0 paupi\u00e8res intens\u00e9ment pigment\u00e9s dans une palette facile \u00e0 utiliser.\u00a0Id\u00e9al pour toutes les carnations et parfait pour les retouches ou le maquillage facile des yeux charbonneux\" \/>\n<meta property=\"og:url\" content=\"https:\/\/cosmeticstoredz.com\/ar\/product\/maybelline-pallette-fap-nudes-of-new-york\/\" \/>\n<meta property=\"og:site_name\" content=\"Cosmetic Store\" \/>\n<meta property=\"article:publisher\" content=\"https:\/\/www.facebook.com\/profile.php?id=61564954260683\" \/>\n<meta property=\"article:modified_time\" content=\"2026-05-02T18:59:18+00:00\" \/>\n<meta property=\"og:image\" content=\"https:\/\/cosmeticstoredz.com\/wp-content\/uploads\/2026\/02\/Ajouter-un-titre-2024-08-05T121229.979.png\" \/>\n\t<meta property=\"og:image:width\" content=\"1563\" \/>\n\t<meta property=\"og:image:height\" content=\"1563\" \/>\n\t<meta property=\"og:image:type\" content=\"image\/png\" \/>\n<meta name=\"twitter:card\" content=\"summary_large_image\" \/>\n<meta name=\"twitter:label1\" content=\"\u0648\u0642\u062a \u0627\u0644\u0642\u0631\u0627\u0621\u0629 \u0627\u0644\u0645\u064f\u0642\u062f\u0651\u0631\" \/>\n\t<meta name=\"twitter:data1\" content=\"\u062f\u0642\u064a\u0642\u0629 \u0648\u0627\u062d\u062f\u0629\" \/>\n<script type=\"application\/ld+json\" class=\"yoast-schema-graph\">{\"@context\":\"https:\\\/\\\/schema.org\",\"@graph\":[{\"@type\":\"WebPage\",\"@id\":\"https:\\\/\\\/cosmeticstoredz.com\\\/produit\\\/maybelline-pallette-fap-nudes-of-new-york\\\/\",\"url\":\"https:\\\/\\\/cosmeticstoredz.com\\\/produit\\\/maybelline-pallette-fap-nudes-of-new-york\\\/\",\"name\":\"MAYBELLINE PALLETTE FAP NUDES OF NEW YORK - Cosmetic Store\",\"isPartOf\":{\"@id\":\"https:\\\/\\\/cosmeticstoredz.com\\\/#website\"},\"primaryImageOfPage\":{\"@id\":\"https:\\\/\\\/cosmeticstoredz.com\\\/produit\\\/maybelline-pallette-fap-nudes-of-new-york\\\/#primaryimage\"},\"image\":{\"@id\":\"https:\\\/\\\/cosmeticstoredz.com\\\/produit\\\/maybelline-pallette-fap-nudes-of-new-york\\\/#primaryimage\"},\"thumbnailUrl\":\"https:\\\/\\\/cosmeticstoredz.com\\\/wp-content\\\/uploads\\\/2026\\\/02\\\/Ajouter-un-titre-2024-08-05T121229.979.png\",\"datePublished\":\"2026-02-16T08:56:04+00:00\",\"dateModified\":\"2026-05-02T18:59:18+00:00\",\"breadcrumb\":{\"@id\":\"https:\\\/\\\/cosmeticstoredz.com\\\/produit\\\/maybelline-pallette-fap-nudes-of-new-york\\\/#breadcrumb\"},\"inLanguage\":\"ar\",\"potentialAction\":[{\"@type\":\"ReadAction\",\"target\":[\"https:\\\/\\\/cosmeticstoredz.com\\\/produit\\\/maybelline-pallette-fap-nudes-of-new-york\\\/\"]}]},{\"@type\":\"ImageObject\",\"inLanguage\":\"ar\",\"@id\":\"https:\\\/\\\/cosmeticstoredz.com\\\/produit\\\/maybelline-pallette-fap-nudes-of-new-york\\\/#primaryimage\",\"url\":\"https:\\\/\\\/cosmeticstoredz.com\\\/wp-content\\\/uploads\\\/2026\\\/02\\\/Ajouter-un-titre-2024-08-05T121229.979.png\",\"contentUrl\":\"https:\\\/\\\/cosmeticstoredz.com\\\/wp-content\\\/uploads\\\/2026\\\/02\\\/Ajouter-un-titre-2024-08-05T121229.979.png\",\"width\":1563,\"height\":1563},{\"@type\":\"BreadcrumbList\",\"@id\":\"https:\\\/\\\/cosmeticstoredz.com\\\/produit\\\/maybelline-pallette-fap-nudes-of-new-york\\\/#breadcrumb\",\"itemListElement\":[{\"@type\":\"ListItem\",\"position\":1,\"name\":\"Accueil\",\"item\":\"https:\\\/\\\/cosmeticstoredz.com\\\/\"},{\"@type\":\"ListItem\",\"position\":2,\"name\":\"Boutique\",\"item\":\"https:\\\/\\\/cosmeticstoredz.com\\\/boutique\\\/\"},{\"@type\":\"ListItem\",\"position\":3,\"name\":\"MAYBELLINE PALLETTE FAP NUDES OF NEW YORK\"}]},{\"@type\":\"WebSite\",\"@id\":\"https:\\\/\\\/cosmeticstoredz.com\\\/#website\",\"url\":\"https:\\\/\\\/cosmeticstoredz.com\\\/\",\"name\":\"Cosmetic Store\",\"description\":\"\",\"publisher\":{\"@id\":\"https:\\\/\\\/cosmeticstoredz.com\\\/#organization\"},\"potentialAction\":[{\"@type\":\"SearchAction\",\"target\":{\"@type\":\"EntryPoint\",\"urlTemplate\":\"https:\\\/\\\/cosmeticstoredz.com\\\/?s={search_term_string}\"},\"query-input\":{\"@type\":\"PropertyValueSpecification\",\"valueRequired\":true,\"valueName\":\"search_term_string\"}}],\"inLanguage\":\"ar\"},{\"@type\":\"Organization\",\"@id\":\"https:\\\/\\\/cosmeticstoredz.com\\\/#organization\",\"name\":\"Cosmetic Store\",\"url\":\"https:\\\/\\\/cosmeticstoredz.com\\\/\",\"logo\":{\"@type\":\"ImageObject\",\"inLanguage\":\"ar\",\"@id\":\"https:\\\/\\\/cosmeticstoredz.com\\\/#\\\/schema\\\/logo\\\/image\\\/\",\"url\":\"https:\\\/\\\/cosmeticstoredz.com\\\/wp-content\\\/uploads\\\/2026\\\/02\\\/cropped-LOGO_CS-512x512-1-1-e1771275285345.webp\",\"contentUrl\":\"https:\\\/\\\/cosmeticstoredz.com\\\/wp-content\\\/uploads\\\/2026\\\/02\\\/cropped-LOGO_CS-512x512-1-1-e1771275285345.webp\",\"width\":265,\"height\":319,\"caption\":\"Cosmetic Store\"},\"image\":{\"@id\":\"https:\\\/\\\/cosmeticstoredz.com\\\/#\\\/schema\\\/logo\\\/image\\\/\"},\"sameAs\":[\"https:\\\/\\\/www.facebook.com\\\/profile.php?id=61564954260683\",\"https:\\\/\\\/www.instagram.com\\\/cosmetic.storedz\\\/\"]}]}<\/script>\n<!-- \/ Yoast SEO plugin. -->","yoast_head_json":{"title":"MAYBELLINE PALLETTE FAP NUDES OF NEW YORK - Cosmetic Store","robots":{"index":"index","follow":"follow","max-snippet":"max-snippet:-1","max-image-preview":"max-image-preview:large","max-video-preview":"max-video-preview:-1"},"canonical":"https:\/\/cosmeticstoredz.com\/ar\/product\/maybelline-pallette-fap-nudes-of-new-york\/","og_locale":"ar_AR","og_type":"article","og_title":"MAYBELLINE PALLETTE FAP NUDES OF NEW YORK - Cosmetic Store","og_description":"La premi\u00e8re palette de fards \u00e0 paupi\u00e8res con\u00e7ue pour flatter une large gamme de carnations !\u00a0Texture riche et cr\u00e9meuse et superbes nuances nude qui se fondent parfaitement dans la peau.\u00a0Fards \u00e0 paupi\u00e8res intens\u00e9ment pigment\u00e9s dans une palette facile \u00e0 utiliser.\u00a0Id\u00e9al pour toutes les carnations et parfait pour les retouches ou le maquillage facile des yeux charbonneux","og_url":"https:\/\/cosmeticstoredz.com\/ar\/product\/maybelline-pallette-fap-nudes-of-new-york\/","og_site_name":"Cosmetic Store","article_publisher":"https:\/\/www.facebook.com\/profile.php?id=61564954260683","article_modified_time":"2026-05-02T18:59:18+00:00","og_image":[{"width":1563,"height":1563,"url":"https:\/\/cosmeticstoredz.com\/wp-content\/uploads\/2026\/02\/Ajouter-un-titre-2024-08-05T121229.979.png","type":"image\/png"}],"twitter_card":"summary_large_image","twitter_misc":{"\u0648\u0642\u062a \u0627\u0644\u0642\u0631\u0627\u0621\u0629 \u0627\u0644\u0645\u064f\u0642\u062f\u0651\u0631":"\u062f\u0642\u064a\u0642\u0629 \u0648\u0627\u062d\u062f\u0629"},"schema":{"@context":"https:\/\/schema.org","@graph":[{"@type":"WebPage","@id":"https:\/\/cosmeticstoredz.com\/produit\/maybelline-pallette-fap-nudes-of-new-york\/","url":"https:\/\/cosmeticstoredz.com\/produit\/maybelline-pallette-fap-nudes-of-new-york\/","name":"MAYBELLINE PALLETTE FAP NUDES OF NEW YORK - Cosmetic Store","isPartOf":{"@id":"https:\/\/cosmeticstoredz.com\/#website"},"primaryImageOfPage":{"@id":"https:\/\/cosmeticstoredz.com\/produit\/maybelline-pallette-fap-nudes-of-new-york\/#primaryimage"},"image":{"@id":"https:\/\/cosmeticstoredz.com\/produit\/maybelline-pallette-fap-nudes-of-new-york\/#primaryimage"},"thumbnailUrl":"https:\/\/cosmeticstoredz.com\/wp-content\/uploads\/2026\/02\/Ajouter-un-titre-2024-08-05T121229.979.png","datePublished":"2026-02-16T08:56:04+00:00","dateModified":"2026-05-02T18:59:18+00:00","breadcrumb":{"@id":"https:\/\/cosmeticstoredz.com\/produit\/maybelline-pallette-fap-nudes-of-new-york\/#breadcrumb"},"inLanguage":"ar","potentialAction":[{"@type":"ReadAction","target":["https:\/\/cosmeticstoredz.com\/produit\/maybelline-pallette-fap-nudes-of-new-york\/"]}]},{"@type":"ImageObject","inLanguage":"ar","@id":"https:\/\/cosmeticstoredz.com\/produit\/maybelline-pallette-fap-nudes-of-new-york\/#primaryimage","url":"https:\/\/cosmeticstoredz.com\/wp-content\/uploads\/2026\/02\/Ajouter-un-titre-2024-08-05T121229.979.png","contentUrl":"https:\/\/cosmeticstoredz.com\/wp-content\/uploads\/2026\/02\/Ajouter-un-titre-2024-08-05T121229.979.png","width":1563,"height":1563},{"@type":"BreadcrumbList","@id":"https:\/\/cosmeticstoredz.com\/produit\/maybelline-pallette-fap-nudes-of-new-york\/#breadcrumb","itemListElement":[{"@type":"ListItem","position":1,"name":"Accueil","item":"https:\/\/cosmeticstoredz.com\/"},{"@type":"ListItem","position":2,"name":"Boutique","item":"https:\/\/cosmeticstoredz.com\/boutique\/"},{"@type":"ListItem","position":3,"name":"MAYBELLINE PALLETTE FAP NUDES OF NEW YORK"}]},{"@type":"WebSite","@id":"https:\/\/cosmeticstoredz.com\/#website","url":"https:\/\/cosmeticstoredz.com\/","name":"Cosmetic Store","description":"","publisher":{"@id":"https:\/\/cosmeticstoredz.com\/#organization"},"potentialAction":[{"@type":"SearchAction","target":{"@type":"EntryPoint","urlTemplate":"https:\/\/cosmeticstoredz.com\/?s={search_term_string}"},"query-input":{"@type":"PropertyValueSpecification","valueRequired":true,"valueName":"search_term_string"}}],"inLanguage":"ar"},{"@type":"Organization","@id":"https:\/\/cosmeticstoredz.com\/#organization","name":"Cosmetic Store","url":"https:\/\/cosmeticstoredz.com\/","logo":{"@type":"ImageObject","inLanguage":"ar","@id":"https:\/\/cosmeticstoredz.com\/#\/schema\/logo\/image\/","url":"https:\/\/cosmeticstoredz.com\/wp-content\/uploads\/2026\/02\/cropped-LOGO_CS-512x512-1-1-e1771275285345.webp","contentUrl":"https:\/\/cosmeticstoredz.com\/wp-content\/uploads\/2026\/02\/cropped-LOGO_CS-512x512-1-1-e1771275285345.webp","width":265,"height":319,"caption":"Cosmetic Store"},"image":{"@id":"https:\/\/cosmeticstoredz.com\/#\/schema\/logo\/image\/"},"sameAs":["https:\/\/www.facebook.com\/profile.php?id=61564954260683","https:\/\/www.instagram.com\/cosmetic.storedz\/"]}]}},"_links":{"self":[{"href":"https:\/\/cosmeticstoredz.com\/ar\/wp-json\/wp\/v2\/product\/2365","targetHints":{"allow":["GET"]}}],"collection":[{"href":"https:\/\/cosmeticstoredz.com\/ar\/wp-json\/wp\/v2\/product"}],"about":[{"href":"https:\/\/cosmeticstoredz.com\/ar\/wp-json\/wp\/v2\/types\/product"}],"replies":[{"embeddable":true,"href":"https:\/\/cosmeticstoredz.com\/ar\/wp-json\/wp\/v2\/comments?post=2365"}],"version-history":[{"count":1,"href":"https:\/\/cosmeticstoredz.com\/ar\/wp-json\/wp\/v2\/product\/2365\/revisions"}],"predecessor-version":[{"id":2423,"href":"https:\/\/cosmeticstoredz.com\/ar\/wp-json\/wp\/v2\/product\/2365\/revisions\/2423"}],"wp:featuredmedia":[{"embeddable":true,"href":"https:\/\/cosmeticstoredz.com\/ar\/wp-json\/wp\/v2\/media\/2422"}],"wp:attachment":[{"href":"https:\/\/cosmeticstoredz.com\/ar\/wp-json\/wp\/v2\/media?parent=2365"}],"wp:term":[{"taxonomy":"product_brand","embeddable":true,"href":"https:\/\/cosmeticstoredz.com\/ar\/wp-json\/wp\/v2\/product_brand?post=2365"},{"taxonomy":"product_cat","embeddable":true,"href":"https:\/\/cosmeticstoredz.com\/ar\/wp-json\/wp\/v2\/product_cat?post=2365"},{"taxonomy":"product_tag","embeddable":true,"href":"https:\/\/cosmeticstoredz.com\/ar\/wp-json\/wp\/v2\/product_tag?post=2365"}],"curies":[{"name":"wp","href":"https:\/\/api.w.org\/{rel}","templated":true}]}}