{"id":2364,"date":"2026-02-16T08:56:04","date_gmt":"2026-02-16T08:56:04","guid":{"rendered":"https:\/\/test.fitnessworldgym27.com\/?post_type=product&#038;p=2364"},"modified":"2026-04-18T19:20:18","modified_gmt":"2026-04-18T19:20:18","slug":"maybelline-palette-the-24-karat","status":"publish","type":"product","link":"https:\/\/cosmeticstoredz.com\/ar\/product\/maybelline-palette-the-24-karat\/","title":{"rendered":"MAYBELLINE PALETTE THE 24 KARAT"},"content":{"rendered":"<div class=\"product-content__title\">\n<p class=\"c-text c-text--size-m c-text--style-p c-text--bold\" data-v-66cc25a1=\"\"><strong>Description<\/strong><\/p>\n<\/div>\n<p>Alliez, mixez, m\u00e9langez les teintes pour cr\u00e9er diff\u00e9rents looks nudes au gr\u00e9 de vos envies. 12 teintes de fards \u00e0 paupi\u00e8res nudes et smoky aux reflets envo\u00fbtants. Permet de r\u00e9aliser toutes sortes de looks nudes. Applicateur ultra-facile pour d\u00e9grader et fondre les teintes entre elles.<\/p>\n<p>POUR DE MEILLEURS R\u00c9SULTATS :<\/p>\n<p>D\u00e9posez d&rsquo;abord la couleur la plus claire sur l&rsquo;ensemble de la paupi\u00e8re jusqu&rsquo;\u00e0 la ligne du sourcil. Assombrissez l\u00e9g\u00e8rement la paupi\u00e8re mobile. Accentuez le pli de la paupi\u00e8re. Enfin, soulignez le contour de l&rsquo;\u0153il avec la couleur la plus sombre.<\/p>\n<p><strong>Ingr\u00e9dients :<\/strong><\/p>\n<p>Talc; Synthetic Fluorphlogopite; Octyldodecyl Stearate; Silica; Magnesium Myristate; Pentaerythrityl Tetraisostearate; Stearyl Dimethicone; Nylon-12; Alumina; Aluminum Starch Octenylsuccinate; Caprylyl Glycol; Diisostearyl Malate; Dimethicone; Dehydroacetic Acid; Calcium Aluminum borosilicate; Octadecene; Phenoxyethanoel; Calcium Sodium Borosilicate; Hexylene glycol; Aqua (Water); Pentaerythrityl Tetra-Di-T-Butyl Hydroxyhydricubbamate; Tin Oxide; Mal Todextrin; Stearic Acid; Palmitic Acid; Lauric Acid.<\/p>\n<p>Peut contenir : CI 77491; CI 77492; CI77499 \/ Iron Oxides ; Mica ; CI 77891 \/ Titanium Oxide; CI 77713; Magnesium Carbonate; CI 77266; CI 77266 [NANO]; Black 2; CI 77007 \/ Ultramarines; CI 75470 \/ Carmine; CI 77510 \/ Ferric Ferrocyanide; CI 77288 \/ Chromium Oxide Greens; CI 77742 \/ Manganese Violet.<\/p>\n","protected":false},"excerpt":{"rendered":"<p>Alliez, mixez, m\u00e9langez les teintes pour cr\u00e9er diff\u00e9rents looks nudes au gr\u00e9 de vos envies. 12 teintes de fards \u00e0 paupi\u00e8res nudes et smoky aux reflets envo\u00fbtants. Permet de r\u00e9aliser toutes sortes de looks nudes. Applicateur ultra-facile pour d\u00e9grader et fondre les teintes entre elles.<\/p>","protected":false},"featured_media":2420,"comment_status":"open","ping_status":"closed","template":"","meta":[],"product_brand":[410],"product_cat":[122,230,204],"product_tag":[125],"class_list":{"0":"post-2364","1":"product","2":"type-product","3":"status-publish","4":"has-post-thumbnail","6":"product_brand-maybelline","7":"product_cat-make-up","8":"product_cat-maybelline","9":"product_cat-palette-maquillage","10":"product_tag-made-in-france","12":"first","13":"outofstock","14":"shipping-taxable","15":"purchasable","16":"product-type-simple"},"yoast_head":"<!-- This site is optimized with the Yoast SEO plugin v27.3 - https:\/\/yoast.com\/product\/yoast-seo-wordpress\/ -->\n<title>MAYBELLINE PALETTE THE 24 KARAT - Cosmetic Store<\/title>\n<meta name=\"robots\" content=\"index, follow, max-snippet:-1, max-image-preview:large, max-video-preview:-1\" \/>\n<link rel=\"canonical\" href=\"https:\/\/cosmeticstoredz.com\/ar\/product\/maybelline-palette-the-24-karat\/\" \/>\n<meta property=\"og:locale\" content=\"ar_AR\" \/>\n<meta property=\"og:type\" content=\"article\" \/>\n<meta property=\"og:title\" content=\"MAYBELLINE PALETTE THE 24 KARAT - Cosmetic Store\" \/>\n<meta property=\"og:description\" content=\"Alliez, mixez, m\u00e9langez les teintes pour cr\u00e9er diff\u00e9rents looks nudes au gr\u00e9 de vos envies. 12 teintes de fards \u00e0 paupi\u00e8res nudes et smoky aux reflets envo\u00fbtants. Permet de r\u00e9aliser toutes sortes de looks nudes. Applicateur ultra-facile pour d\u00e9grader et fondre les teintes entre elles.\" \/>\n<meta property=\"og:url\" content=\"https:\/\/cosmeticstoredz.com\/ar\/product\/maybelline-palette-the-24-karat\/\" \/>\n<meta property=\"og:site_name\" content=\"Cosmetic Store\" \/>\n<meta property=\"article:publisher\" content=\"https:\/\/www.facebook.com\/profile.php?id=61564954260683\" \/>\n<meta property=\"article:modified_time\" content=\"2026-04-18T19:20:18+00:00\" \/>\n<meta property=\"og:image\" content=\"https:\/\/cosmeticstoredz.com\/wp-content\/uploads\/2026\/02\/the-rock-nudes-palette-de-24-fards-a-paupieres-fap03-1.jpg\" \/>\n\t<meta property=\"og:image:width\" content=\"800\" \/>\n\t<meta property=\"og:image:height\" content=\"800\" \/>\n\t<meta property=\"og:image:type\" content=\"image\/jpeg\" \/>\n<meta name=\"twitter:card\" content=\"summary_large_image\" \/>\n<meta name=\"twitter:label1\" content=\"\u0648\u0642\u062a \u0627\u0644\u0642\u0631\u0627\u0621\u0629 \u0627\u0644\u0645\u064f\u0642\u062f\u0651\u0631\" \/>\n\t<meta name=\"twitter:data1\" content=\"\u062f\u0642\u064a\u0642\u0629 \u0648\u0627\u062d\u062f\u0629\" \/>\n<script type=\"application\/ld+json\" class=\"yoast-schema-graph\">{\"@context\":\"https:\\\/\\\/schema.org\",\"@graph\":[{\"@type\":\"WebPage\",\"@id\":\"https:\\\/\\\/cosmeticstoredz.com\\\/produit\\\/maybelline-palette-the-24-karat\\\/\",\"url\":\"https:\\\/\\\/cosmeticstoredz.com\\\/produit\\\/maybelline-palette-the-24-karat\\\/\",\"name\":\"MAYBELLINE PALETTE THE 24 KARAT - Cosmetic Store\",\"isPartOf\":{\"@id\":\"https:\\\/\\\/cosmeticstoredz.com\\\/#website\"},\"primaryImageOfPage\":{\"@id\":\"https:\\\/\\\/cosmeticstoredz.com\\\/produit\\\/maybelline-palette-the-24-karat\\\/#primaryimage\"},\"image\":{\"@id\":\"https:\\\/\\\/cosmeticstoredz.com\\\/produit\\\/maybelline-palette-the-24-karat\\\/#primaryimage\"},\"thumbnailUrl\":\"https:\\\/\\\/cosmeticstoredz.com\\\/wp-content\\\/uploads\\\/2026\\\/02\\\/the-rock-nudes-palette-de-24-fards-a-paupieres-fap03-1.jpg\",\"datePublished\":\"2026-02-16T08:56:04+00:00\",\"dateModified\":\"2026-04-18T19:20:18+00:00\",\"breadcrumb\":{\"@id\":\"https:\\\/\\\/cosmeticstoredz.com\\\/produit\\\/maybelline-palette-the-24-karat\\\/#breadcrumb\"},\"inLanguage\":\"ar\",\"potentialAction\":[{\"@type\":\"ReadAction\",\"target\":[\"https:\\\/\\\/cosmeticstoredz.com\\\/produit\\\/maybelline-palette-the-24-karat\\\/\"]}]},{\"@type\":\"ImageObject\",\"inLanguage\":\"ar\",\"@id\":\"https:\\\/\\\/cosmeticstoredz.com\\\/produit\\\/maybelline-palette-the-24-karat\\\/#primaryimage\",\"url\":\"https:\\\/\\\/cosmeticstoredz.com\\\/wp-content\\\/uploads\\\/2026\\\/02\\\/the-rock-nudes-palette-de-24-fards-a-paupieres-fap03-1.jpg\",\"contentUrl\":\"https:\\\/\\\/cosmeticstoredz.com\\\/wp-content\\\/uploads\\\/2026\\\/02\\\/the-rock-nudes-palette-de-24-fards-a-paupieres-fap03-1.jpg\",\"width\":800,\"height\":800},{\"@type\":\"BreadcrumbList\",\"@id\":\"https:\\\/\\\/cosmeticstoredz.com\\\/produit\\\/maybelline-palette-the-24-karat\\\/#breadcrumb\",\"itemListElement\":[{\"@type\":\"ListItem\",\"position\":1,\"name\":\"Accueil\",\"item\":\"https:\\\/\\\/cosmeticstoredz.com\\\/\"},{\"@type\":\"ListItem\",\"position\":2,\"name\":\"Boutique\",\"item\":\"https:\\\/\\\/cosmeticstoredz.com\\\/boutique\\\/\"},{\"@type\":\"ListItem\",\"position\":3,\"name\":\"MAYBELLINE PALETTE THE 24 KARAT\"}]},{\"@type\":\"WebSite\",\"@id\":\"https:\\\/\\\/cosmeticstoredz.com\\\/#website\",\"url\":\"https:\\\/\\\/cosmeticstoredz.com\\\/\",\"name\":\"Cosmetic Store\",\"description\":\"\",\"publisher\":{\"@id\":\"https:\\\/\\\/cosmeticstoredz.com\\\/#organization\"},\"potentialAction\":[{\"@type\":\"SearchAction\",\"target\":{\"@type\":\"EntryPoint\",\"urlTemplate\":\"https:\\\/\\\/cosmeticstoredz.com\\\/?s={search_term_string}\"},\"query-input\":{\"@type\":\"PropertyValueSpecification\",\"valueRequired\":true,\"valueName\":\"search_term_string\"}}],\"inLanguage\":\"ar\"},{\"@type\":\"Organization\",\"@id\":\"https:\\\/\\\/cosmeticstoredz.com\\\/#organization\",\"name\":\"Cosmetic Store\",\"url\":\"https:\\\/\\\/cosmeticstoredz.com\\\/\",\"logo\":{\"@type\":\"ImageObject\",\"inLanguage\":\"ar\",\"@id\":\"https:\\\/\\\/cosmeticstoredz.com\\\/#\\\/schema\\\/logo\\\/image\\\/\",\"url\":\"https:\\\/\\\/cosmeticstoredz.com\\\/wp-content\\\/uploads\\\/2026\\\/02\\\/cropped-LOGO_CS-512x512-1-1-e1771275285345.webp\",\"contentUrl\":\"https:\\\/\\\/cosmeticstoredz.com\\\/wp-content\\\/uploads\\\/2026\\\/02\\\/cropped-LOGO_CS-512x512-1-1-e1771275285345.webp\",\"width\":265,\"height\":319,\"caption\":\"Cosmetic Store\"},\"image\":{\"@id\":\"https:\\\/\\\/cosmeticstoredz.com\\\/#\\\/schema\\\/logo\\\/image\\\/\"},\"sameAs\":[\"https:\\\/\\\/www.facebook.com\\\/profile.php?id=61564954260683\",\"https:\\\/\\\/www.instagram.com\\\/cosmetic.storedz\\\/\"]}]}<\/script>\n<!-- \/ Yoast SEO plugin. -->","yoast_head_json":{"title":"MAYBELLINE PALETTE THE 24 KARAT - Cosmetic Store","robots":{"index":"index","follow":"follow","max-snippet":"max-snippet:-1","max-image-preview":"max-image-preview:large","max-video-preview":"max-video-preview:-1"},"canonical":"https:\/\/cosmeticstoredz.com\/ar\/product\/maybelline-palette-the-24-karat\/","og_locale":"ar_AR","og_type":"article","og_title":"MAYBELLINE PALETTE THE 24 KARAT - Cosmetic Store","og_description":"Alliez, mixez, m\u00e9langez les teintes pour cr\u00e9er diff\u00e9rents looks nudes au gr\u00e9 de vos envies. 12 teintes de fards \u00e0 paupi\u00e8res nudes et smoky aux reflets envo\u00fbtants. Permet de r\u00e9aliser toutes sortes de looks nudes. Applicateur ultra-facile pour d\u00e9grader et fondre les teintes entre elles.","og_url":"https:\/\/cosmeticstoredz.com\/ar\/product\/maybelline-palette-the-24-karat\/","og_site_name":"Cosmetic Store","article_publisher":"https:\/\/www.facebook.com\/profile.php?id=61564954260683","article_modified_time":"2026-04-18T19:20:18+00:00","og_image":[{"width":800,"height":800,"url":"https:\/\/cosmeticstoredz.com\/wp-content\/uploads\/2026\/02\/the-rock-nudes-palette-de-24-fards-a-paupieres-fap03-1.jpg","type":"image\/jpeg"}],"twitter_card":"summary_large_image","twitter_misc":{"\u0648\u0642\u062a \u0627\u0644\u0642\u0631\u0627\u0621\u0629 \u0627\u0644\u0645\u064f\u0642\u062f\u0651\u0631":"\u062f\u0642\u064a\u0642\u0629 \u0648\u0627\u062d\u062f\u0629"},"schema":{"@context":"https:\/\/schema.org","@graph":[{"@type":"WebPage","@id":"https:\/\/cosmeticstoredz.com\/produit\/maybelline-palette-the-24-karat\/","url":"https:\/\/cosmeticstoredz.com\/produit\/maybelline-palette-the-24-karat\/","name":"MAYBELLINE PALETTE THE 24 KARAT - Cosmetic Store","isPartOf":{"@id":"https:\/\/cosmeticstoredz.com\/#website"},"primaryImageOfPage":{"@id":"https:\/\/cosmeticstoredz.com\/produit\/maybelline-palette-the-24-karat\/#primaryimage"},"image":{"@id":"https:\/\/cosmeticstoredz.com\/produit\/maybelline-palette-the-24-karat\/#primaryimage"},"thumbnailUrl":"https:\/\/cosmeticstoredz.com\/wp-content\/uploads\/2026\/02\/the-rock-nudes-palette-de-24-fards-a-paupieres-fap03-1.jpg","datePublished":"2026-02-16T08:56:04+00:00","dateModified":"2026-04-18T19:20:18+00:00","breadcrumb":{"@id":"https:\/\/cosmeticstoredz.com\/produit\/maybelline-palette-the-24-karat\/#breadcrumb"},"inLanguage":"ar","potentialAction":[{"@type":"ReadAction","target":["https:\/\/cosmeticstoredz.com\/produit\/maybelline-palette-the-24-karat\/"]}]},{"@type":"ImageObject","inLanguage":"ar","@id":"https:\/\/cosmeticstoredz.com\/produit\/maybelline-palette-the-24-karat\/#primaryimage","url":"https:\/\/cosmeticstoredz.com\/wp-content\/uploads\/2026\/02\/the-rock-nudes-palette-de-24-fards-a-paupieres-fap03-1.jpg","contentUrl":"https:\/\/cosmeticstoredz.com\/wp-content\/uploads\/2026\/02\/the-rock-nudes-palette-de-24-fards-a-paupieres-fap03-1.jpg","width":800,"height":800},{"@type":"BreadcrumbList","@id":"https:\/\/cosmeticstoredz.com\/produit\/maybelline-palette-the-24-karat\/#breadcrumb","itemListElement":[{"@type":"ListItem","position":1,"name":"Accueil","item":"https:\/\/cosmeticstoredz.com\/"},{"@type":"ListItem","position":2,"name":"Boutique","item":"https:\/\/cosmeticstoredz.com\/boutique\/"},{"@type":"ListItem","position":3,"name":"MAYBELLINE PALETTE THE 24 KARAT"}]},{"@type":"WebSite","@id":"https:\/\/cosmeticstoredz.com\/#website","url":"https:\/\/cosmeticstoredz.com\/","name":"Cosmetic Store","description":"","publisher":{"@id":"https:\/\/cosmeticstoredz.com\/#organization"},"potentialAction":[{"@type":"SearchAction","target":{"@type":"EntryPoint","urlTemplate":"https:\/\/cosmeticstoredz.com\/?s={search_term_string}"},"query-input":{"@type":"PropertyValueSpecification","valueRequired":true,"valueName":"search_term_string"}}],"inLanguage":"ar"},{"@type":"Organization","@id":"https:\/\/cosmeticstoredz.com\/#organization","name":"Cosmetic Store","url":"https:\/\/cosmeticstoredz.com\/","logo":{"@type":"ImageObject","inLanguage":"ar","@id":"https:\/\/cosmeticstoredz.com\/#\/schema\/logo\/image\/","url":"https:\/\/cosmeticstoredz.com\/wp-content\/uploads\/2026\/02\/cropped-LOGO_CS-512x512-1-1-e1771275285345.webp","contentUrl":"https:\/\/cosmeticstoredz.com\/wp-content\/uploads\/2026\/02\/cropped-LOGO_CS-512x512-1-1-e1771275285345.webp","width":265,"height":319,"caption":"Cosmetic Store"},"image":{"@id":"https:\/\/cosmeticstoredz.com\/#\/schema\/logo\/image\/"},"sameAs":["https:\/\/www.facebook.com\/profile.php?id=61564954260683","https:\/\/www.instagram.com\/cosmetic.storedz\/"]}]}},"_links":{"self":[{"href":"https:\/\/cosmeticstoredz.com\/ar\/wp-json\/wp\/v2\/product\/2364","targetHints":{"allow":["GET"]}}],"collection":[{"href":"https:\/\/cosmeticstoredz.com\/ar\/wp-json\/wp\/v2\/product"}],"about":[{"href":"https:\/\/cosmeticstoredz.com\/ar\/wp-json\/wp\/v2\/types\/product"}],"replies":[{"embeddable":true,"href":"https:\/\/cosmeticstoredz.com\/ar\/wp-json\/wp\/v2\/comments?post=2364"}],"version-history":[{"count":1,"href":"https:\/\/cosmeticstoredz.com\/ar\/wp-json\/wp\/v2\/product\/2364\/revisions"}],"predecessor-version":[{"id":2421,"href":"https:\/\/cosmeticstoredz.com\/ar\/wp-json\/wp\/v2\/product\/2364\/revisions\/2421"}],"wp:featuredmedia":[{"embeddable":true,"href":"https:\/\/cosmeticstoredz.com\/ar\/wp-json\/wp\/v2\/media\/2420"}],"wp:attachment":[{"href":"https:\/\/cosmeticstoredz.com\/ar\/wp-json\/wp\/v2\/media?parent=2364"}],"wp:term":[{"taxonomy":"product_brand","embeddable":true,"href":"https:\/\/cosmeticstoredz.com\/ar\/wp-json\/wp\/v2\/product_brand?post=2364"},{"taxonomy":"product_cat","embeddable":true,"href":"https:\/\/cosmeticstoredz.com\/ar\/wp-json\/wp\/v2\/product_cat?post=2364"},{"taxonomy":"product_tag","embeddable":true,"href":"https:\/\/cosmeticstoredz.com\/ar\/wp-json\/wp\/v2\/product_tag?post=2364"}],"curies":[{"name":"wp","href":"https:\/\/api.w.org\/{rel}","templated":true}]}}