{"id":2363,"date":"2026-02-16T08:56:04","date_gmt":"2026-02-16T08:56:04","guid":{"rendered":"https:\/\/test.fitnessworldgym27.com\/?post_type=product&#038;p=2363"},"modified":"2026-03-28T09:40:34","modified_gmt":"2026-03-28T09:40:34","slug":"maybelline-master-sculpt-n2-medium","status":"publish","type":"product","link":"https:\/\/cosmeticstoredz.com\/ar\/product\/maybelline-master-sculpt-n2-medium\/","title":{"rendered":"MAYBELLINE MASTER SCULPT N\u00b02 MEDIUM"},"content":{"rendered":"<p>Ce duo poudre contouring permet de redessiner les contours du visage.<br \/>\nGr\u00e2ce \u00e0 un jeu d&rsquo;ombres et de lumi\u00e8res, on peut ainsi visuellement affiner son nez, creuser ses joues, adoucir ses contours anguleux, agrandir son regard\u2026<br \/>\nUn pack ultra-pratique, avec pinceau et miroir int\u00e9gr\u00e9s.<\/p>\n<p><strong>Conseils d&rsquo;utilisation<\/strong><\/p>\n<p>Appliquez la poudre claire sur les zones \u00e0 illuminer (les pommettes, le front et l&rsquo;ar\u00eate du nez) et la poudre fonc\u00e9e sur les volumes \u00e0 affiner (le creux des joues, les ailes du nez et le haut du front). Il suffit ensuite de fondre les poudres, pour un rendu naturel.<\/p>","protected":false},"excerpt":{"rendered":"<p>Ce duo poudre contouring permet de redessiner les contours du visage.<br \/>\nGr\u00e2ce \u00e0 un jeu d&rsquo;ombres et de lumi\u00e8res, on peut ainsi visuellement affiner son nez, creuser ses joues, adoucir ses contours anguleux, agrandir son regard\u2026<br \/>\nUn pack ultra-pratique, avec pinceau et miroir int\u00e9gr\u00e9s.<\/p>","protected":false},"featured_media":2418,"comment_status":"open","ping_status":"closed","template":"","meta":[],"product_brand":[410],"product_cat":[208,122,230,123],"product_tag":[125],"class_list":{"0":"post-2363","1":"product","2":"type-product","3":"status-publish","4":"has-post-thumbnail","6":"product_brand-maybelline","7":"product_cat-contouring","8":"product_cat-make-up","9":"product_cat-maybelline","10":"product_cat-teint","11":"product_tag-made-in-france","13":"first","14":"outofstock","15":"shipping-taxable","16":"purchasable","17":"product-type-simple"},"_links":{"self":[{"href":"https:\/\/cosmeticstoredz.com\/ar\/wp-json\/wp\/v2\/product\/2363","targetHints":{"allow":["GET"]}}],"collection":[{"href":"https:\/\/cosmeticstoredz.com\/ar\/wp-json\/wp\/v2\/product"}],"about":[{"href":"https:\/\/cosmeticstoredz.com\/ar\/wp-json\/wp\/v2\/types\/product"}],"replies":[{"embeddable":true,"href":"https:\/\/cosmeticstoredz.com\/ar\/wp-json\/wp\/v2\/comments?post=2363"}],"version-history":[{"count":1,"href":"https:\/\/cosmeticstoredz.com\/ar\/wp-json\/wp\/v2\/product\/2363\/revisions"}],"predecessor-version":[{"id":2419,"href":"https:\/\/cosmeticstoredz.com\/ar\/wp-json\/wp\/v2\/product\/2363\/revisions\/2419"}],"wp:featuredmedia":[{"embeddable":true,"href":"https:\/\/cosmeticstoredz.com\/ar\/wp-json\/wp\/v2\/media\/2418"}],"wp:attachment":[{"href":"https:\/\/cosmeticstoredz.com\/ar\/wp-json\/wp\/v2\/media?parent=2363"}],"wp:term":[{"taxonomy":"product_brand","embeddable":true,"href":"https:\/\/cosmeticstoredz.com\/ar\/wp-json\/wp\/v2\/product_brand?post=2363"},{"taxonomy":"product_cat","embeddable":true,"href":"https:\/\/cosmeticstoredz.com\/ar\/wp-json\/wp\/v2\/product_cat?post=2363"},{"taxonomy":"product_tag","embeddable":true,"href":"https:\/\/cosmeticstoredz.com\/ar\/wp-json\/wp\/v2\/product_tag?post=2363"}],"curies":[{"name":"wp","href":"https:\/\/api.w.org\/{rel}","templated":true}]}}