{"id":2360,"date":"2026-02-16T08:56:03","date_gmt":"2026-02-16T08:56:03","guid":{"rendered":"https:\/\/test.fitnessworldgym27.com\/?post_type=product&#038;p=2360"},"modified":"2026-02-16T21:44:40","modified_gmt":"2026-02-16T21:44:40","slug":"maybelline-master-drama-khol-couture-green","status":"publish","type":"product","link":"https:\/\/cosmeticstoredz.com\/ar\/product\/maybelline-master-drama-khol-couture-green\/","title":{"rendered":"MAYBELLINE MASTER DRAMA KHOL COUTURE GREEN"},"content":{"rendered":"<p><strong>L&rsquo;eyeliner Maybelline New York Master Drama Khol<\/strong> est la cl\u00e9 d&rsquo;un regard magnifique.\u00a0Il est formul\u00e9 \u00e0 partir de pigments purs qui donnent \u00e0 vos yeux un regard intense qui ne manque jamais d&rsquo;impressionner.\u00a0Cet eye-liner Maybelline New York pr\u00e9sente une formule sans huile parfaite pour les yeux sensibles.\u00a0De plus, il est test\u00e9 ophtalmologiquement pour une utilisation s\u00fbre.\u00a0Cet eye-liner peut \u00e9galement \u00eatre utilis\u00e9 avec des lentilles de contact.\u00a0Gr\u00e2ce \u00e0 sa r\u00e9sistance aux taches et \u00e0 son imperm\u00e9able, ce Master Drama est parfait pour r\u00e9sister \u00e0 votre style de vie actif.\u00a0Vous pouvez donc le porter toute la journ\u00e9e sans aucun souci.\u00a0De plus, vous pouvez appliquer cet eye-liner en douceur.\u00a0Disponible dans une teinte bleu oc\u00e9an, cet eye-liner Master Drama peut \u00eatre utilis\u00e9 pour diverses occasions.<\/p>","protected":false},"excerpt":{"rendered":"<p><strong>L&rsquo;eyeliner Maybelline New York Master Drama Khol<\/strong> est la cl\u00e9 d&rsquo;un regard magnifique.\u00a0Il est formul\u00e9 \u00e0 partir de pigments purs qui donnent \u00e0 vos yeux un regard intense qui ne manque jamais d&rsquo;impressionner.<\/p>","protected":false},"featured_media":2413,"comment_status":"closed","ping_status":"closed","template":"","meta":[],"product_brand":[410],"product_cat":[127,122,230,126],"product_tag":[125],"class_list":{"0":"post-2360","1":"product","2":"type-product","3":"status-publish","4":"has-post-thumbnail","6":"product_brand-maybelline","7":"product_cat-crayong-yeux-et-khol","8":"product_cat-make-up","9":"product_cat-maybelline","10":"product_cat-yeux","11":"product_tag-made-in-france","13":"first","14":"instock","15":"shipping-taxable","16":"purchasable","17":"product-type-simple"},"_links":{"self":[{"href":"https:\/\/cosmeticstoredz.com\/ar\/wp-json\/wp\/v2\/product\/2360","targetHints":{"allow":["GET"]}}],"collection":[{"href":"https:\/\/cosmeticstoredz.com\/ar\/wp-json\/wp\/v2\/product"}],"about":[{"href":"https:\/\/cosmeticstoredz.com\/ar\/wp-json\/wp\/v2\/types\/product"}],"replies":[{"embeddable":true,"href":"https:\/\/cosmeticstoredz.com\/ar\/wp-json\/wp\/v2\/comments?post=2360"}],"version-history":[{"count":1,"href":"https:\/\/cosmeticstoredz.com\/ar\/wp-json\/wp\/v2\/product\/2360\/revisions"}],"predecessor-version":[{"id":2414,"href":"https:\/\/cosmeticstoredz.com\/ar\/wp-json\/wp\/v2\/product\/2360\/revisions\/2414"}],"wp:featuredmedia":[{"embeddable":true,"href":"https:\/\/cosmeticstoredz.com\/ar\/wp-json\/wp\/v2\/media\/2413"}],"wp:attachment":[{"href":"https:\/\/cosmeticstoredz.com\/ar\/wp-json\/wp\/v2\/media?parent=2360"}],"wp:term":[{"taxonomy":"product_brand","embeddable":true,"href":"https:\/\/cosmeticstoredz.com\/ar\/wp-json\/wp\/v2\/product_brand?post=2360"},{"taxonomy":"product_cat","embeddable":true,"href":"https:\/\/cosmeticstoredz.com\/ar\/wp-json\/wp\/v2\/product_cat?post=2360"},{"taxonomy":"product_tag","embeddable":true,"href":"https:\/\/cosmeticstoredz.com\/ar\/wp-json\/wp\/v2\/product_tag?post=2360"}],"curies":[{"name":"wp","href":"https:\/\/api.w.org\/{rel}","templated":true}]}}