{"id":2328,"date":"2026-02-16T08:55:43","date_gmt":"2026-02-16T08:55:43","guid":{"rendered":"https:\/\/test.fitnessworldgym27.com\/?post_type=product&#038;p=2328"},"modified":"2026-03-30T19:24:06","modified_gmt":"2026-03-30T19:24:06","slug":"maybelline-mascara-total-temtation-noir-nu","status":"publish","type":"product","link":"https:\/\/cosmeticstoredz.com\/ar\/product\/maybelline-mascara-total-temtation-noir-nu\/","title":{"rendered":"MAYBELLINE MASCARA TOTAL TEMTATION NOIR NU"},"content":{"rendered":"<p>C\u00e9dez \u00e0 la tentation totale des cils !\u00a0Nouveau mascara <strong>Total Temptation de Maybelline<\/strong> New York.\u00a0Pour une longueur et un volume ultimes\u00a0!\u00a0Avec une formule fouett\u00e9e cr\u00e9meuse enrichie en noix de coco pour des cils plus doux, plus conditionn\u00e9s et nourris.\u00a0Longueur et volume ultimes avec une formule fouett\u00e9e cr\u00e9meuse pour que les cils soient doux et conditionn\u00e9s, uniquement de Maybelline New York, se marie bien avec la palette Total Temptation, balayez lentement la brosse \u00e0 glissement facile de la racine aux pointes, ne laissez pas le mascara s\u00e9cher entre les couches.<\/p>","protected":false},"excerpt":{"rendered":"<p>Le mascara<strong> Maybelline Total Temptation<\/strong> rend vos cils plus doux et plus \u00e9pais en une seule couche. Plongez dans une exp\u00e9rience sensorielle unique gr\u00e2ce \u00e0 la texture et au d\u00e9licieux parfum de noix de coco du mascara. Le mascara Total Temptation peut \u00eatre construit selon le volume et le r\u00e9sultat souhait\u00e9s. Le mascara garde \u00e9galement les cils doux et assure des cils moelleux ultimes.C\u00e9dez \u00e0 la tentation totale des cils !\u00a0Nouveau mascara Total Temptation de Maybelline New York.\u00a0Pour une longueur et un volume ultimes\u00a0!\u00a0Avec une formule fouett\u00e9e cr\u00e9meuse enrichie en noix de coco pour des cils plus doux, plus conditionn\u00e9s et nourris.\u00a0Longueur et volume ultimes avec une formule fouett\u00e9e cr\u00e9meuse pour que les cils soient doux et conditionn\u00e9s, uniquement de Maybelline New York, se marie bien avec la palette Total Temptation, balayez lentement la brosse \u00e0 glissement facile de la racine aux pointes, ne laissez pas le mascara s\u00e9cher entre les couches.<\/p>","protected":false},"featured_media":2409,"comment_status":"open","ping_status":"closed","template":"","meta":[],"product_brand":[410],"product_cat":[122,186,230,126],"product_tag":[125],"class_list":{"0":"post-2328","1":"product","2":"type-product","3":"status-publish","4":"has-post-thumbnail","6":"product_brand-maybelline","7":"product_cat-make-up","8":"product_cat-mascara","9":"product_cat-maybelline","10":"product_cat-yeux","11":"product_tag-made-in-france","13":"first","14":"instock","15":"sale","16":"shipping-taxable","17":"purchasable","18":"product-type-simple"},"yoast_head":"<!-- This site is optimized with the Yoast SEO plugin v27.3 - https:\/\/yoast.com\/product\/yoast-seo-wordpress\/ -->\n<title>MAYBELLINE MASCARA TOTAL TEMTATION NOIR NU - Cosmetic Store<\/title>\n<meta name=\"robots\" content=\"index, follow, max-snippet:-1, max-image-preview:large, max-video-preview:-1\" \/>\n<link rel=\"canonical\" href=\"https:\/\/cosmeticstoredz.com\/ar\/product\/maybelline-mascara-total-temtation-noir-nu\/\" \/>\n<meta property=\"og:locale\" content=\"ar_AR\" \/>\n<meta property=\"og:type\" content=\"article\" \/>\n<meta property=\"og:title\" content=\"MAYBELLINE MASCARA TOTAL TEMTATION NOIR NU - Cosmetic Store\" \/>\n<meta property=\"og:description\" content=\"Le mascara Maybelline Total Temptation rend vos cils plus doux et plus \u00e9pais en une seule couche. Plongez dans une exp\u00e9rience sensorielle unique gr\u00e2ce \u00e0 la texture et au d\u00e9licieux parfum de noix de coco du mascara. Le mascara Total Temptation peut \u00eatre construit selon le volume et le r\u00e9sultat souhait\u00e9s. Le mascara garde \u00e9galement les cils doux et assure des cils moelleux ultimes.C\u00e9dez \u00e0 la tentation totale des cils !\u00a0Nouveau mascara Total Temptation de Maybelline New York.\u00a0Pour une longueur et un volume ultimes\u00a0!\u00a0Avec une formule fouett\u00e9e cr\u00e9meuse enrichie en noix de coco pour des cils plus doux, plus conditionn\u00e9s et nourris.\u00a0Longueur et volume ultimes avec une formule fouett\u00e9e cr\u00e9meuse pour que les cils soient doux et conditionn\u00e9s, uniquement de Maybelline New York, se marie bien avec la palette Total Temptation, balayez lentement la brosse \u00e0 glissement facile de la racine aux pointes, ne laissez pas le mascara s\u00e9cher entre les couches.\" \/>\n<meta property=\"og:url\" content=\"https:\/\/cosmeticstoredz.com\/ar\/product\/maybelline-mascara-total-temtation-noir-nu\/\" \/>\n<meta property=\"og:site_name\" content=\"Cosmetic Store\" \/>\n<meta property=\"article:publisher\" content=\"https:\/\/www.facebook.com\/profile.php?id=61564954260683\" \/>\n<meta property=\"article:modified_time\" content=\"2026-03-30T19:24:06+00:00\" \/>\n<meta property=\"og:image\" content=\"https:\/\/cosmeticstoredz.com\/wp-content\/uploads\/2026\/02\/CC-3.png\" \/>\n\t<meta property=\"og:image:width\" content=\"1563\" \/>\n\t<meta property=\"og:image:height\" content=\"1563\" \/>\n\t<meta property=\"og:image:type\" content=\"image\/png\" \/>\n<meta name=\"twitter:card\" content=\"summary_large_image\" \/>\n<script type=\"application\/ld+json\" class=\"yoast-schema-graph\">{\"@context\":\"https:\\\/\\\/schema.org\",\"@graph\":[{\"@type\":\"WebPage\",\"@id\":\"https:\\\/\\\/cosmeticstoredz.com\\\/produit\\\/maybelline-mascara-total-temtation-noir-nu\\\/\",\"url\":\"https:\\\/\\\/cosmeticstoredz.com\\\/produit\\\/maybelline-mascara-total-temtation-noir-nu\\\/\",\"name\":\"MAYBELLINE MASCARA TOTAL TEMTATION NOIR NU - Cosmetic Store\",\"isPartOf\":{\"@id\":\"https:\\\/\\\/cosmeticstoredz.com\\\/#website\"},\"primaryImageOfPage\":{\"@id\":\"https:\\\/\\\/cosmeticstoredz.com\\\/produit\\\/maybelline-mascara-total-temtation-noir-nu\\\/#primaryimage\"},\"image\":{\"@id\":\"https:\\\/\\\/cosmeticstoredz.com\\\/produit\\\/maybelline-mascara-total-temtation-noir-nu\\\/#primaryimage\"},\"thumbnailUrl\":\"https:\\\/\\\/cosmeticstoredz.com\\\/wp-content\\\/uploads\\\/2026\\\/02\\\/CC-3.png\",\"datePublished\":\"2026-02-16T08:55:43+00:00\",\"dateModified\":\"2026-03-30T19:24:06+00:00\",\"breadcrumb\":{\"@id\":\"https:\\\/\\\/cosmeticstoredz.com\\\/produit\\\/maybelline-mascara-total-temtation-noir-nu\\\/#breadcrumb\"},\"inLanguage\":\"ar\",\"potentialAction\":[{\"@type\":\"ReadAction\",\"target\":[\"https:\\\/\\\/cosmeticstoredz.com\\\/produit\\\/maybelline-mascara-total-temtation-noir-nu\\\/\"]}]},{\"@type\":\"ImageObject\",\"inLanguage\":\"ar\",\"@id\":\"https:\\\/\\\/cosmeticstoredz.com\\\/produit\\\/maybelline-mascara-total-temtation-noir-nu\\\/#primaryimage\",\"url\":\"https:\\\/\\\/cosmeticstoredz.com\\\/wp-content\\\/uploads\\\/2026\\\/02\\\/CC-3.png\",\"contentUrl\":\"https:\\\/\\\/cosmeticstoredz.com\\\/wp-content\\\/uploads\\\/2026\\\/02\\\/CC-3.png\",\"width\":1563,\"height\":1563},{\"@type\":\"BreadcrumbList\",\"@id\":\"https:\\\/\\\/cosmeticstoredz.com\\\/produit\\\/maybelline-mascara-total-temtation-noir-nu\\\/#breadcrumb\",\"itemListElement\":[{\"@type\":\"ListItem\",\"position\":1,\"name\":\"Accueil\",\"item\":\"https:\\\/\\\/cosmeticstoredz.com\\\/\"},{\"@type\":\"ListItem\",\"position\":2,\"name\":\"Boutique\",\"item\":\"https:\\\/\\\/cosmeticstoredz.com\\\/boutique\\\/\"},{\"@type\":\"ListItem\",\"position\":3,\"name\":\"MAYBELLINE MASCARA TOTAL TEMTATION NOIR NU\"}]},{\"@type\":\"WebSite\",\"@id\":\"https:\\\/\\\/cosmeticstoredz.com\\\/#website\",\"url\":\"https:\\\/\\\/cosmeticstoredz.com\\\/\",\"name\":\"Cosmetic Store\",\"description\":\"\",\"publisher\":{\"@id\":\"https:\\\/\\\/cosmeticstoredz.com\\\/#organization\"},\"potentialAction\":[{\"@type\":\"SearchAction\",\"target\":{\"@type\":\"EntryPoint\",\"urlTemplate\":\"https:\\\/\\\/cosmeticstoredz.com\\\/?s={search_term_string}\"},\"query-input\":{\"@type\":\"PropertyValueSpecification\",\"valueRequired\":true,\"valueName\":\"search_term_string\"}}],\"inLanguage\":\"ar\"},{\"@type\":\"Organization\",\"@id\":\"https:\\\/\\\/cosmeticstoredz.com\\\/#organization\",\"name\":\"Cosmetic Store\",\"url\":\"https:\\\/\\\/cosmeticstoredz.com\\\/\",\"logo\":{\"@type\":\"ImageObject\",\"inLanguage\":\"ar\",\"@id\":\"https:\\\/\\\/cosmeticstoredz.com\\\/#\\\/schema\\\/logo\\\/image\\\/\",\"url\":\"https:\\\/\\\/cosmeticstoredz.com\\\/wp-content\\\/uploads\\\/2026\\\/02\\\/cropped-LOGO_CS-512x512-1-1-e1771275285345.webp\",\"contentUrl\":\"https:\\\/\\\/cosmeticstoredz.com\\\/wp-content\\\/uploads\\\/2026\\\/02\\\/cropped-LOGO_CS-512x512-1-1-e1771275285345.webp\",\"width\":265,\"height\":319,\"caption\":\"Cosmetic Store\"},\"image\":{\"@id\":\"https:\\\/\\\/cosmeticstoredz.com\\\/#\\\/schema\\\/logo\\\/image\\\/\"},\"sameAs\":[\"https:\\\/\\\/www.facebook.com\\\/profile.php?id=61564954260683\",\"https:\\\/\\\/www.instagram.com\\\/cosmetic.storedz\\\/\"]}]}<\/script>\n<!-- \/ Yoast SEO plugin. -->","yoast_head_json":{"title":"MAYBELLINE MASCARA TOTAL TEMTATION NOIR NU - Cosmetic Store","robots":{"index":"index","follow":"follow","max-snippet":"max-snippet:-1","max-image-preview":"max-image-preview:large","max-video-preview":"max-video-preview:-1"},"canonical":"https:\/\/cosmeticstoredz.com\/ar\/product\/maybelline-mascara-total-temtation-noir-nu\/","og_locale":"ar_AR","og_type":"article","og_title":"MAYBELLINE MASCARA TOTAL TEMTATION NOIR NU - Cosmetic Store","og_description":"Le mascara Maybelline Total Temptation rend vos cils plus doux et plus \u00e9pais en une seule couche. Plongez dans une exp\u00e9rience sensorielle unique gr\u00e2ce \u00e0 la texture et au d\u00e9licieux parfum de noix de coco du mascara. Le mascara Total Temptation peut \u00eatre construit selon le volume et le r\u00e9sultat souhait\u00e9s. Le mascara garde \u00e9galement les cils doux et assure des cils moelleux ultimes.C\u00e9dez \u00e0 la tentation totale des cils !\u00a0Nouveau mascara Total Temptation de Maybelline New York.\u00a0Pour une longueur et un volume ultimes\u00a0!\u00a0Avec une formule fouett\u00e9e cr\u00e9meuse enrichie en noix de coco pour des cils plus doux, plus conditionn\u00e9s et nourris.\u00a0Longueur et volume ultimes avec une formule fouett\u00e9e cr\u00e9meuse pour que les cils soient doux et conditionn\u00e9s, uniquement de Maybelline New York, se marie bien avec la palette Total Temptation, balayez lentement la brosse \u00e0 glissement facile de la racine aux pointes, ne laissez pas le mascara s\u00e9cher entre les couches.","og_url":"https:\/\/cosmeticstoredz.com\/ar\/product\/maybelline-mascara-total-temtation-noir-nu\/","og_site_name":"Cosmetic Store","article_publisher":"https:\/\/www.facebook.com\/profile.php?id=61564954260683","article_modified_time":"2026-03-30T19:24:06+00:00","og_image":[{"width":1563,"height":1563,"url":"https:\/\/cosmeticstoredz.com\/wp-content\/uploads\/2026\/02\/CC-3.png","type":"image\/png"}],"twitter_card":"summary_large_image","schema":{"@context":"https:\/\/schema.org","@graph":[{"@type":"WebPage","@id":"https:\/\/cosmeticstoredz.com\/produit\/maybelline-mascara-total-temtation-noir-nu\/","url":"https:\/\/cosmeticstoredz.com\/produit\/maybelline-mascara-total-temtation-noir-nu\/","name":"MAYBELLINE MASCARA TOTAL TEMTATION NOIR NU - Cosmetic Store","isPartOf":{"@id":"https:\/\/cosmeticstoredz.com\/#website"},"primaryImageOfPage":{"@id":"https:\/\/cosmeticstoredz.com\/produit\/maybelline-mascara-total-temtation-noir-nu\/#primaryimage"},"image":{"@id":"https:\/\/cosmeticstoredz.com\/produit\/maybelline-mascara-total-temtation-noir-nu\/#primaryimage"},"thumbnailUrl":"https:\/\/cosmeticstoredz.com\/wp-content\/uploads\/2026\/02\/CC-3.png","datePublished":"2026-02-16T08:55:43+00:00","dateModified":"2026-03-30T19:24:06+00:00","breadcrumb":{"@id":"https:\/\/cosmeticstoredz.com\/produit\/maybelline-mascara-total-temtation-noir-nu\/#breadcrumb"},"inLanguage":"ar","potentialAction":[{"@type":"ReadAction","target":["https:\/\/cosmeticstoredz.com\/produit\/maybelline-mascara-total-temtation-noir-nu\/"]}]},{"@type":"ImageObject","inLanguage":"ar","@id":"https:\/\/cosmeticstoredz.com\/produit\/maybelline-mascara-total-temtation-noir-nu\/#primaryimage","url":"https:\/\/cosmeticstoredz.com\/wp-content\/uploads\/2026\/02\/CC-3.png","contentUrl":"https:\/\/cosmeticstoredz.com\/wp-content\/uploads\/2026\/02\/CC-3.png","width":1563,"height":1563},{"@type":"BreadcrumbList","@id":"https:\/\/cosmeticstoredz.com\/produit\/maybelline-mascara-total-temtation-noir-nu\/#breadcrumb","itemListElement":[{"@type":"ListItem","position":1,"name":"Accueil","item":"https:\/\/cosmeticstoredz.com\/"},{"@type":"ListItem","position":2,"name":"Boutique","item":"https:\/\/cosmeticstoredz.com\/boutique\/"},{"@type":"ListItem","position":3,"name":"MAYBELLINE MASCARA TOTAL TEMTATION NOIR NU"}]},{"@type":"WebSite","@id":"https:\/\/cosmeticstoredz.com\/#website","url":"https:\/\/cosmeticstoredz.com\/","name":"Cosmetic Store","description":"","publisher":{"@id":"https:\/\/cosmeticstoredz.com\/#organization"},"potentialAction":[{"@type":"SearchAction","target":{"@type":"EntryPoint","urlTemplate":"https:\/\/cosmeticstoredz.com\/?s={search_term_string}"},"query-input":{"@type":"PropertyValueSpecification","valueRequired":true,"valueName":"search_term_string"}}],"inLanguage":"ar"},{"@type":"Organization","@id":"https:\/\/cosmeticstoredz.com\/#organization","name":"Cosmetic Store","url":"https:\/\/cosmeticstoredz.com\/","logo":{"@type":"ImageObject","inLanguage":"ar","@id":"https:\/\/cosmeticstoredz.com\/#\/schema\/logo\/image\/","url":"https:\/\/cosmeticstoredz.com\/wp-content\/uploads\/2026\/02\/cropped-LOGO_CS-512x512-1-1-e1771275285345.webp","contentUrl":"https:\/\/cosmeticstoredz.com\/wp-content\/uploads\/2026\/02\/cropped-LOGO_CS-512x512-1-1-e1771275285345.webp","width":265,"height":319,"caption":"Cosmetic Store"},"image":{"@id":"https:\/\/cosmeticstoredz.com\/#\/schema\/logo\/image\/"},"sameAs":["https:\/\/www.facebook.com\/profile.php?id=61564954260683","https:\/\/www.instagram.com\/cosmetic.storedz\/"]}]}},"_links":{"self":[{"href":"https:\/\/cosmeticstoredz.com\/ar\/wp-json\/wp\/v2\/product\/2328","targetHints":{"allow":["GET"]}}],"collection":[{"href":"https:\/\/cosmeticstoredz.com\/ar\/wp-json\/wp\/v2\/product"}],"about":[{"href":"https:\/\/cosmeticstoredz.com\/ar\/wp-json\/wp\/v2\/types\/product"}],"replies":[{"embeddable":true,"href":"https:\/\/cosmeticstoredz.com\/ar\/wp-json\/wp\/v2\/comments?post=2328"}],"version-history":[{"count":1,"href":"https:\/\/cosmeticstoredz.com\/ar\/wp-json\/wp\/v2\/product\/2328\/revisions"}],"predecessor-version":[{"id":2410,"href":"https:\/\/cosmeticstoredz.com\/ar\/wp-json\/wp\/v2\/product\/2328\/revisions\/2410"}],"wp:featuredmedia":[{"embeddable":true,"href":"https:\/\/cosmeticstoredz.com\/ar\/wp-json\/wp\/v2\/media\/2409"}],"wp:attachment":[{"href":"https:\/\/cosmeticstoredz.com\/ar\/wp-json\/wp\/v2\/media?parent=2328"}],"wp:term":[{"taxonomy":"product_brand","embeddable":true,"href":"https:\/\/cosmeticstoredz.com\/ar\/wp-json\/wp\/v2\/product_brand?post=2328"},{"taxonomy":"product_cat","embeddable":true,"href":"https:\/\/cosmeticstoredz.com\/ar\/wp-json\/wp\/v2\/product_cat?post=2328"},{"taxonomy":"product_tag","embeddable":true,"href":"https:\/\/cosmeticstoredz.com\/ar\/wp-json\/wp\/v2\/product_tag?post=2328"}],"curies":[{"name":"wp","href":"https:\/\/api.w.org\/{rel}","templated":true}]}}