{"id":2323,"date":"2026-02-16T08:55:43","date_gmt":"2026-02-16T08:55:43","guid":{"rendered":"https:\/\/test.fitnessworldgym27.com\/?post_type=product&#038;p=2323"},"modified":"2026-04-18T19:20:17","modified_gmt":"2026-04-18T19:20:17","slug":"maybelline-mascara-black-perfecto","status":"publish","type":"product","link":"https:\/\/cosmeticstoredz.com\/ar\/product\/maybelline-mascara-black-perfecto\/","title":{"rendered":"MAYBELLINE MASCARA BLACK PERFECTO"},"content":{"rendered":"<p class=\"ql-direction-rtl\">Dorlotez vos yeux avec une \u00e9l\u00e9gance et une beaut\u00e9 in\u00e9gal\u00e9es avec le <strong>mascara noir Maybelline<\/strong>. Ce mascara se distingue par sa formule innovante qui ajoute une longueur, un volume et une d\u00e9finition incroyables \u00e0 vos cils. Obtenez un look attrayant facilement avec les produits Image One.<\/p>\n<p class=\"ql-direction-rtl\">Caract\u00e9ristiques du mascara noir Maybelline :<\/p>\n<ul>\n<li class=\"ql-direction-rtl\">Cils longs et \u00e9pais : le mascara Maybelline cr\u00e9e de beaux cils pleins qui donnent \u00e0 vos yeux un attrait irr\u00e9sistible.<\/li>\n<li class=\"ql-direction-rtl\">Vous obtiendrez des lignes d\u00e9finies avec pr\u00e9cision qui ajoutent des courbes et une beaut\u00e9 extr\u00eame \u00e0 vos yeux.<\/li>\n<li class=\"ql-direction-rtl\">Aspect longue dur\u00e9e : profitez d&rsquo;un look magnifique et audacieux pour vos cils toute la journ\u00e9e, sans avoir \u00e0 les r\u00e9appliquer.<\/li>\n<\/ul>\n<p class=\"ql-direction-rtl\">Avantages du mascara noir Maybelline<\/p>\n<ol>\n<li class=\"ql-direction-rtl\">Attraction instantan\u00e9e : obtenez un look charmant et attrayant en quelques instants avec le mascara Maybelline car il vous donne des cils longs et \u00e9pais qui donnent \u00e0 vos yeux une beaut\u00e9 irr\u00e9sistible.<\/li>\n<li class=\"ql-direction-rtl\">Boucle incroyable\u00a0: Profitez de recourber vos cils avec le mascara Maybelline car vous pouvez l&rsquo;utiliser pour obtenir des cils attrayants et d\u00e9finis avec pr\u00e9cision.<\/li>\n<li class=\"ql-direction-rtl\">Maquillage durable\u00a0: sa formule innovante garantit que le mascara reste en place et conserve longtemps sa belle apparence. Utilisez ce mascara pour vous sentir belle et confiante en toute occasion.<\/li>\n<\/ol>\n<p class=\"ql-direction-rtl\">Faites briller vos yeux d&rsquo;un attrait irr\u00e9sistible avec le mascara noir Maybelline. Il se distingue par sa formule unique et ses caract\u00e9ristiques \u00e9tonnantes. Ce mascara est un choix id\u00e9al pour obtenir des cils longs, \u00e9pais et magnifiquement d\u00e9finis. Brillez avec un look charmant qui attire le regard avec Mascara noir Maybelline<\/p>","protected":false},"excerpt":{"rendered":"<p>Faites briller vos yeux d&rsquo;un attrait irr\u00e9sistible avec le <strong>mascara noir Maybelline<\/strong>. Il se distingue par sa formule unique et ses caract\u00e9ristiques \u00e9tonnantes. Ce mascara est un choix id\u00e9al pour obtenir des cils longs, \u00e9pais et magnifiquement d\u00e9finis. Brillez avec un look charmant qui attire le regard avec Mascara noir Maybelline<\/p>","protected":false},"featured_media":2400,"comment_status":"open","ping_status":"closed","template":"","meta":[],"product_brand":[410],"product_cat":[122,186,230,126],"product_tag":[125],"class_list":{"0":"post-2323","1":"product","2":"type-product","3":"status-publish","4":"has-post-thumbnail","6":"product_brand-maybelline","7":"product_cat-make-up","8":"product_cat-mascara","9":"product_cat-maybelline","10":"product_cat-yeux","11":"product_tag-made-in-france","13":"first","14":"outofstock","15":"shipping-taxable","16":"purchasable","17":"product-type-simple"},"yoast_head":"<!-- This site is optimized with the Yoast SEO plugin v27.3 - https:\/\/yoast.com\/product\/yoast-seo-wordpress\/ -->\n<title>MAYBELLINE MASCARA BLACK PERFECTO - Cosmetic Store<\/title>\n<meta name=\"robots\" content=\"index, follow, max-snippet:-1, max-image-preview:large, max-video-preview:-1\" \/>\n<link rel=\"canonical\" href=\"https:\/\/cosmeticstoredz.com\/ar\/product\/maybelline-mascara-black-perfecto\/\" \/>\n<meta property=\"og:locale\" content=\"ar_AR\" \/>\n<meta property=\"og:type\" content=\"article\" \/>\n<meta property=\"og:title\" content=\"MAYBELLINE MASCARA BLACK PERFECTO - Cosmetic Store\" \/>\n<meta property=\"og:description\" content=\"Faites briller vos yeux d&#039;un attrait irr\u00e9sistible avec le mascara noir Maybelline. Il se distingue par sa formule unique et ses caract\u00e9ristiques \u00e9tonnantes. Ce mascara est un choix id\u00e9al pour obtenir des cils longs, \u00e9pais et magnifiquement d\u00e9finis. Brillez avec un look charmant qui attire le regard avec Mascara noir Maybelline\" \/>\n<meta property=\"og:url\" content=\"https:\/\/cosmeticstoredz.com\/ar\/product\/maybelline-mascara-black-perfecto\/\" \/>\n<meta property=\"og:site_name\" content=\"Cosmetic Store\" \/>\n<meta property=\"article:publisher\" content=\"https:\/\/www.facebook.com\/profile.php?id=61564954260683\" \/>\n<meta property=\"article:modified_time\" content=\"2026-04-18T19:20:17+00:00\" \/>\n<meta property=\"og:image\" content=\"https:\/\/cosmeticstoredz.com\/wp-content\/uploads\/2026\/02\/YYY.png\" \/>\n\t<meta property=\"og:image:width\" content=\"1563\" \/>\n\t<meta property=\"og:image:height\" content=\"1563\" \/>\n\t<meta property=\"og:image:type\" content=\"image\/png\" \/>\n<meta name=\"twitter:card\" content=\"summary_large_image\" \/>\n<meta name=\"twitter:label1\" content=\"\u0648\u0642\u062a \u0627\u0644\u0642\u0631\u0627\u0621\u0629 \u0627\u0644\u0645\u064f\u0642\u062f\u0651\u0631\" \/>\n\t<meta name=\"twitter:data1\" content=\"\u062f\u0642\u064a\u0642\u0629 \u0648\u0627\u062d\u062f\u0629\" \/>\n<script type=\"application\/ld+json\" class=\"yoast-schema-graph\">{\"@context\":\"https:\\\/\\\/schema.org\",\"@graph\":[{\"@type\":\"WebPage\",\"@id\":\"https:\\\/\\\/cosmeticstoredz.com\\\/produit\\\/maybelline-mascara-black-perfecto\\\/\",\"url\":\"https:\\\/\\\/cosmeticstoredz.com\\\/produit\\\/maybelline-mascara-black-perfecto\\\/\",\"name\":\"MAYBELLINE MASCARA BLACK PERFECTO - Cosmetic Store\",\"isPartOf\":{\"@id\":\"https:\\\/\\\/cosmeticstoredz.com\\\/#website\"},\"primaryImageOfPage\":{\"@id\":\"https:\\\/\\\/cosmeticstoredz.com\\\/produit\\\/maybelline-mascara-black-perfecto\\\/#primaryimage\"},\"image\":{\"@id\":\"https:\\\/\\\/cosmeticstoredz.com\\\/produit\\\/maybelline-mascara-black-perfecto\\\/#primaryimage\"},\"thumbnailUrl\":\"https:\\\/\\\/cosmeticstoredz.com\\\/wp-content\\\/uploads\\\/2026\\\/02\\\/YYY.png\",\"datePublished\":\"2026-02-16T08:55:43+00:00\",\"dateModified\":\"2026-04-18T19:20:17+00:00\",\"breadcrumb\":{\"@id\":\"https:\\\/\\\/cosmeticstoredz.com\\\/produit\\\/maybelline-mascara-black-perfecto\\\/#breadcrumb\"},\"inLanguage\":\"ar\",\"potentialAction\":[{\"@type\":\"ReadAction\",\"target\":[\"https:\\\/\\\/cosmeticstoredz.com\\\/produit\\\/maybelline-mascara-black-perfecto\\\/\"]}]},{\"@type\":\"ImageObject\",\"inLanguage\":\"ar\",\"@id\":\"https:\\\/\\\/cosmeticstoredz.com\\\/produit\\\/maybelline-mascara-black-perfecto\\\/#primaryimage\",\"url\":\"https:\\\/\\\/cosmeticstoredz.com\\\/wp-content\\\/uploads\\\/2026\\\/02\\\/YYY.png\",\"contentUrl\":\"https:\\\/\\\/cosmeticstoredz.com\\\/wp-content\\\/uploads\\\/2026\\\/02\\\/YYY.png\",\"width\":1563,\"height\":1563},{\"@type\":\"BreadcrumbList\",\"@id\":\"https:\\\/\\\/cosmeticstoredz.com\\\/produit\\\/maybelline-mascara-black-perfecto\\\/#breadcrumb\",\"itemListElement\":[{\"@type\":\"ListItem\",\"position\":1,\"name\":\"Accueil\",\"item\":\"https:\\\/\\\/cosmeticstoredz.com\\\/\"},{\"@type\":\"ListItem\",\"position\":2,\"name\":\"Boutique\",\"item\":\"https:\\\/\\\/cosmeticstoredz.com\\\/boutique\\\/\"},{\"@type\":\"ListItem\",\"position\":3,\"name\":\"MAYBELLINE MASCARA BLACK PERFECTO\"}]},{\"@type\":\"WebSite\",\"@id\":\"https:\\\/\\\/cosmeticstoredz.com\\\/#website\",\"url\":\"https:\\\/\\\/cosmeticstoredz.com\\\/\",\"name\":\"Cosmetic Store\",\"description\":\"\",\"publisher\":{\"@id\":\"https:\\\/\\\/cosmeticstoredz.com\\\/#organization\"},\"potentialAction\":[{\"@type\":\"SearchAction\",\"target\":{\"@type\":\"EntryPoint\",\"urlTemplate\":\"https:\\\/\\\/cosmeticstoredz.com\\\/?s={search_term_string}\"},\"query-input\":{\"@type\":\"PropertyValueSpecification\",\"valueRequired\":true,\"valueName\":\"search_term_string\"}}],\"inLanguage\":\"ar\"},{\"@type\":\"Organization\",\"@id\":\"https:\\\/\\\/cosmeticstoredz.com\\\/#organization\",\"name\":\"Cosmetic Store\",\"url\":\"https:\\\/\\\/cosmeticstoredz.com\\\/\",\"logo\":{\"@type\":\"ImageObject\",\"inLanguage\":\"ar\",\"@id\":\"https:\\\/\\\/cosmeticstoredz.com\\\/#\\\/schema\\\/logo\\\/image\\\/\",\"url\":\"https:\\\/\\\/cosmeticstoredz.com\\\/wp-content\\\/uploads\\\/2026\\\/02\\\/cropped-LOGO_CS-512x512-1-1-e1771275285345.webp\",\"contentUrl\":\"https:\\\/\\\/cosmeticstoredz.com\\\/wp-content\\\/uploads\\\/2026\\\/02\\\/cropped-LOGO_CS-512x512-1-1-e1771275285345.webp\",\"width\":265,\"height\":319,\"caption\":\"Cosmetic Store\"},\"image\":{\"@id\":\"https:\\\/\\\/cosmeticstoredz.com\\\/#\\\/schema\\\/logo\\\/image\\\/\"},\"sameAs\":[\"https:\\\/\\\/www.facebook.com\\\/profile.php?id=61564954260683\",\"https:\\\/\\\/www.instagram.com\\\/cosmetic.storedz\\\/\"]}]}<\/script>\n<!-- \/ Yoast SEO plugin. -->","yoast_head_json":{"title":"MAYBELLINE MASCARA BLACK PERFECTO - Cosmetic Store","robots":{"index":"index","follow":"follow","max-snippet":"max-snippet:-1","max-image-preview":"max-image-preview:large","max-video-preview":"max-video-preview:-1"},"canonical":"https:\/\/cosmeticstoredz.com\/ar\/product\/maybelline-mascara-black-perfecto\/","og_locale":"ar_AR","og_type":"article","og_title":"MAYBELLINE MASCARA BLACK PERFECTO - Cosmetic Store","og_description":"Faites briller vos yeux d'un attrait irr\u00e9sistible avec le mascara noir Maybelline. Il se distingue par sa formule unique et ses caract\u00e9ristiques \u00e9tonnantes. Ce mascara est un choix id\u00e9al pour obtenir des cils longs, \u00e9pais et magnifiquement d\u00e9finis. Brillez avec un look charmant qui attire le regard avec Mascara noir Maybelline","og_url":"https:\/\/cosmeticstoredz.com\/ar\/product\/maybelline-mascara-black-perfecto\/","og_site_name":"Cosmetic Store","article_publisher":"https:\/\/www.facebook.com\/profile.php?id=61564954260683","article_modified_time":"2026-04-18T19:20:17+00:00","og_image":[{"width":1563,"height":1563,"url":"https:\/\/cosmeticstoredz.com\/wp-content\/uploads\/2026\/02\/YYY.png","type":"image\/png"}],"twitter_card":"summary_large_image","twitter_misc":{"\u0648\u0642\u062a \u0627\u0644\u0642\u0631\u0627\u0621\u0629 \u0627\u0644\u0645\u064f\u0642\u062f\u0651\u0631":"\u062f\u0642\u064a\u0642\u0629 \u0648\u0627\u062d\u062f\u0629"},"schema":{"@context":"https:\/\/schema.org","@graph":[{"@type":"WebPage","@id":"https:\/\/cosmeticstoredz.com\/produit\/maybelline-mascara-black-perfecto\/","url":"https:\/\/cosmeticstoredz.com\/produit\/maybelline-mascara-black-perfecto\/","name":"MAYBELLINE MASCARA BLACK PERFECTO - Cosmetic Store","isPartOf":{"@id":"https:\/\/cosmeticstoredz.com\/#website"},"primaryImageOfPage":{"@id":"https:\/\/cosmeticstoredz.com\/produit\/maybelline-mascara-black-perfecto\/#primaryimage"},"image":{"@id":"https:\/\/cosmeticstoredz.com\/produit\/maybelline-mascara-black-perfecto\/#primaryimage"},"thumbnailUrl":"https:\/\/cosmeticstoredz.com\/wp-content\/uploads\/2026\/02\/YYY.png","datePublished":"2026-02-16T08:55:43+00:00","dateModified":"2026-04-18T19:20:17+00:00","breadcrumb":{"@id":"https:\/\/cosmeticstoredz.com\/produit\/maybelline-mascara-black-perfecto\/#breadcrumb"},"inLanguage":"ar","potentialAction":[{"@type":"ReadAction","target":["https:\/\/cosmeticstoredz.com\/produit\/maybelline-mascara-black-perfecto\/"]}]},{"@type":"ImageObject","inLanguage":"ar","@id":"https:\/\/cosmeticstoredz.com\/produit\/maybelline-mascara-black-perfecto\/#primaryimage","url":"https:\/\/cosmeticstoredz.com\/wp-content\/uploads\/2026\/02\/YYY.png","contentUrl":"https:\/\/cosmeticstoredz.com\/wp-content\/uploads\/2026\/02\/YYY.png","width":1563,"height":1563},{"@type":"BreadcrumbList","@id":"https:\/\/cosmeticstoredz.com\/produit\/maybelline-mascara-black-perfecto\/#breadcrumb","itemListElement":[{"@type":"ListItem","position":1,"name":"Accueil","item":"https:\/\/cosmeticstoredz.com\/"},{"@type":"ListItem","position":2,"name":"Boutique","item":"https:\/\/cosmeticstoredz.com\/boutique\/"},{"@type":"ListItem","position":3,"name":"MAYBELLINE MASCARA BLACK PERFECTO"}]},{"@type":"WebSite","@id":"https:\/\/cosmeticstoredz.com\/#website","url":"https:\/\/cosmeticstoredz.com\/","name":"Cosmetic Store","description":"","publisher":{"@id":"https:\/\/cosmeticstoredz.com\/#organization"},"potentialAction":[{"@type":"SearchAction","target":{"@type":"EntryPoint","urlTemplate":"https:\/\/cosmeticstoredz.com\/?s={search_term_string}"},"query-input":{"@type":"PropertyValueSpecification","valueRequired":true,"valueName":"search_term_string"}}],"inLanguage":"ar"},{"@type":"Organization","@id":"https:\/\/cosmeticstoredz.com\/#organization","name":"Cosmetic Store","url":"https:\/\/cosmeticstoredz.com\/","logo":{"@type":"ImageObject","inLanguage":"ar","@id":"https:\/\/cosmeticstoredz.com\/#\/schema\/logo\/image\/","url":"https:\/\/cosmeticstoredz.com\/wp-content\/uploads\/2026\/02\/cropped-LOGO_CS-512x512-1-1-e1771275285345.webp","contentUrl":"https:\/\/cosmeticstoredz.com\/wp-content\/uploads\/2026\/02\/cropped-LOGO_CS-512x512-1-1-e1771275285345.webp","width":265,"height":319,"caption":"Cosmetic Store"},"image":{"@id":"https:\/\/cosmeticstoredz.com\/#\/schema\/logo\/image\/"},"sameAs":["https:\/\/www.facebook.com\/profile.php?id=61564954260683","https:\/\/www.instagram.com\/cosmetic.storedz\/"]}]}},"_links":{"self":[{"href":"https:\/\/cosmeticstoredz.com\/ar\/wp-json\/wp\/v2\/product\/2323","targetHints":{"allow":["GET"]}}],"collection":[{"href":"https:\/\/cosmeticstoredz.com\/ar\/wp-json\/wp\/v2\/product"}],"about":[{"href":"https:\/\/cosmeticstoredz.com\/ar\/wp-json\/wp\/v2\/types\/product"}],"replies":[{"embeddable":true,"href":"https:\/\/cosmeticstoredz.com\/ar\/wp-json\/wp\/v2\/comments?post=2323"}],"version-history":[{"count":1,"href":"https:\/\/cosmeticstoredz.com\/ar\/wp-json\/wp\/v2\/product\/2323\/revisions"}],"predecessor-version":[{"id":2401,"href":"https:\/\/cosmeticstoredz.com\/ar\/wp-json\/wp\/v2\/product\/2323\/revisions\/2401"}],"wp:featuredmedia":[{"embeddable":true,"href":"https:\/\/cosmeticstoredz.com\/ar\/wp-json\/wp\/v2\/media\/2400"}],"wp:attachment":[{"href":"https:\/\/cosmeticstoredz.com\/ar\/wp-json\/wp\/v2\/media?parent=2323"}],"wp:term":[{"taxonomy":"product_brand","embeddable":true,"href":"https:\/\/cosmeticstoredz.com\/ar\/wp-json\/wp\/v2\/product_brand?post=2323"},{"taxonomy":"product_cat","embeddable":true,"href":"https:\/\/cosmeticstoredz.com\/ar\/wp-json\/wp\/v2\/product_cat?post=2323"},{"taxonomy":"product_tag","embeddable":true,"href":"https:\/\/cosmeticstoredz.com\/ar\/wp-json\/wp\/v2\/product_tag?post=2323"}],"curies":[{"name":"wp","href":"https:\/\/api.w.org\/{rel}","templated":true}]}}