{"id":2261,"date":"2026-02-16T08:54:59","date_gmt":"2026-02-16T08:54:59","guid":{"rendered":"https:\/\/test.fitnessworldgym27.com\/?post_type=product&#038;p=2261"},"modified":"2026-04-11T12:48:26","modified_gmt":"2026-04-11T12:48:26","slug":"maybelline-eyestudio-mascara-brown-drama","status":"publish","type":"product","link":"https:\/\/cosmeticstoredz.com\/ar\/product\/maybelline-eyestudio-mascara-brown-drama\/","title":{"rendered":"MAYBELLINE EYESTUDIO MASCARA BROWN DRAMA"},"content":{"rendered":"<p><strong>Brow Drama Mascara<\/strong> est un produit formul\u00e9 pour d\u00e9finir et pour mettre en \u00e9vidence les sourcils. Il est particuli\u00e8rement recommand\u00e9 pour les sourcils indisciplin\u00e9s.<\/p>\n<ul>\n<li>Brosse innovante<\/li>\n<li>Disponible en trois teintes naturelles<\/li>\n<li>Formule unique<\/li>\n<li>Application facile et agr\u00e9able<\/li>\n<li>Emballage pratique<\/li>\n<\/ul>\n<p>Le pinceau de forme ronde facilite l\u2019application du produit en dosant la quantit\u00e9 \u00e0 utiliser.<\/p>\n<p><strong>Utilisation<\/strong>\u00a0: \u00e0 l\u2019aide d\u2019un petit peigne peigner les sourcils de l&rsquo;ext\u00e9rieur vers l&rsquo;int\u00e9rieur\u00a0; r\u00e9p\u00e9ter l\u2019op\u00e9ration mais dans la direction oppos\u00e9e (cette astuce va donner plus de volume et une juste forme). Apr\u00e8s appliquer le mascara \u00e0 sourcils de l\u2019int\u00e9rieur vers l\u2019ext\u00e9rieur.<\/p>","protected":false},"excerpt":{"rendered":"<p><strong>Brow Drama Mascara<\/strong> est un produit formul\u00e9 pour d\u00e9finir et pour mettre en \u00e9vidence les sourcils. Il est particuli\u00e8rement recommand\u00e9 pour les sourcils indisciplin\u00e9s.<\/p>\n<ul>\n<li>Brosse innovante<\/li>\n<li>Disponible en trois teintes naturelles<\/li>\n<li>Formule unique<\/li>\n<li>Application facile et agr\u00e9able<\/li>\n<li>Emballage pratique<\/li>\n<\/ul>","protected":false},"featured_media":2342,"comment_status":"closed","ping_status":"closed","template":"","meta":[],"product_brand":[410],"product_cat":[75,122,186,230,126],"product_tag":[125],"class_list":{"0":"post-2261","1":"product","2":"type-product","3":"status-publish","4":"has-post-thumbnail","6":"product_brand-maybelline","7":"product_cat-femme","8":"product_cat-make-up","9":"product_cat-mascara","10":"product_cat-maybelline","11":"product_cat-yeux","12":"product_tag-made-in-france","14":"first","15":"instock","16":"shipping-taxable","17":"purchasable","18":"product-type-simple"},"_links":{"self":[{"href":"https:\/\/cosmeticstoredz.com\/ar\/wp-json\/wp\/v2\/product\/2261","targetHints":{"allow":["GET"]}}],"collection":[{"href":"https:\/\/cosmeticstoredz.com\/ar\/wp-json\/wp\/v2\/product"}],"about":[{"href":"https:\/\/cosmeticstoredz.com\/ar\/wp-json\/wp\/v2\/types\/product"}],"replies":[{"embeddable":true,"href":"https:\/\/cosmeticstoredz.com\/ar\/wp-json\/wp\/v2\/comments?post=2261"}],"version-history":[{"count":1,"href":"https:\/\/cosmeticstoredz.com\/ar\/wp-json\/wp\/v2\/product\/2261\/revisions"}],"predecessor-version":[{"id":2343,"href":"https:\/\/cosmeticstoredz.com\/ar\/wp-json\/wp\/v2\/product\/2261\/revisions\/2343"}],"wp:featuredmedia":[{"embeddable":true,"href":"https:\/\/cosmeticstoredz.com\/ar\/wp-json\/wp\/v2\/media\/2342"}],"wp:attachment":[{"href":"https:\/\/cosmeticstoredz.com\/ar\/wp-json\/wp\/v2\/media?parent=2261"}],"wp:term":[{"taxonomy":"product_brand","embeddable":true,"href":"https:\/\/cosmeticstoredz.com\/ar\/wp-json\/wp\/v2\/product_brand?post=2261"},{"taxonomy":"product_cat","embeddable":true,"href":"https:\/\/cosmeticstoredz.com\/ar\/wp-json\/wp\/v2\/product_cat?post=2261"},{"taxonomy":"product_tag","embeddable":true,"href":"https:\/\/cosmeticstoredz.com\/ar\/wp-json\/wp\/v2\/product_tag?post=2261"}],"curies":[{"name":"wp","href":"https:\/\/api.w.org\/{rel}","templated":true}]}}