{"id":2259,"date":"2026-02-16T08:54:59","date_gmt":"2026-02-16T08:54:59","guid":{"rendered":"https:\/\/test.fitnessworldgym27.com\/?post_type=product&#038;p=2259"},"modified":"2026-04-18T19:20:14","modified_gmt":"2026-04-18T19:20:14","slug":"maybelline-eyestudio-lasting-drama-gel-24h-brun-nu","status":"publish","type":"product","link":"https:\/\/cosmeticstoredz.com\/ar\/product\/maybelline-eyestudio-lasting-drama-gel-24h-brun-nu\/","title":{"rendered":"MAYBELLINE EYESTUDIO LASTING DRAMA GEL 24H BRUN NU"},"content":{"rendered":"<p><strong>Liner gel crayon Lasting Drama Gel 24h<\/strong><br \/>\nSa pointe feutre ultra pr\u00e9cise et maniable permet un trac\u00e9 \u00e0 la fois professionnel et facile \u00e0 r\u00e9aliser.<br \/>\nSa texture gel ultra-satur\u00e9e en pigments glisse sur la paupi\u00e8re et d\u00e9pose une couleur riche et intense.<br \/>\nSon film waterproof assure une tenue 24H sans bavure.<br \/>\nSa mine automatique permet d\u2019appliquer pr\u00e9cis\u00e9ment la texture et de souligner instantan\u00e9ment le regard.<\/p>\n<p><span class=\"a-list-item\">R\u00e9sultats : Pour un regard intense en un seul passage et un regard intens\u00e9ment soulign\u00e9<\/span><\/p>\n<p><span class=\"a-list-item\">Conseil d&rsquo;application : Application sur le contour sup\u00e9rieur de l\u2019\u0153il au ras des cils pour une regard soulign\u00e9 en un seul geste<\/span><\/p>","protected":false},"excerpt":{"rendered":"<p><strong>Liner gel crayon Lasting Drama Gel 24h<\/strong><br \/>\nSa pointe feutre ultra pr\u00e9cise et maniable permet un trac\u00e9 \u00e0 la fois professionnel et facile \u00e0 r\u00e9aliser.<br \/>\nSa texture gel ultra-satur\u00e9e en pigments glisse sur la paupi\u00e8re et d\u00e9pose une couleur riche et intense.<br \/>\nSon film waterproof assure une tenue 24H sans bavure.<br \/>\nSa mine automatique permet d\u2019appliquer pr\u00e9cis\u00e9ment la texture et de souligner instantan\u00e9ment le regard.<\/p>","protected":false},"featured_media":0,"comment_status":"closed","ping_status":"closed","template":"","meta":[],"product_brand":[410],"product_cat":[198,122,230,126],"product_tag":[125],"class_list":{"0":"post-2259","1":"product","2":"type-product","3":"status-publish","5":"product_brand-maybelline","6":"product_cat-eyeliner","7":"product_cat-make-up","8":"product_cat-maybelline","9":"product_cat-yeux","10":"product_tag-made-in-france","12":"first","13":"outofstock","14":"shipping-taxable","15":"purchasable","16":"product-type-simple"},"yoast_head":"<!-- This site is optimized with the Yoast SEO plugin v27.3 - https:\/\/yoast.com\/product\/yoast-seo-wordpress\/ -->\n<title>MAYBELLINE EYESTUDIO LASTING DRAMA GEL 24H BRUN NU - Cosmetic Store<\/title>\n<meta name=\"robots\" content=\"index, follow, max-snippet:-1, max-image-preview:large, max-video-preview:-1\" \/>\n<link rel=\"canonical\" href=\"https:\/\/cosmeticstoredz.com\/ar\/product\/maybelline-eyestudio-lasting-drama-gel-24h-brun-nu\/\" \/>\n<meta property=\"og:locale\" content=\"ar_AR\" \/>\n<meta property=\"og:type\" content=\"article\" \/>\n<meta property=\"og:title\" content=\"MAYBELLINE EYESTUDIO LASTING DRAMA GEL 24H BRUN NU - Cosmetic Store\" \/>\n<meta property=\"og:description\" content=\"Liner gel crayon Lasting Drama Gel 24h Sa pointe feutre ultra pr\u00e9cise et maniable permet un trac\u00e9 \u00e0 la fois professionnel et facile \u00e0 r\u00e9aliser. Sa texture gel ultra-satur\u00e9e en pigments glisse sur la paupi\u00e8re et d\u00e9pose une couleur riche et intense. Son film waterproof assure une tenue 24H sans bavure. Sa mine automatique permet d\u2019appliquer pr\u00e9cis\u00e9ment la texture et de souligner instantan\u00e9ment le regard.\" \/>\n<meta property=\"og:url\" content=\"https:\/\/cosmeticstoredz.com\/ar\/product\/maybelline-eyestudio-lasting-drama-gel-24h-brun-nu\/\" \/>\n<meta property=\"og:site_name\" content=\"Cosmetic Store\" \/>\n<meta property=\"article:publisher\" content=\"https:\/\/www.facebook.com\/profile.php?id=61564954260683\" \/>\n<meta property=\"article:modified_time\" content=\"2026-04-18T19:20:14+00:00\" \/>\n<meta name=\"twitter:card\" content=\"summary_large_image\" \/>\n<meta name=\"twitter:label1\" content=\"\u0648\u0642\u062a \u0627\u0644\u0642\u0631\u0627\u0621\u0629 \u0627\u0644\u0645\u064f\u0642\u062f\u0651\u0631\" \/>\n\t<meta name=\"twitter:data1\" content=\"\u062f\u0642\u064a\u0642\u0629 \u0648\u0627\u062d\u062f\u0629\" \/>\n<script type=\"application\/ld+json\" class=\"yoast-schema-graph\">{\"@context\":\"https:\\\/\\\/schema.org\",\"@graph\":[{\"@type\":\"WebPage\",\"@id\":\"https:\\\/\\\/cosmeticstoredz.com\\\/produit\\\/maybelline-eyestudio-lasting-drama-gel-24h-brun-nu\\\/\",\"url\":\"https:\\\/\\\/cosmeticstoredz.com\\\/produit\\\/maybelline-eyestudio-lasting-drama-gel-24h-brun-nu\\\/\",\"name\":\"MAYBELLINE EYESTUDIO LASTING DRAMA GEL 24H BRUN NU - Cosmetic Store\",\"isPartOf\":{\"@id\":\"https:\\\/\\\/cosmeticstoredz.com\\\/#website\"},\"datePublished\":\"2026-02-16T08:54:59+00:00\",\"dateModified\":\"2026-04-18T19:20:14+00:00\",\"breadcrumb\":{\"@id\":\"https:\\\/\\\/cosmeticstoredz.com\\\/produit\\\/maybelline-eyestudio-lasting-drama-gel-24h-brun-nu\\\/#breadcrumb\"},\"inLanguage\":\"ar\",\"potentialAction\":[{\"@type\":\"ReadAction\",\"target\":[\"https:\\\/\\\/cosmeticstoredz.com\\\/produit\\\/maybelline-eyestudio-lasting-drama-gel-24h-brun-nu\\\/\"]}]},{\"@type\":\"BreadcrumbList\",\"@id\":\"https:\\\/\\\/cosmeticstoredz.com\\\/produit\\\/maybelline-eyestudio-lasting-drama-gel-24h-brun-nu\\\/#breadcrumb\",\"itemListElement\":[{\"@type\":\"ListItem\",\"position\":1,\"name\":\"Accueil\",\"item\":\"https:\\\/\\\/cosmeticstoredz.com\\\/\"},{\"@type\":\"ListItem\",\"position\":2,\"name\":\"Boutique\",\"item\":\"https:\\\/\\\/cosmeticstoredz.com\\\/boutique\\\/\"},{\"@type\":\"ListItem\",\"position\":3,\"name\":\"MAYBELLINE EYESTUDIO LASTING DRAMA GEL 24H BRUN NU\"}]},{\"@type\":\"WebSite\",\"@id\":\"https:\\\/\\\/cosmeticstoredz.com\\\/#website\",\"url\":\"https:\\\/\\\/cosmeticstoredz.com\\\/\",\"name\":\"Cosmetic Store\",\"description\":\"\",\"publisher\":{\"@id\":\"https:\\\/\\\/cosmeticstoredz.com\\\/#organization\"},\"potentialAction\":[{\"@type\":\"SearchAction\",\"target\":{\"@type\":\"EntryPoint\",\"urlTemplate\":\"https:\\\/\\\/cosmeticstoredz.com\\\/?s={search_term_string}\"},\"query-input\":{\"@type\":\"PropertyValueSpecification\",\"valueRequired\":true,\"valueName\":\"search_term_string\"}}],\"inLanguage\":\"ar\"},{\"@type\":\"Organization\",\"@id\":\"https:\\\/\\\/cosmeticstoredz.com\\\/#organization\",\"name\":\"Cosmetic Store\",\"url\":\"https:\\\/\\\/cosmeticstoredz.com\\\/\",\"logo\":{\"@type\":\"ImageObject\",\"inLanguage\":\"ar\",\"@id\":\"https:\\\/\\\/cosmeticstoredz.com\\\/#\\\/schema\\\/logo\\\/image\\\/\",\"url\":\"https:\\\/\\\/cosmeticstoredz.com\\\/wp-content\\\/uploads\\\/2026\\\/02\\\/cropped-LOGO_CS-512x512-1-1-e1771275285345.webp\",\"contentUrl\":\"https:\\\/\\\/cosmeticstoredz.com\\\/wp-content\\\/uploads\\\/2026\\\/02\\\/cropped-LOGO_CS-512x512-1-1-e1771275285345.webp\",\"width\":265,\"height\":319,\"caption\":\"Cosmetic Store\"},\"image\":{\"@id\":\"https:\\\/\\\/cosmeticstoredz.com\\\/#\\\/schema\\\/logo\\\/image\\\/\"},\"sameAs\":[\"https:\\\/\\\/www.facebook.com\\\/profile.php?id=61564954260683\",\"https:\\\/\\\/www.instagram.com\\\/cosmetic.storedz\\\/\"]}]}<\/script>\n<!-- \/ Yoast SEO plugin. -->","yoast_head_json":{"title":"MAYBELLINE EYESTUDIO LASTING DRAMA GEL 24H BRUN NU - Cosmetic Store","robots":{"index":"index","follow":"follow","max-snippet":"max-snippet:-1","max-image-preview":"max-image-preview:large","max-video-preview":"max-video-preview:-1"},"canonical":"https:\/\/cosmeticstoredz.com\/ar\/product\/maybelline-eyestudio-lasting-drama-gel-24h-brun-nu\/","og_locale":"ar_AR","og_type":"article","og_title":"MAYBELLINE EYESTUDIO LASTING DRAMA GEL 24H BRUN NU - Cosmetic Store","og_description":"Liner gel crayon Lasting Drama Gel 24h Sa pointe feutre ultra pr\u00e9cise et maniable permet un trac\u00e9 \u00e0 la fois professionnel et facile \u00e0 r\u00e9aliser. Sa texture gel ultra-satur\u00e9e en pigments glisse sur la paupi\u00e8re et d\u00e9pose une couleur riche et intense. Son film waterproof assure une tenue 24H sans bavure. Sa mine automatique permet d\u2019appliquer pr\u00e9cis\u00e9ment la texture et de souligner instantan\u00e9ment le regard.","og_url":"https:\/\/cosmeticstoredz.com\/ar\/product\/maybelline-eyestudio-lasting-drama-gel-24h-brun-nu\/","og_site_name":"Cosmetic Store","article_publisher":"https:\/\/www.facebook.com\/profile.php?id=61564954260683","article_modified_time":"2026-04-18T19:20:14+00:00","twitter_card":"summary_large_image","twitter_misc":{"\u0648\u0642\u062a \u0627\u0644\u0642\u0631\u0627\u0621\u0629 \u0627\u0644\u0645\u064f\u0642\u062f\u0651\u0631":"\u062f\u0642\u064a\u0642\u0629 \u0648\u0627\u062d\u062f\u0629"},"schema":{"@context":"https:\/\/schema.org","@graph":[{"@type":"WebPage","@id":"https:\/\/cosmeticstoredz.com\/produit\/maybelline-eyestudio-lasting-drama-gel-24h-brun-nu\/","url":"https:\/\/cosmeticstoredz.com\/produit\/maybelline-eyestudio-lasting-drama-gel-24h-brun-nu\/","name":"MAYBELLINE EYESTUDIO LASTING DRAMA GEL 24H BRUN NU - Cosmetic Store","isPartOf":{"@id":"https:\/\/cosmeticstoredz.com\/#website"},"datePublished":"2026-02-16T08:54:59+00:00","dateModified":"2026-04-18T19:20:14+00:00","breadcrumb":{"@id":"https:\/\/cosmeticstoredz.com\/produit\/maybelline-eyestudio-lasting-drama-gel-24h-brun-nu\/#breadcrumb"},"inLanguage":"ar","potentialAction":[{"@type":"ReadAction","target":["https:\/\/cosmeticstoredz.com\/produit\/maybelline-eyestudio-lasting-drama-gel-24h-brun-nu\/"]}]},{"@type":"BreadcrumbList","@id":"https:\/\/cosmeticstoredz.com\/produit\/maybelline-eyestudio-lasting-drama-gel-24h-brun-nu\/#breadcrumb","itemListElement":[{"@type":"ListItem","position":1,"name":"Accueil","item":"https:\/\/cosmeticstoredz.com\/"},{"@type":"ListItem","position":2,"name":"Boutique","item":"https:\/\/cosmeticstoredz.com\/boutique\/"},{"@type":"ListItem","position":3,"name":"MAYBELLINE EYESTUDIO LASTING DRAMA GEL 24H BRUN NU"}]},{"@type":"WebSite","@id":"https:\/\/cosmeticstoredz.com\/#website","url":"https:\/\/cosmeticstoredz.com\/","name":"Cosmetic Store","description":"","publisher":{"@id":"https:\/\/cosmeticstoredz.com\/#organization"},"potentialAction":[{"@type":"SearchAction","target":{"@type":"EntryPoint","urlTemplate":"https:\/\/cosmeticstoredz.com\/?s={search_term_string}"},"query-input":{"@type":"PropertyValueSpecification","valueRequired":true,"valueName":"search_term_string"}}],"inLanguage":"ar"},{"@type":"Organization","@id":"https:\/\/cosmeticstoredz.com\/#organization","name":"Cosmetic Store","url":"https:\/\/cosmeticstoredz.com\/","logo":{"@type":"ImageObject","inLanguage":"ar","@id":"https:\/\/cosmeticstoredz.com\/#\/schema\/logo\/image\/","url":"https:\/\/cosmeticstoredz.com\/wp-content\/uploads\/2026\/02\/cropped-LOGO_CS-512x512-1-1-e1771275285345.webp","contentUrl":"https:\/\/cosmeticstoredz.com\/wp-content\/uploads\/2026\/02\/cropped-LOGO_CS-512x512-1-1-e1771275285345.webp","width":265,"height":319,"caption":"Cosmetic Store"},"image":{"@id":"https:\/\/cosmeticstoredz.com\/#\/schema\/logo\/image\/"},"sameAs":["https:\/\/www.facebook.com\/profile.php?id=61564954260683","https:\/\/www.instagram.com\/cosmetic.storedz\/"]}]}},"_links":{"self":[{"href":"https:\/\/cosmeticstoredz.com\/ar\/wp-json\/wp\/v2\/product\/2259","targetHints":{"allow":["GET"]}}],"collection":[{"href":"https:\/\/cosmeticstoredz.com\/ar\/wp-json\/wp\/v2\/product"}],"about":[{"href":"https:\/\/cosmeticstoredz.com\/ar\/wp-json\/wp\/v2\/types\/product"}],"replies":[{"embeddable":true,"href":"https:\/\/cosmeticstoredz.com\/ar\/wp-json\/wp\/v2\/comments?post=2259"}],"version-history":[{"count":1,"href":"https:\/\/cosmeticstoredz.com\/ar\/wp-json\/wp\/v2\/product\/2259\/revisions"}],"predecessor-version":[{"id":2339,"href":"https:\/\/cosmeticstoredz.com\/ar\/wp-json\/wp\/v2\/product\/2259\/revisions\/2339"}],"wp:attachment":[{"href":"https:\/\/cosmeticstoredz.com\/ar\/wp-json\/wp\/v2\/media?parent=2259"}],"wp:term":[{"taxonomy":"product_brand","embeddable":true,"href":"https:\/\/cosmeticstoredz.com\/ar\/wp-json\/wp\/v2\/product_brand?post=2259"},{"taxonomy":"product_cat","embeddable":true,"href":"https:\/\/cosmeticstoredz.com\/ar\/wp-json\/wp\/v2\/product_cat?post=2259"},{"taxonomy":"product_tag","embeddable":true,"href":"https:\/\/cosmeticstoredz.com\/ar\/wp-json\/wp\/v2\/product_tag?post=2259"}],"curies":[{"name":"wp","href":"https:\/\/api.w.org\/{rel}","templated":true}]}}