{"id":2255,"date":"2026-02-16T08:54:59","date_gmt":"2026-02-16T08:54:59","guid":{"rendered":"https:\/\/test.fitnessworldgym27.com\/?post_type=product&#038;p=2255"},"modified":"2026-04-18T19:20:14","modified_gmt":"2026-04-18T19:20:14","slug":"maybelline-drama-master-khol-purple-light","status":"publish","type":"product","link":"https:\/\/cosmeticstoredz.com\/ar\/product\/maybelline-drama-master-khol-purple-light\/","title":{"rendered":"MAYBELLINE DRAMA MASTER KHOL PURPLE LIGHT"},"content":{"rendered":"<p class=\"a-spacing-mini\"><strong>Maybelline New York Master Drama Liner<\/strong><\/p>\n<p>L&rsquo;eye-liner pour un contour des paupi\u00e8res fort et lisse et plein d&rsquo;intensit\u00e9. Le secret de cette g\u00e9n\u00e9ration de doublure r\u00e9side dans la texture pigment\u00e9e extr\u00eamement concentr\u00e9e. Il est facile et pr\u00e9cis \u00e0 appliquer comme un stylo et super cr\u00e9meux comme un kayal. Le Master Drama Kh\u00f4l Liner est sans huile, ne se tache pas et dure 16 heures. Que ce soit en noir classique ou en chromatics dramatiques dans des couleurs tendance d&rsquo;une luminosit\u00e9 intense, cette doublure est id\u00e9ale pour un look spectaculaire avec plus de WOW.<\/p>\n<p>Pour des r\u00e9sultats optimaux : Il est recommand\u00e9 de tracer d&rsquo;abord une ligne fine sur la ligne inf\u00e9rieure des cils, puis une ligne plus forte sur la couronne sup\u00e9rieure des cils. Ensuite, continuez \u00e0 dessiner les deux lignes dans l&rsquo;angle int\u00e9rieur de l&rsquo;\u0153il et connectez-les ensemble.<\/p>","protected":false},"excerpt":{"rendered":"<p class=\"a-spacing-mini\"><strong>Maybelline New York Master Drama Liner<\/strong><\/p>\n<p>L&rsquo;eye-liner pour un contour des paupi\u00e8res fort et lisse et plein d&rsquo;intensit\u00e9. Le secret de cette g\u00e9n\u00e9ration de doublure r\u00e9side dans la texture pigment\u00e9e extr\u00eamement concentr\u00e9e. Il est facile et pr\u00e9cis \u00e0 appliquer comme un stylo et super cr\u00e9meux comme un kayal. Le Master Drama Kh\u00f4l Liner est sans huile, ne se tache pas et dure 16 heures.<\/p>","protected":false},"featured_media":2330,"comment_status":"open","ping_status":"closed","template":"","meta":[],"product_brand":[410],"product_cat":[127,75,122,230,126],"product_tag":[125],"class_list":{"0":"post-2255","1":"product","2":"type-product","3":"status-publish","4":"has-post-thumbnail","6":"product_brand-maybelline","7":"product_cat-crayong-yeux-et-khol","8":"product_cat-femme","9":"product_cat-make-up","10":"product_cat-maybelline","11":"product_cat-yeux","12":"product_tag-made-in-france","14":"first","15":"outofstock","16":"shipping-taxable","17":"purchasable","18":"product-type-simple"},"yoast_head":"<!-- This site is optimized with the Yoast SEO plugin v27.3 - https:\/\/yoast.com\/product\/yoast-seo-wordpress\/ -->\n<title>MAYBELLINE DRAMA MASTER KHOL PURPLE LIGHT - Cosmetic Store<\/title>\n<meta name=\"robots\" content=\"index, follow, max-snippet:-1, max-image-preview:large, max-video-preview:-1\" \/>\n<link rel=\"canonical\" href=\"https:\/\/cosmeticstoredz.com\/ar\/product\/maybelline-drama-master-khol-purple-light\/\" \/>\n<meta property=\"og:locale\" content=\"ar_AR\" \/>\n<meta property=\"og:type\" content=\"article\" \/>\n<meta property=\"og:title\" content=\"MAYBELLINE DRAMA MASTER KHOL PURPLE LIGHT - Cosmetic Store\" \/>\n<meta property=\"og:description\" content=\"Maybelline New York Master Drama Liner L&#039;eye-liner pour un contour des paupi\u00e8res fort et lisse et plein d&#039;intensit\u00e9. Le secret de cette g\u00e9n\u00e9ration de doublure r\u00e9side dans la texture pigment\u00e9e extr\u00eamement concentr\u00e9e. Il est facile et pr\u00e9cis \u00e0 appliquer comme un stylo et super cr\u00e9meux comme un kayal. Le Master Drama Kh\u00f4l Liner est sans huile, ne se tache pas et dure 16 heures.\" \/>\n<meta property=\"og:url\" content=\"https:\/\/cosmeticstoredz.com\/ar\/product\/maybelline-drama-master-khol-purple-light\/\" \/>\n<meta property=\"og:site_name\" content=\"Cosmetic Store\" \/>\n<meta property=\"article:publisher\" content=\"https:\/\/www.facebook.com\/profile.php?id=61564954260683\" \/>\n<meta property=\"article:modified_time\" content=\"2026-04-18T19:20:14+00:00\" \/>\n<meta property=\"og:image\" content=\"https:\/\/cosmeticstoredz.com\/wp-content\/uploads\/2026\/02\/CC-11.png\" \/>\n\t<meta property=\"og:image:width\" content=\"1563\" \/>\n\t<meta property=\"og:image:height\" content=\"1563\" \/>\n\t<meta property=\"og:image:type\" content=\"image\/png\" \/>\n<meta name=\"twitter:card\" content=\"summary_large_image\" \/>\n<meta name=\"twitter:label1\" content=\"\u0648\u0642\u062a \u0627\u0644\u0642\u0631\u0627\u0621\u0629 \u0627\u0644\u0645\u064f\u0642\u062f\u0651\u0631\" \/>\n\t<meta name=\"twitter:data1\" content=\"\u062f\u0642\u064a\u0642\u0629 \u0648\u0627\u062d\u062f\u0629\" \/>\n<script type=\"application\/ld+json\" class=\"yoast-schema-graph\">{\"@context\":\"https:\\\/\\\/schema.org\",\"@graph\":[{\"@type\":\"WebPage\",\"@id\":\"https:\\\/\\\/cosmeticstoredz.com\\\/produit\\\/maybelline-drama-master-khol-purple-light\\\/\",\"url\":\"https:\\\/\\\/cosmeticstoredz.com\\\/produit\\\/maybelline-drama-master-khol-purple-light\\\/\",\"name\":\"MAYBELLINE DRAMA MASTER KHOL PURPLE LIGHT - Cosmetic Store\",\"isPartOf\":{\"@id\":\"https:\\\/\\\/cosmeticstoredz.com\\\/#website\"},\"primaryImageOfPage\":{\"@id\":\"https:\\\/\\\/cosmeticstoredz.com\\\/produit\\\/maybelline-drama-master-khol-purple-light\\\/#primaryimage\"},\"image\":{\"@id\":\"https:\\\/\\\/cosmeticstoredz.com\\\/produit\\\/maybelline-drama-master-khol-purple-light\\\/#primaryimage\"},\"thumbnailUrl\":\"https:\\\/\\\/cosmeticstoredz.com\\\/wp-content\\\/uploads\\\/2026\\\/02\\\/CC-11.png\",\"datePublished\":\"2026-02-16T08:54:59+00:00\",\"dateModified\":\"2026-04-18T19:20:14+00:00\",\"breadcrumb\":{\"@id\":\"https:\\\/\\\/cosmeticstoredz.com\\\/produit\\\/maybelline-drama-master-khol-purple-light\\\/#breadcrumb\"},\"inLanguage\":\"ar\",\"potentialAction\":[{\"@type\":\"ReadAction\",\"target\":[\"https:\\\/\\\/cosmeticstoredz.com\\\/produit\\\/maybelline-drama-master-khol-purple-light\\\/\"]}]},{\"@type\":\"ImageObject\",\"inLanguage\":\"ar\",\"@id\":\"https:\\\/\\\/cosmeticstoredz.com\\\/produit\\\/maybelline-drama-master-khol-purple-light\\\/#primaryimage\",\"url\":\"https:\\\/\\\/cosmeticstoredz.com\\\/wp-content\\\/uploads\\\/2026\\\/02\\\/CC-11.png\",\"contentUrl\":\"https:\\\/\\\/cosmeticstoredz.com\\\/wp-content\\\/uploads\\\/2026\\\/02\\\/CC-11.png\",\"width\":1563,\"height\":1563},{\"@type\":\"BreadcrumbList\",\"@id\":\"https:\\\/\\\/cosmeticstoredz.com\\\/produit\\\/maybelline-drama-master-khol-purple-light\\\/#breadcrumb\",\"itemListElement\":[{\"@type\":\"ListItem\",\"position\":1,\"name\":\"Accueil\",\"item\":\"https:\\\/\\\/cosmeticstoredz.com\\\/\"},{\"@type\":\"ListItem\",\"position\":2,\"name\":\"Boutique\",\"item\":\"https:\\\/\\\/cosmeticstoredz.com\\\/boutique\\\/\"},{\"@type\":\"ListItem\",\"position\":3,\"name\":\"MAYBELLINE DRAMA MASTER KHOL PURPLE LIGHT\"}]},{\"@type\":\"WebSite\",\"@id\":\"https:\\\/\\\/cosmeticstoredz.com\\\/#website\",\"url\":\"https:\\\/\\\/cosmeticstoredz.com\\\/\",\"name\":\"Cosmetic Store\",\"description\":\"\",\"publisher\":{\"@id\":\"https:\\\/\\\/cosmeticstoredz.com\\\/#organization\"},\"potentialAction\":[{\"@type\":\"SearchAction\",\"target\":{\"@type\":\"EntryPoint\",\"urlTemplate\":\"https:\\\/\\\/cosmeticstoredz.com\\\/?s={search_term_string}\"},\"query-input\":{\"@type\":\"PropertyValueSpecification\",\"valueRequired\":true,\"valueName\":\"search_term_string\"}}],\"inLanguage\":\"ar\"},{\"@type\":\"Organization\",\"@id\":\"https:\\\/\\\/cosmeticstoredz.com\\\/#organization\",\"name\":\"Cosmetic Store\",\"url\":\"https:\\\/\\\/cosmeticstoredz.com\\\/\",\"logo\":{\"@type\":\"ImageObject\",\"inLanguage\":\"ar\",\"@id\":\"https:\\\/\\\/cosmeticstoredz.com\\\/#\\\/schema\\\/logo\\\/image\\\/\",\"url\":\"https:\\\/\\\/cosmeticstoredz.com\\\/wp-content\\\/uploads\\\/2026\\\/02\\\/cropped-LOGO_CS-512x512-1-1-e1771275285345.webp\",\"contentUrl\":\"https:\\\/\\\/cosmeticstoredz.com\\\/wp-content\\\/uploads\\\/2026\\\/02\\\/cropped-LOGO_CS-512x512-1-1-e1771275285345.webp\",\"width\":265,\"height\":319,\"caption\":\"Cosmetic Store\"},\"image\":{\"@id\":\"https:\\\/\\\/cosmeticstoredz.com\\\/#\\\/schema\\\/logo\\\/image\\\/\"},\"sameAs\":[\"https:\\\/\\\/www.facebook.com\\\/profile.php?id=61564954260683\",\"https:\\\/\\\/www.instagram.com\\\/cosmetic.storedz\\\/\"]}]}<\/script>\n<!-- \/ Yoast SEO plugin. -->","yoast_head_json":{"title":"MAYBELLINE DRAMA MASTER KHOL PURPLE LIGHT - Cosmetic Store","robots":{"index":"index","follow":"follow","max-snippet":"max-snippet:-1","max-image-preview":"max-image-preview:large","max-video-preview":"max-video-preview:-1"},"canonical":"https:\/\/cosmeticstoredz.com\/ar\/product\/maybelline-drama-master-khol-purple-light\/","og_locale":"ar_AR","og_type":"article","og_title":"MAYBELLINE DRAMA MASTER KHOL PURPLE LIGHT - Cosmetic Store","og_description":"Maybelline New York Master Drama Liner L'eye-liner pour un contour des paupi\u00e8res fort et lisse et plein d'intensit\u00e9. Le secret de cette g\u00e9n\u00e9ration de doublure r\u00e9side dans la texture pigment\u00e9e extr\u00eamement concentr\u00e9e. Il est facile et pr\u00e9cis \u00e0 appliquer comme un stylo et super cr\u00e9meux comme un kayal. Le Master Drama Kh\u00f4l Liner est sans huile, ne se tache pas et dure 16 heures.","og_url":"https:\/\/cosmeticstoredz.com\/ar\/product\/maybelline-drama-master-khol-purple-light\/","og_site_name":"Cosmetic Store","article_publisher":"https:\/\/www.facebook.com\/profile.php?id=61564954260683","article_modified_time":"2026-04-18T19:20:14+00:00","og_image":[{"width":1563,"height":1563,"url":"https:\/\/cosmeticstoredz.com\/wp-content\/uploads\/2026\/02\/CC-11.png","type":"image\/png"}],"twitter_card":"summary_large_image","twitter_misc":{"\u0648\u0642\u062a \u0627\u0644\u0642\u0631\u0627\u0621\u0629 \u0627\u0644\u0645\u064f\u0642\u062f\u0651\u0631":"\u062f\u0642\u064a\u0642\u0629 \u0648\u0627\u062d\u062f\u0629"},"schema":{"@context":"https:\/\/schema.org","@graph":[{"@type":"WebPage","@id":"https:\/\/cosmeticstoredz.com\/produit\/maybelline-drama-master-khol-purple-light\/","url":"https:\/\/cosmeticstoredz.com\/produit\/maybelline-drama-master-khol-purple-light\/","name":"MAYBELLINE DRAMA MASTER KHOL PURPLE LIGHT - Cosmetic Store","isPartOf":{"@id":"https:\/\/cosmeticstoredz.com\/#website"},"primaryImageOfPage":{"@id":"https:\/\/cosmeticstoredz.com\/produit\/maybelline-drama-master-khol-purple-light\/#primaryimage"},"image":{"@id":"https:\/\/cosmeticstoredz.com\/produit\/maybelline-drama-master-khol-purple-light\/#primaryimage"},"thumbnailUrl":"https:\/\/cosmeticstoredz.com\/wp-content\/uploads\/2026\/02\/CC-11.png","datePublished":"2026-02-16T08:54:59+00:00","dateModified":"2026-04-18T19:20:14+00:00","breadcrumb":{"@id":"https:\/\/cosmeticstoredz.com\/produit\/maybelline-drama-master-khol-purple-light\/#breadcrumb"},"inLanguage":"ar","potentialAction":[{"@type":"ReadAction","target":["https:\/\/cosmeticstoredz.com\/produit\/maybelline-drama-master-khol-purple-light\/"]}]},{"@type":"ImageObject","inLanguage":"ar","@id":"https:\/\/cosmeticstoredz.com\/produit\/maybelline-drama-master-khol-purple-light\/#primaryimage","url":"https:\/\/cosmeticstoredz.com\/wp-content\/uploads\/2026\/02\/CC-11.png","contentUrl":"https:\/\/cosmeticstoredz.com\/wp-content\/uploads\/2026\/02\/CC-11.png","width":1563,"height":1563},{"@type":"BreadcrumbList","@id":"https:\/\/cosmeticstoredz.com\/produit\/maybelline-drama-master-khol-purple-light\/#breadcrumb","itemListElement":[{"@type":"ListItem","position":1,"name":"Accueil","item":"https:\/\/cosmeticstoredz.com\/"},{"@type":"ListItem","position":2,"name":"Boutique","item":"https:\/\/cosmeticstoredz.com\/boutique\/"},{"@type":"ListItem","position":3,"name":"MAYBELLINE DRAMA MASTER KHOL PURPLE LIGHT"}]},{"@type":"WebSite","@id":"https:\/\/cosmeticstoredz.com\/#website","url":"https:\/\/cosmeticstoredz.com\/","name":"Cosmetic Store","description":"","publisher":{"@id":"https:\/\/cosmeticstoredz.com\/#organization"},"potentialAction":[{"@type":"SearchAction","target":{"@type":"EntryPoint","urlTemplate":"https:\/\/cosmeticstoredz.com\/?s={search_term_string}"},"query-input":{"@type":"PropertyValueSpecification","valueRequired":true,"valueName":"search_term_string"}}],"inLanguage":"ar"},{"@type":"Organization","@id":"https:\/\/cosmeticstoredz.com\/#organization","name":"Cosmetic Store","url":"https:\/\/cosmeticstoredz.com\/","logo":{"@type":"ImageObject","inLanguage":"ar","@id":"https:\/\/cosmeticstoredz.com\/#\/schema\/logo\/image\/","url":"https:\/\/cosmeticstoredz.com\/wp-content\/uploads\/2026\/02\/cropped-LOGO_CS-512x512-1-1-e1771275285345.webp","contentUrl":"https:\/\/cosmeticstoredz.com\/wp-content\/uploads\/2026\/02\/cropped-LOGO_CS-512x512-1-1-e1771275285345.webp","width":265,"height":319,"caption":"Cosmetic Store"},"image":{"@id":"https:\/\/cosmeticstoredz.com\/#\/schema\/logo\/image\/"},"sameAs":["https:\/\/www.facebook.com\/profile.php?id=61564954260683","https:\/\/www.instagram.com\/cosmetic.storedz\/"]}]}},"_links":{"self":[{"href":"https:\/\/cosmeticstoredz.com\/ar\/wp-json\/wp\/v2\/product\/2255","targetHints":{"allow":["GET"]}}],"collection":[{"href":"https:\/\/cosmeticstoredz.com\/ar\/wp-json\/wp\/v2\/product"}],"about":[{"href":"https:\/\/cosmeticstoredz.com\/ar\/wp-json\/wp\/v2\/types\/product"}],"replies":[{"embeddable":true,"href":"https:\/\/cosmeticstoredz.com\/ar\/wp-json\/wp\/v2\/comments?post=2255"}],"version-history":[{"count":1,"href":"https:\/\/cosmeticstoredz.com\/ar\/wp-json\/wp\/v2\/product\/2255\/revisions"}],"predecessor-version":[{"id":2331,"href":"https:\/\/cosmeticstoredz.com\/ar\/wp-json\/wp\/v2\/product\/2255\/revisions\/2331"}],"wp:featuredmedia":[{"embeddable":true,"href":"https:\/\/cosmeticstoredz.com\/ar\/wp-json\/wp\/v2\/media\/2330"}],"wp:attachment":[{"href":"https:\/\/cosmeticstoredz.com\/ar\/wp-json\/wp\/v2\/media?parent=2255"}],"wp:term":[{"taxonomy":"product_brand","embeddable":true,"href":"https:\/\/cosmeticstoredz.com\/ar\/wp-json\/wp\/v2\/product_brand?post=2255"},{"taxonomy":"product_cat","embeddable":true,"href":"https:\/\/cosmeticstoredz.com\/ar\/wp-json\/wp\/v2\/product_cat?post=2255"},{"taxonomy":"product_tag","embeddable":true,"href":"https:\/\/cosmeticstoredz.com\/ar\/wp-json\/wp\/v2\/product_tag?post=2255"}],"curies":[{"name":"wp","href":"https:\/\/api.w.org\/{rel}","templated":true}]}}