{"id":2249,"date":"2026-02-16T08:54:58","date_gmt":"2026-02-16T08:54:58","guid":{"rendered":"https:\/\/test.fitnessworldgym27.com\/?post_type=product&#038;p=2249"},"modified":"2026-02-16T21:45:21","modified_gmt":"2026-02-16T21:45:21","slug":"maybelline-brow-satin-duo-nu-04-dark-brown","status":"publish","type":"product","link":"https:\/\/cosmeticstoredz.com\/ar\/product\/maybelline-brow-satin-duo-nu-04-dark-brown\/","title":{"rendered":"MAYBELLINE BROW SATIN DUO NU 04 DARK BROWN"},"content":{"rendered":"<p id=\"title\" class=\"a-size-large a-spacing-none\"><strong><span id=\"productTitle\" class=\"a-size-large product-title-word-break\">Maybelline New York Brow Satin Crayon Sourcils Marron 04 Dark Duo<\/span><\/strong><\/p>\n<ul class=\"a-unordered-list a-vertical a-spacing-mini\">\n<li class=\"a-spacing-mini\"><span class=\"a-list-item\">Crayon \u00e0 sourcils double embout pour des sourcils redessin\u00e9s et visuellement fournis<\/span><\/li>\n<li class=\"a-spacing-mini\"><span class=\"a-list-item\">Crayon enrichi en cire fixante, Embout mousse enrichi en poudre<\/span><\/li>\n<li class=\"a-spacing-mini\"><span class=\"a-list-item\">Conseils d&rsquo;utilisation : Utiliser l&#8217;embout crayon pour dessiner pr\u00e9cis\u00e9ment la ligne du sourcil, Utiliser l&#8217;embout mousse pour combler les irr\u00e9gularit\u00e9s<\/span><\/li>\n<li class=\"a-spacing-mini\"><span class=\"a-list-item\">Format voyage pratique et hygi\u00e9nique gr\u00e2ce aux deux capuchons<\/span><\/li>\n<li class=\"a-spacing-mini\"><span class=\"a-list-item\">Contenu : 1x Crayon \u00e0 sourcils Brow Satin Duo Crayon et Poudre Maybelline New York, Dark Brown (04)<\/span><\/li>\n<li class=\"a-spacing-mini\">Offre un fini ultra-lisse qui s&rsquo;estompe facilement pour un \u00e9clat instantan\u00e9<\/li>\n<li class=\"a-spacing-mini\">Glisse en douceur pour fournir une couverture homog\u00e8ne qui ne se froisse pas<\/li>\n<li class=\"a-spacing-mini\">Le pigment riche donne un aspect spectaculaire et donne un look d\u00e9fini \u00e0 vos yeux<\/li>\n<li class=\"a-spacing-mini\">\u00c9limine les signes de fatigue et illumine le contour des yeux La<\/li>\n<li class=\"a-spacing-mini\">Formule test\u00e9e dermatologiquement pr\u00e9vient irritations et allergies<\/li>\n<\/ul>","protected":false},"excerpt":{"rendered":"<p><strong><span id=\"productTitle\" class=\"a-size-large product-title-word-break\">Maybelline New York Brow Satin Crayon Sourcils Marron 04 Dark Duo<\/span><\/strong><\/p>\n<ul>\n<li>Offre un fini ultra-lisse qui s&rsquo;estompe facilement pour un \u00e9clat instantan\u00e9<\/li>\n<li>Glisse en douceur pour fournir une couverture homog\u00e8ne qui ne se froisse pas<\/li>\n<li>Le pigment riche donne un aspect spectaculaire et donne un look d\u00e9fini \u00e0 vos yeux<\/li>\n<li>\u00c9limine les signes de fatigue et illumine le contour des yeux La<\/li>\n<li>Formule test\u00e9e dermatologiquement pr\u00e9vient irritations et allergies.<\/li>\n<\/ul>","protected":false},"featured_media":2302,"comment_status":"closed","ping_status":"closed","template":"","meta":[],"product_brand":[410],"product_cat":[222,75,122,230,221],"product_tag":[125],"class_list":{"0":"post-2249","1":"product","2":"type-product","3":"status-publish","4":"has-post-thumbnail","6":"product_brand-maybelline","7":"product_cat-crayon-et-poudre-sourcils","8":"product_cat-femme","9":"product_cat-make-up","10":"product_cat-maybelline","11":"product_cat-sourcils","12":"product_tag-made-in-france","14":"first","15":"outofstock","16":"shipping-taxable","17":"purchasable","18":"product-type-simple"},"yoast_head":"<!-- This site is optimized with the Yoast SEO plugin v27.3 - https:\/\/yoast.com\/product\/yoast-seo-wordpress\/ -->\n<title>MAYBELLINE BROW SATIN DUO NU 04 DARK BROWN - Cosmetic Store<\/title>\n<meta name=\"robots\" content=\"index, follow, max-snippet:-1, max-image-preview:large, max-video-preview:-1\" \/>\n<link rel=\"canonical\" href=\"https:\/\/cosmeticstoredz.com\/ar\/product\/maybelline-brow-satin-duo-nu-04-dark-brown\/\" \/>\n<meta property=\"og:locale\" content=\"ar_AR\" \/>\n<meta property=\"og:type\" content=\"article\" \/>\n<meta property=\"og:title\" content=\"MAYBELLINE BROW SATIN DUO NU 04 DARK BROWN - Cosmetic Store\" \/>\n<meta property=\"og:description\" content=\"Maybelline New York Brow Satin Crayon Sourcils Marron 04 Dark Duo   Offre un fini ultra-lisse qui s&#039;estompe facilement pour un \u00e9clat instantan\u00e9  Glisse en douceur pour fournir une couverture homog\u00e8ne qui ne se froisse pas  Le pigment riche donne un aspect spectaculaire et donne un look d\u00e9fini \u00e0 vos yeux  \u00c9limine les signes de fatigue et illumine le contour des yeux La  Formule test\u00e9e dermatologiquement pr\u00e9vient irritations et allergies.\" \/>\n<meta property=\"og:url\" content=\"https:\/\/cosmeticstoredz.com\/ar\/product\/maybelline-brow-satin-duo-nu-04-dark-brown\/\" \/>\n<meta property=\"og:site_name\" content=\"Cosmetic Store\" \/>\n<meta property=\"article:publisher\" content=\"https:\/\/www.facebook.com\/profile.php?id=61564954260683\" \/>\n<meta property=\"article:modified_time\" content=\"2026-02-16T21:45:21+00:00\" \/>\n<meta property=\"og:image\" content=\"https:\/\/cosmeticstoredz.com\/wp-content\/uploads\/2026\/02\/Design-sans-titre-39-2.png\" \/>\n\t<meta property=\"og:image:width\" content=\"1563\" \/>\n\t<meta property=\"og:image:height\" content=\"1563\" \/>\n\t<meta property=\"og:image:type\" content=\"image\/png\" \/>\n<meta name=\"twitter:card\" content=\"summary_large_image\" \/>\n<meta name=\"twitter:label1\" content=\"\u0648\u0642\u062a \u0627\u0644\u0642\u0631\u0627\u0621\u0629 \u0627\u0644\u0645\u064f\u0642\u062f\u0651\u0631\" \/>\n\t<meta name=\"twitter:data1\" content=\"\u062f\u0642\u064a\u0642\u0629 \u0648\u0627\u062d\u062f\u0629\" \/>\n<script type=\"application\/ld+json\" class=\"yoast-schema-graph\">{\"@context\":\"https:\\\/\\\/schema.org\",\"@graph\":[{\"@type\":\"WebPage\",\"@id\":\"https:\\\/\\\/cosmeticstoredz.com\\\/produit\\\/maybelline-brow-satin-duo-nu-04-dark-brown\\\/\",\"url\":\"https:\\\/\\\/cosmeticstoredz.com\\\/produit\\\/maybelline-brow-satin-duo-nu-04-dark-brown\\\/\",\"name\":\"MAYBELLINE BROW SATIN DUO NU 04 DARK BROWN - Cosmetic Store\",\"isPartOf\":{\"@id\":\"https:\\\/\\\/cosmeticstoredz.com\\\/#website\"},\"primaryImageOfPage\":{\"@id\":\"https:\\\/\\\/cosmeticstoredz.com\\\/produit\\\/maybelline-brow-satin-duo-nu-04-dark-brown\\\/#primaryimage\"},\"image\":{\"@id\":\"https:\\\/\\\/cosmeticstoredz.com\\\/produit\\\/maybelline-brow-satin-duo-nu-04-dark-brown\\\/#primaryimage\"},\"thumbnailUrl\":\"https:\\\/\\\/cosmeticstoredz.com\\\/wp-content\\\/uploads\\\/2026\\\/02\\\/Design-sans-titre-39-2.png\",\"datePublished\":\"2026-02-16T08:54:58+00:00\",\"dateModified\":\"2026-02-16T21:45:21+00:00\",\"breadcrumb\":{\"@id\":\"https:\\\/\\\/cosmeticstoredz.com\\\/produit\\\/maybelline-brow-satin-duo-nu-04-dark-brown\\\/#breadcrumb\"},\"inLanguage\":\"ar\",\"potentialAction\":[{\"@type\":\"ReadAction\",\"target\":[\"https:\\\/\\\/cosmeticstoredz.com\\\/produit\\\/maybelline-brow-satin-duo-nu-04-dark-brown\\\/\"]}]},{\"@type\":\"ImageObject\",\"inLanguage\":\"ar\",\"@id\":\"https:\\\/\\\/cosmeticstoredz.com\\\/produit\\\/maybelline-brow-satin-duo-nu-04-dark-brown\\\/#primaryimage\",\"url\":\"https:\\\/\\\/cosmeticstoredz.com\\\/wp-content\\\/uploads\\\/2026\\\/02\\\/Design-sans-titre-39-2.png\",\"contentUrl\":\"https:\\\/\\\/cosmeticstoredz.com\\\/wp-content\\\/uploads\\\/2026\\\/02\\\/Design-sans-titre-39-2.png\",\"width\":1563,\"height\":1563},{\"@type\":\"BreadcrumbList\",\"@id\":\"https:\\\/\\\/cosmeticstoredz.com\\\/produit\\\/maybelline-brow-satin-duo-nu-04-dark-brown\\\/#breadcrumb\",\"itemListElement\":[{\"@type\":\"ListItem\",\"position\":1,\"name\":\"Accueil\",\"item\":\"https:\\\/\\\/cosmeticstoredz.com\\\/\"},{\"@type\":\"ListItem\",\"position\":2,\"name\":\"Boutique\",\"item\":\"https:\\\/\\\/cosmeticstoredz.com\\\/boutique\\\/\"},{\"@type\":\"ListItem\",\"position\":3,\"name\":\"MAYBELLINE BROW SATIN DUO NU 04 DARK BROWN\"}]},{\"@type\":\"WebSite\",\"@id\":\"https:\\\/\\\/cosmeticstoredz.com\\\/#website\",\"url\":\"https:\\\/\\\/cosmeticstoredz.com\\\/\",\"name\":\"Cosmetic Store\",\"description\":\"\",\"publisher\":{\"@id\":\"https:\\\/\\\/cosmeticstoredz.com\\\/#organization\"},\"potentialAction\":[{\"@type\":\"SearchAction\",\"target\":{\"@type\":\"EntryPoint\",\"urlTemplate\":\"https:\\\/\\\/cosmeticstoredz.com\\\/?s={search_term_string}\"},\"query-input\":{\"@type\":\"PropertyValueSpecification\",\"valueRequired\":true,\"valueName\":\"search_term_string\"}}],\"inLanguage\":\"ar\"},{\"@type\":\"Organization\",\"@id\":\"https:\\\/\\\/cosmeticstoredz.com\\\/#organization\",\"name\":\"Cosmetic Store\",\"url\":\"https:\\\/\\\/cosmeticstoredz.com\\\/\",\"logo\":{\"@type\":\"ImageObject\",\"inLanguage\":\"ar\",\"@id\":\"https:\\\/\\\/cosmeticstoredz.com\\\/#\\\/schema\\\/logo\\\/image\\\/\",\"url\":\"https:\\\/\\\/cosmeticstoredz.com\\\/wp-content\\\/uploads\\\/2026\\\/02\\\/cropped-LOGO_CS-512x512-1-1-e1771275285345.webp\",\"contentUrl\":\"https:\\\/\\\/cosmeticstoredz.com\\\/wp-content\\\/uploads\\\/2026\\\/02\\\/cropped-LOGO_CS-512x512-1-1-e1771275285345.webp\",\"width\":265,\"height\":319,\"caption\":\"Cosmetic Store\"},\"image\":{\"@id\":\"https:\\\/\\\/cosmeticstoredz.com\\\/#\\\/schema\\\/logo\\\/image\\\/\"},\"sameAs\":[\"https:\\\/\\\/www.facebook.com\\\/profile.php?id=61564954260683\",\"https:\\\/\\\/www.instagram.com\\\/cosmetic.storedz\\\/\"]}]}<\/script>\n<!-- \/ Yoast SEO plugin. -->","yoast_head_json":{"title":"MAYBELLINE BROW SATIN DUO NU 04 DARK BROWN - Cosmetic Store","robots":{"index":"index","follow":"follow","max-snippet":"max-snippet:-1","max-image-preview":"max-image-preview:large","max-video-preview":"max-video-preview:-1"},"canonical":"https:\/\/cosmeticstoredz.com\/ar\/product\/maybelline-brow-satin-duo-nu-04-dark-brown\/","og_locale":"ar_AR","og_type":"article","og_title":"MAYBELLINE BROW SATIN DUO NU 04 DARK BROWN - Cosmetic Store","og_description":"Maybelline New York Brow Satin Crayon Sourcils Marron 04 Dark Duo   Offre un fini ultra-lisse qui s'estompe facilement pour un \u00e9clat instantan\u00e9  Glisse en douceur pour fournir une couverture homog\u00e8ne qui ne se froisse pas  Le pigment riche donne un aspect spectaculaire et donne un look d\u00e9fini \u00e0 vos yeux  \u00c9limine les signes de fatigue et illumine le contour des yeux La  Formule test\u00e9e dermatologiquement pr\u00e9vient irritations et allergies.","og_url":"https:\/\/cosmeticstoredz.com\/ar\/product\/maybelline-brow-satin-duo-nu-04-dark-brown\/","og_site_name":"Cosmetic Store","article_publisher":"https:\/\/www.facebook.com\/profile.php?id=61564954260683","article_modified_time":"2026-02-16T21:45:21+00:00","og_image":[{"width":1563,"height":1563,"url":"https:\/\/cosmeticstoredz.com\/wp-content\/uploads\/2026\/02\/Design-sans-titre-39-2.png","type":"image\/png"}],"twitter_card":"summary_large_image","twitter_misc":{"\u0648\u0642\u062a \u0627\u0644\u0642\u0631\u0627\u0621\u0629 \u0627\u0644\u0645\u064f\u0642\u062f\u0651\u0631":"\u062f\u0642\u064a\u0642\u0629 \u0648\u0627\u062d\u062f\u0629"},"schema":{"@context":"https:\/\/schema.org","@graph":[{"@type":"WebPage","@id":"https:\/\/cosmeticstoredz.com\/produit\/maybelline-brow-satin-duo-nu-04-dark-brown\/","url":"https:\/\/cosmeticstoredz.com\/produit\/maybelline-brow-satin-duo-nu-04-dark-brown\/","name":"MAYBELLINE BROW SATIN DUO NU 04 DARK BROWN - Cosmetic Store","isPartOf":{"@id":"https:\/\/cosmeticstoredz.com\/#website"},"primaryImageOfPage":{"@id":"https:\/\/cosmeticstoredz.com\/produit\/maybelline-brow-satin-duo-nu-04-dark-brown\/#primaryimage"},"image":{"@id":"https:\/\/cosmeticstoredz.com\/produit\/maybelline-brow-satin-duo-nu-04-dark-brown\/#primaryimage"},"thumbnailUrl":"https:\/\/cosmeticstoredz.com\/wp-content\/uploads\/2026\/02\/Design-sans-titre-39-2.png","datePublished":"2026-02-16T08:54:58+00:00","dateModified":"2026-02-16T21:45:21+00:00","breadcrumb":{"@id":"https:\/\/cosmeticstoredz.com\/produit\/maybelline-brow-satin-duo-nu-04-dark-brown\/#breadcrumb"},"inLanguage":"ar","potentialAction":[{"@type":"ReadAction","target":["https:\/\/cosmeticstoredz.com\/produit\/maybelline-brow-satin-duo-nu-04-dark-brown\/"]}]},{"@type":"ImageObject","inLanguage":"ar","@id":"https:\/\/cosmeticstoredz.com\/produit\/maybelline-brow-satin-duo-nu-04-dark-brown\/#primaryimage","url":"https:\/\/cosmeticstoredz.com\/wp-content\/uploads\/2026\/02\/Design-sans-titre-39-2.png","contentUrl":"https:\/\/cosmeticstoredz.com\/wp-content\/uploads\/2026\/02\/Design-sans-titre-39-2.png","width":1563,"height":1563},{"@type":"BreadcrumbList","@id":"https:\/\/cosmeticstoredz.com\/produit\/maybelline-brow-satin-duo-nu-04-dark-brown\/#breadcrumb","itemListElement":[{"@type":"ListItem","position":1,"name":"Accueil","item":"https:\/\/cosmeticstoredz.com\/"},{"@type":"ListItem","position":2,"name":"Boutique","item":"https:\/\/cosmeticstoredz.com\/boutique\/"},{"@type":"ListItem","position":3,"name":"MAYBELLINE BROW SATIN DUO NU 04 DARK BROWN"}]},{"@type":"WebSite","@id":"https:\/\/cosmeticstoredz.com\/#website","url":"https:\/\/cosmeticstoredz.com\/","name":"Cosmetic Store","description":"","publisher":{"@id":"https:\/\/cosmeticstoredz.com\/#organization"},"potentialAction":[{"@type":"SearchAction","target":{"@type":"EntryPoint","urlTemplate":"https:\/\/cosmeticstoredz.com\/?s={search_term_string}"},"query-input":{"@type":"PropertyValueSpecification","valueRequired":true,"valueName":"search_term_string"}}],"inLanguage":"ar"},{"@type":"Organization","@id":"https:\/\/cosmeticstoredz.com\/#organization","name":"Cosmetic Store","url":"https:\/\/cosmeticstoredz.com\/","logo":{"@type":"ImageObject","inLanguage":"ar","@id":"https:\/\/cosmeticstoredz.com\/#\/schema\/logo\/image\/","url":"https:\/\/cosmeticstoredz.com\/wp-content\/uploads\/2026\/02\/cropped-LOGO_CS-512x512-1-1-e1771275285345.webp","contentUrl":"https:\/\/cosmeticstoredz.com\/wp-content\/uploads\/2026\/02\/cropped-LOGO_CS-512x512-1-1-e1771275285345.webp","width":265,"height":319,"caption":"Cosmetic Store"},"image":{"@id":"https:\/\/cosmeticstoredz.com\/#\/schema\/logo\/image\/"},"sameAs":["https:\/\/www.facebook.com\/profile.php?id=61564954260683","https:\/\/www.instagram.com\/cosmetic.storedz\/"]}]}},"_links":{"self":[{"href":"https:\/\/cosmeticstoredz.com\/ar\/wp-json\/wp\/v2\/product\/2249","targetHints":{"allow":["GET"]}}],"collection":[{"href":"https:\/\/cosmeticstoredz.com\/ar\/wp-json\/wp\/v2\/product"}],"about":[{"href":"https:\/\/cosmeticstoredz.com\/ar\/wp-json\/wp\/v2\/types\/product"}],"replies":[{"embeddable":true,"href":"https:\/\/cosmeticstoredz.com\/ar\/wp-json\/wp\/v2\/comments?post=2249"}],"version-history":[{"count":1,"href":"https:\/\/cosmeticstoredz.com\/ar\/wp-json\/wp\/v2\/product\/2249\/revisions"}],"predecessor-version":[{"id":2303,"href":"https:\/\/cosmeticstoredz.com\/ar\/wp-json\/wp\/v2\/product\/2249\/revisions\/2303"}],"wp:featuredmedia":[{"embeddable":true,"href":"https:\/\/cosmeticstoredz.com\/ar\/wp-json\/wp\/v2\/media\/2302"}],"wp:attachment":[{"href":"https:\/\/cosmeticstoredz.com\/ar\/wp-json\/wp\/v2\/media?parent=2249"}],"wp:term":[{"taxonomy":"product_brand","embeddable":true,"href":"https:\/\/cosmeticstoredz.com\/ar\/wp-json\/wp\/v2\/product_brand?post=2249"},{"taxonomy":"product_cat","embeddable":true,"href":"https:\/\/cosmeticstoredz.com\/ar\/wp-json\/wp\/v2\/product_cat?post=2249"},{"taxonomy":"product_tag","embeddable":true,"href":"https:\/\/cosmeticstoredz.com\/ar\/wp-json\/wp\/v2\/product_tag?post=2249"}],"curies":[{"name":"wp","href":"https:\/\/api.w.org\/{rel}","templated":true}]}}