{"id":2243,"date":"2026-02-16T08:54:58","date_gmt":"2026-02-16T08:54:58","guid":{"rendered":"https:\/\/test.fitnessworldgym27.com\/?post_type=product&#038;p=2243"},"modified":"2026-04-07T14:19:24","modified_gmt":"2026-04-07T14:19:24","slug":"malizia-edt-bonbon-mitry-love","status":"publish","type":"product","link":"https:\/\/cosmeticstoredz.com\/ar\/product\/malizia-edt-bonbon-mitry-love\/","title":{"rendered":"MALIZIA EDT BONBON MITRY LOVE"},"content":{"rendered":"<p>Les parfums de la s\u00e9rie<strong> \u00ab\u00a0Bon Bons\u00a0\u00bb de Malizia<\/strong> sont d\u00e9sormais devenus de v\u00e9ritables objets cultes \u00e0 collectionner &#8211; car les eaux de toilette pour enfants, adolescents et petits de c\u0153ur sont si joliment con\u00e7ues qu&rsquo;on aimerait toutes les avoir ! Les jolies bouteilles au design ludique et joyeux vous mettent tout simplement de bonne humeur.<\/p>\n<p><strong>Ingr\u00e9dients : <\/strong>Alcool d\u00e9natur\u00e9, Aqua, Parfum, Dipropyl\u00e8ne Glycol, Hexyl, Cinnamal, Limon\u00e8ne, Linalol, Alpha-Isom\u00e9thyl Ionone, Citronellol, Citral.<\/p>","protected":false},"excerpt":{"rendered":"<p>Les parfums de la s\u00e9rie<strong> \u00ab\u00a0Bon Bons\u00a0\u00bb de Malizia<\/strong> sont d\u00e9sormais devenus de v\u00e9ritables objets cultes \u00e0 collectionner &#8211; car les eaux de toilette pour enfants, adolescents et petits de c\u0153ur sont si joliment con\u00e7ues qu&rsquo;on aimerait toutes les avoir ! Les jolies bouteilles au design ludique et joyeux vous mettent tout simplement de bonne humeur.<\/p>","protected":false},"featured_media":2289,"comment_status":"open","ping_status":"closed","template":"","meta":[],"product_brand":[],"product_cat":[146,120,229,78],"product_tag":[170],"class_list":{"0":"post-2243","1":"product","2":"type-product","3":"status-publish","4":"has-post-thumbnail","6":"product_cat-eau-de-toilette-f","7":"product_cat-enfant","8":"product_cat-parfum-e","9":"product_cat-parfum-f","10":"product_tag-made-in-italie","12":"first","13":"instock","14":"shipping-taxable","15":"purchasable","16":"product-type-simple"},"_links":{"self":[{"href":"https:\/\/cosmeticstoredz.com\/ar\/wp-json\/wp\/v2\/product\/2243","targetHints":{"allow":["GET"]}}],"collection":[{"href":"https:\/\/cosmeticstoredz.com\/ar\/wp-json\/wp\/v2\/product"}],"about":[{"href":"https:\/\/cosmeticstoredz.com\/ar\/wp-json\/wp\/v2\/types\/product"}],"replies":[{"embeddable":true,"href":"https:\/\/cosmeticstoredz.com\/ar\/wp-json\/wp\/v2\/comments?post=2243"}],"version-history":[{"count":2,"href":"https:\/\/cosmeticstoredz.com\/ar\/wp-json\/wp\/v2\/product\/2243\/revisions"}],"predecessor-version":[{"id":25862,"href":"https:\/\/cosmeticstoredz.com\/ar\/wp-json\/wp\/v2\/product\/2243\/revisions\/25862"}],"wp:featuredmedia":[{"embeddable":true,"href":"https:\/\/cosmeticstoredz.com\/ar\/wp-json\/wp\/v2\/media\/2289"}],"wp:attachment":[{"href":"https:\/\/cosmeticstoredz.com\/ar\/wp-json\/wp\/v2\/media?parent=2243"}],"wp:term":[{"taxonomy":"product_brand","embeddable":true,"href":"https:\/\/cosmeticstoredz.com\/ar\/wp-json\/wp\/v2\/product_brand?post=2243"},{"taxonomy":"product_cat","embeddable":true,"href":"https:\/\/cosmeticstoredz.com\/ar\/wp-json\/wp\/v2\/product_cat?post=2243"},{"taxonomy":"product_tag","embeddable":true,"href":"https:\/\/cosmeticstoredz.com\/ar\/wp-json\/wp\/v2\/product_tag?post=2243"}],"curies":[{"name":"wp","href":"https:\/\/api.w.org\/{rel}","templated":true}]}}