{"id":2196,"date":"2026-02-16T08:54:38","date_gmt":"2026-02-16T08:54:38","guid":{"rendered":"https:\/\/test.fitnessworldgym27.com\/?post_type=product&#038;p=2196"},"modified":"2026-03-30T19:27:13","modified_gmt":"2026-03-30T19:27:13","slug":"malizia-deodorant-150ml-skyline","status":"publish","type":"product","link":"https:\/\/cosmeticstoredz.com\/ar\/product\/malizia-deodorant-150ml-skyline\/","title":{"rendered":"MALIZIA DEODORANT 150ML SKYLINE"},"content":{"rendered":"<p>Pour r\u00e9pondre aux besoins d&rsquo;un homme dynamique, fougueux et attentif au soin quotidien de son corps, <strong>Malizia<\/strong> propose des Eau de Toilette et D\u00e9odorants pour exprimer au mieux sa personnalit\u00e9 au quotidien. Selon vos go\u00fbts, vous pourrez passer de notes plus fra\u00eeches et plus l\u00e9g\u00e8res \u00e0 des notes plus intenses et p\u00e9n\u00e9trantes.<\/p>\n<p><strong>Skyline<\/strong> : un parfum intense, d\u00e9cisif et excitant comme le Ciel, mais qui offre un lien fort avec la Terre.<\/p>","protected":false},"excerpt":{"rendered":"<p>Pour r\u00e9pondre aux besoins d&rsquo;un homme dynamique, fougueux et attentif au soin quotidien de son corps, <strong>Malizia<\/strong> propose des Eau de Toilette et D\u00e9odorants pour exprimer au mieux sa personnalit\u00e9 au quotidien. Selon vos go\u00fbts, vous pourrez passer de notes plus fra\u00eeches et plus l\u00e9g\u00e8res \u00e0 des notes plus intenses et p\u00e9n\u00e9trantes.<\/p>\n<p><strong>Skyline<\/strong> : un parfum intense, d\u00e9cisif et excitant comme le Ciel, mais qui offre un lien fort avec la Terre.<\/p>","protected":false},"featured_media":2283,"comment_status":"open","ping_status":"closed","template":"","meta":[],"product_brand":[],"product_cat":[85,72],"product_tag":[170],"class_list":{"0":"post-2196","1":"product","2":"type-product","3":"status-publish","4":"has-post-thumbnail","6":"product_cat-deodorant-h","7":"product_cat-homme","8":"product_tag-made-in-italie","10":"first","11":"instock","12":"shipping-taxable","13":"purchasable","14":"product-type-simple"},"_links":{"self":[{"href":"https:\/\/cosmeticstoredz.com\/ar\/wp-json\/wp\/v2\/product\/2196","targetHints":{"allow":["GET"]}}],"collection":[{"href":"https:\/\/cosmeticstoredz.com\/ar\/wp-json\/wp\/v2\/product"}],"about":[{"href":"https:\/\/cosmeticstoredz.com\/ar\/wp-json\/wp\/v2\/types\/product"}],"replies":[{"embeddable":true,"href":"https:\/\/cosmeticstoredz.com\/ar\/wp-json\/wp\/v2\/comments?post=2196"}],"version-history":[{"count":1,"href":"https:\/\/cosmeticstoredz.com\/ar\/wp-json\/wp\/v2\/product\/2196\/revisions"}],"predecessor-version":[{"id":2284,"href":"https:\/\/cosmeticstoredz.com\/ar\/wp-json\/wp\/v2\/product\/2196\/revisions\/2284"}],"wp:featuredmedia":[{"embeddable":true,"href":"https:\/\/cosmeticstoredz.com\/ar\/wp-json\/wp\/v2\/media\/2283"}],"wp:attachment":[{"href":"https:\/\/cosmeticstoredz.com\/ar\/wp-json\/wp\/v2\/media?parent=2196"}],"wp:term":[{"taxonomy":"product_brand","embeddable":true,"href":"https:\/\/cosmeticstoredz.com\/ar\/wp-json\/wp\/v2\/product_brand?post=2196"},{"taxonomy":"product_cat","embeddable":true,"href":"https:\/\/cosmeticstoredz.com\/ar\/wp-json\/wp\/v2\/product_cat?post=2196"},{"taxonomy":"product_tag","embeddable":true,"href":"https:\/\/cosmeticstoredz.com\/ar\/wp-json\/wp\/v2\/product_tag?post=2196"}],"curies":[{"name":"wp","href":"https:\/\/api.w.org\/{rel}","templated":true}]}}