{"id":2189,"date":"2026-02-16T08:54:37","date_gmt":"2026-02-16T08:54:37","guid":{"rendered":"https:\/\/test.fitnessworldgym27.com\/?post_type=product&#038;p=2189"},"modified":"2026-04-18T19:23:18","modified_gmt":"2026-04-18T19:23:18","slug":"magic-dream-lotion","status":"publish","type":"product","link":"https:\/\/cosmeticstoredz.com\/ar\/product\/magic-dream-lotion\/","title":{"rendered":"MAGIC DREAM LOTION"},"content":{"rendered":"<div>\n<p>Spray blanchissant pour \u00e9cran solaire de 180ML<\/p>\n<p>Le spray est atomis\u00e9 et pulv\u00e9ris\u00e9 sur la peau, ce qui facilite la propagation, le frottis et la pr\u00e9vention du gaspillage.<\/p>\n<div>\n<p>La combinaison de la cr\u00e8me solaire physique et de la cr\u00e8me solaire chimique peut pr\u00e9venir au maximum les dommages cutan\u00e9s caus\u00e9s par les rayons ultraviolets et est \u00e9tanche. Donc, que ce soit pour un usage ordinaire ou pour des vacances au bord de la mer, c\u2019est le meilleur choix.<\/p>\n<\/div>\n<div>\n<p>Avec de nombreux micro-\u00e9l\u00e9ments de coposition ultraviolette vitamine, la cr\u00e8me solaire peut aider \u00e0 pr\u00e9venir les coups de soleil, un SPF plus \u00e9lev\u00e9 donne plus de protection contre les coups de soleil, conserve le SPF apr\u00e8s 30 minutes d\u2019activit\u00e9 dans l\u2019eau, offre une protection \u00e9lev\u00e9e contre les rayons ultraviolets, peut durer longtemps, pour les peaux tr\u00e8s sensibles aux rayons ultraviolets.<\/p>\n<ul>\n<li class=\"detail-desc-decorate-content\">1. Prot\u00e9ger la peau des coups de soleil et des coups de soleil.<\/li>\n<li class=\"detail-desc-decorate-content\">2. Il peut former instantan\u00e9ment une couche protectrice sur la peau, qui non seulement semble blanche, mais r\u00e9fl\u00e9chit \u00e9galement les rayons ultraviolets.<\/li>\n<li class=\"detail-desc-decorate-content\">3. Vaporisez-le sur votre visage et votre corps avant de sortir, il peut devenir blanc imm\u00e9diatement. C\u2019est mieux et plus pratique que les cosm\u00e9tiques.<\/li>\n<\/ul>\n<\/div>\n<\/div>\n<div><\/div>","protected":false},"excerpt":{"rendered":"<p><strong>Magic Dream<\/strong> est un spray est atomis\u00e9 et pulv\u00e9ris\u00e9 sur la peau, ce qui facilite la propagation, le frottis et la pr\u00e9vention du gaspillage.<\/p>\n<div>\n<p>La combinaison de la cr\u00e8me solaire physique et de la cr\u00e8me solaire chimique peut pr\u00e9venir au maximum les dommages cutan\u00e9s caus\u00e9s par les rayons ultraviolets et est \u00e9tanche. Donc, que ce soit pour un usage ordinaire ou pour des vacances au bord de la mer, c\u2019est le meilleur choix.<\/p>\n<\/div>","protected":false},"featured_media":2239,"comment_status":"closed","ping_status":"closed","template":"","meta":[],"product_brand":[],"product_cat":[75,227,76,131],"product_tag":[90],"class_list":{"0":"post-2189","1":"product","2":"type-product","3":"status-publish","4":"has-post-thumbnail","6":"product_cat-femme","7":"product_cat-magic-dream","8":"product_cat-soin-visage-f","9":"product_cat-solaire","10":"product_tag-made-in-algeria","12":"first","13":"instock","14":"shipping-taxable","15":"purchasable","16":"product-type-simple"},"yoast_head":"<!-- This site is optimized with the Yoast SEO plugin v27.3 - https:\/\/yoast.com\/product\/yoast-seo-wordpress\/ -->\n<title>MAGIC DREAM LOTION - Cosmetic Store<\/title>\n<meta name=\"robots\" content=\"index, follow, max-snippet:-1, max-image-preview:large, max-video-preview:-1\" \/>\n<link rel=\"canonical\" href=\"https:\/\/cosmeticstoredz.com\/ar\/product\/magic-dream-lotion\/\" \/>\n<meta property=\"og:locale\" content=\"ar_AR\" \/>\n<meta property=\"og:type\" content=\"article\" \/>\n<meta property=\"og:title\" content=\"MAGIC DREAM LOTION - Cosmetic Store\" \/>\n<meta property=\"og:description\" content=\"Magic Dream est un spray est atomis\u00e9 et pulv\u00e9ris\u00e9 sur la peau, ce qui facilite la propagation, le frottis et la pr\u00e9vention du gaspillage.   La combinaison de la cr\u00e8me solaire physique et de la cr\u00e8me solaire chimique peut pr\u00e9venir au maximum les dommages cutan\u00e9s caus\u00e9s par les rayons ultraviolets et est \u00e9tanche. Donc, que ce soit pour un usage ordinaire ou pour des vacances au bord de la mer, c\u2019est le meilleur choix.\" \/>\n<meta property=\"og:url\" content=\"https:\/\/cosmeticstoredz.com\/ar\/product\/magic-dream-lotion\/\" \/>\n<meta property=\"og:site_name\" content=\"Cosmetic Store\" \/>\n<meta property=\"article:publisher\" content=\"https:\/\/www.facebook.com\/profile.php?id=61564954260683\" \/>\n<meta property=\"article:modified_time\" content=\"2026-04-18T19:23:18+00:00\" \/>\n<meta property=\"og:image\" content=\"https:\/\/cosmeticstoredz.com\/wp-content\/uploads\/2026\/02\/Design-sans-titre-30.png\" \/>\n\t<meta property=\"og:image:width\" content=\"1563\" \/>\n\t<meta property=\"og:image:height\" content=\"1563\" \/>\n\t<meta property=\"og:image:type\" content=\"image\/png\" \/>\n<meta name=\"twitter:card\" content=\"summary_large_image\" \/>\n<meta name=\"twitter:label1\" content=\"\u0648\u0642\u062a \u0627\u0644\u0642\u0631\u0627\u0621\u0629 \u0627\u0644\u0645\u064f\u0642\u062f\u0651\u0631\" \/>\n\t<meta name=\"twitter:data1\" content=\"\u062f\u0642\u064a\u0642\u0629 \u0648\u0627\u062d\u062f\u0629\" \/>\n<script type=\"application\/ld+json\" class=\"yoast-schema-graph\">{\"@context\":\"https:\\\/\\\/schema.org\",\"@graph\":[{\"@type\":\"WebPage\",\"@id\":\"https:\\\/\\\/cosmeticstoredz.com\\\/produit\\\/magic-dream-lotion\\\/\",\"url\":\"https:\\\/\\\/cosmeticstoredz.com\\\/produit\\\/magic-dream-lotion\\\/\",\"name\":\"MAGIC DREAM LOTION - Cosmetic Store\",\"isPartOf\":{\"@id\":\"https:\\\/\\\/cosmeticstoredz.com\\\/#website\"},\"primaryImageOfPage\":{\"@id\":\"https:\\\/\\\/cosmeticstoredz.com\\\/produit\\\/magic-dream-lotion\\\/#primaryimage\"},\"image\":{\"@id\":\"https:\\\/\\\/cosmeticstoredz.com\\\/produit\\\/magic-dream-lotion\\\/#primaryimage\"},\"thumbnailUrl\":\"https:\\\/\\\/cosmeticstoredz.com\\\/wp-content\\\/uploads\\\/2026\\\/02\\\/Design-sans-titre-30.png\",\"datePublished\":\"2026-02-16T08:54:37+00:00\",\"dateModified\":\"2026-04-18T19:23:18+00:00\",\"breadcrumb\":{\"@id\":\"https:\\\/\\\/cosmeticstoredz.com\\\/produit\\\/magic-dream-lotion\\\/#breadcrumb\"},\"inLanguage\":\"ar\",\"potentialAction\":[{\"@type\":\"ReadAction\",\"target\":[\"https:\\\/\\\/cosmeticstoredz.com\\\/produit\\\/magic-dream-lotion\\\/\"]}]},{\"@type\":\"ImageObject\",\"inLanguage\":\"ar\",\"@id\":\"https:\\\/\\\/cosmeticstoredz.com\\\/produit\\\/magic-dream-lotion\\\/#primaryimage\",\"url\":\"https:\\\/\\\/cosmeticstoredz.com\\\/wp-content\\\/uploads\\\/2026\\\/02\\\/Design-sans-titre-30.png\",\"contentUrl\":\"https:\\\/\\\/cosmeticstoredz.com\\\/wp-content\\\/uploads\\\/2026\\\/02\\\/Design-sans-titre-30.png\",\"width\":1563,\"height\":1563},{\"@type\":\"BreadcrumbList\",\"@id\":\"https:\\\/\\\/cosmeticstoredz.com\\\/produit\\\/magic-dream-lotion\\\/#breadcrumb\",\"itemListElement\":[{\"@type\":\"ListItem\",\"position\":1,\"name\":\"Accueil\",\"item\":\"https:\\\/\\\/cosmeticstoredz.com\\\/\"},{\"@type\":\"ListItem\",\"position\":2,\"name\":\"Boutique\",\"item\":\"https:\\\/\\\/cosmeticstoredz.com\\\/boutique\\\/\"},{\"@type\":\"ListItem\",\"position\":3,\"name\":\"MAGIC DREAM LOTION\"}]},{\"@type\":\"WebSite\",\"@id\":\"https:\\\/\\\/cosmeticstoredz.com\\\/#website\",\"url\":\"https:\\\/\\\/cosmeticstoredz.com\\\/\",\"name\":\"Cosmetic Store\",\"description\":\"\",\"publisher\":{\"@id\":\"https:\\\/\\\/cosmeticstoredz.com\\\/#organization\"},\"potentialAction\":[{\"@type\":\"SearchAction\",\"target\":{\"@type\":\"EntryPoint\",\"urlTemplate\":\"https:\\\/\\\/cosmeticstoredz.com\\\/?s={search_term_string}\"},\"query-input\":{\"@type\":\"PropertyValueSpecification\",\"valueRequired\":true,\"valueName\":\"search_term_string\"}}],\"inLanguage\":\"ar\"},{\"@type\":\"Organization\",\"@id\":\"https:\\\/\\\/cosmeticstoredz.com\\\/#organization\",\"name\":\"Cosmetic Store\",\"url\":\"https:\\\/\\\/cosmeticstoredz.com\\\/\",\"logo\":{\"@type\":\"ImageObject\",\"inLanguage\":\"ar\",\"@id\":\"https:\\\/\\\/cosmeticstoredz.com\\\/#\\\/schema\\\/logo\\\/image\\\/\",\"url\":\"https:\\\/\\\/cosmeticstoredz.com\\\/wp-content\\\/uploads\\\/2026\\\/02\\\/cropped-LOGO_CS-512x512-1-1-e1771275285345.webp\",\"contentUrl\":\"https:\\\/\\\/cosmeticstoredz.com\\\/wp-content\\\/uploads\\\/2026\\\/02\\\/cropped-LOGO_CS-512x512-1-1-e1771275285345.webp\",\"width\":265,\"height\":319,\"caption\":\"Cosmetic Store\"},\"image\":{\"@id\":\"https:\\\/\\\/cosmeticstoredz.com\\\/#\\\/schema\\\/logo\\\/image\\\/\"},\"sameAs\":[\"https:\\\/\\\/www.facebook.com\\\/profile.php?id=61564954260683\",\"https:\\\/\\\/www.instagram.com\\\/cosmetic.storedz\\\/\"]}]}<\/script>\n<!-- \/ Yoast SEO plugin. -->","yoast_head_json":{"title":"MAGIC DREAM LOTION - Cosmetic Store","robots":{"index":"index","follow":"follow","max-snippet":"max-snippet:-1","max-image-preview":"max-image-preview:large","max-video-preview":"max-video-preview:-1"},"canonical":"https:\/\/cosmeticstoredz.com\/ar\/product\/magic-dream-lotion\/","og_locale":"ar_AR","og_type":"article","og_title":"MAGIC DREAM LOTION - Cosmetic Store","og_description":"Magic Dream est un spray est atomis\u00e9 et pulv\u00e9ris\u00e9 sur la peau, ce qui facilite la propagation, le frottis et la pr\u00e9vention du gaspillage.   La combinaison de la cr\u00e8me solaire physique et de la cr\u00e8me solaire chimique peut pr\u00e9venir au maximum les dommages cutan\u00e9s caus\u00e9s par les rayons ultraviolets et est \u00e9tanche. Donc, que ce soit pour un usage ordinaire ou pour des vacances au bord de la mer, c\u2019est le meilleur choix.","og_url":"https:\/\/cosmeticstoredz.com\/ar\/product\/magic-dream-lotion\/","og_site_name":"Cosmetic Store","article_publisher":"https:\/\/www.facebook.com\/profile.php?id=61564954260683","article_modified_time":"2026-04-18T19:23:18+00:00","og_image":[{"width":1563,"height":1563,"url":"https:\/\/cosmeticstoredz.com\/wp-content\/uploads\/2026\/02\/Design-sans-titre-30.png","type":"image\/png"}],"twitter_card":"summary_large_image","twitter_misc":{"\u0648\u0642\u062a \u0627\u0644\u0642\u0631\u0627\u0621\u0629 \u0627\u0644\u0645\u064f\u0642\u062f\u0651\u0631":"\u062f\u0642\u064a\u0642\u0629 \u0648\u0627\u062d\u062f\u0629"},"schema":{"@context":"https:\/\/schema.org","@graph":[{"@type":"WebPage","@id":"https:\/\/cosmeticstoredz.com\/produit\/magic-dream-lotion\/","url":"https:\/\/cosmeticstoredz.com\/produit\/magic-dream-lotion\/","name":"MAGIC DREAM LOTION - Cosmetic Store","isPartOf":{"@id":"https:\/\/cosmeticstoredz.com\/#website"},"primaryImageOfPage":{"@id":"https:\/\/cosmeticstoredz.com\/produit\/magic-dream-lotion\/#primaryimage"},"image":{"@id":"https:\/\/cosmeticstoredz.com\/produit\/magic-dream-lotion\/#primaryimage"},"thumbnailUrl":"https:\/\/cosmeticstoredz.com\/wp-content\/uploads\/2026\/02\/Design-sans-titre-30.png","datePublished":"2026-02-16T08:54:37+00:00","dateModified":"2026-04-18T19:23:18+00:00","breadcrumb":{"@id":"https:\/\/cosmeticstoredz.com\/produit\/magic-dream-lotion\/#breadcrumb"},"inLanguage":"ar","potentialAction":[{"@type":"ReadAction","target":["https:\/\/cosmeticstoredz.com\/produit\/magic-dream-lotion\/"]}]},{"@type":"ImageObject","inLanguage":"ar","@id":"https:\/\/cosmeticstoredz.com\/produit\/magic-dream-lotion\/#primaryimage","url":"https:\/\/cosmeticstoredz.com\/wp-content\/uploads\/2026\/02\/Design-sans-titre-30.png","contentUrl":"https:\/\/cosmeticstoredz.com\/wp-content\/uploads\/2026\/02\/Design-sans-titre-30.png","width":1563,"height":1563},{"@type":"BreadcrumbList","@id":"https:\/\/cosmeticstoredz.com\/produit\/magic-dream-lotion\/#breadcrumb","itemListElement":[{"@type":"ListItem","position":1,"name":"Accueil","item":"https:\/\/cosmeticstoredz.com\/"},{"@type":"ListItem","position":2,"name":"Boutique","item":"https:\/\/cosmeticstoredz.com\/boutique\/"},{"@type":"ListItem","position":3,"name":"MAGIC DREAM LOTION"}]},{"@type":"WebSite","@id":"https:\/\/cosmeticstoredz.com\/#website","url":"https:\/\/cosmeticstoredz.com\/","name":"Cosmetic Store","description":"","publisher":{"@id":"https:\/\/cosmeticstoredz.com\/#organization"},"potentialAction":[{"@type":"SearchAction","target":{"@type":"EntryPoint","urlTemplate":"https:\/\/cosmeticstoredz.com\/?s={search_term_string}"},"query-input":{"@type":"PropertyValueSpecification","valueRequired":true,"valueName":"search_term_string"}}],"inLanguage":"ar"},{"@type":"Organization","@id":"https:\/\/cosmeticstoredz.com\/#organization","name":"Cosmetic Store","url":"https:\/\/cosmeticstoredz.com\/","logo":{"@type":"ImageObject","inLanguage":"ar","@id":"https:\/\/cosmeticstoredz.com\/#\/schema\/logo\/image\/","url":"https:\/\/cosmeticstoredz.com\/wp-content\/uploads\/2026\/02\/cropped-LOGO_CS-512x512-1-1-e1771275285345.webp","contentUrl":"https:\/\/cosmeticstoredz.com\/wp-content\/uploads\/2026\/02\/cropped-LOGO_CS-512x512-1-1-e1771275285345.webp","width":265,"height":319,"caption":"Cosmetic Store"},"image":{"@id":"https:\/\/cosmeticstoredz.com\/#\/schema\/logo\/image\/"},"sameAs":["https:\/\/www.facebook.com\/profile.php?id=61564954260683","https:\/\/www.instagram.com\/cosmetic.storedz\/"]}]}},"_links":{"self":[{"href":"https:\/\/cosmeticstoredz.com\/ar\/wp-json\/wp\/v2\/product\/2189","targetHints":{"allow":["GET"]}}],"collection":[{"href":"https:\/\/cosmeticstoredz.com\/ar\/wp-json\/wp\/v2\/product"}],"about":[{"href":"https:\/\/cosmeticstoredz.com\/ar\/wp-json\/wp\/v2\/types\/product"}],"replies":[{"embeddable":true,"href":"https:\/\/cosmeticstoredz.com\/ar\/wp-json\/wp\/v2\/comments?post=2189"}],"version-history":[{"count":1,"href":"https:\/\/cosmeticstoredz.com\/ar\/wp-json\/wp\/v2\/product\/2189\/revisions"}],"predecessor-version":[{"id":2240,"href":"https:\/\/cosmeticstoredz.com\/ar\/wp-json\/wp\/v2\/product\/2189\/revisions\/2240"}],"wp:featuredmedia":[{"embeddable":true,"href":"https:\/\/cosmeticstoredz.com\/ar\/wp-json\/wp\/v2\/media\/2239"}],"wp:attachment":[{"href":"https:\/\/cosmeticstoredz.com\/ar\/wp-json\/wp\/v2\/media?parent=2189"}],"wp:term":[{"taxonomy":"product_brand","embeddable":true,"href":"https:\/\/cosmeticstoredz.com\/ar\/wp-json\/wp\/v2\/product_brand?post=2189"},{"taxonomy":"product_cat","embeddable":true,"href":"https:\/\/cosmeticstoredz.com\/ar\/wp-json\/wp\/v2\/product_cat?post=2189"},{"taxonomy":"product_tag","embeddable":true,"href":"https:\/\/cosmeticstoredz.com\/ar\/wp-json\/wp\/v2\/product_tag?post=2189"}],"curies":[{"name":"wp","href":"https:\/\/api.w.org\/{rel}","templated":true}]}}