{"id":2182,"date":"2026-02-16T08:54:37","date_gmt":"2026-02-16T08:54:37","guid":{"rendered":"https:\/\/test.fitnessworldgym27.com\/?post_type=product&#038;p=2182"},"modified":"2026-04-18T19:20:12","modified_gmt":"2026-04-18T19:20:12","slug":"lvl-serum-visage","status":"publish","type":"product","link":"https:\/\/cosmeticstoredz.com\/ar\/product\/lvl-serum-visage\/","title":{"rendered":"LVL SERUM VISAGE"},"content":{"rendered":"<p><a id=\"tab_1-1\" class=\"onglet small-12 premier-onglet active\" href=\"https:\/\/www.ecocentric.fr\/s\/6125_364375_ideal-moisture-level-serum-twelve-beauty#\">DESCRIPTION<\/a><\/p>\n<div id=\"tab-contenu2_1-1\" class=\"onglet-contenu-2\">\n<div class=\"description\">\n<h2>S\u00e9rum hydratant intensif pour peau s\u00e8che Twelve Beauty<\/h2>\n<p><em>Ideal Moisture Level Serum\u00a0<\/em>de la marque Twelve Beauty est un s\u00e9rum hydratant visage qui retient efficacement l&rsquo;hydratation tout en repulpant et en lissant les rides et ridules.<\/p>\n<p>Si sa formule concentr\u00e9e peut ressembler \u00e0 premi\u00e8re vue \u00e0 une huile, le s\u00e9rum hydratant Twelve Beauty est bien un s\u00e9rum l\u00e9ger \u00e0 base d&rsquo;eau qui p\u00e9n\u00e8tre rapidement dans la peau pour former un v\u00e9ritable bouclier invisible contre la d\u00e9shydratation : c&rsquo;est parce qu&rsquo;il utilise la plus grande mol\u00e9cule (en taille) d&rsquo;acide hyaluronique possible pour repulper intens\u00e9ment la surface de la peau et la garder visiblement souple et hydrat\u00e9e.<\/p>\n<p>Enrichi en extraits de fleurs apaisants et en antioxydants pour prot\u00e9ger la peau de l&rsquo;int\u00e9rieur, ce s\u00e9rum naturel super hydratant procure un effet calmant instantan\u00e9 et sublime l&rsquo;\u00e9clat et la luminosit\u00e9 du teint.<\/p>\n<p>L&rsquo;utilisation r\u00e9guli\u00e8re du s\u00e9rum \u00e0 l&rsquo;acide hyaluronique Twelve Beauty aide \u00e0 lutter contre les effets n\u00e9fastes des intemp\u00e9ries, du chauffage central ou de la climatisation.<\/p>\n<h2>Les principaux bienfaits du booster d&rsquo;hydratation Twelve Beauty<\/h2>\n<ul>\n<li>hydrate en profondeur et rafra\u00eechit agr\u00e9ablement la peau<\/li>\n<li>aide \u00e0 pr\u00e9server la souplesse, l&rsquo;\u00e9lasticit\u00e9 et le tonus<\/li>\n<li>repulpe et lisse rides et ridules<\/li>\n<li>apaise les rougeurs et les irritations<\/li>\n<li>donne un coup d&rsquo;\u00e9clat visible au teint<\/li>\n<\/ul>\n<p><em>Ingr\u00e9dients essentiels<\/em><\/p>\n<ul>\n<li><strong>acide hyaluronique \u2013\u00a0<\/strong>hydratation intense ; comble les rides et repulpe la peau<\/li>\n<li><strong>arbre \u00e0 papillon \u2013\u00a0<\/strong>agit contre la pollution \u00e0 l&rsquo;ozone ; prot\u00e8ge contre la lumi\u00e8re bleue responsable de l\u2019apparition de taches pigmentaires<\/li>\n<li><strong>g\u00e9n\u00e9pi blanc \u2013\u00a0<\/strong>riche en acides ph\u00e9noliques, tanins et flavono\u00efdes ; prot\u00e8ge la peau contre les radicaux libres et r\u00e9pare les dommages cutan\u00e9s ; aide \u00e0 apaiser la peau<\/li>\n<li><strong>mauve \u2013\u00a0<\/strong>apaise les irritations et \u00e9quilibre la peau ; favorise la r\u00e9g\u00e9n\u00e9ration et renforce la protection de la peau ; id\u00e9ale pour le soin d&rsquo;une peau s\u00e8che, \u00e9cailleuse et fragile<\/li>\n<li><strong>imp\u00e9ratoire \u2013\u00a0<\/strong>propri\u00e9t\u00e9s cicatrisantes; action r\u00e9g\u00e9n\u00e9rante et protectrice ; effet anti-inflammatoire<\/li>\n<li><strong>glyc\u00e9rine \u2013<\/strong>\u00a0humectant naturel efficace pour maintenir l&rsquo;hydratation de la peau<\/li>\n<li><strong>panthenol \u2013<\/strong>\u00a0ou provitamine B5 ;\u00a0propri\u00e9t\u00e9s r\u00e9paratrices et apaisantes ; excellent cicatrisant cutan\u00e9<\/li>\n<li><strong>isom\u00e9rat de saccharide \u2013<\/strong>\u00a0un actif hydratant 100 % naturel et d&rsquo;origine v\u00e9g\u00e9tale qui imite les glucides naturels pr\u00e9sents dans la couche sup\u00e9rieure de la peau<\/li>\n<\/ul>\n<\/div>\n<\/div>","protected":false},"excerpt":{"rendered":"<p><em>Ideal Moisture Level Serum\u00a0<\/em>de la marque Twelve Beauty est un s\u00e9rum hydratant visage qui retient efficacement l&rsquo;hydratation tout en repulpant et en lissant les rides et ridules.<\/p>","protected":false},"featured_media":2226,"comment_status":"open","ping_status":"closed","template":"","meta":[],"product_brand":[],"product_cat":[75,116,76],"product_tag":[],"class_list":{"0":"post-2182","1":"product","2":"type-product","3":"status-publish","4":"has-post-thumbnail","6":"product_cat-femme","7":"product_cat-serum-fch","8":"product_cat-soin-visage-f","10":"first","11":"outofstock","12":"shipping-taxable","13":"purchasable","14":"product-type-simple"},"yoast_head":"<!-- This site is optimized with the Yoast SEO plugin v27.3 - https:\/\/yoast.com\/product\/yoast-seo-wordpress\/ -->\n<title>LVL SERUM VISAGE - Cosmetic Store<\/title>\n<meta name=\"robots\" content=\"index, follow, max-snippet:-1, max-image-preview:large, max-video-preview:-1\" \/>\n<link rel=\"canonical\" href=\"https:\/\/cosmeticstoredz.com\/ar\/product\/lvl-serum-visage\/\" \/>\n<meta property=\"og:locale\" content=\"ar_AR\" \/>\n<meta property=\"og:type\" content=\"article\" \/>\n<meta property=\"og:title\" content=\"LVL SERUM VISAGE - Cosmetic Store\" \/>\n<meta property=\"og:description\" content=\"Ideal Moisture Level Serum\u00a0de la marque Twelve Beauty est un s\u00e9rum hydratant visage qui retient efficacement l&#039;hydratation tout en repulpant et en lissant les rides et ridules.\" \/>\n<meta property=\"og:url\" content=\"https:\/\/cosmeticstoredz.com\/ar\/product\/lvl-serum-visage\/\" \/>\n<meta property=\"og:site_name\" content=\"Cosmetic Store\" \/>\n<meta property=\"article:publisher\" content=\"https:\/\/www.facebook.com\/profile.php?id=61564954260683\" \/>\n<meta property=\"article:modified_time\" content=\"2026-04-18T19:20:12+00:00\" \/>\n<meta property=\"og:image\" content=\"https:\/\/cosmeticstoredz.com\/wp-content\/uploads\/2026\/02\/CC-52.png\" \/>\n\t<meta property=\"og:image:width\" content=\"500\" \/>\n\t<meta property=\"og:image:height\" content=\"500\" \/>\n\t<meta property=\"og:image:type\" content=\"image\/png\" \/>\n<meta name=\"twitter:card\" content=\"summary_large_image\" \/>\n<meta name=\"twitter:label1\" content=\"\u0648\u0642\u062a \u0627\u0644\u0642\u0631\u0627\u0621\u0629 \u0627\u0644\u0645\u064f\u0642\u062f\u0651\u0631\" \/>\n\t<meta name=\"twitter:data1\" content=\"\u062f\u0642\u064a\u0642\u062a\u0627\u0646\" \/>\n<script type=\"application\/ld+json\" class=\"yoast-schema-graph\">{\"@context\":\"https:\\\/\\\/schema.org\",\"@graph\":[{\"@type\":\"WebPage\",\"@id\":\"https:\\\/\\\/cosmeticstoredz.com\\\/produit\\\/lvl-serum-visage\\\/\",\"url\":\"https:\\\/\\\/cosmeticstoredz.com\\\/produit\\\/lvl-serum-visage\\\/\",\"name\":\"LVL SERUM VISAGE - Cosmetic Store\",\"isPartOf\":{\"@id\":\"https:\\\/\\\/cosmeticstoredz.com\\\/#website\"},\"primaryImageOfPage\":{\"@id\":\"https:\\\/\\\/cosmeticstoredz.com\\\/produit\\\/lvl-serum-visage\\\/#primaryimage\"},\"image\":{\"@id\":\"https:\\\/\\\/cosmeticstoredz.com\\\/produit\\\/lvl-serum-visage\\\/#primaryimage\"},\"thumbnailUrl\":\"https:\\\/\\\/cosmeticstoredz.com\\\/wp-content\\\/uploads\\\/2026\\\/02\\\/CC-52.png\",\"datePublished\":\"2026-02-16T08:54:37+00:00\",\"dateModified\":\"2026-04-18T19:20:12+00:00\",\"breadcrumb\":{\"@id\":\"https:\\\/\\\/cosmeticstoredz.com\\\/produit\\\/lvl-serum-visage\\\/#breadcrumb\"},\"inLanguage\":\"ar\",\"potentialAction\":[{\"@type\":\"ReadAction\",\"target\":[\"https:\\\/\\\/cosmeticstoredz.com\\\/produit\\\/lvl-serum-visage\\\/\"]}]},{\"@type\":\"ImageObject\",\"inLanguage\":\"ar\",\"@id\":\"https:\\\/\\\/cosmeticstoredz.com\\\/produit\\\/lvl-serum-visage\\\/#primaryimage\",\"url\":\"https:\\\/\\\/cosmeticstoredz.com\\\/wp-content\\\/uploads\\\/2026\\\/02\\\/CC-52.png\",\"contentUrl\":\"https:\\\/\\\/cosmeticstoredz.com\\\/wp-content\\\/uploads\\\/2026\\\/02\\\/CC-52.png\",\"width\":500,\"height\":500},{\"@type\":\"BreadcrumbList\",\"@id\":\"https:\\\/\\\/cosmeticstoredz.com\\\/produit\\\/lvl-serum-visage\\\/#breadcrumb\",\"itemListElement\":[{\"@type\":\"ListItem\",\"position\":1,\"name\":\"Accueil\",\"item\":\"https:\\\/\\\/cosmeticstoredz.com\\\/\"},{\"@type\":\"ListItem\",\"position\":2,\"name\":\"Boutique\",\"item\":\"https:\\\/\\\/cosmeticstoredz.com\\\/boutique\\\/\"},{\"@type\":\"ListItem\",\"position\":3,\"name\":\"LVL SERUM VISAGE\"}]},{\"@type\":\"WebSite\",\"@id\":\"https:\\\/\\\/cosmeticstoredz.com\\\/#website\",\"url\":\"https:\\\/\\\/cosmeticstoredz.com\\\/\",\"name\":\"Cosmetic Store\",\"description\":\"\",\"publisher\":{\"@id\":\"https:\\\/\\\/cosmeticstoredz.com\\\/#organization\"},\"potentialAction\":[{\"@type\":\"SearchAction\",\"target\":{\"@type\":\"EntryPoint\",\"urlTemplate\":\"https:\\\/\\\/cosmeticstoredz.com\\\/?s={search_term_string}\"},\"query-input\":{\"@type\":\"PropertyValueSpecification\",\"valueRequired\":true,\"valueName\":\"search_term_string\"}}],\"inLanguage\":\"ar\"},{\"@type\":\"Organization\",\"@id\":\"https:\\\/\\\/cosmeticstoredz.com\\\/#organization\",\"name\":\"Cosmetic Store\",\"url\":\"https:\\\/\\\/cosmeticstoredz.com\\\/\",\"logo\":{\"@type\":\"ImageObject\",\"inLanguage\":\"ar\",\"@id\":\"https:\\\/\\\/cosmeticstoredz.com\\\/#\\\/schema\\\/logo\\\/image\\\/\",\"url\":\"https:\\\/\\\/cosmeticstoredz.com\\\/wp-content\\\/uploads\\\/2026\\\/02\\\/cropped-LOGO_CS-512x512-1-1-e1771275285345.webp\",\"contentUrl\":\"https:\\\/\\\/cosmeticstoredz.com\\\/wp-content\\\/uploads\\\/2026\\\/02\\\/cropped-LOGO_CS-512x512-1-1-e1771275285345.webp\",\"width\":265,\"height\":319,\"caption\":\"Cosmetic Store\"},\"image\":{\"@id\":\"https:\\\/\\\/cosmeticstoredz.com\\\/#\\\/schema\\\/logo\\\/image\\\/\"},\"sameAs\":[\"https:\\\/\\\/www.facebook.com\\\/profile.php?id=61564954260683\",\"https:\\\/\\\/www.instagram.com\\\/cosmetic.storedz\\\/\"]}]}<\/script>\n<!-- \/ Yoast SEO plugin. -->","yoast_head_json":{"title":"LVL SERUM VISAGE - Cosmetic Store","robots":{"index":"index","follow":"follow","max-snippet":"max-snippet:-1","max-image-preview":"max-image-preview:large","max-video-preview":"max-video-preview:-1"},"canonical":"https:\/\/cosmeticstoredz.com\/ar\/product\/lvl-serum-visage\/","og_locale":"ar_AR","og_type":"article","og_title":"LVL SERUM VISAGE - Cosmetic Store","og_description":"Ideal Moisture Level Serum\u00a0de la marque Twelve Beauty est un s\u00e9rum hydratant visage qui retient efficacement l'hydratation tout en repulpant et en lissant les rides et ridules.","og_url":"https:\/\/cosmeticstoredz.com\/ar\/product\/lvl-serum-visage\/","og_site_name":"Cosmetic Store","article_publisher":"https:\/\/www.facebook.com\/profile.php?id=61564954260683","article_modified_time":"2026-04-18T19:20:12+00:00","og_image":[{"width":500,"height":500,"url":"https:\/\/cosmeticstoredz.com\/wp-content\/uploads\/2026\/02\/CC-52.png","type":"image\/png"}],"twitter_card":"summary_large_image","twitter_misc":{"\u0648\u0642\u062a \u0627\u0644\u0642\u0631\u0627\u0621\u0629 \u0627\u0644\u0645\u064f\u0642\u062f\u0651\u0631":"\u062f\u0642\u064a\u0642\u062a\u0627\u0646"},"schema":{"@context":"https:\/\/schema.org","@graph":[{"@type":"WebPage","@id":"https:\/\/cosmeticstoredz.com\/produit\/lvl-serum-visage\/","url":"https:\/\/cosmeticstoredz.com\/produit\/lvl-serum-visage\/","name":"LVL SERUM VISAGE - Cosmetic Store","isPartOf":{"@id":"https:\/\/cosmeticstoredz.com\/#website"},"primaryImageOfPage":{"@id":"https:\/\/cosmeticstoredz.com\/produit\/lvl-serum-visage\/#primaryimage"},"image":{"@id":"https:\/\/cosmeticstoredz.com\/produit\/lvl-serum-visage\/#primaryimage"},"thumbnailUrl":"https:\/\/cosmeticstoredz.com\/wp-content\/uploads\/2026\/02\/CC-52.png","datePublished":"2026-02-16T08:54:37+00:00","dateModified":"2026-04-18T19:20:12+00:00","breadcrumb":{"@id":"https:\/\/cosmeticstoredz.com\/produit\/lvl-serum-visage\/#breadcrumb"},"inLanguage":"ar","potentialAction":[{"@type":"ReadAction","target":["https:\/\/cosmeticstoredz.com\/produit\/lvl-serum-visage\/"]}]},{"@type":"ImageObject","inLanguage":"ar","@id":"https:\/\/cosmeticstoredz.com\/produit\/lvl-serum-visage\/#primaryimage","url":"https:\/\/cosmeticstoredz.com\/wp-content\/uploads\/2026\/02\/CC-52.png","contentUrl":"https:\/\/cosmeticstoredz.com\/wp-content\/uploads\/2026\/02\/CC-52.png","width":500,"height":500},{"@type":"BreadcrumbList","@id":"https:\/\/cosmeticstoredz.com\/produit\/lvl-serum-visage\/#breadcrumb","itemListElement":[{"@type":"ListItem","position":1,"name":"Accueil","item":"https:\/\/cosmeticstoredz.com\/"},{"@type":"ListItem","position":2,"name":"Boutique","item":"https:\/\/cosmeticstoredz.com\/boutique\/"},{"@type":"ListItem","position":3,"name":"LVL SERUM VISAGE"}]},{"@type":"WebSite","@id":"https:\/\/cosmeticstoredz.com\/#website","url":"https:\/\/cosmeticstoredz.com\/","name":"Cosmetic Store","description":"","publisher":{"@id":"https:\/\/cosmeticstoredz.com\/#organization"},"potentialAction":[{"@type":"SearchAction","target":{"@type":"EntryPoint","urlTemplate":"https:\/\/cosmeticstoredz.com\/?s={search_term_string}"},"query-input":{"@type":"PropertyValueSpecification","valueRequired":true,"valueName":"search_term_string"}}],"inLanguage":"ar"},{"@type":"Organization","@id":"https:\/\/cosmeticstoredz.com\/#organization","name":"Cosmetic Store","url":"https:\/\/cosmeticstoredz.com\/","logo":{"@type":"ImageObject","inLanguage":"ar","@id":"https:\/\/cosmeticstoredz.com\/#\/schema\/logo\/image\/","url":"https:\/\/cosmeticstoredz.com\/wp-content\/uploads\/2026\/02\/cropped-LOGO_CS-512x512-1-1-e1771275285345.webp","contentUrl":"https:\/\/cosmeticstoredz.com\/wp-content\/uploads\/2026\/02\/cropped-LOGO_CS-512x512-1-1-e1771275285345.webp","width":265,"height":319,"caption":"Cosmetic Store"},"image":{"@id":"https:\/\/cosmeticstoredz.com\/#\/schema\/logo\/image\/"},"sameAs":["https:\/\/www.facebook.com\/profile.php?id=61564954260683","https:\/\/www.instagram.com\/cosmetic.storedz\/"]}]}},"_links":{"self":[{"href":"https:\/\/cosmeticstoredz.com\/ar\/wp-json\/wp\/v2\/product\/2182","targetHints":{"allow":["GET"]}}],"collection":[{"href":"https:\/\/cosmeticstoredz.com\/ar\/wp-json\/wp\/v2\/product"}],"about":[{"href":"https:\/\/cosmeticstoredz.com\/ar\/wp-json\/wp\/v2\/types\/product"}],"replies":[{"embeddable":true,"href":"https:\/\/cosmeticstoredz.com\/ar\/wp-json\/wp\/v2\/comments?post=2182"}],"version-history":[{"count":1,"href":"https:\/\/cosmeticstoredz.com\/ar\/wp-json\/wp\/v2\/product\/2182\/revisions"}],"predecessor-version":[{"id":2227,"href":"https:\/\/cosmeticstoredz.com\/ar\/wp-json\/wp\/v2\/product\/2182\/revisions\/2227"}],"wp:featuredmedia":[{"embeddable":true,"href":"https:\/\/cosmeticstoredz.com\/ar\/wp-json\/wp\/v2\/media\/2226"}],"wp:attachment":[{"href":"https:\/\/cosmeticstoredz.com\/ar\/wp-json\/wp\/v2\/media?parent=2182"}],"wp:term":[{"taxonomy":"product_brand","embeddable":true,"href":"https:\/\/cosmeticstoredz.com\/ar\/wp-json\/wp\/v2\/product_brand?post=2182"},{"taxonomy":"product_cat","embeddable":true,"href":"https:\/\/cosmeticstoredz.com\/ar\/wp-json\/wp\/v2\/product_cat?post=2182"},{"taxonomy":"product_tag","embeddable":true,"href":"https:\/\/cosmeticstoredz.com\/ar\/wp-json\/wp\/v2\/product_tag?post=2182"}],"curies":[{"name":"wp","href":"https:\/\/api.w.org\/{rel}","templated":true}]}}