{"id":2181,"date":"2026-02-16T08:54:37","date_gmt":"2026-02-16T08:54:37","guid":{"rendered":"https:\/\/test.fitnessworldgym27.com\/?post_type=product&#038;p=2181"},"modified":"2026-04-18T19:23:17","modified_gmt":"2026-04-18T19:23:17","slug":"lvl-huile-fantastique","status":"publish","type":"product","link":"https:\/\/cosmeticstoredz.com\/ar\/product\/lvl-huile-fantastique\/","title":{"rendered":"LVL HUILE FANTASTIQUE"},"content":{"rendered":"<p>Une\u00a0<strong>huile s\u00e8che multi-usages<\/strong>\u00a0(visage, corps, cheveux)<\/p>\n<ul>\n<li><strong>Six huiles et extraits huileux exceptionnels &amp; vitamine E :\u00a0<\/strong><\/li>\n<\/ul>\n<p>\u2013 Olive, Amande, Noisette, Tomate, Romarin, et la fleur de SAINT JEAN.<\/p>\n<p>Sa formule laisse un parfum envoutant aux notes florales et orintales.<\/p>\n<ul>\n<li>Sa texture non grasse p)\u00e9n\u00e8tre instantan\u00e9ment faisant d\u2019elle :<\/li>\n<\/ul>\n<p>1- Un embellisseur capillaire: \u00e9clat, nutrition, douceur, et brillance des cheveux tout en l\u00e9g\u00e8ret\u00e9.<\/p>\n<p>2- Un soin anti-age qui apaise les peaux irrit\u00e9es, abim\u00e9es et disquam\u00e9es, revitalise et r\u00e9tablit l\u2019\u00e9clat des peaux, pr\u00e9vient le d\u00e9shydratation\u00a0 et la formation des ridules.<\/p>\n<p>3- Un enchantement du corps: la peau est hydrat\u00e9e, raffermit et revitalis\u00e9e, toujour brillante de sant\u00e9.<\/p>\n<p><b>Les bienfaits de l\u2019huile s\u00e8che de Laura Vincent pour la peau :\u00a0<\/b><\/p>\n<p>Quels que soient les saisons, en \u00e9t\u00e9 comme en hiver, la peau a besoin d\u2019\u00eatre hydrat\u00e9e et nourrie. En effet, il s\u2019agit d\u2019un syst\u00e8me fragile et complexe qu\u2019il est primordial de chouchouter. Lorsque celle-ci subit le froid ou le soleil, elle a tendance \u00e0 s\u2019ass\u00e9cher, ce qui peut la rendre plus terne et la faire vieillir pr\u00e9matur\u00e9ment. Fort heureusement,la marque Laura Vincent a d\u00e9velopp\u00e9e l\u2019<strong>huile fantastique , une huile s\u00e8che<\/strong>\u00a0pour venir au secours de votre \u00e9piderme fragilis\u00e9. Alors, comment s\u2019utilisent ces huiles ? Quelle est la diff\u00e9rence entre une huile s\u00e8che et une huile classique ?<\/p>\n<p><strong>La diff\u00e9rence entre une huile s\u00e8che et une huile classique ?<\/strong><\/p>\n<p>Une huile classique s\u2019utilise majoritairement lorsque vous avez du temps devant vous. En effet, celle-ci laisse un film gras derri\u00e8re elle et emp\u00eache donc de s\u2019habiller imm\u00e9diatement apr\u00e8s son application.\u00a0<strong>Une huile s\u00e8che<\/strong>, en revanche,<strong>\u00a0ne laisse aucune sensation de peau grasse<\/strong>\u00a0derri\u00e8re elle et p\u00e9n\u00e8tre tr\u00e8s rapidement au coeur de l\u2019\u00e9piderme. Celle-ci hydrate mieux la peau qu\u2019une cr\u00e8me classique et contribue \u00e0 l\u2019adoucir et \u00e0 la faire briller durablement. Les huiles pour le corps sont gorg\u00e9es de vitamines, d\u2019antioxydants et d\u2019acides gras. Ainsi, elles aident la peau \u00e0 se fabriquer une barri\u00e8re lipidique tr\u00e8s efficace pour se prot\u00e9ger des agressions. De plus, les huiles sont aussi efficaces contre les vergetures et sont dot\u00e9s d\u2019un pouvoir anti-\u00e2ge. Enfin, celles-ci peuvent aussi s\u2019utiliser sur les cheveux en vue de les nourrir. Toutefois, mieux vaut \u00e9viter d\u2019en appliquer au niveau des racines.<\/p>\n<p><b>Les huiles v\u00e9g\u00e9tales qui peuvent rentr\u00e9es dans la formulation des huiles s\u00e8ches pour le corps :\u00a0<\/b><\/p>\n<p>Il existe tout un tas d\u2019huiles pour le corps pr\u00e9sentes sur le march\u00e9. N\u00e9anmoins, chaque ingr\u00e9dient \u00e0 sa sp\u00e9cificit\u00e9.<\/p>\n<ul>\n<li>L\u2019huile d\u2019argan est tr\u00e8s efficace pour prot\u00e9ger l\u2019\u00e9piderme du dess\u00e8chement et des irritations.<\/li>\n<li>L\u2019huile de coco apaise les ger\u00e7ures et les rougeurs.<\/li>\n<li>L\u2019huile d\u2019amande douce nourrit et adoucit l\u2019\u00e9piderme. Elle est aussi efficace contre les vergetures.<\/li>\n<li>L\u2019huile de s\u00e9same est un puissant antioxydant et aide \u00e0 r\u00e9g\u00e9n\u00e9rer la peau.<\/li>\n<li>L\u2019huile de noyaux d\u2019abricots rend l\u2019\u00e9piderme plus tonique.<\/li>\n<li>L\u2019huile d\u2019avocat r\u00e9hydrate intens\u00e9ment et s\u2019av\u00e8re tr\u00e8s efficace au niveau des talons et des mains. De m\u00eame, elle aide \u00e0 r\u00e9parer les cheveux secs.<\/li>\n<li>L\u2019huile de jojoba une huile s\u00e8che par excellence qui facilite la cicatrisation \u00e9pidermique<\/li>\n<\/ul>","protected":false},"excerpt":{"rendered":"<p>Une\u00a0<strong>huile s\u00e8che multi-usages<\/strong>\u00a0(visage, corps, cheveux)<\/p>","protected":false},"featured_media":2224,"comment_status":"open","ping_status":"closed","template":"","meta":[],"product_brand":[],"product_cat":[75,96,81,76,130],"product_tag":[],"class_list":{"0":"post-2181","1":"product","2":"type-product","3":"status-publish","4":"has-post-thumbnail","6":"product_cat-femme","7":"product_cat-huile","8":"product_cat-soin-corps-f","9":"product_cat-soin-visage-f","10":"product_cat-soin-visage-h","12":"first","13":"outofstock","14":"shipping-taxable","15":"purchasable","16":"product-type-simple"},"yoast_head":"<!-- This site is optimized with the Yoast SEO plugin v27.3 - https:\/\/yoast.com\/product\/yoast-seo-wordpress\/ -->\n<title>LVL HUILE FANTASTIQUE - Cosmetic Store<\/title>\n<meta name=\"robots\" content=\"index, follow, max-snippet:-1, max-image-preview:large, max-video-preview:-1\" \/>\n<link rel=\"canonical\" href=\"https:\/\/cosmeticstoredz.com\/ar\/product\/lvl-huile-fantastique\/\" \/>\n<meta property=\"og:locale\" content=\"ar_AR\" \/>\n<meta property=\"og:type\" content=\"article\" \/>\n<meta property=\"og:title\" content=\"LVL HUILE FANTASTIQUE - Cosmetic Store\" \/>\n<meta property=\"og:description\" content=\"Une\u00a0huile s\u00e8che multi-usages\u00a0(visage, corps, cheveux)\" \/>\n<meta property=\"og:url\" content=\"https:\/\/cosmeticstoredz.com\/ar\/product\/lvl-huile-fantastique\/\" \/>\n<meta property=\"og:site_name\" content=\"Cosmetic Store\" \/>\n<meta property=\"article:publisher\" content=\"https:\/\/www.facebook.com\/profile.php?id=61564954260683\" \/>\n<meta property=\"article:modified_time\" content=\"2026-04-18T19:23:17+00:00\" \/>\n<meta property=\"og:image\" content=\"https:\/\/cosmeticstoredz.com\/wp-content\/uploads\/2026\/02\/CC-54.png\" \/>\n\t<meta property=\"og:image:width\" content=\"500\" \/>\n\t<meta property=\"og:image:height\" content=\"500\" \/>\n\t<meta property=\"og:image:type\" content=\"image\/png\" \/>\n<meta name=\"twitter:card\" content=\"summary_large_image\" \/>\n<meta name=\"twitter:label1\" content=\"\u0648\u0642\u062a \u0627\u0644\u0642\u0631\u0627\u0621\u0629 \u0627\u0644\u0645\u064f\u0642\u062f\u0651\u0631\" \/>\n\t<meta name=\"twitter:data1\" content=\"3 \u062f\u0642\u0627\u0626\u0642\" \/>\n<script type=\"application\/ld+json\" class=\"yoast-schema-graph\">{\"@context\":\"https:\\\/\\\/schema.org\",\"@graph\":[{\"@type\":\"WebPage\",\"@id\":\"https:\\\/\\\/cosmeticstoredz.com\\\/produit\\\/lvl-huile-fantastique\\\/\",\"url\":\"https:\\\/\\\/cosmeticstoredz.com\\\/produit\\\/lvl-huile-fantastique\\\/\",\"name\":\"LVL HUILE FANTASTIQUE - Cosmetic Store\",\"isPartOf\":{\"@id\":\"https:\\\/\\\/cosmeticstoredz.com\\\/#website\"},\"primaryImageOfPage\":{\"@id\":\"https:\\\/\\\/cosmeticstoredz.com\\\/produit\\\/lvl-huile-fantastique\\\/#primaryimage\"},\"image\":{\"@id\":\"https:\\\/\\\/cosmeticstoredz.com\\\/produit\\\/lvl-huile-fantastique\\\/#primaryimage\"},\"thumbnailUrl\":\"https:\\\/\\\/cosmeticstoredz.com\\\/wp-content\\\/uploads\\\/2026\\\/02\\\/CC-54.png\",\"datePublished\":\"2026-02-16T08:54:37+00:00\",\"dateModified\":\"2026-04-18T19:23:17+00:00\",\"breadcrumb\":{\"@id\":\"https:\\\/\\\/cosmeticstoredz.com\\\/produit\\\/lvl-huile-fantastique\\\/#breadcrumb\"},\"inLanguage\":\"ar\",\"potentialAction\":[{\"@type\":\"ReadAction\",\"target\":[\"https:\\\/\\\/cosmeticstoredz.com\\\/produit\\\/lvl-huile-fantastique\\\/\"]}]},{\"@type\":\"ImageObject\",\"inLanguage\":\"ar\",\"@id\":\"https:\\\/\\\/cosmeticstoredz.com\\\/produit\\\/lvl-huile-fantastique\\\/#primaryimage\",\"url\":\"https:\\\/\\\/cosmeticstoredz.com\\\/wp-content\\\/uploads\\\/2026\\\/02\\\/CC-54.png\",\"contentUrl\":\"https:\\\/\\\/cosmeticstoredz.com\\\/wp-content\\\/uploads\\\/2026\\\/02\\\/CC-54.png\",\"width\":500,\"height\":500},{\"@type\":\"BreadcrumbList\",\"@id\":\"https:\\\/\\\/cosmeticstoredz.com\\\/produit\\\/lvl-huile-fantastique\\\/#breadcrumb\",\"itemListElement\":[{\"@type\":\"ListItem\",\"position\":1,\"name\":\"Accueil\",\"item\":\"https:\\\/\\\/cosmeticstoredz.com\\\/\"},{\"@type\":\"ListItem\",\"position\":2,\"name\":\"Boutique\",\"item\":\"https:\\\/\\\/cosmeticstoredz.com\\\/boutique\\\/\"},{\"@type\":\"ListItem\",\"position\":3,\"name\":\"LVL HUILE FANTASTIQUE\"}]},{\"@type\":\"WebSite\",\"@id\":\"https:\\\/\\\/cosmeticstoredz.com\\\/#website\",\"url\":\"https:\\\/\\\/cosmeticstoredz.com\\\/\",\"name\":\"Cosmetic Store\",\"description\":\"\",\"publisher\":{\"@id\":\"https:\\\/\\\/cosmeticstoredz.com\\\/#organization\"},\"potentialAction\":[{\"@type\":\"SearchAction\",\"target\":{\"@type\":\"EntryPoint\",\"urlTemplate\":\"https:\\\/\\\/cosmeticstoredz.com\\\/?s={search_term_string}\"},\"query-input\":{\"@type\":\"PropertyValueSpecification\",\"valueRequired\":true,\"valueName\":\"search_term_string\"}}],\"inLanguage\":\"ar\"},{\"@type\":\"Organization\",\"@id\":\"https:\\\/\\\/cosmeticstoredz.com\\\/#organization\",\"name\":\"Cosmetic Store\",\"url\":\"https:\\\/\\\/cosmeticstoredz.com\\\/\",\"logo\":{\"@type\":\"ImageObject\",\"inLanguage\":\"ar\",\"@id\":\"https:\\\/\\\/cosmeticstoredz.com\\\/#\\\/schema\\\/logo\\\/image\\\/\",\"url\":\"https:\\\/\\\/cosmeticstoredz.com\\\/wp-content\\\/uploads\\\/2026\\\/02\\\/cropped-LOGO_CS-512x512-1-1-e1771275285345.webp\",\"contentUrl\":\"https:\\\/\\\/cosmeticstoredz.com\\\/wp-content\\\/uploads\\\/2026\\\/02\\\/cropped-LOGO_CS-512x512-1-1-e1771275285345.webp\",\"width\":265,\"height\":319,\"caption\":\"Cosmetic Store\"},\"image\":{\"@id\":\"https:\\\/\\\/cosmeticstoredz.com\\\/#\\\/schema\\\/logo\\\/image\\\/\"},\"sameAs\":[\"https:\\\/\\\/www.facebook.com\\\/profile.php?id=61564954260683\",\"https:\\\/\\\/www.instagram.com\\\/cosmetic.storedz\\\/\"]}]}<\/script>\n<!-- \/ Yoast SEO plugin. -->","yoast_head_json":{"title":"LVL HUILE FANTASTIQUE - Cosmetic Store","robots":{"index":"index","follow":"follow","max-snippet":"max-snippet:-1","max-image-preview":"max-image-preview:large","max-video-preview":"max-video-preview:-1"},"canonical":"https:\/\/cosmeticstoredz.com\/ar\/product\/lvl-huile-fantastique\/","og_locale":"ar_AR","og_type":"article","og_title":"LVL HUILE FANTASTIQUE - Cosmetic Store","og_description":"Une\u00a0huile s\u00e8che multi-usages\u00a0(visage, corps, cheveux)","og_url":"https:\/\/cosmeticstoredz.com\/ar\/product\/lvl-huile-fantastique\/","og_site_name":"Cosmetic Store","article_publisher":"https:\/\/www.facebook.com\/profile.php?id=61564954260683","article_modified_time":"2026-04-18T19:23:17+00:00","og_image":[{"width":500,"height":500,"url":"https:\/\/cosmeticstoredz.com\/wp-content\/uploads\/2026\/02\/CC-54.png","type":"image\/png"}],"twitter_card":"summary_large_image","twitter_misc":{"\u0648\u0642\u062a \u0627\u0644\u0642\u0631\u0627\u0621\u0629 \u0627\u0644\u0645\u064f\u0642\u062f\u0651\u0631":"3 \u062f\u0642\u0627\u0626\u0642"},"schema":{"@context":"https:\/\/schema.org","@graph":[{"@type":"WebPage","@id":"https:\/\/cosmeticstoredz.com\/produit\/lvl-huile-fantastique\/","url":"https:\/\/cosmeticstoredz.com\/produit\/lvl-huile-fantastique\/","name":"LVL HUILE FANTASTIQUE - Cosmetic Store","isPartOf":{"@id":"https:\/\/cosmeticstoredz.com\/#website"},"primaryImageOfPage":{"@id":"https:\/\/cosmeticstoredz.com\/produit\/lvl-huile-fantastique\/#primaryimage"},"image":{"@id":"https:\/\/cosmeticstoredz.com\/produit\/lvl-huile-fantastique\/#primaryimage"},"thumbnailUrl":"https:\/\/cosmeticstoredz.com\/wp-content\/uploads\/2026\/02\/CC-54.png","datePublished":"2026-02-16T08:54:37+00:00","dateModified":"2026-04-18T19:23:17+00:00","breadcrumb":{"@id":"https:\/\/cosmeticstoredz.com\/produit\/lvl-huile-fantastique\/#breadcrumb"},"inLanguage":"ar","potentialAction":[{"@type":"ReadAction","target":["https:\/\/cosmeticstoredz.com\/produit\/lvl-huile-fantastique\/"]}]},{"@type":"ImageObject","inLanguage":"ar","@id":"https:\/\/cosmeticstoredz.com\/produit\/lvl-huile-fantastique\/#primaryimage","url":"https:\/\/cosmeticstoredz.com\/wp-content\/uploads\/2026\/02\/CC-54.png","contentUrl":"https:\/\/cosmeticstoredz.com\/wp-content\/uploads\/2026\/02\/CC-54.png","width":500,"height":500},{"@type":"BreadcrumbList","@id":"https:\/\/cosmeticstoredz.com\/produit\/lvl-huile-fantastique\/#breadcrumb","itemListElement":[{"@type":"ListItem","position":1,"name":"Accueil","item":"https:\/\/cosmeticstoredz.com\/"},{"@type":"ListItem","position":2,"name":"Boutique","item":"https:\/\/cosmeticstoredz.com\/boutique\/"},{"@type":"ListItem","position":3,"name":"LVL HUILE FANTASTIQUE"}]},{"@type":"WebSite","@id":"https:\/\/cosmeticstoredz.com\/#website","url":"https:\/\/cosmeticstoredz.com\/","name":"Cosmetic Store","description":"","publisher":{"@id":"https:\/\/cosmeticstoredz.com\/#organization"},"potentialAction":[{"@type":"SearchAction","target":{"@type":"EntryPoint","urlTemplate":"https:\/\/cosmeticstoredz.com\/?s={search_term_string}"},"query-input":{"@type":"PropertyValueSpecification","valueRequired":true,"valueName":"search_term_string"}}],"inLanguage":"ar"},{"@type":"Organization","@id":"https:\/\/cosmeticstoredz.com\/#organization","name":"Cosmetic Store","url":"https:\/\/cosmeticstoredz.com\/","logo":{"@type":"ImageObject","inLanguage":"ar","@id":"https:\/\/cosmeticstoredz.com\/#\/schema\/logo\/image\/","url":"https:\/\/cosmeticstoredz.com\/wp-content\/uploads\/2026\/02\/cropped-LOGO_CS-512x512-1-1-e1771275285345.webp","contentUrl":"https:\/\/cosmeticstoredz.com\/wp-content\/uploads\/2026\/02\/cropped-LOGO_CS-512x512-1-1-e1771275285345.webp","width":265,"height":319,"caption":"Cosmetic Store"},"image":{"@id":"https:\/\/cosmeticstoredz.com\/#\/schema\/logo\/image\/"},"sameAs":["https:\/\/www.facebook.com\/profile.php?id=61564954260683","https:\/\/www.instagram.com\/cosmetic.storedz\/"]}]}},"_links":{"self":[{"href":"https:\/\/cosmeticstoredz.com\/ar\/wp-json\/wp\/v2\/product\/2181","targetHints":{"allow":["GET"]}}],"collection":[{"href":"https:\/\/cosmeticstoredz.com\/ar\/wp-json\/wp\/v2\/product"}],"about":[{"href":"https:\/\/cosmeticstoredz.com\/ar\/wp-json\/wp\/v2\/types\/product"}],"replies":[{"embeddable":true,"href":"https:\/\/cosmeticstoredz.com\/ar\/wp-json\/wp\/v2\/comments?post=2181"}],"version-history":[{"count":1,"href":"https:\/\/cosmeticstoredz.com\/ar\/wp-json\/wp\/v2\/product\/2181\/revisions"}],"predecessor-version":[{"id":2225,"href":"https:\/\/cosmeticstoredz.com\/ar\/wp-json\/wp\/v2\/product\/2181\/revisions\/2225"}],"wp:featuredmedia":[{"embeddable":true,"href":"https:\/\/cosmeticstoredz.com\/ar\/wp-json\/wp\/v2\/media\/2224"}],"wp:attachment":[{"href":"https:\/\/cosmeticstoredz.com\/ar\/wp-json\/wp\/v2\/media?parent=2181"}],"wp:term":[{"taxonomy":"product_brand","embeddable":true,"href":"https:\/\/cosmeticstoredz.com\/ar\/wp-json\/wp\/v2\/product_brand?post=2181"},{"taxonomy":"product_cat","embeddable":true,"href":"https:\/\/cosmeticstoredz.com\/ar\/wp-json\/wp\/v2\/product_cat?post=2181"},{"taxonomy":"product_tag","embeddable":true,"href":"https:\/\/cosmeticstoredz.com\/ar\/wp-json\/wp\/v2\/product_tag?post=2181"}],"curies":[{"name":"wp","href":"https:\/\/api.w.org\/{rel}","templated":true}]}}